{"id":1286,"date":"2025-07-26T13:41:06","date_gmt":"2025-07-26T11:41:06","guid":{"rendered":"https:\/\/helamed-gmbh.de\/?post_type=product&#038;p=1286"},"modified":"2025-07-26T13:41:18","modified_gmt":"2025-07-26T11:41:18","slug":"philips-affiniti-50","status":"publish","type":"product","link":"https:\/\/helamed-gmbh.de\/el\/produkt\/philips-affiniti-50\/","title":{"rendered":"Philips Affiniti 50"},"content":{"rendered":"<h3 style=\"color: #ff6f00;\" data-start=\"117\" data-end=\"186\">Perfekte Balance f\u00fcr pr\u00e4zise Diagnosen \u2013 das moderne Ultraschallsystem<\/h3>\n<p data-start=\"188\" data-end=\"344\">Erleben Sie modernste Bildgebung mit unserer innovativen Ultraschalll\u00f6sung \u2013 ausgestattet mit wegweisenden Technologien f\u00fcr Ihre diagnostische Anspr\u00fcche:<\/p>\n<ul>\n<li data-start=\"348\" data-end=\"498\">High End System f\u00fcr die Routine Diagnostik<\/li>\n<li data-start=\"348\" data-end=\"498\">Moderne intuitive Bedienoberfl\u00e4che<\/li>\n<li data-start=\"348\" data-end=\"498\">Gro\u00dfer 21,5&#8243;-High-Definition-LCD-Bildschirm<\/li>\n<li data-start=\"348\" data-end=\"498\">Geringer Energieverbrauch<\/li>\n<li data-start=\"348\" data-end=\"498\">Ger\u00e4uscharmer Betrieb<\/li>\n<li data-start=\"348\" data-end=\"498\">Innovative Automatisierungstools zur Effizienzsteigerung<\/li>\n<li data-start=\"348\" data-end=\"498\">Hohe Ergonomie dank hoher Mobilit\u00e4t und Beweglichkeit<\/li>\n<\/ul>\n<p><img fetchpriority=\"high\" decoding=\"async\" class=\"alignnone size-medium wp-image-703\" src=\"https:\/\/primus-medizintechnik.de\/wp-content\/uploads\/2025\/07\/Auto-ElastQ-300x169.webp\" alt=\"Auto ElastQ\" width=\"300\" height=\"169\" \/><\/p>\n<p><strong>Auto ElastQ \u2013 Fortschritt in der Leberdiagnostik<\/strong><\/p>\n<article class=\"text-token-text-primary w-full\" dir=\"auto\" data-testid=\"conversation-turn-6\" data-scroll-anchor=\"true\">\n<div class=\"text-base my-auto mx-auto pb-10 [--thread-content-margin:--spacing(4)] @[37rem]:[--thread-content-margin:--spacing(6)] @[72rem]:[--thread-content-margin:--spacing(16)] px-(--thread-content-margin)\">\n<div class=\"[--thread-content-max-width:32rem] @[34rem]:[--thread-content-max-width:40rem] @[64rem]:[--thread-content-max-width:48rem] mx-auto flex max-w-(--thread-content-max-width) flex-1 text-base gap-4 md:gap-5 lg:gap-6 group\/turn-messages focus-visible:outline-hidden\" tabindex=\"-1\">\n<div class=\"group\/conversation-turn relative flex w-full min-w-0 flex-col agent-turn\">\n<div class=\"relative flex-col gap-1 md:gap-3\">\n<div class=\"flex max-w-full flex-col grow\">\n<div class=\"min-h-8 text-message relative flex w-full flex-col items-end gap-2 text-start break-words whitespace-normal [.text-message+&amp;]:mt-5\" dir=\"auto\" data-message-author-role=\"assistant\" data-message-id=\"bb748f92-3de7-4a39-814f-3eb17ac79bb6\" data-message-model-slug=\"gpt-4o\">\n<div class=\"flex w-full flex-col gap-1 empty:hidden first:pt-[3px]\">\n<div class=\"markdown prose dark:prose-invert w-full break-words light\">\n<p data-start=\"54\" data-end=\"322\" data-is-last-node=\"\" data-is-only-node=\"\">Mit Auto ElastQ nutzen Sie automatisierte Leberelastographien f\u00fcr eine moderne, effiziente Diagnostik. Die quantitativen Scherwellenmessungen in Echtzeit erm\u00f6glichen einen vereinfachten und optimierten Arbeitsablauf f\u00fcr den Anwender \u2013 pr\u00e4zise, schnell und zuverl\u00e4ssig.<\/p>\n<\/div>\n<\/div>\n<\/div>\n<\/div>\n<\/div>\n<\/div>\n<\/div>\n<\/div>\n<\/article>\n<figure id=\"attachment_704\" aria-describedby=\"caption-attachment-704\" style=\"width: 300px\" class=\"wp-caption alignnone\"><img decoding=\"async\" class=\"size-medium wp-image-704\" src=\"https:\/\/primus-medizintechnik.de\/wp-content\/uploads\/2025\/07\/Kontastmittelverstaerker-300x169.webp\" alt=\"Kontrastmittelverst\u00e4rkter Ultraschall (CEUS)\" width=\"300\" height=\"169\" \/><figcaption id=\"caption-attachment-704\" class=\"wp-caption-text\">Kontrastmittelverst\u00e4rkter Ultraschall (CEUS)<\/figcaption><\/figure>\n<p><strong>Kontrastmittelverst\u00e4rkter Ultraschall (CEUS)<\/strong><\/p>\n<p>Philips CEUS erweitert die M\u00f6glichkeiten der Leberbildgebung erheblich: Er erm\u00f6glicht die Echtzeitbeurteilung von Anreicherungsmustern verd\u00e4chtiger Leberl\u00e4sionen und bietet gleichzeitig eine strahlungsfreie Alternative zur Diagnose des vesikoureteralen Refluxes bei Kindern.<\/p>\n<figure id=\"attachment_705\" aria-describedby=\"caption-attachment-705\" style=\"width: 300px\" class=\"wp-caption alignnone\"><img decoding=\"async\" class=\"size-medium wp-image-705\" src=\"https:\/\/primus-medizintechnik.de\/wp-content\/uploads\/2025\/07\/Automatische_Bewertung-300x169.webp\" alt=\"Automatische_Bewertung\" width=\"300\" height=\"169\" \/><figcaption id=\"caption-attachment-705\" class=\"wp-caption-text\">Automatische_Bewertung<\/figcaption><\/figure>\n<p data-start=\"0\" data-end=\"55\"><strong data-start=\"0\" data-end=\"55\">Automatische Bewertung der segmentalen Wandbewegung<\/strong><\/p>\n<p data-start=\"57\" data-end=\"321\" data-is-last-node=\"\" data-is-only-node=\"\">Mit Auto SWMS lassen sich Wandbewegungen des linken Ventrikels objektiv und automatisch analysieren \u2013 dargestellt in der standardisierten 17-Segment-Bullseye-Ansicht. Das sorgt f\u00fcr mehr Reproduzierbarkeit, Effizienz und Sicherheit in der kardiologischen Befundung.<\/p>\n<figure id=\"attachment_711\" aria-describedby=\"caption-attachment-711\" style=\"width: 300px\" class=\"wp-caption alignnone\"><img loading=\"lazy\" decoding=\"async\" class=\"size-medium wp-image-711\" src=\"https:\/\/primus-medizintechnik.de\/wp-content\/uploads\/2025\/07\/maxvue-300x169.webp\" alt=\"maxvue\" width=\"300\" height=\"169\" \/><figcaption id=\"caption-attachment-711\" class=\"wp-caption-text\">MaxVue Display mit hoher Aufl\u00f6sung<\/figcaption><\/figure>\n<p data-start=\"0\" data-end=\"38\"><strong data-start=\"0\" data-end=\"38\">MaxVue Display mit hoher Aufl\u00f6sung<\/strong><\/p>\n<p data-start=\"40\" data-end=\"414\" data-is-last-node=\"\" data-is-only-node=\"\">Das hochaufl\u00f6sende MaxVue Display liefert per Tastendruck eine herausragende Darstellung anatomischer Strukturen \u2013 mit \u00fcber 1,1\u202fMillionen zus\u00e4tzlichen Bildpixeln im Vergleich zum klassischen 4:3-Format. Dank 38\u202f% gr\u00f6\u00dferem Anzeigebereich optimiert MaxVue die Bildgebung insbesondere bei interventionellen Eingriffen sowie im Dual-, Vergleichs-, biplanaren und Bildlauf-Modus.<\/p>\n<p>&nbsp;<\/p>\n","protected":false},"excerpt":{"rendered":"<p>Bei einem neuen Ultraschallsystem ist vor allem ein ausgewogenes Gesamtkonzept entscheidend. Sie brauchen schnell pr\u00e4zise diagnostische Informationen, eine benutzerfreundliche und intuitive Bedienoberfl\u00e4che, schnellen Zugriff auf zentrale Funktionen sowie ein ergonomisches Design in Kombination mit modernster Technologie.<\/p>\n<h3 data-start=\"334\" data-end=\"356\"><\/h3>\n<h2 style=\"color: #ff6f00;\" data-start=\"334\" data-end=\"356\"><strong data-start=\"338\" data-end=\"356\">EINSATZGEBIETE<\/strong><\/h2>\n<p>&nbsp;<\/p>\n<ul data-start=\"358\" data-end=\"608\">\n<li data-start=\"358\" data-end=\"409\">\n<p data-start=\"360\" data-end=\"409\">Mammasonographie<\/p>\n<\/li>\n<li data-start=\"358\" data-end=\"409\">\n<p data-start=\"360\" data-end=\"409\">Innere Medizin<\/p>\n<\/li>\n<li data-start=\"358\" data-end=\"409\">\n<p data-start=\"360\" data-end=\"409\">Echokardiographie<\/p>\n<\/li>\n<li data-start=\"358\" data-end=\"409\">\n<p data-start=\"360\" data-end=\"409\">Gef\u00e4\u00dfdiagnostik<\/p>\n<\/li>\n<li data-start=\"358\" data-end=\"409\">\n<p data-start=\"360\" data-end=\"409\">Allgemeine Bildgebung<\/p>\n<\/li>\n<li data-start=\"358\" data-end=\"409\">\n<p data-start=\"360\" data-end=\"409\">Muskuloskelettal<\/p>\n<\/li>\n<li data-start=\"358\" data-end=\"409\">\n<p data-start=\"360\" data-end=\"409\">Hepatologie<\/p>\n<\/li>\n<li data-start=\"358\" data-end=\"409\">\n<p data-start=\"360\" data-end=\"409\">Geburtshilfe und Gyn\u00e4kologie<\/p>\n<\/li>\n<\/ul>\n","protected":false},"featured_media":1330,"template":"","meta":[],"product_brand":[48],"product_cat":[61],"product_tag":[62,63,64],"class_list":{"0":"post-1286","1":"product","2":"type-product","3":"status-publish","4":"has-post-thumbnail","6":"product_brand-philips","7":"product_cat-stationaere-ultraschallgeraet","8":"product_tag-diagnostischer-ultraschall","9":"product_tag-sonographie","10":"product_tag-ultraschallgeraet","12":"first","13":"instock","14":"shipping-taxable","15":"product-type-simple"},"yoast_head":"<!-- This site is optimized with the Yoast SEO plugin v27.3 - https:\/\/yoast.com\/product\/yoast-seo-wordpress\/ -->\n<title>Philips Affiniti 50 - HELAmed GmbH<\/title>\n<meta name=\"robots\" content=\"index, follow, max-snippet:-1, max-image-preview:large, max-video-preview:-1\" \/>\n<link rel=\"canonical\" href=\"https:\/\/helamed-gmbh.de\/el\/produkt\/philips-affiniti-50\/\" \/>\n<meta property=\"og:locale\" content=\"el_GR\" \/>\n<meta property=\"og:type\" content=\"article\" \/>\n<meta property=\"og:title\" content=\"Philips Affiniti 50 - HELAmed GmbH\" \/>\n<meta property=\"og:description\" content=\"Bei einem neuen Ultraschallsystem ist vor allem ein ausgewogenes Gesamtkonzept entscheidend. Sie brauchen schnell pr\u00e4zise diagnostische Informationen, eine benutzerfreundliche und intuitive Bedienoberfl\u00e4che, schnellen Zugriff auf zentrale Funktionen sowie ein ergonomisches Design in Kombination mit modernster Technologie.  EINSATZGEBIETE &nbsp;    Mammasonographie    Innere Medizin    Echokardiographie    Gef\u00e4\u00dfdiagnostik    Allgemeine Bildgebung    Muskuloskelettal    Hepatologie    Geburtshilfe und Gyn\u00e4kologie\" \/>\n<meta property=\"og:url\" content=\"https:\/\/helamed-gmbh.de\/el\/produkt\/philips-affiniti-50\/\" \/>\n<meta property=\"og:site_name\" content=\"HELAmed GmbH\" \/>\n<meta property=\"article:modified_time\" content=\"2025-07-26T11:41:18+00:00\" \/>\n<meta property=\"og:image\" content=\"https:\/\/helamed-gmbh.de\/wp-content\/uploads\/2025\/07\/csm_Philips_Affiniti_50_960.jpg\" \/>\n\t<meta property=\"og:image:width\" content=\"960\" \/>\n\t<meta property=\"og:image:height\" content=\"960\" \/>\n\t<meta property=\"og:image:type\" content=\"image\/jpeg\" \/>\n<meta name=\"twitter:card\" content=\"summary_large_image\" \/>\n<meta name=\"twitter:label1\" content=\"\u0395\u03ba\u03c4\u03b9\u03bc\u03ce\u03bc\u03b5\u03bd\u03bf\u03c2 \u03c7\u03c1\u03cc\u03bd\u03bf\u03c2 \u03b1\u03bd\u03ac\u03b3\u03bd\u03c9\u03c3\u03b7\u03c2\" \/>\n\t<meta name=\"twitter:data1\" content=\"1 \u03bb\u03b5\u03c0\u03c4\u03cc\" \/>\n<script type=\"application\/ld+json\" class=\"yoast-schema-graph\">{\"@context\":\"https:\\\/\\\/schema.org\",\"@graph\":[{\"@type\":\"WebPage\",\"@id\":\"https:\\\/\\\/helamed-gmbh.de\\\/el\\\/produkt\\\/philips-affiniti-50\\\/\",\"url\":\"https:\\\/\\\/helamed-gmbh.de\\\/el\\\/produkt\\\/philips-affiniti-50\\\/\",\"name\":\"Philips Affiniti 50 - HELAmed GmbH\",\"isPartOf\":{\"@id\":\"https:\\\/\\\/helamed-gmbh.de\\\/el\\\/#website\"},\"primaryImageOfPage\":{\"@id\":\"https:\\\/\\\/helamed-gmbh.de\\\/el\\\/produkt\\\/philips-affiniti-50\\\/#primaryimage\"},\"image\":{\"@id\":\"https:\\\/\\\/helamed-gmbh.de\\\/el\\\/produkt\\\/philips-affiniti-50\\\/#primaryimage\"},\"thumbnailUrl\":\"https:\\\/\\\/helamed-gmbh.de\\\/wp-content\\\/uploads\\\/2025\\\/07\\\/csm_Philips_Affiniti_50_960.jpg\",\"datePublished\":\"2025-07-26T11:41:06+00:00\",\"dateModified\":\"2025-07-26T11:41:18+00:00\",\"breadcrumb\":{\"@id\":\"https:\\\/\\\/helamed-gmbh.de\\\/el\\\/produkt\\\/philips-affiniti-50\\\/#breadcrumb\"},\"inLanguage\":\"el\",\"potentialAction\":[{\"@type\":\"ReadAction\",\"target\":[\"https:\\\/\\\/helamed-gmbh.de\\\/el\\\/produkt\\\/philips-affiniti-50\\\/\"]}]},{\"@type\":\"ImageObject\",\"inLanguage\":\"el\",\"@id\":\"https:\\\/\\\/helamed-gmbh.de\\\/el\\\/produkt\\\/philips-affiniti-50\\\/#primaryimage\",\"url\":\"https:\\\/\\\/helamed-gmbh.de\\\/wp-content\\\/uploads\\\/2025\\\/07\\\/csm_Philips_Affiniti_50_960.jpg\",\"contentUrl\":\"https:\\\/\\\/helamed-gmbh.de\\\/wp-content\\\/uploads\\\/2025\\\/07\\\/csm_Philips_Affiniti_50_960.jpg\",\"width\":960,\"height\":960},{\"@type\":\"BreadcrumbList\",\"@id\":\"https:\\\/\\\/helamed-gmbh.de\\\/el\\\/produkt\\\/philips-affiniti-50\\\/#breadcrumb\",\"itemListElement\":[{\"@type\":\"ListItem\",\"position\":1,\"name\":\"Startseite\",\"item\":\"https:\\\/\\\/helamed-gmbh.de\\\/el\\\/%ce%b1%cf%81%cf%87%ce%b9%ce%ba%ce%ae-%cf%83%ce%b5%ce%bb%ce%af%ce%b4%ce%b1\\\/\"},{\"@type\":\"ListItem\",\"position\":2,\"name\":\"Shop\",\"item\":\"https:\\\/\\\/helamed-gmbh.de\\\/?page_id=626\"},{\"@type\":\"ListItem\",\"position\":3,\"name\":\"Philips Affiniti 50\"}]},{\"@type\":\"WebSite\",\"@id\":\"https:\\\/\\\/helamed-gmbh.de\\\/el\\\/#website\",\"url\":\"https:\\\/\\\/helamed-gmbh.de\\\/el\\\/\",\"name\":\"HELAmed GmbH\",\"description\":\"Medizintechnik und Fachberatung f\u00fcr Kliniken und Fachpersonal \u2013 alles aus einer Hand.\",\"publisher\":{\"@id\":\"https:\\\/\\\/helamed-gmbh.de\\\/el\\\/#organization\"},\"potentialAction\":[{\"@type\":\"SearchAction\",\"target\":{\"@type\":\"EntryPoint\",\"urlTemplate\":\"https:\\\/\\\/helamed-gmbh.de\\\/el\\\/?s={search_term_string}\"},\"query-input\":{\"@type\":\"PropertyValueSpecification\",\"valueRequired\":true,\"valueName\":\"search_term_string\"}}],\"inLanguage\":\"el\"},{\"@type\":\"Organization\",\"@id\":\"https:\\\/\\\/helamed-gmbh.de\\\/el\\\/#organization\",\"name\":\"HELAmed GmbH\",\"url\":\"https:\\\/\\\/helamed-gmbh.de\\\/el\\\/\",\"logo\":{\"@type\":\"ImageObject\",\"inLanguage\":\"el\",\"@id\":\"https:\\\/\\\/helamed-gmbh.de\\\/el\\\/#\\\/schema\\\/logo\\\/image\\\/\",\"url\":\"https:\\\/\\\/helamed-gmbh.de\\\/wp-content\\\/uploads\\\/2025\\\/07\\\/cropped-helamed_logo.png\",\"contentUrl\":\"https:\\\/\\\/helamed-gmbh.de\\\/wp-content\\\/uploads\\\/2025\\\/07\\\/cropped-helamed_logo.png\",\"width\":318,\"height\":125,\"caption\":\"HELAmed GmbH\"},\"image\":{\"@id\":\"https:\\\/\\\/helamed-gmbh.de\\\/el\\\/#\\\/schema\\\/logo\\\/image\\\/\"}}]}<\/script>\n<!-- \/ Yoast SEO plugin. -->","yoast_head_json":{"title":"Philips Affiniti 50 - HELAmed GmbH","robots":{"index":"index","follow":"follow","max-snippet":"max-snippet:-1","max-image-preview":"max-image-preview:large","max-video-preview":"max-video-preview:-1"},"canonical":"https:\/\/helamed-gmbh.de\/el\/produkt\/philips-affiniti-50\/","og_locale":"el_GR","og_type":"article","og_title":"Philips Affiniti 50 - HELAmed GmbH","og_description":"Bei einem neuen Ultraschallsystem ist vor allem ein ausgewogenes Gesamtkonzept entscheidend. Sie brauchen schnell pr\u00e4zise diagnostische Informationen, eine benutzerfreundliche und intuitive Bedienoberfl\u00e4che, schnellen Zugriff auf zentrale Funktionen sowie ein ergonomisches Design in Kombination mit modernster Technologie.  EINSATZGEBIETE &nbsp;    Mammasonographie    Innere Medizin    Echokardiographie    Gef\u00e4\u00dfdiagnostik    Allgemeine Bildgebung    Muskuloskelettal    Hepatologie    Geburtshilfe und Gyn\u00e4kologie","og_url":"https:\/\/helamed-gmbh.de\/el\/produkt\/philips-affiniti-50\/","og_site_name":"HELAmed GmbH","article_modified_time":"2025-07-26T11:41:18+00:00","og_image":[{"width":960,"height":960,"url":"https:\/\/helamed-gmbh.de\/wp-content\/uploads\/2025\/07\/csm_Philips_Affiniti_50_960.jpg","type":"image\/jpeg"}],"twitter_card":"summary_large_image","twitter_misc":{"\u0395\u03ba\u03c4\u03b9\u03bc\u03ce\u03bc\u03b5\u03bd\u03bf\u03c2 \u03c7\u03c1\u03cc\u03bd\u03bf\u03c2 \u03b1\u03bd\u03ac\u03b3\u03bd\u03c9\u03c3\u03b7\u03c2":"1 \u03bb\u03b5\u03c0\u03c4\u03cc"},"schema":{"@context":"https:\/\/schema.org","@graph":[{"@type":"WebPage","@id":"https:\/\/helamed-gmbh.de\/el\/produkt\/philips-affiniti-50\/","url":"https:\/\/helamed-gmbh.de\/el\/produkt\/philips-affiniti-50\/","name":"Philips Affiniti 50 - HELAmed GmbH","isPartOf":{"@id":"https:\/\/helamed-gmbh.de\/el\/#website"},"primaryImageOfPage":{"@id":"https:\/\/helamed-gmbh.de\/el\/produkt\/philips-affiniti-50\/#primaryimage"},"image":{"@id":"https:\/\/helamed-gmbh.de\/el\/produkt\/philips-affiniti-50\/#primaryimage"},"thumbnailUrl":"https:\/\/helamed-gmbh.de\/wp-content\/uploads\/2025\/07\/csm_Philips_Affiniti_50_960.jpg","datePublished":"2025-07-26T11:41:06+00:00","dateModified":"2025-07-26T11:41:18+00:00","breadcrumb":{"@id":"https:\/\/helamed-gmbh.de\/el\/produkt\/philips-affiniti-50\/#breadcrumb"},"inLanguage":"el","potentialAction":[{"@type":"ReadAction","target":["https:\/\/helamed-gmbh.de\/el\/produkt\/philips-affiniti-50\/"]}]},{"@type":"ImageObject","inLanguage":"el","@id":"https:\/\/helamed-gmbh.de\/el\/produkt\/philips-affiniti-50\/#primaryimage","url":"https:\/\/helamed-gmbh.de\/wp-content\/uploads\/2025\/07\/csm_Philips_Affiniti_50_960.jpg","contentUrl":"https:\/\/helamed-gmbh.de\/wp-content\/uploads\/2025\/07\/csm_Philips_Affiniti_50_960.jpg","width":960,"height":960},{"@type":"BreadcrumbList","@id":"https:\/\/helamed-gmbh.de\/el\/produkt\/philips-affiniti-50\/#breadcrumb","itemListElement":[{"@type":"ListItem","position":1,"name":"Startseite","item":"https:\/\/helamed-gmbh.de\/el\/%ce%b1%cf%81%cf%87%ce%b9%ce%ba%ce%ae-%cf%83%ce%b5%ce%bb%ce%af%ce%b4%ce%b1\/"},{"@type":"ListItem","position":2,"name":"Shop","item":"https:\/\/helamed-gmbh.de\/?page_id=626"},{"@type":"ListItem","position":3,"name":"Philips Affiniti 50"}]},{"@type":"WebSite","@id":"https:\/\/helamed-gmbh.de\/el\/#website","url":"https:\/\/helamed-gmbh.de\/el\/","name":"HELAmed GmbH","description":"Medizintechnik und Fachberatung f\u00fcr Kliniken und Fachpersonal \u2013 alles aus einer Hand.","publisher":{"@id":"https:\/\/helamed-gmbh.de\/el\/#organization"},"potentialAction":[{"@type":"SearchAction","target":{"@type":"EntryPoint","urlTemplate":"https:\/\/helamed-gmbh.de\/el\/?s={search_term_string}"},"query-input":{"@type":"PropertyValueSpecification","valueRequired":true,"valueName":"search_term_string"}}],"inLanguage":"el"},{"@type":"Organization","@id":"https:\/\/helamed-gmbh.de\/el\/#organization","name":"HELAmed GmbH","url":"https:\/\/helamed-gmbh.de\/el\/","logo":{"@type":"ImageObject","inLanguage":"el","@id":"https:\/\/helamed-gmbh.de\/el\/#\/schema\/logo\/image\/","url":"https:\/\/helamed-gmbh.de\/wp-content\/uploads\/2025\/07\/cropped-helamed_logo.png","contentUrl":"https:\/\/helamed-gmbh.de\/wp-content\/uploads\/2025\/07\/cropped-helamed_logo.png","width":318,"height":125,"caption":"HELAmed GmbH"},"image":{"@id":"https:\/\/helamed-gmbh.de\/el\/#\/schema\/logo\/image\/"}}]}},"_links":{"self":[{"href":"https:\/\/helamed-gmbh.de\/el\/wp-json\/wp\/v2\/product\/1286","targetHints":{"allow":["GET"]}}],"collection":[{"href":"https:\/\/helamed-gmbh.de\/el\/wp-json\/wp\/v2\/product"}],"about":[{"href":"https:\/\/helamed-gmbh.de\/el\/wp-json\/wp\/v2\/types\/product"}],"wp:featuredmedia":[{"embeddable":true,"href":"https:\/\/helamed-gmbh.de\/el\/wp-json\/wp\/v2\/media\/1330"}],"wp:attachment":[{"href":"https:\/\/helamed-gmbh.de\/el\/wp-json\/wp\/v2\/media?parent=1286"}],"wp:term":[{"taxonomy":"product_brand","embeddable":true,"href":"https:\/\/helamed-gmbh.de\/el\/wp-json\/wp\/v2\/product_brand?post=1286"},{"taxonomy":"product_cat","embeddable":true,"href":"https:\/\/helamed-gmbh.de\/el\/wp-json\/wp\/v2\/product_cat?post=1286"},{"taxonomy":"product_tag","embeddable":true,"href":"https:\/\/helamed-gmbh.de\/el\/wp-json\/wp\/v2\/product_tag?post=1286"}],"curies":[{"name":"wp","href":"https:\/\/api.w.org\/{rel}","templated":true}]}}