{"id":1287,"date":"2025-07-26T13:41:06","date_gmt":"2025-07-26T11:41:06","guid":{"rendered":"https:\/\/helamed-gmbh.de\/?post_type=product&#038;p=1287"},"modified":"2025-07-26T13:41:22","modified_gmt":"2025-07-26T11:41:22","slug":"philips-affiniti-70","status":"publish","type":"product","link":"https:\/\/helamed-gmbh.de\/el\/produkt\/philips-affiniti-70\/","title":{"rendered":"Philips Affiniti 70"},"content":{"rendered":"<h3 style=\"color: #ff6f00;\" data-start=\"117\" data-end=\"186\">Affiniti 70 \u2013 Optimale Kombination aus Performance und Workflow<\/h3>\n<p data-start=\"188\" data-end=\"344\">Schneller zur sicheren Diagnose \u2013 mit einem System, das Ihren Arbeitsalltag versteht.<\/p>\n<ul>\n<li data-start=\"348\" data-end=\"498\">High End System f\u00fcr die Routine Diagnostik selbst f\u00fcr schwer schallbare Patienten<\/li>\n<li data-start=\"348\" data-end=\"498\">Moderne intuitive Bedienoberfl\u00e4che<\/li>\n<li data-start=\"348\" data-end=\"498\">Gro\u00dfer 21,5&#8243;-HD-LCD-Bildschirm mit MaxVue Full HD-Display<\/li>\n<li data-start=\"348\" data-end=\"498\">Geringer Energieverbrauch und ger\u00e4uscharmer Betrieb<\/li>\n<li data-start=\"348\" data-end=\"498\">Innovative Automatisierungstools zur Effizienzsteigerung<\/li>\n<li data-start=\"348\" data-end=\"498\">Hohe Mobilit\u00e4t und Ergonomie dank Schwenkwarm und Akku<\/li>\n<li data-start=\"348\" data-end=\"498\">Mit PureWave Schallkopftechnologie mit erh\u00f6hter Eindringtiefe f\u00fcr schwer schallbare Patienten<\/li>\n<\/ul>\n<article class=\"text-token-text-primary w-full\" dir=\"auto\" data-testid=\"conversation-turn-6\" data-scroll-anchor=\"true\">\n<div class=\"text-base my-auto mx-auto pb-10 [--thread-content-margin:--spacing(4)] @[37rem]:[--thread-content-margin:--spacing(6)] @[72rem]:[--thread-content-margin:--spacing(16)] px-(--thread-content-margin)\">\n<div class=\"[--thread-content-max-width:32rem] @[34rem]:[--thread-content-max-width:40rem] @[64rem]:[--thread-content-max-width:48rem] mx-auto flex max-w-(--thread-content-max-width) flex-1 text-base gap-4 md:gap-5 lg:gap-6 group\/turn-messages focus-visible:outline-hidden\" tabindex=\"-1\">\n<div class=\"group\/conversation-turn relative flex w-full min-w-0 flex-col agent-turn\">\n<div class=\"relative flex-col gap-1 md:gap-3\">\n<div class=\"flex max-w-full flex-col grow\">\n<div class=\"min-h-8 text-message relative flex w-full flex-col items-end gap-2 text-start break-words whitespace-normal [.text-message+&amp;]:mt-5\" dir=\"auto\" data-message-author-role=\"assistant\" data-message-id=\"bb748f92-3de7-4a39-814f-3eb17ac79bb6\" data-message-model-slug=\"gpt-4o\">\n<div class=\"flex w-full flex-col gap-1 empty:hidden first:pt-[3px]\">\n<div class=\"markdown prose dark:prose-invert w-full break-words light\"><\/div>\n<\/div>\n<\/div>\n<\/div>\n<\/div>\n<\/div>\n<\/div>\n<\/div>\n<\/article>\n<figure id=\"attachment_714\" aria-describedby=\"caption-attachment-714\" style=\"width: 300px\" class=\"wp-caption alignnone\"><img fetchpriority=\"high\" decoding=\"async\" class=\"size-medium wp-image-714\" src=\"https:\/\/primus-medizintechnik.de\/wp-content\/uploads\/2025\/07\/AutoElastQ-300x169.webp\" alt=\"AutoElastQ\" width=\"300\" height=\"169\" \/><figcaption id=\"caption-attachment-714\" class=\"wp-caption-text\">AutoElastQ<\/figcaption><\/figure>\n<p data-start=\"0\" data-end=\"67\"><strong data-start=\"0\" data-end=\"65\">Auto ElastQ \u2013 Automatisierte Pr\u00e4zision in der Leberdiagnostik<\/strong><\/p>\n<p data-start=\"69\" data-end=\"337\" data-is-last-node=\"\" data-is-only-node=\"\">Mit Auto ElastQ profitieren Sie von modernen, automatisierten Leberelastographien und einem optimierten Workflow. Die quantitativen Scherwellenmessungen in Echtzeit erm\u00f6glichen eine vereinfachte und zuverl\u00e4ssige Beurteilung \u2013 schnell, effizient und anwenderfreundlich.<\/p>\n<p data-start=\"0\" data-end=\"38\"><strong data-start=\"0\" data-end=\"38\"><img decoding=\"async\" class=\"alignnone size-medium wp-image-715\" src=\"https:\/\/primus-medizintechnik.de\/wp-content\/uploads\/2025\/07\/MFI-300x169.webp\" alt=\"MFI\" width=\"300\" height=\"169\" \/><\/strong><\/p>\n<p data-start=\"0\" data-end=\"65\"><strong data-start=\"0\" data-end=\"63\">MicroFlow Imaging (MFI) \u2013 Feine Blutfl\u00fcsse sichtbar gemacht<\/strong><\/p>\n<p data-start=\"67\" data-end=\"410\" data-is-last-node=\"\" data-is-only-node=\"\">MicroFlow Imaging ist ein innovativer Modus zur Darstellung langsamer und schwacher Blutfl\u00fcsse in kleinen Gef\u00e4\u00dfen \u2013 dort, wo herk\u00f6mmliche Verfahren oft an ihre Grenzen sto\u00dfen. Durch hohe Bildfrequenz, ausgezeichnete 2D-Bildqualit\u00e4t und intelligente Artefaktreduzierung erm\u00f6glicht MFI eine pr\u00e4zise Visualisierung feinster vaskul\u00e4rer Strukturen.<\/p>\n<figure id=\"attachment_716\" aria-describedby=\"caption-attachment-716\" style=\"width: 300px\" class=\"wp-caption alignnone\"><img decoding=\"async\" class=\"size-medium wp-image-716\" src=\"https:\/\/primus-medizintechnik.de\/wp-content\/uploads\/2025\/07\/PureWave-300x169.webp\" alt=\"PureWave\" width=\"300\" height=\"169\" \/><figcaption id=\"caption-attachment-716\" class=\"wp-caption-text\">PureWave<\/figcaption><\/figure>\n<p data-start=\"0\" data-end=\"73\"><strong data-start=\"0\" data-end=\"71\">PureWave- und xMATRIX-Technologie \u2013 Pr\u00e4zision beginnt im Schallkopf<\/strong><\/p>\n<p data-start=\"75\" data-end=\"548\" data-is-last-node=\"\" data-is-only-node=\"\">Die PureWave-Kristalltechnologie setzt neue Ma\u00dfst\u00e4be in der Ultraschallbildgebung \u2013 besonders bei schwer schallbaren Patienten. Dank ihrer au\u00dfergew\u00f6hnlichen Reinheit sorgen die Kristalle f\u00fcr eine optimale Signal\u00fcbertragung, eine breitere Bandbreite und eine bis zu doppelt so hohe Effizienz wie herk\u00f6mmliche Keramiken. In Kombination mit der xMATRIX-Technologie wird eine herausragende Bildqualit\u00e4t in mehreren Ebenen m\u00f6glich \u2013 f\u00fcr noch genauere Diagnosen in k\u00fcrzerer Zeit.<\/p>\n","protected":false},"excerpt":{"rendered":"<p>Das Affiniti 70 Ultraschallsystem vereint leistungsstarke Bildgebung mit effizienten Arbeitsabl\u00e4ufen \u2013 f\u00fcr eine z\u00fcgige, pr\u00e4zise und verl\u00e4ssliche Diagnosestellung im klinischen Alltag.<\/p>\n<h3 data-start=\"334\" data-end=\"356\"><\/h3>\n<h2 style=\"color: #ff6f00;\" data-start=\"334\" data-end=\"356\"><strong data-start=\"338\" data-end=\"356\">EINSATZGEBIETE<\/strong><\/h2>\n<p>&nbsp;<\/p>\n<ul data-start=\"358\" data-end=\"608\">\n<li data-start=\"358\" data-end=\"409\">\n<p data-start=\"360\" data-end=\"409\">Mammasonographie<\/p>\n<\/li>\n<li data-start=\"358\" data-end=\"409\">\n<p data-start=\"360\" data-end=\"409\">Innere Medizin<\/p>\n<\/li>\n<li data-start=\"358\" data-end=\"409\">\n<p data-start=\"360\" data-end=\"409\">Echokardiographie<\/p>\n<\/li>\n<li data-start=\"358\" data-end=\"409\">\n<p data-start=\"360\" data-end=\"409\">Gef\u00e4\u00dfdiagnostik<\/p>\n<\/li>\n<li data-start=\"358\" data-end=\"409\">\n<p data-start=\"360\" data-end=\"409\">Allgemeine Bildgebung<\/p>\n<\/li>\n<li data-start=\"358\" data-end=\"409\">\n<p data-start=\"360\" data-end=\"409\">Hepatologie<\/p>\n<\/li>\n<li data-start=\"358\" data-end=\"409\">\n<p data-start=\"360\" data-end=\"409\">Geburtshilfe und Gyn\u00e4kologie<\/p>\n<\/li>\n<li data-start=\"358\" data-end=\"409\">\n<p data-start=\"360\" data-end=\"409\">Interventionelle Radiologie<\/p>\n<\/li>\n<\/ul>\n","protected":false},"featured_media":1339,"template":"","meta":[],"product_brand":[48],"product_cat":[61],"product_tag":[62,63,64],"class_list":{"0":"post-1287","1":"product","2":"type-product","3":"status-publish","4":"has-post-thumbnail","6":"product_brand-philips","7":"product_cat-stationaere-ultraschallgeraet","8":"product_tag-diagnostischer-ultraschall","9":"product_tag-sonographie","10":"product_tag-ultraschallgeraet","12":"first","13":"instock","14":"shipping-taxable","15":"product-type-simple"},"yoast_head":"<!-- This site is optimized with the Yoast SEO plugin v27.3 - https:\/\/yoast.com\/product\/yoast-seo-wordpress\/ -->\n<title>Philips Affiniti 70 - HELAmed GmbH<\/title>\n<meta name=\"robots\" content=\"index, follow, max-snippet:-1, max-image-preview:large, max-video-preview:-1\" \/>\n<link rel=\"canonical\" href=\"https:\/\/helamed-gmbh.de\/el\/produkt\/philips-affiniti-70\/\" \/>\n<meta property=\"og:locale\" content=\"el_GR\" \/>\n<meta property=\"og:type\" content=\"article\" \/>\n<meta property=\"og:title\" content=\"Philips Affiniti 70 - HELAmed GmbH\" \/>\n<meta property=\"og:description\" content=\"Das Affiniti 70 Ultraschallsystem vereint leistungsstarke Bildgebung mit effizienten Arbeitsabl\u00e4ufen \u2013 f\u00fcr eine z\u00fcgige, pr\u00e4zise und verl\u00e4ssliche Diagnosestellung im klinischen Alltag.  EINSATZGEBIETE &nbsp;    Mammasonographie    Innere Medizin    Echokardiographie    Gef\u00e4\u00dfdiagnostik    Allgemeine Bildgebung    Hepatologie    Geburtshilfe und Gyn\u00e4kologie    Interventionelle Radiologie\" \/>\n<meta property=\"og:url\" content=\"https:\/\/helamed-gmbh.de\/el\/produkt\/philips-affiniti-70\/\" \/>\n<meta property=\"og:site_name\" content=\"HELAmed GmbH\" \/>\n<meta property=\"article:modified_time\" content=\"2025-07-26T11:41:22+00:00\" \/>\n<meta property=\"og:image\" content=\"https:\/\/helamed-gmbh.de\/wp-content\/uploads\/2025\/07\/Philips_Affiniti_70_960.jpg\" \/>\n\t<meta property=\"og:image:width\" content=\"960\" \/>\n\t<meta property=\"og:image:height\" content=\"960\" \/>\n\t<meta property=\"og:image:type\" content=\"image\/jpeg\" \/>\n<meta name=\"twitter:card\" content=\"summary_large_image\" \/>\n<meta name=\"twitter:label1\" content=\"\u0395\u03ba\u03c4\u03b9\u03bc\u03ce\u03bc\u03b5\u03bd\u03bf\u03c2 \u03c7\u03c1\u03cc\u03bd\u03bf\u03c2 \u03b1\u03bd\u03ac\u03b3\u03bd\u03c9\u03c3\u03b7\u03c2\" \/>\n\t<meta name=\"twitter:data1\" content=\"1 \u03bb\u03b5\u03c0\u03c4\u03cc\" \/>\n<script type=\"application\/ld+json\" class=\"yoast-schema-graph\">{\"@context\":\"https:\\\/\\\/schema.org\",\"@graph\":[{\"@type\":\"WebPage\",\"@id\":\"https:\\\/\\\/helamed-gmbh.de\\\/el\\\/produkt\\\/philips-affiniti-70\\\/\",\"url\":\"https:\\\/\\\/helamed-gmbh.de\\\/el\\\/produkt\\\/philips-affiniti-70\\\/\",\"name\":\"Philips Affiniti 70 - HELAmed GmbH\",\"isPartOf\":{\"@id\":\"https:\\\/\\\/helamed-gmbh.de\\\/el\\\/#website\"},\"primaryImageOfPage\":{\"@id\":\"https:\\\/\\\/helamed-gmbh.de\\\/el\\\/produkt\\\/philips-affiniti-70\\\/#primaryimage\"},\"image\":{\"@id\":\"https:\\\/\\\/helamed-gmbh.de\\\/el\\\/produkt\\\/philips-affiniti-70\\\/#primaryimage\"},\"thumbnailUrl\":\"https:\\\/\\\/helamed-gmbh.de\\\/wp-content\\\/uploads\\\/2025\\\/07\\\/Philips_Affiniti_70_960.jpg\",\"datePublished\":\"2025-07-26T11:41:06+00:00\",\"dateModified\":\"2025-07-26T11:41:22+00:00\",\"breadcrumb\":{\"@id\":\"https:\\\/\\\/helamed-gmbh.de\\\/el\\\/produkt\\\/philips-affiniti-70\\\/#breadcrumb\"},\"inLanguage\":\"el\",\"potentialAction\":[{\"@type\":\"ReadAction\",\"target\":[\"https:\\\/\\\/helamed-gmbh.de\\\/el\\\/produkt\\\/philips-affiniti-70\\\/\"]}]},{\"@type\":\"ImageObject\",\"inLanguage\":\"el\",\"@id\":\"https:\\\/\\\/helamed-gmbh.de\\\/el\\\/produkt\\\/philips-affiniti-70\\\/#primaryimage\",\"url\":\"https:\\\/\\\/helamed-gmbh.de\\\/wp-content\\\/uploads\\\/2025\\\/07\\\/Philips_Affiniti_70_960.jpg\",\"contentUrl\":\"https:\\\/\\\/helamed-gmbh.de\\\/wp-content\\\/uploads\\\/2025\\\/07\\\/Philips_Affiniti_70_960.jpg\",\"width\":960,\"height\":960},{\"@type\":\"BreadcrumbList\",\"@id\":\"https:\\\/\\\/helamed-gmbh.de\\\/el\\\/produkt\\\/philips-affiniti-70\\\/#breadcrumb\",\"itemListElement\":[{\"@type\":\"ListItem\",\"position\":1,\"name\":\"Startseite\",\"item\":\"https:\\\/\\\/helamed-gmbh.de\\\/el\\\/%ce%b1%cf%81%cf%87%ce%b9%ce%ba%ce%ae-%cf%83%ce%b5%ce%bb%ce%af%ce%b4%ce%b1\\\/\"},{\"@type\":\"ListItem\",\"position\":2,\"name\":\"Shop\",\"item\":\"https:\\\/\\\/helamed-gmbh.de\\\/?page_id=626\"},{\"@type\":\"ListItem\",\"position\":3,\"name\":\"Philips Affiniti 70\"}]},{\"@type\":\"WebSite\",\"@id\":\"https:\\\/\\\/helamed-gmbh.de\\\/el\\\/#website\",\"url\":\"https:\\\/\\\/helamed-gmbh.de\\\/el\\\/\",\"name\":\"HELAmed GmbH\",\"description\":\"Medizintechnik und Fachberatung f\u00fcr Kliniken und Fachpersonal \u2013 alles aus einer Hand.\",\"publisher\":{\"@id\":\"https:\\\/\\\/helamed-gmbh.de\\\/el\\\/#organization\"},\"potentialAction\":[{\"@type\":\"SearchAction\",\"target\":{\"@type\":\"EntryPoint\",\"urlTemplate\":\"https:\\\/\\\/helamed-gmbh.de\\\/el\\\/?s={search_term_string}\"},\"query-input\":{\"@type\":\"PropertyValueSpecification\",\"valueRequired\":true,\"valueName\":\"search_term_string\"}}],\"inLanguage\":\"el\"},{\"@type\":\"Organization\",\"@id\":\"https:\\\/\\\/helamed-gmbh.de\\\/el\\\/#organization\",\"name\":\"HELAmed GmbH\",\"url\":\"https:\\\/\\\/helamed-gmbh.de\\\/el\\\/\",\"logo\":{\"@type\":\"ImageObject\",\"inLanguage\":\"el\",\"@id\":\"https:\\\/\\\/helamed-gmbh.de\\\/el\\\/#\\\/schema\\\/logo\\\/image\\\/\",\"url\":\"https:\\\/\\\/helamed-gmbh.de\\\/wp-content\\\/uploads\\\/2025\\\/07\\\/cropped-helamed_logo.png\",\"contentUrl\":\"https:\\\/\\\/helamed-gmbh.de\\\/wp-content\\\/uploads\\\/2025\\\/07\\\/cropped-helamed_logo.png\",\"width\":318,\"height\":125,\"caption\":\"HELAmed GmbH\"},\"image\":{\"@id\":\"https:\\\/\\\/helamed-gmbh.de\\\/el\\\/#\\\/schema\\\/logo\\\/image\\\/\"}}]}<\/script>\n<!-- \/ Yoast SEO plugin. -->","yoast_head_json":{"title":"Philips Affiniti 70 - HELAmed GmbH","robots":{"index":"index","follow":"follow","max-snippet":"max-snippet:-1","max-image-preview":"max-image-preview:large","max-video-preview":"max-video-preview:-1"},"canonical":"https:\/\/helamed-gmbh.de\/el\/produkt\/philips-affiniti-70\/","og_locale":"el_GR","og_type":"article","og_title":"Philips Affiniti 70 - HELAmed GmbH","og_description":"Das Affiniti 70 Ultraschallsystem vereint leistungsstarke Bildgebung mit effizienten Arbeitsabl\u00e4ufen \u2013 f\u00fcr eine z\u00fcgige, pr\u00e4zise und verl\u00e4ssliche Diagnosestellung im klinischen Alltag.  EINSATZGEBIETE &nbsp;    Mammasonographie    Innere Medizin    Echokardiographie    Gef\u00e4\u00dfdiagnostik    Allgemeine Bildgebung    Hepatologie    Geburtshilfe und Gyn\u00e4kologie    Interventionelle Radiologie","og_url":"https:\/\/helamed-gmbh.de\/el\/produkt\/philips-affiniti-70\/","og_site_name":"HELAmed GmbH","article_modified_time":"2025-07-26T11:41:22+00:00","og_image":[{"width":960,"height":960,"url":"https:\/\/helamed-gmbh.de\/wp-content\/uploads\/2025\/07\/Philips_Affiniti_70_960.jpg","type":"image\/jpeg"}],"twitter_card":"summary_large_image","twitter_misc":{"\u0395\u03ba\u03c4\u03b9\u03bc\u03ce\u03bc\u03b5\u03bd\u03bf\u03c2 \u03c7\u03c1\u03cc\u03bd\u03bf\u03c2 \u03b1\u03bd\u03ac\u03b3\u03bd\u03c9\u03c3\u03b7\u03c2":"1 \u03bb\u03b5\u03c0\u03c4\u03cc"},"schema":{"@context":"https:\/\/schema.org","@graph":[{"@type":"WebPage","@id":"https:\/\/helamed-gmbh.de\/el\/produkt\/philips-affiniti-70\/","url":"https:\/\/helamed-gmbh.de\/el\/produkt\/philips-affiniti-70\/","name":"Philips Affiniti 70 - HELAmed GmbH","isPartOf":{"@id":"https:\/\/helamed-gmbh.de\/el\/#website"},"primaryImageOfPage":{"@id":"https:\/\/helamed-gmbh.de\/el\/produkt\/philips-affiniti-70\/#primaryimage"},"image":{"@id":"https:\/\/helamed-gmbh.de\/el\/produkt\/philips-affiniti-70\/#primaryimage"},"thumbnailUrl":"https:\/\/helamed-gmbh.de\/wp-content\/uploads\/2025\/07\/Philips_Affiniti_70_960.jpg","datePublished":"2025-07-26T11:41:06+00:00","dateModified":"2025-07-26T11:41:22+00:00","breadcrumb":{"@id":"https:\/\/helamed-gmbh.de\/el\/produkt\/philips-affiniti-70\/#breadcrumb"},"inLanguage":"el","potentialAction":[{"@type":"ReadAction","target":["https:\/\/helamed-gmbh.de\/el\/produkt\/philips-affiniti-70\/"]}]},{"@type":"ImageObject","inLanguage":"el","@id":"https:\/\/helamed-gmbh.de\/el\/produkt\/philips-affiniti-70\/#primaryimage","url":"https:\/\/helamed-gmbh.de\/wp-content\/uploads\/2025\/07\/Philips_Affiniti_70_960.jpg","contentUrl":"https:\/\/helamed-gmbh.de\/wp-content\/uploads\/2025\/07\/Philips_Affiniti_70_960.jpg","width":960,"height":960},{"@type":"BreadcrumbList","@id":"https:\/\/helamed-gmbh.de\/el\/produkt\/philips-affiniti-70\/#breadcrumb","itemListElement":[{"@type":"ListItem","position":1,"name":"Startseite","item":"https:\/\/helamed-gmbh.de\/el\/%ce%b1%cf%81%cf%87%ce%b9%ce%ba%ce%ae-%cf%83%ce%b5%ce%bb%ce%af%ce%b4%ce%b1\/"},{"@type":"ListItem","position":2,"name":"Shop","item":"https:\/\/helamed-gmbh.de\/?page_id=626"},{"@type":"ListItem","position":3,"name":"Philips Affiniti 70"}]},{"@type":"WebSite","@id":"https:\/\/helamed-gmbh.de\/el\/#website","url":"https:\/\/helamed-gmbh.de\/el\/","name":"HELAmed GmbH","description":"Medizintechnik und Fachberatung f\u00fcr Kliniken und Fachpersonal \u2013 alles aus einer Hand.","publisher":{"@id":"https:\/\/helamed-gmbh.de\/el\/#organization"},"potentialAction":[{"@type":"SearchAction","target":{"@type":"EntryPoint","urlTemplate":"https:\/\/helamed-gmbh.de\/el\/?s={search_term_string}"},"query-input":{"@type":"PropertyValueSpecification","valueRequired":true,"valueName":"search_term_string"}}],"inLanguage":"el"},{"@type":"Organization","@id":"https:\/\/helamed-gmbh.de\/el\/#organization","name":"HELAmed GmbH","url":"https:\/\/helamed-gmbh.de\/el\/","logo":{"@type":"ImageObject","inLanguage":"el","@id":"https:\/\/helamed-gmbh.de\/el\/#\/schema\/logo\/image\/","url":"https:\/\/helamed-gmbh.de\/wp-content\/uploads\/2025\/07\/cropped-helamed_logo.png","contentUrl":"https:\/\/helamed-gmbh.de\/wp-content\/uploads\/2025\/07\/cropped-helamed_logo.png","width":318,"height":125,"caption":"HELAmed GmbH"},"image":{"@id":"https:\/\/helamed-gmbh.de\/el\/#\/schema\/logo\/image\/"}}]}},"_links":{"self":[{"href":"https:\/\/helamed-gmbh.de\/el\/wp-json\/wp\/v2\/product\/1287","targetHints":{"allow":["GET"]}}],"collection":[{"href":"https:\/\/helamed-gmbh.de\/el\/wp-json\/wp\/v2\/product"}],"about":[{"href":"https:\/\/helamed-gmbh.de\/el\/wp-json\/wp\/v2\/types\/product"}],"wp:featuredmedia":[{"embeddable":true,"href":"https:\/\/helamed-gmbh.de\/el\/wp-json\/wp\/v2\/media\/1339"}],"wp:attachment":[{"href":"https:\/\/helamed-gmbh.de\/el\/wp-json\/wp\/v2\/media?parent=1287"}],"wp:term":[{"taxonomy":"product_brand","embeddable":true,"href":"https:\/\/helamed-gmbh.de\/el\/wp-json\/wp\/v2\/product_brand?post=1287"},{"taxonomy":"product_cat","embeddable":true,"href":"https:\/\/helamed-gmbh.de\/el\/wp-json\/wp\/v2\/product_cat?post=1287"},{"taxonomy":"product_tag","embeddable":true,"href":"https:\/\/helamed-gmbh.de\/el\/wp-json\/wp\/v2\/product_tag?post=1287"}],"curies":[{"name":"wp","href":"https:\/\/api.w.org\/{rel}","templated":true}]}}