{"id":1288,"date":"2025-07-26T13:41:07","date_gmt":"2025-07-26T11:41:07","guid":{"rendered":"https:\/\/helamed-gmbh.de\/?post_type=product&#038;p=1288"},"modified":"2025-07-26T13:41:23","modified_gmt":"2025-07-26T11:41:23","slug":"philips-affiniti-cvx-2","status":"publish","type":"product","link":"https:\/\/helamed-gmbh.de\/el\/produkt\/philips-affiniti-cvx-2\/","title":{"rendered":"Philips Affiniti CVx"},"content":{"rendered":"<h3 style=\"color: #ff6f00;\" data-start=\"117\" data-end=\"186\">Affiniti CVx \u2013 Intelligente Echokardiographie f\u00fcr den klinischen Alltag<\/h3>\n<p data-start=\"188\" data-end=\"344\">Affiniti CVx Ultraschallsystem f\u00fcr Ihren Untersuchungsalltag in der Kardiologie<\/p>\n<ul>\n<li data-start=\"348\" data-end=\"498\">xMATRIX-Schallkopftechnologie: Alle Betriebsarten in einem einzigen Schallkopf<\/li>\n<li data-start=\"348\" data-end=\"498\">PureWave Schallkopftechnologie f\u00fcr schwer schallbare Patienten<\/li>\n<li data-start=\"348\" data-end=\"498\">Erweiterte Erwachsenenechokardiographie, einschlie\u00dflich Live 3Dtrans\u00f6sophageale (TEE-)Bildgebung zur Verfahrensf\u00fchrung<\/li>\n<li data-start=\"348\" data-end=\"498\">P\u00e4diatrische Echokardiographie, einschlie\u00dflich des MicroTEE<\/li>\n<li data-start=\"348\" data-end=\"498\">S8-3t Schallkopf<\/li>\n<li data-start=\"348\" data-end=\"498\">Reproduzierbarer und voll automatisierter linker Ventrikel (LV) Stammquantifizierung<\/li>\n<li data-start=\"348\" data-end=\"498\">Stressechokardiographie<\/li>\n<li data-start=\"348\" data-end=\"498\">Au\u00dfergew\u00f6hnliche L\u00f6sungen f\u00fcr vaskul\u00e4re Untersuchungen<\/li>\n<li data-start=\"348\" data-end=\"498\">Automatisierte 3D-Quantifizierungswerkzeuge<\/li>\n<\/ul>\n<article class=\"text-token-text-primary w-full\" dir=\"auto\" data-testid=\"conversation-turn-6\" data-scroll-anchor=\"true\">\n<div class=\"text-base my-auto mx-auto pb-10 [--thread-content-margin:--spacing(4)] @[37rem]:[--thread-content-margin:--spacing(6)] @[72rem]:[--thread-content-margin:--spacing(16)] px-(--thread-content-margin)\">\n<div class=\"[--thread-content-max-width:32rem] @[34rem]:[--thread-content-max-width:40rem] @[64rem]:[--thread-content-max-width:48rem] mx-auto flex max-w-(--thread-content-max-width) flex-1 text-base gap-4 md:gap-5 lg:gap-6 group\/turn-messages focus-visible:outline-hidden\" tabindex=\"-1\">\n<div class=\"group\/conversation-turn relative flex w-full min-w-0 flex-col agent-turn\">\n<div class=\"relative flex-col gap-1 md:gap-3\">\n<div class=\"flex max-w-full flex-col grow\">\n<div class=\"min-h-8 text-message relative flex w-full flex-col items-end gap-2 text-start break-words whitespace-normal [.text-message+&amp;]:mt-5\" dir=\"auto\" data-message-author-role=\"assistant\" data-message-id=\"bb748f92-3de7-4a39-814f-3eb17ac79bb6\" data-message-model-slug=\"gpt-4o\">\n<div class=\"flex w-full flex-col gap-1 empty:hidden first:pt-[3px]\">\n<div class=\"markdown prose dark:prose-invert w-full break-words light\"><\/div>\n<\/div>\n<\/div>\n<\/div>\n<\/div>\n<\/div>\n<\/div>\n<\/div>\n<\/article>\n<p data-start=\"0\" data-end=\"67\"><strong data-start=\"0\" data-end=\"65\"><img fetchpriority=\"high\" decoding=\"async\" class=\"alignnone size-medium wp-image-732\" src=\"https:\/\/primus-medizintechnik.de\/wp-content\/uploads\/2025\/07\/automeasure-300x169.webp\" alt=\"automeasure\" width=\"300\" height=\"169\" \/><\/strong><\/p>\n<p data-start=\"0\" data-end=\"70\"><strong data-start=\"0\" data-end=\"68\">Auto Measure \u2013 Automatisierte Herzquantifizierung auf Knopfdruck<\/strong><\/p>\n<p data-start=\"72\" data-end=\"396\" data-is-last-node=\"\" data-is-only-node=\"\">Auto Measure erm\u00f6glicht eine zuverl\u00e4ssige, standardisierte und reproduzierbare Quantifizierung kardialer Parameter \u2013 ganz automatisch. Mithilfe von KI-gest\u00fctzter Smart Doppler View ID f\u00fchrt das System pr\u00e4zise Doppler- und L\u00e4ngenmessungen in 2D durch und sorgt so f\u00fcr sp\u00fcrbare Zeitersparnis bei gleichbleibend hoher Qualit\u00e4t.<\/p>\n<p data-start=\"0\" data-end=\"38\"><strong data-start=\"0\" data-end=\"38\"><img decoding=\"async\" class=\"alignnone size-medium wp-image-733\" src=\"https:\/\/primus-medizintechnik.de\/wp-content\/uploads\/2025\/07\/dynamicHeaRTmodel-300x169.webp\" alt=\"dynamicHeaRTmodel\" width=\"300\" height=\"169\" \/><\/strong><\/p>\n<p data-start=\"0\" data-end=\"61\"><strong data-start=\"0\" data-end=\"59\">Dynamic HeartModel \u2013 3D-Herzquantifizierung in Echtzeit<\/strong><\/p>\n<p data-start=\"63\" data-end=\"394\" data-is-last-node=\"\" data-is-only-node=\"\">Dynamic HeartModel erm\u00f6glicht eine vollautomatische und erweiterte Live-3D-Analyse des Herzens. Mit nur einem Tastendruck erhalten Sie pr\u00e4zise Werte f\u00fcr die Ejektionsfraktion (EF) sowie die Volumina von linkem Ventrikel (LV) und linkem Atrium (LA) \u2013 alles aus einem einzigen Herzzyklus. Effizient, konsistent und klinisch relevant.<\/p>\n<p data-start=\"0\" data-end=\"73\"><strong data-start=\"0\" data-end=\"71\"><img decoding=\"async\" class=\"alignnone size-medium wp-image-734\" src=\"https:\/\/primus-medizintechnik.de\/wp-content\/uploads\/2025\/07\/iRotate-300x169.webp\" alt=\"iRotate\" width=\"300\" height=\"169\" \/><\/strong><\/p>\n<p data-start=\"0\" data-end=\"55\"><strong data-start=\"0\" data-end=\"53\">iRotate \u2013 Optimale Bildausrichtung auf Knopfdruck<\/strong><\/p>\n<p data-start=\"57\" data-end=\"375\" data-is-last-node=\"\" data-is-only-node=\"\">Mit iRotate passen Sie die Ansicht innerhalb des Schallfensters elektronisch an \u2013 ganz ohne manuelles Drehen des Schallkopfs. So erhalten Sie selbst zwischen den Rippen eine ideale Darstellung und reduzieren Bildverk\u00fcrzungen. Das Ergebnis: pr\u00e4zisere Messungen der LV-Volumina und ein effizienterer Untersuchungsablauf.<\/p>\n<p data-start=\"57\" data-end=\"375\" data-is-last-node=\"\" data-is-only-node=\"\"><img loading=\"lazy\" decoding=\"async\" class=\"alignnone size-medium wp-image-735\" src=\"https:\/\/primus-medizintechnik.de\/wp-content\/uploads\/2025\/07\/x5-1xMatrix-300x169.webp\" alt=\"x5-1xMatrix\" width=\"300\" height=\"169\" \/><\/p>\n<p data-start=\"0\" data-end=\"59\"><strong data-start=\"0\" data-end=\"57\">X5-1 xMATRIX-Schallkopf \u2013 Vielseitigkeit in 2D und 3D<\/strong><\/p>\n<p data-start=\"61\" data-end=\"384\" data-is-last-node=\"\" data-is-only-node=\"\">Der X5-1 xMATRIX-Schallkopf vereint modernste Technologie f\u00fcr herausragende 2D- und 3D-TTE-Bildqualit\u00e4t. Funktionen wie xPlane und iRotate unterst\u00fctzen eine pr\u00e4zise, flexible Bildgebung \u2013 selbst bei schwer schallbaren Patienten. Entwickelt f\u00fcr effiziente Arbeitsabl\u00e4ufe und konsistente Ergebnisse im kardiologischen Alltag.<\/p>\n<p data-start=\"61\" data-end=\"384\" data-is-last-node=\"\" data-is-only-node=\"\"><img loading=\"lazy\" decoding=\"async\" class=\"alignnone size-medium wp-image-736\" src=\"https:\/\/primus-medizintechnik.de\/wp-content\/uploads\/2025\/07\/3dautoLAA-300x169.webp\" alt=\"3dautoLAA\" width=\"300\" height=\"169\" \/><\/p>\n<p data-start=\"0\" data-end=\"67\"><strong data-start=\"0\" data-end=\"65\">3D Auto LAA \u2013 Automatisierte Vermessung des linken Vorhofohrs<\/strong><\/p>\n<p data-start=\"69\" data-end=\"347\" data-is-last-node=\"\" data-is-only-node=\"\">Mit 3D Auto LAA bestimmen Sie die Gr\u00f6\u00dfe des LAA-Ostiums schnell, pr\u00e4zise und standardisiert. Die automatisierte Messung minimiert Anwenderabh\u00e4ngigkeit, reduziert Variabilit\u00e4t zwischen Untersuchungen und erh\u00f6ht die Zuverl\u00e4ssigkeit \u2013 besonders w\u00e4hrend interventioneller Verfahren.<\/p>\n","protected":false},"excerpt":{"rendered":"<p>Affiniti CVx wurde speziell f\u00fcr die Anforderungen der modernen Kardiologie entwickelt. Basierend auf der innovativen Echokardiographie-Plattform von Philips, kombiniert das System leistungsstarke KI-gest\u00fctzte Funktionen mit intuitiver Bedienbarkeit. Es unterst\u00fctzt Sie dabei, Arbeitsabl\u00e4ufe zu optimieren, Diagnosen zu standardisieren und Innovationen einfacher zu integrieren \u2013 auf einer vertrauten Plattform, die Verl\u00e4sslichkeit und Effizienz vereint.<\/p>\n<h3 data-start=\"334\" data-end=\"356\"><\/h3>\n<h2 style=\"color: #ff6f00;\" data-start=\"334\" data-end=\"356\"><strong data-start=\"338\" data-end=\"356\">EINSATZGEBIETE<\/strong><\/h2>\n<p>&nbsp;<\/p>\n<ul>\n<li>Kardiologie<\/li>\n<li>Innere Medizin<\/li>\n<li>Gef\u00e4\u00dfdiagnostik<\/li>\n<\/ul>\n","protected":false},"featured_media":1369,"template":"","meta":[],"product_brand":[48],"product_cat":[61],"product_tag":[62,63,64],"class_list":{"0":"post-1288","1":"product","2":"type-product","3":"status-publish","4":"has-post-thumbnail","6":"product_brand-philips","7":"product_cat-stationaere-ultraschallgeraet","8":"product_tag-diagnostischer-ultraschall","9":"product_tag-sonographie","10":"product_tag-ultraschallgeraet","12":"first","13":"instock","14":"shipping-taxable","15":"product-type-simple"},"yoast_head":"<!-- This site is optimized with the Yoast SEO plugin v27.3 - https:\/\/yoast.com\/product\/yoast-seo-wordpress\/ -->\n<title>Philips Affiniti CVx - HELAmed GmbH<\/title>\n<meta name=\"robots\" content=\"index, follow, max-snippet:-1, max-image-preview:large, max-video-preview:-1\" \/>\n<link rel=\"canonical\" href=\"https:\/\/helamed-gmbh.de\/el\/produkt\/philips-affiniti-cvx-2\/\" \/>\n<meta property=\"og:locale\" content=\"el_GR\" \/>\n<meta property=\"og:type\" content=\"article\" \/>\n<meta property=\"og:title\" content=\"Philips Affiniti CVx - HELAmed GmbH\" \/>\n<meta property=\"og:description\" content=\"Affiniti CVx wurde speziell f\u00fcr die Anforderungen der modernen Kardiologie entwickelt. Basierend auf der innovativen Echokardiographie-Plattform von Philips, kombiniert das System leistungsstarke KI-gest\u00fctzte Funktionen mit intuitiver Bedienbarkeit. Es unterst\u00fctzt Sie dabei, Arbeitsabl\u00e4ufe zu optimieren, Diagnosen zu standardisieren und Innovationen einfacher zu integrieren \u2013 auf einer vertrauten Plattform, die Verl\u00e4sslichkeit und Effizienz vereint.  EINSATZGEBIETE &nbsp;   Kardiologie  Innere Medizin  Gef\u00e4\u00dfdiagnostik\" \/>\n<meta property=\"og:url\" content=\"https:\/\/helamed-gmbh.de\/el\/produkt\/philips-affiniti-cvx-2\/\" \/>\n<meta property=\"og:site_name\" content=\"HELAmed GmbH\" \/>\n<meta property=\"article:modified_time\" content=\"2025-07-26T11:41:23+00:00\" \/>\n<meta property=\"og:image\" content=\"https:\/\/helamed-gmbh.de\/wp-content\/uploads\/2025\/07\/Philips_Affiniti_CVx_960.jpg\" \/>\n\t<meta property=\"og:image:width\" content=\"960\" \/>\n\t<meta property=\"og:image:height\" content=\"960\" \/>\n\t<meta property=\"og:image:type\" content=\"image\/jpeg\" \/>\n<meta name=\"twitter:card\" content=\"summary_large_image\" \/>\n<meta name=\"twitter:label1\" content=\"\u0395\u03ba\u03c4\u03b9\u03bc\u03ce\u03bc\u03b5\u03bd\u03bf\u03c2 \u03c7\u03c1\u03cc\u03bd\u03bf\u03c2 \u03b1\u03bd\u03ac\u03b3\u03bd\u03c9\u03c3\u03b7\u03c2\" \/>\n\t<meta name=\"twitter:data1\" content=\"2 \u03bb\u03b5\u03c0\u03c4\u03ac\" \/>\n<script type=\"application\/ld+json\" class=\"yoast-schema-graph\">{\"@context\":\"https:\\\/\\\/schema.org\",\"@graph\":[{\"@type\":\"WebPage\",\"@id\":\"https:\\\/\\\/helamed-gmbh.de\\\/el\\\/produkt\\\/philips-affiniti-cvx-2\\\/\",\"url\":\"https:\\\/\\\/helamed-gmbh.de\\\/el\\\/produkt\\\/philips-affiniti-cvx-2\\\/\",\"name\":\"Philips Affiniti CVx - HELAmed GmbH\",\"isPartOf\":{\"@id\":\"https:\\\/\\\/helamed-gmbh.de\\\/el\\\/#website\"},\"primaryImageOfPage\":{\"@id\":\"https:\\\/\\\/helamed-gmbh.de\\\/el\\\/produkt\\\/philips-affiniti-cvx-2\\\/#primaryimage\"},\"image\":{\"@id\":\"https:\\\/\\\/helamed-gmbh.de\\\/el\\\/produkt\\\/philips-affiniti-cvx-2\\\/#primaryimage\"},\"thumbnailUrl\":\"https:\\\/\\\/helamed-gmbh.de\\\/wp-content\\\/uploads\\\/2025\\\/07\\\/Philips_Affiniti_CVx_960.jpg\",\"datePublished\":\"2025-07-26T11:41:07+00:00\",\"dateModified\":\"2025-07-26T11:41:23+00:00\",\"breadcrumb\":{\"@id\":\"https:\\\/\\\/helamed-gmbh.de\\\/el\\\/produkt\\\/philips-affiniti-cvx-2\\\/#breadcrumb\"},\"inLanguage\":\"el\",\"potentialAction\":[{\"@type\":\"ReadAction\",\"target\":[\"https:\\\/\\\/helamed-gmbh.de\\\/el\\\/produkt\\\/philips-affiniti-cvx-2\\\/\"]}]},{\"@type\":\"ImageObject\",\"inLanguage\":\"el\",\"@id\":\"https:\\\/\\\/helamed-gmbh.de\\\/el\\\/produkt\\\/philips-affiniti-cvx-2\\\/#primaryimage\",\"url\":\"https:\\\/\\\/helamed-gmbh.de\\\/wp-content\\\/uploads\\\/2025\\\/07\\\/Philips_Affiniti_CVx_960.jpg\",\"contentUrl\":\"https:\\\/\\\/helamed-gmbh.de\\\/wp-content\\\/uploads\\\/2025\\\/07\\\/Philips_Affiniti_CVx_960.jpg\",\"width\":960,\"height\":960},{\"@type\":\"BreadcrumbList\",\"@id\":\"https:\\\/\\\/helamed-gmbh.de\\\/el\\\/produkt\\\/philips-affiniti-cvx-2\\\/#breadcrumb\",\"itemListElement\":[{\"@type\":\"ListItem\",\"position\":1,\"name\":\"Startseite\",\"item\":\"https:\\\/\\\/helamed-gmbh.de\\\/el\\\/%ce%b1%cf%81%cf%87%ce%b9%ce%ba%ce%ae-%cf%83%ce%b5%ce%bb%ce%af%ce%b4%ce%b1\\\/\"},{\"@type\":\"ListItem\",\"position\":2,\"name\":\"Shop\",\"item\":\"https:\\\/\\\/helamed-gmbh.de\\\/?page_id=626\"},{\"@type\":\"ListItem\",\"position\":3,\"name\":\"Philips Affiniti CVx\"}]},{\"@type\":\"WebSite\",\"@id\":\"https:\\\/\\\/helamed-gmbh.de\\\/el\\\/#website\",\"url\":\"https:\\\/\\\/helamed-gmbh.de\\\/el\\\/\",\"name\":\"HELAmed GmbH\",\"description\":\"Medizintechnik und Fachberatung f\u00fcr Kliniken und Fachpersonal \u2013 alles aus einer Hand.\",\"publisher\":{\"@id\":\"https:\\\/\\\/helamed-gmbh.de\\\/el\\\/#organization\"},\"potentialAction\":[{\"@type\":\"SearchAction\",\"target\":{\"@type\":\"EntryPoint\",\"urlTemplate\":\"https:\\\/\\\/helamed-gmbh.de\\\/el\\\/?s={search_term_string}\"},\"query-input\":{\"@type\":\"PropertyValueSpecification\",\"valueRequired\":true,\"valueName\":\"search_term_string\"}}],\"inLanguage\":\"el\"},{\"@type\":\"Organization\",\"@id\":\"https:\\\/\\\/helamed-gmbh.de\\\/el\\\/#organization\",\"name\":\"HELAmed GmbH\",\"url\":\"https:\\\/\\\/helamed-gmbh.de\\\/el\\\/\",\"logo\":{\"@type\":\"ImageObject\",\"inLanguage\":\"el\",\"@id\":\"https:\\\/\\\/helamed-gmbh.de\\\/el\\\/#\\\/schema\\\/logo\\\/image\\\/\",\"url\":\"https:\\\/\\\/helamed-gmbh.de\\\/wp-content\\\/uploads\\\/2025\\\/07\\\/cropped-helamed_logo.png\",\"contentUrl\":\"https:\\\/\\\/helamed-gmbh.de\\\/wp-content\\\/uploads\\\/2025\\\/07\\\/cropped-helamed_logo.png\",\"width\":318,\"height\":125,\"caption\":\"HELAmed GmbH\"},\"image\":{\"@id\":\"https:\\\/\\\/helamed-gmbh.de\\\/el\\\/#\\\/schema\\\/logo\\\/image\\\/\"}}]}<\/script>\n<!-- \/ Yoast SEO plugin. -->","yoast_head_json":{"title":"Philips Affiniti CVx - HELAmed GmbH","robots":{"index":"index","follow":"follow","max-snippet":"max-snippet:-1","max-image-preview":"max-image-preview:large","max-video-preview":"max-video-preview:-1"},"canonical":"https:\/\/helamed-gmbh.de\/el\/produkt\/philips-affiniti-cvx-2\/","og_locale":"el_GR","og_type":"article","og_title":"Philips Affiniti CVx - HELAmed GmbH","og_description":"Affiniti CVx wurde speziell f\u00fcr die Anforderungen der modernen Kardiologie entwickelt. Basierend auf der innovativen Echokardiographie-Plattform von Philips, kombiniert das System leistungsstarke KI-gest\u00fctzte Funktionen mit intuitiver Bedienbarkeit. Es unterst\u00fctzt Sie dabei, Arbeitsabl\u00e4ufe zu optimieren, Diagnosen zu standardisieren und Innovationen einfacher zu integrieren \u2013 auf einer vertrauten Plattform, die Verl\u00e4sslichkeit und Effizienz vereint.  EINSATZGEBIETE &nbsp;   Kardiologie  Innere Medizin  Gef\u00e4\u00dfdiagnostik","og_url":"https:\/\/helamed-gmbh.de\/el\/produkt\/philips-affiniti-cvx-2\/","og_site_name":"HELAmed GmbH","article_modified_time":"2025-07-26T11:41:23+00:00","og_image":[{"width":960,"height":960,"url":"https:\/\/helamed-gmbh.de\/wp-content\/uploads\/2025\/07\/Philips_Affiniti_CVx_960.jpg","type":"image\/jpeg"}],"twitter_card":"summary_large_image","twitter_misc":{"\u0395\u03ba\u03c4\u03b9\u03bc\u03ce\u03bc\u03b5\u03bd\u03bf\u03c2 \u03c7\u03c1\u03cc\u03bd\u03bf\u03c2 \u03b1\u03bd\u03ac\u03b3\u03bd\u03c9\u03c3\u03b7\u03c2":"2 \u03bb\u03b5\u03c0\u03c4\u03ac"},"schema":{"@context":"https:\/\/schema.org","@graph":[{"@type":"WebPage","@id":"https:\/\/helamed-gmbh.de\/el\/produkt\/philips-affiniti-cvx-2\/","url":"https:\/\/helamed-gmbh.de\/el\/produkt\/philips-affiniti-cvx-2\/","name":"Philips Affiniti CVx - HELAmed GmbH","isPartOf":{"@id":"https:\/\/helamed-gmbh.de\/el\/#website"},"primaryImageOfPage":{"@id":"https:\/\/helamed-gmbh.de\/el\/produkt\/philips-affiniti-cvx-2\/#primaryimage"},"image":{"@id":"https:\/\/helamed-gmbh.de\/el\/produkt\/philips-affiniti-cvx-2\/#primaryimage"},"thumbnailUrl":"https:\/\/helamed-gmbh.de\/wp-content\/uploads\/2025\/07\/Philips_Affiniti_CVx_960.jpg","datePublished":"2025-07-26T11:41:07+00:00","dateModified":"2025-07-26T11:41:23+00:00","breadcrumb":{"@id":"https:\/\/helamed-gmbh.de\/el\/produkt\/philips-affiniti-cvx-2\/#breadcrumb"},"inLanguage":"el","potentialAction":[{"@type":"ReadAction","target":["https:\/\/helamed-gmbh.de\/el\/produkt\/philips-affiniti-cvx-2\/"]}]},{"@type":"ImageObject","inLanguage":"el","@id":"https:\/\/helamed-gmbh.de\/el\/produkt\/philips-affiniti-cvx-2\/#primaryimage","url":"https:\/\/helamed-gmbh.de\/wp-content\/uploads\/2025\/07\/Philips_Affiniti_CVx_960.jpg","contentUrl":"https:\/\/helamed-gmbh.de\/wp-content\/uploads\/2025\/07\/Philips_Affiniti_CVx_960.jpg","width":960,"height":960},{"@type":"BreadcrumbList","@id":"https:\/\/helamed-gmbh.de\/el\/produkt\/philips-affiniti-cvx-2\/#breadcrumb","itemListElement":[{"@type":"ListItem","position":1,"name":"Startseite","item":"https:\/\/helamed-gmbh.de\/el\/%ce%b1%cf%81%cf%87%ce%b9%ce%ba%ce%ae-%cf%83%ce%b5%ce%bb%ce%af%ce%b4%ce%b1\/"},{"@type":"ListItem","position":2,"name":"Shop","item":"https:\/\/helamed-gmbh.de\/?page_id=626"},{"@type":"ListItem","position":3,"name":"Philips Affiniti CVx"}]},{"@type":"WebSite","@id":"https:\/\/helamed-gmbh.de\/el\/#website","url":"https:\/\/helamed-gmbh.de\/el\/","name":"HELAmed GmbH","description":"Medizintechnik und Fachberatung f\u00fcr Kliniken und Fachpersonal \u2013 alles aus einer Hand.","publisher":{"@id":"https:\/\/helamed-gmbh.de\/el\/#organization"},"potentialAction":[{"@type":"SearchAction","target":{"@type":"EntryPoint","urlTemplate":"https:\/\/helamed-gmbh.de\/el\/?s={search_term_string}"},"query-input":{"@type":"PropertyValueSpecification","valueRequired":true,"valueName":"search_term_string"}}],"inLanguage":"el"},{"@type":"Organization","@id":"https:\/\/helamed-gmbh.de\/el\/#organization","name":"HELAmed GmbH","url":"https:\/\/helamed-gmbh.de\/el\/","logo":{"@type":"ImageObject","inLanguage":"el","@id":"https:\/\/helamed-gmbh.de\/el\/#\/schema\/logo\/image\/","url":"https:\/\/helamed-gmbh.de\/wp-content\/uploads\/2025\/07\/cropped-helamed_logo.png","contentUrl":"https:\/\/helamed-gmbh.de\/wp-content\/uploads\/2025\/07\/cropped-helamed_logo.png","width":318,"height":125,"caption":"HELAmed GmbH"},"image":{"@id":"https:\/\/helamed-gmbh.de\/el\/#\/schema\/logo\/image\/"}}]}},"_links":{"self":[{"href":"https:\/\/helamed-gmbh.de\/el\/wp-json\/wp\/v2\/product\/1288","targetHints":{"allow":["GET"]}}],"collection":[{"href":"https:\/\/helamed-gmbh.de\/el\/wp-json\/wp\/v2\/product"}],"about":[{"href":"https:\/\/helamed-gmbh.de\/el\/wp-json\/wp\/v2\/types\/product"}],"wp:featuredmedia":[{"embeddable":true,"href":"https:\/\/helamed-gmbh.de\/el\/wp-json\/wp\/v2\/media\/1369"}],"wp:attachment":[{"href":"https:\/\/helamed-gmbh.de\/el\/wp-json\/wp\/v2\/media?parent=1288"}],"wp:term":[{"taxonomy":"product_brand","embeddable":true,"href":"https:\/\/helamed-gmbh.de\/el\/wp-json\/wp\/v2\/product_brand?post=1288"},{"taxonomy":"product_cat","embeddable":true,"href":"https:\/\/helamed-gmbh.de\/el\/wp-json\/wp\/v2\/product_cat?post=1288"},{"taxonomy":"product_tag","embeddable":true,"href":"https:\/\/helamed-gmbh.de\/el\/wp-json\/wp\/v2\/product_tag?post=1288"}],"curies":[{"name":"wp","href":"https:\/\/api.w.org\/{rel}","templated":true}]}}