{"id":1289,"date":"2025-07-26T13:41:07","date_gmt":"2025-07-26T11:41:07","guid":{"rendered":"https:\/\/helamed-gmbh.de\/?post_type=product&#038;p=1289"},"modified":"2025-07-26T13:41:25","modified_gmt":"2025-07-26T11:41:25","slug":"philips-epiq-cv-x","status":"publish","type":"product","link":"https:\/\/helamed-gmbh.de\/el\/produkt\/philips-epiq-cv-x\/","title":{"rendered":"Philips EPIQ CV x"},"content":{"rendered":"<h3 style=\"color: #ff6f00;\" data-start=\"117\" data-end=\"186\">Kardiologisches Ultraschallsystem der Spitzenklasse \u2013 f\u00fcr h\u00f6chste Anspr\u00fcche in Diagnostik und Workflow<\/h3>\n<p>speziell f\u00fcr die Kardiologie ausgelegtes Ultraschallsystem<\/p>\n<ul>\n<li>reines kardiologisches Ultraschallsystem<\/li>\n<li>LCD-Bildschirm<br \/>\n21.6\u201c Zoll OLED-Monitor (54,9 cm Bildschirmdiagonale)<\/li>\n<li>Ergonomie: 40% leichter als das schwerste konkurrierende System dieser Klasse<\/li>\n<li>Ger\u00e4uscharm: 37 \u2013 41 dB, v\u00f6llig ger\u00e4uscharmer Betrieb<\/li>\n<li>Bildverarbeitung: Pure Wave und xMatrix Schallkopftechnologie der Spitzenklasse<\/li>\n<\/ul>\n<p data-start=\"0\" data-end=\"67\"><strong data-start=\"0\" data-end=\"65\"><img fetchpriority=\"high\" decoding=\"async\" class=\"alignnone size-medium wp-image-742\" src=\"https:\/\/primus-medizintechnik.de\/wp-content\/uploads\/2025\/07\/AutoStrainLV-300x169.webp\" alt=\"AutoStrainLV\" width=\"300\" height=\"169\" \/><\/strong><\/p>\n<p data-start=\"0\" data-end=\"79\"><strong data-start=\"0\" data-end=\"77\">AutoStrain LV \u2013 Automatisierte Strain-Analyse f\u00fcr effiziente LV-Bewertung<\/strong><\/p>\n<p data-start=\"81\" data-end=\"448\" data-is-last-node=\"\" data-is-only-node=\"\">AutoStrain LV bietet eine vollst\u00e4ndig automatisierte Bestimmung der Ejektionsfraktion (EF) und Midlayer-Strain-Werte \u2013 schnell, zuverl\u00e4ssig und reproduzierbar. Dank integrierter KI analysiert Smart View Select im Hintergrund automatisch die geeignetsten 2D-Bilder f\u00fcr die LV-Bewertung. Das Ergebnis: ein optimierter Workflow mit pr\u00e4zisen Ergebnissen in k\u00fcrzerer Zeit.<\/p>\n<p data-start=\"0\" data-end=\"70\"><strong data-start=\"0\" data-end=\"38\"><img decoding=\"async\" class=\"alignnone size-medium wp-image-743\" src=\"https:\/\/primus-medizintechnik.de\/wp-content\/uploads\/2025\/07\/Bewertung-300x169.webp\" alt=\"\" width=\"300\" height=\"169\" \/><\/strong><\/p>\n<article class=\"text-token-text-primary w-full\" dir=\"auto\" data-testid=\"conversation-turn-44\" data-scroll-anchor=\"true\">\n<div class=\"text-base my-auto mx-auto pb-10 [--thread-content-margin:--spacing(4)] @[37rem]:[--thread-content-margin:--spacing(6)] @[72rem]:[--thread-content-margin:--spacing(16)] px-(--thread-content-margin)\">\n<div class=\"[--thread-content-max-width:32rem] @[34rem]:[--thread-content-max-width:40rem] @[64rem]:[--thread-content-max-width:48rem] mx-auto flex max-w-(--thread-content-max-width) flex-1 text-base gap-4 md:gap-5 lg:gap-6 group\/turn-messages focus-visible:outline-hidden\" tabindex=\"-1\">\n<div class=\"group\/conversation-turn relative flex w-full min-w-0 flex-col agent-turn\">\n<div class=\"relative flex-col gap-1 md:gap-3\">\n<div class=\"flex max-w-full flex-col grow\">\n<div class=\"min-h-8 text-message relative flex w-full flex-col items-end gap-2 text-start break-words whitespace-normal [.text-message+&amp;]:mt-5\" dir=\"auto\" data-message-author-role=\"assistant\" data-message-id=\"663be90d-6b6a-4024-99d3-55ba5d602682\" data-message-model-slug=\"gpt-4o\">\n<div class=\"flex w-full flex-col gap-1 empty:hidden first:pt-[3px]\">\n<div class=\"markdown prose dark:prose-invert w-full break-words light\">\n<p data-start=\"0\" data-end=\"68\"><strong data-start=\"0\" data-end=\"66\">Auto SWMS \u2013 Objektive Analyse der Wandbewegung auf einen Blick<\/strong><\/p>\n<p data-start=\"70\" data-end=\"364\" data-is-last-node=\"\" data-is-only-node=\"\">Auto SWMS erm\u00f6glicht die automatisierte Bewertung der segmentalen Wandbewegung anhand der standardisierten 17-Segment-Bullseye-Darstellung. Das sorgt f\u00fcr eine konsistente, objektive Beurteilung der LV-Wandfunktion \u2013 mit h\u00f6herer Reproduzierbarkeit und mehr Effizienz im kardiologischen Workflow.<\/p>\n<\/div>\n<\/div>\n<\/div>\n<\/div>\n<\/div>\n<\/div>\n<\/div>\n<\/div>\n<\/article>\n<p data-start=\"0\" data-end=\"73\"><strong data-start=\"0\" data-end=\"71\"><img decoding=\"async\" class=\"alignnone size-medium wp-image-744\" src=\"https:\/\/primus-medizintechnik.de\/wp-content\/uploads\/2025\/07\/3dmFarbdoppler-300x169.webp\" alt=\"\" width=\"300\" height=\"169\" \/><\/strong><\/p>\n<p data-start=\"0\" data-end=\"101\"><strong data-start=\"0\" data-end=\"99\">Automatisierte 3D-Farbdoppler-Quantifizierung \u2013 KI-gest\u00fctzte Beurteilung der Mitralinsuffizienz<\/strong><\/p>\n<p data-start=\"103\" data-end=\"426\" data-is-last-node=\"\" data-is-only-node=\"\">Diese innovative Funktion erm\u00f6glicht eine schnelle, einfache und reproduzierbare Quantifizierung des Mitralinsuffizienzvolumens in 3D \u2013 unterst\u00fctzt durch k\u00fcnstliche Intelligenz. So l\u00e4sst sich der Schweregrad der Mitralinsuffizienz zuverl\u00e4ssig und effizient beurteilen \u2013 f\u00fcr mehr Pr\u00e4zision in der kardiologischen Diagnostik.<\/p>\n<p data-start=\"57\" data-end=\"375\" data-is-last-node=\"\" data-is-only-node=\"\"><img loading=\"lazy\" decoding=\"async\" class=\"alignnone size-medium wp-image-745\" src=\"https:\/\/primus-medizintechnik.de\/wp-content\/uploads\/2025\/07\/Philips-X11-4t_mini-TEE-300x170.webp\" alt=\"\" width=\"300\" height=\"170\" \/><\/p>\n<p data-start=\"0\" data-end=\"68\"><strong data-start=\"0\" data-end=\"66\">Der neue Philips X11-4t Mini-TEE \u2013 Kompakt. Flexibel. Pr\u00e4zise.<\/strong><\/p>\n<p data-start=\"70\" data-end=\"444\" data-is-last-node=\"\" data-is-only-node=\"\">Der Philips X11-4t Mini-3D-TEE-Schallkopf \u00fcberzeugt durch sein kompaktes Design und erm\u00f6glicht eine flexible Navigation auch in anatomisch engen Strukturen oder bei komplexen Eingriffen. Er ist f\u00fcr Erwachsene und p\u00e4diatrische Patienten ab 5\u202fkg einsetzbar \u2013 und bietet dabei die gewohnte Bildqualit\u00e4t, Benutzerfreundlichkeit und Zuverl\u00e4ssigkeit, die Sie von Philips erwarten.<\/p>\n<p data-start=\"61\" data-end=\"384\" data-is-last-node=\"\" data-is-only-node=\"\">\n","protected":false},"excerpt":{"rendered":"<p>EPIQ CVx ist das kardiovaskul\u00e4re Ultraschallsystem der Spitzenklasse \u2013 entwickelt auf einer modularen, branchenf\u00fchrenden Plattform und ausgestattet mit leistungsstarken KI-gest\u00fctzten Funktionen. Es bietet fortschrittliche Diagnosel\u00f6sungen, die helfen, komplexe klinische Anforderungen zu meistern, und setzt neue Ma\u00dfst\u00e4be in der Echokardiographie. Mit EPIQ CVx profitieren Sie von konsistenter Bildgebung, intelligenter Workflow-Unterst\u00fctzung, einfacher Skalierbarkeit und direktem Zugang zu zukunftsweisenden Innovationen.<\/p>\n<p><a href=\"https:\/\/www.youtube.com\/watch?v=qhkFok9vDTs\"><img loading=\"lazy\" decoding=\"async\" class=\"alignnone wp-image-751 size-medium\" src=\"https:\/\/primus-medizintechnik.de\/wp-content\/uploads\/2025\/07\/video-EPIQ-300x172.png\" alt=\"Philips EPIQ CVx\" width=\"300\" height=\"172\" \/><\/a><\/p>\n<h3 data-start=\"334\" data-end=\"356\"><\/h3>\n<h2 style=\"color: #ff6f00;\" data-start=\"334\" data-end=\"356\"><strong data-start=\"338\" data-end=\"356\">EINSATZGEBIETE<\/strong><\/h2>\n<p>&nbsp;<\/p>\n<ul>\n<li>Kardiologie<\/li>\n<li>Innere Medizin<\/li>\n<\/ul>\n","protected":false},"featured_media":1372,"template":"","meta":[],"product_brand":[48],"product_cat":[61],"product_tag":[62,63,64],"class_list":{"0":"post-1289","1":"product","2":"type-product","3":"status-publish","4":"has-post-thumbnail","6":"product_brand-philips","7":"product_cat-stationaere-ultraschallgeraet","8":"product_tag-diagnostischer-ultraschall","9":"product_tag-sonographie","10":"product_tag-ultraschallgeraet","12":"first","13":"instock","14":"shipping-taxable","15":"product-type-simple"},"yoast_head":"<!-- This site is optimized with the Yoast SEO plugin v27.3 - https:\/\/yoast.com\/product\/yoast-seo-wordpress\/ -->\n<title>Philips EPIQ CV x - HELAmed GmbH<\/title>\n<meta name=\"robots\" content=\"index, follow, max-snippet:-1, max-image-preview:large, max-video-preview:-1\" \/>\n<link rel=\"canonical\" href=\"https:\/\/helamed-gmbh.de\/el\/produkt\/philips-epiq-cv-x\/\" \/>\n<meta property=\"og:locale\" content=\"el_GR\" \/>\n<meta property=\"og:type\" content=\"article\" \/>\n<meta property=\"og:title\" content=\"Philips EPIQ CV x - HELAmed GmbH\" \/>\n<meta property=\"og:description\" content=\"EPIQ CVx ist das kardiovaskul\u00e4re Ultraschallsystem der Spitzenklasse \u2013 entwickelt auf einer modularen, branchenf\u00fchrenden Plattform und ausgestattet mit leistungsstarken KI-gest\u00fctzten Funktionen. Es bietet fortschrittliche Diagnosel\u00f6sungen, die helfen, komplexe klinische Anforderungen zu meistern, und setzt neue Ma\u00dfst\u00e4be in der Echokardiographie. Mit EPIQ CVx profitieren Sie von konsistenter Bildgebung, intelligenter Workflow-Unterst\u00fctzung, einfacher Skalierbarkeit und direktem Zugang zu zukunftsweisenden Innovationen.    EINSATZGEBIETE &nbsp;   Kardiologie  Innere Medizin\" \/>\n<meta property=\"og:url\" content=\"https:\/\/helamed-gmbh.de\/el\/produkt\/philips-epiq-cv-x\/\" \/>\n<meta property=\"og:site_name\" content=\"HELAmed GmbH\" \/>\n<meta property=\"article:modified_time\" content=\"2025-07-26T11:41:25+00:00\" \/>\n<meta property=\"og:image\" content=\"https:\/\/helamed-gmbh.de\/wp-content\/uploads\/2025\/07\/Philips_EPIQ_CVx_CVXi_960.jpg\" \/>\n\t<meta property=\"og:image:width\" content=\"960\" \/>\n\t<meta property=\"og:image:height\" content=\"960\" \/>\n\t<meta property=\"og:image:type\" content=\"image\/jpeg\" \/>\n<meta name=\"twitter:card\" content=\"summary_large_image\" \/>\n<meta name=\"twitter:label1\" content=\"\u0395\u03ba\u03c4\u03b9\u03bc\u03ce\u03bc\u03b5\u03bd\u03bf\u03c2 \u03c7\u03c1\u03cc\u03bd\u03bf\u03c2 \u03b1\u03bd\u03ac\u03b3\u03bd\u03c9\u03c3\u03b7\u03c2\" \/>\n\t<meta name=\"twitter:data1\" content=\"1 \u03bb\u03b5\u03c0\u03c4\u03cc\" \/>\n<script type=\"application\/ld+json\" class=\"yoast-schema-graph\">{\"@context\":\"https:\\\/\\\/schema.org\",\"@graph\":[{\"@type\":\"WebPage\",\"@id\":\"https:\\\/\\\/helamed-gmbh.de\\\/el\\\/produkt\\\/philips-epiq-cv-x\\\/\",\"url\":\"https:\\\/\\\/helamed-gmbh.de\\\/el\\\/produkt\\\/philips-epiq-cv-x\\\/\",\"name\":\"Philips EPIQ CV x - HELAmed GmbH\",\"isPartOf\":{\"@id\":\"https:\\\/\\\/helamed-gmbh.de\\\/el\\\/#website\"},\"primaryImageOfPage\":{\"@id\":\"https:\\\/\\\/helamed-gmbh.de\\\/el\\\/produkt\\\/philips-epiq-cv-x\\\/#primaryimage\"},\"image\":{\"@id\":\"https:\\\/\\\/helamed-gmbh.de\\\/el\\\/produkt\\\/philips-epiq-cv-x\\\/#primaryimage\"},\"thumbnailUrl\":\"https:\\\/\\\/helamed-gmbh.de\\\/wp-content\\\/uploads\\\/2025\\\/07\\\/Philips_EPIQ_CVx_CVXi_960.jpg\",\"datePublished\":\"2025-07-26T11:41:07+00:00\",\"dateModified\":\"2025-07-26T11:41:25+00:00\",\"breadcrumb\":{\"@id\":\"https:\\\/\\\/helamed-gmbh.de\\\/el\\\/produkt\\\/philips-epiq-cv-x\\\/#breadcrumb\"},\"inLanguage\":\"el\",\"potentialAction\":[{\"@type\":\"ReadAction\",\"target\":[\"https:\\\/\\\/helamed-gmbh.de\\\/el\\\/produkt\\\/philips-epiq-cv-x\\\/\"]}]},{\"@type\":\"ImageObject\",\"inLanguage\":\"el\",\"@id\":\"https:\\\/\\\/helamed-gmbh.de\\\/el\\\/produkt\\\/philips-epiq-cv-x\\\/#primaryimage\",\"url\":\"https:\\\/\\\/helamed-gmbh.de\\\/wp-content\\\/uploads\\\/2025\\\/07\\\/Philips_EPIQ_CVx_CVXi_960.jpg\",\"contentUrl\":\"https:\\\/\\\/helamed-gmbh.de\\\/wp-content\\\/uploads\\\/2025\\\/07\\\/Philips_EPIQ_CVx_CVXi_960.jpg\",\"width\":960,\"height\":960},{\"@type\":\"BreadcrumbList\",\"@id\":\"https:\\\/\\\/helamed-gmbh.de\\\/el\\\/produkt\\\/philips-epiq-cv-x\\\/#breadcrumb\",\"itemListElement\":[{\"@type\":\"ListItem\",\"position\":1,\"name\":\"Startseite\",\"item\":\"https:\\\/\\\/helamed-gmbh.de\\\/el\\\/%ce%b1%cf%81%cf%87%ce%b9%ce%ba%ce%ae-%cf%83%ce%b5%ce%bb%ce%af%ce%b4%ce%b1\\\/\"},{\"@type\":\"ListItem\",\"position\":2,\"name\":\"Shop\",\"item\":\"https:\\\/\\\/helamed-gmbh.de\\\/?page_id=626\"},{\"@type\":\"ListItem\",\"position\":3,\"name\":\"Philips EPIQ CV x\"}]},{\"@type\":\"WebSite\",\"@id\":\"https:\\\/\\\/helamed-gmbh.de\\\/el\\\/#website\",\"url\":\"https:\\\/\\\/helamed-gmbh.de\\\/el\\\/\",\"name\":\"HELAmed GmbH\",\"description\":\"Medizintechnik und Fachberatung f\u00fcr Kliniken und Fachpersonal \u2013 alles aus einer Hand.\",\"publisher\":{\"@id\":\"https:\\\/\\\/helamed-gmbh.de\\\/el\\\/#organization\"},\"potentialAction\":[{\"@type\":\"SearchAction\",\"target\":{\"@type\":\"EntryPoint\",\"urlTemplate\":\"https:\\\/\\\/helamed-gmbh.de\\\/el\\\/?s={search_term_string}\"},\"query-input\":{\"@type\":\"PropertyValueSpecification\",\"valueRequired\":true,\"valueName\":\"search_term_string\"}}],\"inLanguage\":\"el\"},{\"@type\":\"Organization\",\"@id\":\"https:\\\/\\\/helamed-gmbh.de\\\/el\\\/#organization\",\"name\":\"HELAmed GmbH\",\"url\":\"https:\\\/\\\/helamed-gmbh.de\\\/el\\\/\",\"logo\":{\"@type\":\"ImageObject\",\"inLanguage\":\"el\",\"@id\":\"https:\\\/\\\/helamed-gmbh.de\\\/el\\\/#\\\/schema\\\/logo\\\/image\\\/\",\"url\":\"https:\\\/\\\/helamed-gmbh.de\\\/wp-content\\\/uploads\\\/2025\\\/07\\\/cropped-helamed_logo.png\",\"contentUrl\":\"https:\\\/\\\/helamed-gmbh.de\\\/wp-content\\\/uploads\\\/2025\\\/07\\\/cropped-helamed_logo.png\",\"width\":318,\"height\":125,\"caption\":\"HELAmed GmbH\"},\"image\":{\"@id\":\"https:\\\/\\\/helamed-gmbh.de\\\/el\\\/#\\\/schema\\\/logo\\\/image\\\/\"}}]}<\/script>\n<!-- \/ Yoast SEO plugin. -->","yoast_head_json":{"title":"Philips EPIQ CV x - HELAmed GmbH","robots":{"index":"index","follow":"follow","max-snippet":"max-snippet:-1","max-image-preview":"max-image-preview:large","max-video-preview":"max-video-preview:-1"},"canonical":"https:\/\/helamed-gmbh.de\/el\/produkt\/philips-epiq-cv-x\/","og_locale":"el_GR","og_type":"article","og_title":"Philips EPIQ CV x - HELAmed GmbH","og_description":"EPIQ CVx ist das kardiovaskul\u00e4re Ultraschallsystem der Spitzenklasse \u2013 entwickelt auf einer modularen, branchenf\u00fchrenden Plattform und ausgestattet mit leistungsstarken KI-gest\u00fctzten Funktionen. Es bietet fortschrittliche Diagnosel\u00f6sungen, die helfen, komplexe klinische Anforderungen zu meistern, und setzt neue Ma\u00dfst\u00e4be in der Echokardiographie. Mit EPIQ CVx profitieren Sie von konsistenter Bildgebung, intelligenter Workflow-Unterst\u00fctzung, einfacher Skalierbarkeit und direktem Zugang zu zukunftsweisenden Innovationen.    EINSATZGEBIETE &nbsp;   Kardiologie  Innere Medizin","og_url":"https:\/\/helamed-gmbh.de\/el\/produkt\/philips-epiq-cv-x\/","og_site_name":"HELAmed GmbH","article_modified_time":"2025-07-26T11:41:25+00:00","og_image":[{"width":960,"height":960,"url":"https:\/\/helamed-gmbh.de\/wp-content\/uploads\/2025\/07\/Philips_EPIQ_CVx_CVXi_960.jpg","type":"image\/jpeg"}],"twitter_card":"summary_large_image","twitter_misc":{"\u0395\u03ba\u03c4\u03b9\u03bc\u03ce\u03bc\u03b5\u03bd\u03bf\u03c2 \u03c7\u03c1\u03cc\u03bd\u03bf\u03c2 \u03b1\u03bd\u03ac\u03b3\u03bd\u03c9\u03c3\u03b7\u03c2":"1 \u03bb\u03b5\u03c0\u03c4\u03cc"},"schema":{"@context":"https:\/\/schema.org","@graph":[{"@type":"WebPage","@id":"https:\/\/helamed-gmbh.de\/el\/produkt\/philips-epiq-cv-x\/","url":"https:\/\/helamed-gmbh.de\/el\/produkt\/philips-epiq-cv-x\/","name":"Philips EPIQ CV x - HELAmed GmbH","isPartOf":{"@id":"https:\/\/helamed-gmbh.de\/el\/#website"},"primaryImageOfPage":{"@id":"https:\/\/helamed-gmbh.de\/el\/produkt\/philips-epiq-cv-x\/#primaryimage"},"image":{"@id":"https:\/\/helamed-gmbh.de\/el\/produkt\/philips-epiq-cv-x\/#primaryimage"},"thumbnailUrl":"https:\/\/helamed-gmbh.de\/wp-content\/uploads\/2025\/07\/Philips_EPIQ_CVx_CVXi_960.jpg","datePublished":"2025-07-26T11:41:07+00:00","dateModified":"2025-07-26T11:41:25+00:00","breadcrumb":{"@id":"https:\/\/helamed-gmbh.de\/el\/produkt\/philips-epiq-cv-x\/#breadcrumb"},"inLanguage":"el","potentialAction":[{"@type":"ReadAction","target":["https:\/\/helamed-gmbh.de\/el\/produkt\/philips-epiq-cv-x\/"]}]},{"@type":"ImageObject","inLanguage":"el","@id":"https:\/\/helamed-gmbh.de\/el\/produkt\/philips-epiq-cv-x\/#primaryimage","url":"https:\/\/helamed-gmbh.de\/wp-content\/uploads\/2025\/07\/Philips_EPIQ_CVx_CVXi_960.jpg","contentUrl":"https:\/\/helamed-gmbh.de\/wp-content\/uploads\/2025\/07\/Philips_EPIQ_CVx_CVXi_960.jpg","width":960,"height":960},{"@type":"BreadcrumbList","@id":"https:\/\/helamed-gmbh.de\/el\/produkt\/philips-epiq-cv-x\/#breadcrumb","itemListElement":[{"@type":"ListItem","position":1,"name":"Startseite","item":"https:\/\/helamed-gmbh.de\/el\/%ce%b1%cf%81%cf%87%ce%b9%ce%ba%ce%ae-%cf%83%ce%b5%ce%bb%ce%af%ce%b4%ce%b1\/"},{"@type":"ListItem","position":2,"name":"Shop","item":"https:\/\/helamed-gmbh.de\/?page_id=626"},{"@type":"ListItem","position":3,"name":"Philips EPIQ CV x"}]},{"@type":"WebSite","@id":"https:\/\/helamed-gmbh.de\/el\/#website","url":"https:\/\/helamed-gmbh.de\/el\/","name":"HELAmed GmbH","description":"Medizintechnik und Fachberatung f\u00fcr Kliniken und Fachpersonal \u2013 alles aus einer Hand.","publisher":{"@id":"https:\/\/helamed-gmbh.de\/el\/#organization"},"potentialAction":[{"@type":"SearchAction","target":{"@type":"EntryPoint","urlTemplate":"https:\/\/helamed-gmbh.de\/el\/?s={search_term_string}"},"query-input":{"@type":"PropertyValueSpecification","valueRequired":true,"valueName":"search_term_string"}}],"inLanguage":"el"},{"@type":"Organization","@id":"https:\/\/helamed-gmbh.de\/el\/#organization","name":"HELAmed GmbH","url":"https:\/\/helamed-gmbh.de\/el\/","logo":{"@type":"ImageObject","inLanguage":"el","@id":"https:\/\/helamed-gmbh.de\/el\/#\/schema\/logo\/image\/","url":"https:\/\/helamed-gmbh.de\/wp-content\/uploads\/2025\/07\/cropped-helamed_logo.png","contentUrl":"https:\/\/helamed-gmbh.de\/wp-content\/uploads\/2025\/07\/cropped-helamed_logo.png","width":318,"height":125,"caption":"HELAmed GmbH"},"image":{"@id":"https:\/\/helamed-gmbh.de\/el\/#\/schema\/logo\/image\/"}}]}},"_links":{"self":[{"href":"https:\/\/helamed-gmbh.de\/el\/wp-json\/wp\/v2\/product\/1289","targetHints":{"allow":["GET"]}}],"collection":[{"href":"https:\/\/helamed-gmbh.de\/el\/wp-json\/wp\/v2\/product"}],"about":[{"href":"https:\/\/helamed-gmbh.de\/el\/wp-json\/wp\/v2\/types\/product"}],"wp:featuredmedia":[{"embeddable":true,"href":"https:\/\/helamed-gmbh.de\/el\/wp-json\/wp\/v2\/media\/1372"}],"wp:attachment":[{"href":"https:\/\/helamed-gmbh.de\/el\/wp-json\/wp\/v2\/media?parent=1289"}],"wp:term":[{"taxonomy":"product_brand","embeddable":true,"href":"https:\/\/helamed-gmbh.de\/el\/wp-json\/wp\/v2\/product_brand?post=1289"},{"taxonomy":"product_cat","embeddable":true,"href":"https:\/\/helamed-gmbh.de\/el\/wp-json\/wp\/v2\/product_cat?post=1289"},{"taxonomy":"product_tag","embeddable":true,"href":"https:\/\/helamed-gmbh.de\/el\/wp-json\/wp\/v2\/product_tag?post=1289"}],"curies":[{"name":"wp","href":"https:\/\/api.w.org\/{rel}","templated":true}]}}