{"id":1292,"date":"2025-07-26T13:41:08","date_gmt":"2025-07-26T11:41:08","guid":{"rendered":"https:\/\/helamed-gmbh.de\/?post_type=product&#038;p=1292"},"modified":"2025-07-26T13:41:27","modified_gmt":"2025-07-26T11:41:27","slug":"philips-lumify","status":"publish","type":"product","link":"https:\/\/helamed-gmbh.de\/el\/produkt\/philips-lumify\/","title":{"rendered":"Philips Lumify"},"content":{"rendered":"<h3 style=\"color: #ff6f00;\" data-start=\"117\" data-end=\"186\">Au\u00dfergew\u00f6hnlicher mobiler Ultraschall \u2013 direkt \u00fcber Ihr Smartphone oder Tablet<\/h3>\n<p>Philips Lumify \u2013 Ultraschall neu gedacht f\u00fcr Point-of-Care<\/p>\n<ul>\n<li>ideal f\u00fcr Hausbesuche und Notfallmedizin<\/li>\n<li>Lumify-App auf allen Tablets und Smartphones installierbar<\/li>\n<li>Lumify-App mit Linear-, Convex- und Phased Array Sonde kombinierbar<\/li>\n<\/ul>\n<p><img fetchpriority=\"high\" decoding=\"async\" class=\"size-medium wp-image-771 alignnone\" src=\"https:\/\/primus-medizintechnik.de\/wp-content\/uploads\/2025\/07\/abdomen-untersuchung-300x169.webp\" alt=\"\" width=\"300\" height=\"169\" \/><\/p>\n<p data-start=\"0\" data-end=\"71\"><strong data-start=\"0\" data-end=\"69\">Abdomen-Untersuchungen \u2013 Vielseitigkeit und Tiefe in einem Preset<\/strong><\/p>\n<p data-start=\"73\" data-end=\"500\" data-is-last-node=\"\" data-is-only-node=\"\">Das Preset \u201eAbdomen\u201c wurde speziell f\u00fcr eine robuste Eindringtiefe und eine vielseitige Abdominalbildgebung entwickelt. Es bietet eine optimierte Farbflussdarstellung, die sowohl schnelle Fl\u00fcsse in abdominalen Arterien als auch langsame Fl\u00fcsse in Organen wie der Niere klar hervorhebt. Verf\u00fcgbar mit den Schallk\u00f6pfen C5-2 und S4-1, liefert dieses Preset zuverl\u00e4ssige Ergebnisse f\u00fcr eine breite Palette abdomineller Anwendungen.<\/p>\n<p data-start=\"0\" data-end=\"77\"><strong data-start=\"0\" data-end=\"75\"><img decoding=\"async\" class=\"alignnone size-medium wp-image-772\" src=\"https:\/\/primus-medizintechnik.de\/wp-content\/uploads\/2025\/07\/bildqualitaet-300x169.webp\" alt=\"\" width=\"300\" height=\"169\" \/><\/strong><\/p>\n<p data-start=\"0\" data-end=\"79\"><strong data-start=\"0\" data-end=\"77\">Au\u00dfergew\u00f6hnliche Bildqualit\u00e4t \u2013 f\u00fcr schnelle und fundierte Entscheidungen<\/strong><\/p>\n<p data-start=\"81\" data-end=\"362\" data-is-last-node=\"\" data-is-only-node=\"\">Mit jahrzehntelanger Erfahrung und kontinuierlicher Innovation setzt Philips Ma\u00dfst\u00e4be in der Ultraschalldiagnostik. Die herausragende Bildqualit\u00e4t erm\u00f6glicht eine pr\u00e4zise Visualisierung anatomischer Strukturen \u2013 und damit schnelle, zuverl\u00e4ssige Entscheidungen im Alltag.<\/p>\n<p data-start=\"61\" data-end=\"384\" data-is-last-node=\"\" data-is-only-node=\"\"><img decoding=\"async\" class=\"alignnone size-medium wp-image-774\" src=\"https:\/\/primus-medizintechnik.de\/wp-content\/uploads\/2025\/07\/lungenbildgebung-300x169.webp\" alt=\"\" width=\"300\" height=\"169\" \/><\/p>\n<p data-start=\"0\" data-end=\"51\"><strong data-start=\"0\" data-end=\"49\">Lungenbildgebung \u2013 Klarheit bei jedem Atemzug<\/strong><\/p>\n<p data-start=\"53\" data-end=\"443\" data-is-last-node=\"\" data-is-only-node=\"\">Das Preset \u201eLunge\u201c wurde speziell entwickelt, um typische Artefakte in der Lungenbildgebung hervorzuheben und das Lungengleiten an der Pleuragrenze zuverl\u00e4ssig darzustellen. Es unterst\u00fctzt eine schnelle und pr\u00e4zise Beurteilung pulmonaler Zust\u00e4nde \u2013 und ist mit allen Lumify Schallk\u00f6pfen kompatibel. Ideal f\u00fcr den Einsatz in Notfallsituationen, am Patientenbett oder in der t\u00e4glichen Praxis.<\/p>\n<p data-start=\"53\" data-end=\"443\" data-is-last-node=\"\" data-is-only-node=\"\"><img loading=\"lazy\" decoding=\"async\" class=\"alignnone size-medium wp-image-773\" src=\"https:\/\/primus-medizintechnik.de\/wp-content\/uploads\/2025\/07\/Geburtshilfe-300x169.webp\" alt=\"\" width=\"300\" height=\"169\" \/><\/p>\n<p data-start=\"0\" data-end=\"67\"><strong data-start=\"0\" data-end=\"65\">Geburtshilfe\/Gyn\u00e4kologie \u2013 Klarheit f\u00fcr entscheidende Momente<\/strong><\/p>\n<p data-start=\"69\" data-end=\"476\" data-is-last-node=\"\" data-is-only-node=\"\">Das Preset \u201eGeburtshilfe\/Gyn\u00e4kologie\u201c nutzt Tissue Harmonic Imaging (THI) zur klaren Darstellung fl\u00fcssigkeitsgef\u00fcllter Strukturen und zur pr\u00e4zisen Gewebevisualisierung. Es unterst\u00fctzt eine detailreiche und verl\u00e4ssliche Bildgebung in der pr\u00e4natalen Diagnostik sowie in gyn\u00e4kologischen Untersuchungen. Verf\u00fcgbar mit den Schallk\u00f6pfen C5-2 und S4-1 \u2013 f\u00fcr optimale Ergebnisse in sensiblen klinischen Situationen.<\/p>\n<p data-start=\"69\" data-end=\"476\" data-is-last-node=\"\" data-is-only-node=\"\">\n","protected":false},"excerpt":{"rendered":"<p>Philips Lumify markiert einen echten Fortschritt in der Point-of-Care-Diagnostik: Durch die Verbindung innovativer Schallk\u00f6pfe mit einer leistungsstarken Ultraschall-App wird Ihr kompatibles Android-Smartphone oder -Tablet zu einem vollwertigen Diagnosesystem. Ob in der Notaufnahme, auf der Intensivstation, am Patientenbett oder in der Arztpraxis \u2013 mit Lumify erfassen Sie schnell und zuverl\u00e4ssig entscheidende klinische Informationen, genau dort, wo sie gebraucht werden.<\/p>\n<p><a href=\"https:\/\/www.youtube.com\/watch?v=-QW4ek4ZjzM&amp;t=10s\" target=\"_blank\" rel=\"noopener\"><img loading=\"lazy\" decoding=\"async\" class=\"alignnone wp-image-770 size-medium\" src=\"https:\/\/primus-medizintechnik.de\/wp-content\/uploads\/2025\/07\/Screenshot-2025-07-21-125156-300x171.png\" alt=\"Lumify\" width=\"300\" height=\"171\" \/><\/a><\/p>\n<p>&nbsp;<\/p>\n<h2 style=\"color: #ff6f00;\" data-start=\"334\" data-end=\"356\"><strong data-start=\"338\" data-end=\"356\">EINSATZGEBIETE<\/strong><\/h2>\n<p>&nbsp;<\/p>\n<ul>\n<li>Notfallmedizin<\/li>\n<li>Hausbesuche<\/li>\n<\/ul>\n","protected":false},"featured_media":1387,"template":"","meta":[],"product_brand":[48],"product_cat":[47,58],"product_tag":[62,63,64],"class_list":{"0":"post-1292","1":"product","2":"type-product","3":"status-publish","4":"has-post-thumbnail","6":"product_brand-philips","7":"product_cat-handheld-geraete","8":"product_cat-mobile-ultraschallgeraete","9":"product_tag-diagnostischer-ultraschall","10":"product_tag-sonographie","11":"product_tag-ultraschallgeraet","13":"first","14":"instock","15":"shipping-taxable","16":"product-type-simple"},"yoast_head":"<!-- This site is optimized with the Yoast SEO plugin v27.3 - https:\/\/yoast.com\/product\/yoast-seo-wordpress\/ -->\n<title>Philips Lumify - HELAmed GmbH<\/title>\n<meta name=\"robots\" content=\"index, follow, max-snippet:-1, max-image-preview:large, max-video-preview:-1\" \/>\n<link rel=\"canonical\" href=\"https:\/\/helamed-gmbh.de\/el\/produkt\/philips-lumify\/\" \/>\n<meta property=\"og:locale\" content=\"el_GR\" \/>\n<meta property=\"og:type\" content=\"article\" \/>\n<meta property=\"og:title\" content=\"Philips Lumify - HELAmed GmbH\" \/>\n<meta property=\"og:description\" content=\"Philips Lumify markiert einen echten Fortschritt in der Point-of-Care-Diagnostik: Durch die Verbindung innovativer Schallk\u00f6pfe mit einer leistungsstarken Ultraschall-App wird Ihr kompatibles Android-Smartphone oder -Tablet zu einem vollwertigen Diagnosesystem. Ob in der Notaufnahme, auf der Intensivstation, am Patientenbett oder in der Arztpraxis \u2013 mit Lumify erfassen Sie schnell und zuverl\u00e4ssig entscheidende klinische Informationen, genau dort, wo sie gebraucht werden.    &nbsp; EINSATZGEBIETE &nbsp;   Notfallmedizin  Hausbesuche\" \/>\n<meta property=\"og:url\" content=\"https:\/\/helamed-gmbh.de\/el\/produkt\/philips-lumify\/\" \/>\n<meta property=\"og:site_name\" content=\"HELAmed GmbH\" \/>\n<meta property=\"article:modified_time\" content=\"2025-07-26T11:41:27+00:00\" \/>\n<meta property=\"og:image\" content=\"https:\/\/helamed-gmbh.de\/wp-content\/uploads\/2025\/07\/philips-lumify_960.jpg\" \/>\n\t<meta property=\"og:image:width\" content=\"960\" \/>\n\t<meta property=\"og:image:height\" content=\"960\" \/>\n\t<meta property=\"og:image:type\" content=\"image\/jpeg\" \/>\n<meta name=\"twitter:card\" content=\"summary_large_image\" \/>\n<meta name=\"twitter:label1\" content=\"\u0395\u03ba\u03c4\u03b9\u03bc\u03ce\u03bc\u03b5\u03bd\u03bf\u03c2 \u03c7\u03c1\u03cc\u03bd\u03bf\u03c2 \u03b1\u03bd\u03ac\u03b3\u03bd\u03c9\u03c3\u03b7\u03c2\" \/>\n\t<meta name=\"twitter:data1\" content=\"1 \u03bb\u03b5\u03c0\u03c4\u03cc\" \/>\n<script type=\"application\/ld+json\" class=\"yoast-schema-graph\">{\"@context\":\"https:\\\/\\\/schema.org\",\"@graph\":[{\"@type\":\"WebPage\",\"@id\":\"https:\\\/\\\/helamed-gmbh.de\\\/el\\\/produkt\\\/philips-lumify\\\/\",\"url\":\"https:\\\/\\\/helamed-gmbh.de\\\/el\\\/produkt\\\/philips-lumify\\\/\",\"name\":\"Philips Lumify - HELAmed GmbH\",\"isPartOf\":{\"@id\":\"https:\\\/\\\/helamed-gmbh.de\\\/el\\\/#website\"},\"primaryImageOfPage\":{\"@id\":\"https:\\\/\\\/helamed-gmbh.de\\\/el\\\/produkt\\\/philips-lumify\\\/#primaryimage\"},\"image\":{\"@id\":\"https:\\\/\\\/helamed-gmbh.de\\\/el\\\/produkt\\\/philips-lumify\\\/#primaryimage\"},\"thumbnailUrl\":\"https:\\\/\\\/helamed-gmbh.de\\\/wp-content\\\/uploads\\\/2025\\\/07\\\/philips-lumify_960.jpg\",\"datePublished\":\"2025-07-26T11:41:08+00:00\",\"dateModified\":\"2025-07-26T11:41:27+00:00\",\"breadcrumb\":{\"@id\":\"https:\\\/\\\/helamed-gmbh.de\\\/el\\\/produkt\\\/philips-lumify\\\/#breadcrumb\"},\"inLanguage\":\"el\",\"potentialAction\":[{\"@type\":\"ReadAction\",\"target\":[\"https:\\\/\\\/helamed-gmbh.de\\\/el\\\/produkt\\\/philips-lumify\\\/\"]}]},{\"@type\":\"ImageObject\",\"inLanguage\":\"el\",\"@id\":\"https:\\\/\\\/helamed-gmbh.de\\\/el\\\/produkt\\\/philips-lumify\\\/#primaryimage\",\"url\":\"https:\\\/\\\/helamed-gmbh.de\\\/wp-content\\\/uploads\\\/2025\\\/07\\\/philips-lumify_960.jpg\",\"contentUrl\":\"https:\\\/\\\/helamed-gmbh.de\\\/wp-content\\\/uploads\\\/2025\\\/07\\\/philips-lumify_960.jpg\",\"width\":960,\"height\":960},{\"@type\":\"BreadcrumbList\",\"@id\":\"https:\\\/\\\/helamed-gmbh.de\\\/el\\\/produkt\\\/philips-lumify\\\/#breadcrumb\",\"itemListElement\":[{\"@type\":\"ListItem\",\"position\":1,\"name\":\"Startseite\",\"item\":\"https:\\\/\\\/helamed-gmbh.de\\\/el\\\/%ce%b1%cf%81%cf%87%ce%b9%ce%ba%ce%ae-%cf%83%ce%b5%ce%bb%ce%af%ce%b4%ce%b1\\\/\"},{\"@type\":\"ListItem\",\"position\":2,\"name\":\"Shop\",\"item\":\"https:\\\/\\\/helamed-gmbh.de\\\/?page_id=626\"},{\"@type\":\"ListItem\",\"position\":3,\"name\":\"Philips Lumify\"}]},{\"@type\":\"WebSite\",\"@id\":\"https:\\\/\\\/helamed-gmbh.de\\\/el\\\/#website\",\"url\":\"https:\\\/\\\/helamed-gmbh.de\\\/el\\\/\",\"name\":\"HELAmed GmbH\",\"description\":\"Medizintechnik und Fachberatung f\u00fcr Kliniken und Fachpersonal \u2013 alles aus einer Hand.\",\"publisher\":{\"@id\":\"https:\\\/\\\/helamed-gmbh.de\\\/el\\\/#organization\"},\"potentialAction\":[{\"@type\":\"SearchAction\",\"target\":{\"@type\":\"EntryPoint\",\"urlTemplate\":\"https:\\\/\\\/helamed-gmbh.de\\\/el\\\/?s={search_term_string}\"},\"query-input\":{\"@type\":\"PropertyValueSpecification\",\"valueRequired\":true,\"valueName\":\"search_term_string\"}}],\"inLanguage\":\"el\"},{\"@type\":\"Organization\",\"@id\":\"https:\\\/\\\/helamed-gmbh.de\\\/el\\\/#organization\",\"name\":\"HELAmed GmbH\",\"url\":\"https:\\\/\\\/helamed-gmbh.de\\\/el\\\/\",\"logo\":{\"@type\":\"ImageObject\",\"inLanguage\":\"el\",\"@id\":\"https:\\\/\\\/helamed-gmbh.de\\\/el\\\/#\\\/schema\\\/logo\\\/image\\\/\",\"url\":\"https:\\\/\\\/helamed-gmbh.de\\\/wp-content\\\/uploads\\\/2025\\\/07\\\/cropped-helamed_logo.png\",\"contentUrl\":\"https:\\\/\\\/helamed-gmbh.de\\\/wp-content\\\/uploads\\\/2025\\\/07\\\/cropped-helamed_logo.png\",\"width\":318,\"height\":125,\"caption\":\"HELAmed GmbH\"},\"image\":{\"@id\":\"https:\\\/\\\/helamed-gmbh.de\\\/el\\\/#\\\/schema\\\/logo\\\/image\\\/\"}}]}<\/script>\n<!-- \/ Yoast SEO plugin. -->","yoast_head_json":{"title":"Philips Lumify - HELAmed GmbH","robots":{"index":"index","follow":"follow","max-snippet":"max-snippet:-1","max-image-preview":"max-image-preview:large","max-video-preview":"max-video-preview:-1"},"canonical":"https:\/\/helamed-gmbh.de\/el\/produkt\/philips-lumify\/","og_locale":"el_GR","og_type":"article","og_title":"Philips Lumify - HELAmed GmbH","og_description":"Philips Lumify markiert einen echten Fortschritt in der Point-of-Care-Diagnostik: Durch die Verbindung innovativer Schallk\u00f6pfe mit einer leistungsstarken Ultraschall-App wird Ihr kompatibles Android-Smartphone oder -Tablet zu einem vollwertigen Diagnosesystem. Ob in der Notaufnahme, auf der Intensivstation, am Patientenbett oder in der Arztpraxis \u2013 mit Lumify erfassen Sie schnell und zuverl\u00e4ssig entscheidende klinische Informationen, genau dort, wo sie gebraucht werden.    &nbsp; EINSATZGEBIETE &nbsp;   Notfallmedizin  Hausbesuche","og_url":"https:\/\/helamed-gmbh.de\/el\/produkt\/philips-lumify\/","og_site_name":"HELAmed GmbH","article_modified_time":"2025-07-26T11:41:27+00:00","og_image":[{"width":960,"height":960,"url":"https:\/\/helamed-gmbh.de\/wp-content\/uploads\/2025\/07\/philips-lumify_960.jpg","type":"image\/jpeg"}],"twitter_card":"summary_large_image","twitter_misc":{"\u0395\u03ba\u03c4\u03b9\u03bc\u03ce\u03bc\u03b5\u03bd\u03bf\u03c2 \u03c7\u03c1\u03cc\u03bd\u03bf\u03c2 \u03b1\u03bd\u03ac\u03b3\u03bd\u03c9\u03c3\u03b7\u03c2":"1 \u03bb\u03b5\u03c0\u03c4\u03cc"},"schema":{"@context":"https:\/\/schema.org","@graph":[{"@type":"WebPage","@id":"https:\/\/helamed-gmbh.de\/el\/produkt\/philips-lumify\/","url":"https:\/\/helamed-gmbh.de\/el\/produkt\/philips-lumify\/","name":"Philips Lumify - HELAmed GmbH","isPartOf":{"@id":"https:\/\/helamed-gmbh.de\/el\/#website"},"primaryImageOfPage":{"@id":"https:\/\/helamed-gmbh.de\/el\/produkt\/philips-lumify\/#primaryimage"},"image":{"@id":"https:\/\/helamed-gmbh.de\/el\/produkt\/philips-lumify\/#primaryimage"},"thumbnailUrl":"https:\/\/helamed-gmbh.de\/wp-content\/uploads\/2025\/07\/philips-lumify_960.jpg","datePublished":"2025-07-26T11:41:08+00:00","dateModified":"2025-07-26T11:41:27+00:00","breadcrumb":{"@id":"https:\/\/helamed-gmbh.de\/el\/produkt\/philips-lumify\/#breadcrumb"},"inLanguage":"el","potentialAction":[{"@type":"ReadAction","target":["https:\/\/helamed-gmbh.de\/el\/produkt\/philips-lumify\/"]}]},{"@type":"ImageObject","inLanguage":"el","@id":"https:\/\/helamed-gmbh.de\/el\/produkt\/philips-lumify\/#primaryimage","url":"https:\/\/helamed-gmbh.de\/wp-content\/uploads\/2025\/07\/philips-lumify_960.jpg","contentUrl":"https:\/\/helamed-gmbh.de\/wp-content\/uploads\/2025\/07\/philips-lumify_960.jpg","width":960,"height":960},{"@type":"BreadcrumbList","@id":"https:\/\/helamed-gmbh.de\/el\/produkt\/philips-lumify\/#breadcrumb","itemListElement":[{"@type":"ListItem","position":1,"name":"Startseite","item":"https:\/\/helamed-gmbh.de\/el\/%ce%b1%cf%81%cf%87%ce%b9%ce%ba%ce%ae-%cf%83%ce%b5%ce%bb%ce%af%ce%b4%ce%b1\/"},{"@type":"ListItem","position":2,"name":"Shop","item":"https:\/\/helamed-gmbh.de\/?page_id=626"},{"@type":"ListItem","position":3,"name":"Philips Lumify"}]},{"@type":"WebSite","@id":"https:\/\/helamed-gmbh.de\/el\/#website","url":"https:\/\/helamed-gmbh.de\/el\/","name":"HELAmed GmbH","description":"Medizintechnik und Fachberatung f\u00fcr Kliniken und Fachpersonal \u2013 alles aus einer Hand.","publisher":{"@id":"https:\/\/helamed-gmbh.de\/el\/#organization"},"potentialAction":[{"@type":"SearchAction","target":{"@type":"EntryPoint","urlTemplate":"https:\/\/helamed-gmbh.de\/el\/?s={search_term_string}"},"query-input":{"@type":"PropertyValueSpecification","valueRequired":true,"valueName":"search_term_string"}}],"inLanguage":"el"},{"@type":"Organization","@id":"https:\/\/helamed-gmbh.de\/el\/#organization","name":"HELAmed GmbH","url":"https:\/\/helamed-gmbh.de\/el\/","logo":{"@type":"ImageObject","inLanguage":"el","@id":"https:\/\/helamed-gmbh.de\/el\/#\/schema\/logo\/image\/","url":"https:\/\/helamed-gmbh.de\/wp-content\/uploads\/2025\/07\/cropped-helamed_logo.png","contentUrl":"https:\/\/helamed-gmbh.de\/wp-content\/uploads\/2025\/07\/cropped-helamed_logo.png","width":318,"height":125,"caption":"HELAmed GmbH"},"image":{"@id":"https:\/\/helamed-gmbh.de\/el\/#\/schema\/logo\/image\/"}}]}},"_links":{"self":[{"href":"https:\/\/helamed-gmbh.de\/el\/wp-json\/wp\/v2\/product\/1292","targetHints":{"allow":["GET"]}}],"collection":[{"href":"https:\/\/helamed-gmbh.de\/el\/wp-json\/wp\/v2\/product"}],"about":[{"href":"https:\/\/helamed-gmbh.de\/el\/wp-json\/wp\/v2\/types\/product"}],"wp:featuredmedia":[{"embeddable":true,"href":"https:\/\/helamed-gmbh.de\/el\/wp-json\/wp\/v2\/media\/1387"}],"wp:attachment":[{"href":"https:\/\/helamed-gmbh.de\/el\/wp-json\/wp\/v2\/media?parent=1292"}],"wp:term":[{"taxonomy":"product_brand","embeddable":true,"href":"https:\/\/helamed-gmbh.de\/el\/wp-json\/wp\/v2\/product_brand?post=1292"},{"taxonomy":"product_cat","embeddable":true,"href":"https:\/\/helamed-gmbh.de\/el\/wp-json\/wp\/v2\/product_cat?post=1292"},{"taxonomy":"product_tag","embeddable":true,"href":"https:\/\/helamed-gmbh.de\/el\/wp-json\/wp\/v2\/product_tag?post=1292"}],"curies":[{"name":"wp","href":"https:\/\/api.w.org\/{rel}","templated":true}]}}