{"id":1293,"date":"2025-07-26T13:41:08","date_gmt":"2025-07-26T11:41:08","guid":{"rendered":"https:\/\/helamed-gmbh.de\/?post_type=product&#038;p=1293"},"modified":"2025-07-26T13:41:30","modified_gmt":"2025-07-26T11:41:30","slug":"vinno-e20","status":"publish","type":"product","link":"https:\/\/helamed-gmbh.de\/el\/produkt\/vinno-e20\/","title":{"rendered":"Vinno E20"},"content":{"rendered":"<h3 style=\"color: #ff6f00;\" data-start=\"117\" data-end=\"186\">Hochwertige Farbdoppler-Ultraschallger\u00e4te von VINNO \u2013 vielseitig und leistungsstark<\/h3>\n<p data-pm-slice=\"1 1 []\">Innovatives Allround-System, station\u00e4r, kardiof\u00e4hig<\/p>\n<ul>\n<li>Brillante Bildqualit\u00e4t \u201ebest in class\u201c durch patentierte RF Technologie (20 Bit)<\/li>\n<li>19\u201c hochaufl\u00f6sender LCD Monitor, drehbar<\/li>\n<li>Super sensitives 10\u201c smart touch panel f\u00fcr einfache Bedienung<\/li>\n<li>Optimierte VET Arbeitsoberfl\u00e4che f\u00fcr effizientes Arbeiten<\/li>\n<li>Betriebsarten: B, B\/B, 4B, M, B\/M, CFM, Color-, Power-, Pulse Wave-Doppler, Duplex 2D\/PW Doppler, Triplex 2D\/Color\/PW Doppler, High PRF pulsed Wave Doppler, Trapezoid-View, Vollbildmodus<\/li>\n<li>Frequenzbereiche: 1,35-25 MHz<\/li>\n<li>Pure Wave Sonden Technologie verbessert Penetration und Farbintensit\u00e4t<\/li>\n<li>One-Touch automatische Bildoptimierung<\/li>\n<li>Bildoptimierung: VFusion, VSpeckle I<\/li>\n<li>VET Pre-Sets und Annotationen<\/li>\n<li>VET Messpakete, kardiologische Messpakete<\/li>\n<li>Bluetooth\/Wifi\/USB Ports<\/li>\n<li>Ultraschnelle SDD Festplatte f\u00fcr 300.000+ Bilder<\/li>\n<li>Konfigurierbar \/ nachr\u00fcstbar (z. B. Kardio \/ ECG)<\/li>\n<li>H\u00f6henverstellbare Konsole<\/li>\n<li>Trolley mit aktiven 3 Sondenanschl\u00fcssen<\/li>\n<\/ul>\n<p data-start=\"0\" data-end=\"79\"><strong data-start=\"0\" data-end=\"77\">Au\u00dfergew\u00f6hnliche Bildqualit\u00e4t \u2013 f\u00fcr schnelle und fundierte Entscheidungen<\/strong><\/p>\n<p data-start=\"0\" data-end=\"79\"><a href=\"https:\/\/primus-medizintechnik.de\/wp-content\/uploads\/2025\/07\/csm_VINNO_0011_E20-2_ce50e2bb2f.jpg\"><img fetchpriority=\"high\" decoding=\"async\" class=\"alignleft wp-image-836 size-medium\" src=\"https:\/\/primus-medizintechnik.de\/wp-content\/uploads\/2025\/07\/csm_VINNO_0011_E20-2_ce50e2bb2f-213x300.jpg\" alt=\"\" width=\"213\" height=\"300\" \/><\/a>Die innovative HF-Ultraschallplattform liefert mittels der VINNO RF-Technologie eine bisher nie gekannte Bildqualit\u00e4t, insbesondere im hochfrequenten Bereich. Durch die spezielle Bildprozessverarbeitung entfallen Hardwarekomponenten, wie bei herk\u00f6mmlichen Ultraschallsystemen.<\/p>\n<p data-start=\"69\" data-end=\"476\" data-is-last-node=\"\" data-is-only-node=\"\">\n","protected":false},"excerpt":{"rendered":"<p data-start=\"101\" data-end=\"519\">Die Premiumsysteme von VINNO bieten maximale Flexibilit\u00e4t im Einsatz. Dank innovativer RF-Technologie liefern sie h\u00f6chste Aufl\u00f6sung und au\u00dfergew\u00f6hnliche Detailgenauigkeit. Durch die modulare Plattformarchitektur lassen sie sich individuell als Basis- oder kardiologische Ausf\u00fchrung konfigurieren \u2013 ganz nach Ihren Anforderungen.<\/p>\n<p data-start=\"101\" data-end=\"519\">Das VINNO E20 sieht aus wie seine kleine Schwester \u2013 das VINNO E10 \u2013 ist aber h\u00f6henverstellbar und besitzt ein drehbares Bedienpanel.<\/p>\n<p data-start=\"101\" data-end=\"519\"><a href=\"https:\/\/primus-medizintechnik.de\/wp-content\/uploads\/2025\/07\/csm_VINNO_0016_VINNO_E20_photo_8_e2269cd819.jpg\"><img decoding=\"async\" class=\"alignnone wp-image-834 size-full\" src=\"https:\/\/primus-medizintechnik.de\/wp-content\/uploads\/2025\/07\/csm_VINNO_0016_VINNO_E20_photo_8_e2269cd819.jpg\" alt=\"\" width=\"680\" height=\"960\" \/><\/a><\/p>\n<p>&nbsp;<\/p>\n<p>&nbsp;<\/p>\n<h2 style=\"color: #ff6f00;\" data-start=\"334\" data-end=\"356\"><strong data-start=\"338\" data-end=\"356\">EINSATZGEBIETE<\/strong><\/h2>\n<ul>\n<li>Geburtshilfe &amp; Gyn\u00e4kologie<\/li>\n<\/ul>\n<p><strong>OPTIONAL:\u00a0<\/strong>CW-Doppler, 3-ECG, VTissue (innovative, adaptive Bildoptimierung durch Kompensation unterschiedlicher Schallgeschwindigkeiten in verschiedenen Geweben), DICOM<\/p>\n<p>&nbsp;<\/p>\n<ul>\n<li>Notfallmedizin<\/li>\n<li>Hausbesuche<\/li>\n<\/ul>\n","protected":false},"featured_media":1396,"template":"","meta":[],"product_brand":[67],"product_cat":[61],"product_tag":[62,65,63,64],"class_list":{"0":"post-1293","1":"product","2":"type-product","3":"status-publish","4":"has-post-thumbnail","6":"product_brand-vinno","7":"product_cat-stationaere-ultraschallgeraet","8":"product_tag-diagnostischer-ultraschall","9":"product_tag-konsolengeraet","10":"product_tag-sonographie","11":"product_tag-ultraschallgeraet","13":"first","14":"instock","15":"shipping-taxable","16":"product-type-simple"},"yoast_head":"<!-- This site is optimized with the Yoast SEO plugin v27.3 - https:\/\/yoast.com\/product\/yoast-seo-wordpress\/ -->\n<title>Vinno E20 - HELAmed GmbH<\/title>\n<meta name=\"robots\" content=\"index, follow, max-snippet:-1, max-image-preview:large, max-video-preview:-1\" \/>\n<link rel=\"canonical\" href=\"https:\/\/helamed-gmbh.de\/el\/produkt\/vinno-e20\/\" \/>\n<meta property=\"og:locale\" content=\"el_GR\" \/>\n<meta property=\"og:type\" content=\"article\" \/>\n<meta property=\"og:title\" content=\"Vinno E20 - HELAmed GmbH\" \/>\n<meta property=\"og:description\" content=\"Die Premiumsysteme von VINNO bieten maximale Flexibilit\u00e4t im Einsatz. Dank innovativer RF-Technologie liefern sie h\u00f6chste Aufl\u00f6sung und au\u00dfergew\u00f6hnliche Detailgenauigkeit. Durch die modulare Plattformarchitektur lassen sie sich individuell als Basis- oder kardiologische Ausf\u00fchrung konfigurieren \u2013 ganz nach Ihren Anforderungen. Das VINNO E20 sieht aus wie seine kleine Schwester \u2013 das VINNO E10 \u2013 ist aber h\u00f6henverstellbar und besitzt ein drehbares Bedienpanel.  &nbsp;  &nbsp; EINSATZGEBIETE   Geburtshilfe &amp; Gyn\u00e4kologie  OPTIONAL:\u00a0CW-Doppler, 3-ECG, VTissue (innovative, adaptive Bildoptimierung durch Kompensation unterschiedlicher Schallgeschwindigkeiten in verschiedenen Geweben), DICOM  &nbsp;   Notfallmedizin  Hausbesuche\" \/>\n<meta property=\"og:url\" content=\"https:\/\/helamed-gmbh.de\/el\/produkt\/vinno-e20\/\" \/>\n<meta property=\"og:site_name\" content=\"HELAmed GmbH\" \/>\n<meta property=\"article:modified_time\" content=\"2025-07-26T11:41:30+00:00\" \/>\n<meta property=\"og:image\" content=\"https:\/\/helamed-gmbh.de\/wp-content\/uploads\/2025\/07\/Vinno_E20_960.jpg\" \/>\n\t<meta property=\"og:image:width\" content=\"960\" \/>\n\t<meta property=\"og:image:height\" content=\"960\" \/>\n\t<meta property=\"og:image:type\" content=\"image\/jpeg\" \/>\n<meta name=\"twitter:card\" content=\"summary_large_image\" \/>\n<meta name=\"twitter:label1\" content=\"\u0395\u03ba\u03c4\u03b9\u03bc\u03ce\u03bc\u03b5\u03bd\u03bf\u03c2 \u03c7\u03c1\u03cc\u03bd\u03bf\u03c2 \u03b1\u03bd\u03ac\u03b3\u03bd\u03c9\u03c3\u03b7\u03c2\" \/>\n\t<meta name=\"twitter:data1\" content=\"1 \u03bb\u03b5\u03c0\u03c4\u03cc\" \/>\n<script type=\"application\/ld+json\" class=\"yoast-schema-graph\">{\"@context\":\"https:\\\/\\\/schema.org\",\"@graph\":[{\"@type\":\"WebPage\",\"@id\":\"https:\\\/\\\/helamed-gmbh.de\\\/el\\\/produkt\\\/vinno-e20\\\/\",\"url\":\"https:\\\/\\\/helamed-gmbh.de\\\/el\\\/produkt\\\/vinno-e20\\\/\",\"name\":\"Vinno E20 - HELAmed GmbH\",\"isPartOf\":{\"@id\":\"https:\\\/\\\/helamed-gmbh.de\\\/el\\\/#website\"},\"primaryImageOfPage\":{\"@id\":\"https:\\\/\\\/helamed-gmbh.de\\\/el\\\/produkt\\\/vinno-e20\\\/#primaryimage\"},\"image\":{\"@id\":\"https:\\\/\\\/helamed-gmbh.de\\\/el\\\/produkt\\\/vinno-e20\\\/#primaryimage\"},\"thumbnailUrl\":\"https:\\\/\\\/helamed-gmbh.de\\\/wp-content\\\/uploads\\\/2025\\\/07\\\/Vinno_E20_960.jpg\",\"datePublished\":\"2025-07-26T11:41:08+00:00\",\"dateModified\":\"2025-07-26T11:41:30+00:00\",\"breadcrumb\":{\"@id\":\"https:\\\/\\\/helamed-gmbh.de\\\/el\\\/produkt\\\/vinno-e20\\\/#breadcrumb\"},\"inLanguage\":\"el\",\"potentialAction\":[{\"@type\":\"ReadAction\",\"target\":[\"https:\\\/\\\/helamed-gmbh.de\\\/el\\\/produkt\\\/vinno-e20\\\/\"]}]},{\"@type\":\"ImageObject\",\"inLanguage\":\"el\",\"@id\":\"https:\\\/\\\/helamed-gmbh.de\\\/el\\\/produkt\\\/vinno-e20\\\/#primaryimage\",\"url\":\"https:\\\/\\\/helamed-gmbh.de\\\/wp-content\\\/uploads\\\/2025\\\/07\\\/Vinno_E20_960.jpg\",\"contentUrl\":\"https:\\\/\\\/helamed-gmbh.de\\\/wp-content\\\/uploads\\\/2025\\\/07\\\/Vinno_E20_960.jpg\",\"width\":960,\"height\":960},{\"@type\":\"BreadcrumbList\",\"@id\":\"https:\\\/\\\/helamed-gmbh.de\\\/el\\\/produkt\\\/vinno-e20\\\/#breadcrumb\",\"itemListElement\":[{\"@type\":\"ListItem\",\"position\":1,\"name\":\"Startseite\",\"item\":\"https:\\\/\\\/helamed-gmbh.de\\\/el\\\/%ce%b1%cf%81%cf%87%ce%b9%ce%ba%ce%ae-%cf%83%ce%b5%ce%bb%ce%af%ce%b4%ce%b1\\\/\"},{\"@type\":\"ListItem\",\"position\":2,\"name\":\"Shop\",\"item\":\"https:\\\/\\\/helamed-gmbh.de\\\/?page_id=626\"},{\"@type\":\"ListItem\",\"position\":3,\"name\":\"Vinno E20\"}]},{\"@type\":\"WebSite\",\"@id\":\"https:\\\/\\\/helamed-gmbh.de\\\/el\\\/#website\",\"url\":\"https:\\\/\\\/helamed-gmbh.de\\\/el\\\/\",\"name\":\"HELAmed GmbH\",\"description\":\"Medizintechnik und Fachberatung f\u00fcr Kliniken und Fachpersonal \u2013 alles aus einer Hand.\",\"publisher\":{\"@id\":\"https:\\\/\\\/helamed-gmbh.de\\\/el\\\/#organization\"},\"potentialAction\":[{\"@type\":\"SearchAction\",\"target\":{\"@type\":\"EntryPoint\",\"urlTemplate\":\"https:\\\/\\\/helamed-gmbh.de\\\/el\\\/?s={search_term_string}\"},\"query-input\":{\"@type\":\"PropertyValueSpecification\",\"valueRequired\":true,\"valueName\":\"search_term_string\"}}],\"inLanguage\":\"el\"},{\"@type\":\"Organization\",\"@id\":\"https:\\\/\\\/helamed-gmbh.de\\\/el\\\/#organization\",\"name\":\"HELAmed GmbH\",\"url\":\"https:\\\/\\\/helamed-gmbh.de\\\/el\\\/\",\"logo\":{\"@type\":\"ImageObject\",\"inLanguage\":\"el\",\"@id\":\"https:\\\/\\\/helamed-gmbh.de\\\/el\\\/#\\\/schema\\\/logo\\\/image\\\/\",\"url\":\"https:\\\/\\\/helamed-gmbh.de\\\/wp-content\\\/uploads\\\/2025\\\/07\\\/cropped-helamed_logo.png\",\"contentUrl\":\"https:\\\/\\\/helamed-gmbh.de\\\/wp-content\\\/uploads\\\/2025\\\/07\\\/cropped-helamed_logo.png\",\"width\":318,\"height\":125,\"caption\":\"HELAmed GmbH\"},\"image\":{\"@id\":\"https:\\\/\\\/helamed-gmbh.de\\\/el\\\/#\\\/schema\\\/logo\\\/image\\\/\"}}]}<\/script>\n<!-- \/ Yoast SEO plugin. -->","yoast_head_json":{"title":"Vinno E20 - HELAmed GmbH","robots":{"index":"index","follow":"follow","max-snippet":"max-snippet:-1","max-image-preview":"max-image-preview:large","max-video-preview":"max-video-preview:-1"},"canonical":"https:\/\/helamed-gmbh.de\/el\/produkt\/vinno-e20\/","og_locale":"el_GR","og_type":"article","og_title":"Vinno E20 - HELAmed GmbH","og_description":"Die Premiumsysteme von VINNO bieten maximale Flexibilit\u00e4t im Einsatz. Dank innovativer RF-Technologie liefern sie h\u00f6chste Aufl\u00f6sung und au\u00dfergew\u00f6hnliche Detailgenauigkeit. Durch die modulare Plattformarchitektur lassen sie sich individuell als Basis- oder kardiologische Ausf\u00fchrung konfigurieren \u2013 ganz nach Ihren Anforderungen. Das VINNO E20 sieht aus wie seine kleine Schwester \u2013 das VINNO E10 \u2013 ist aber h\u00f6henverstellbar und besitzt ein drehbares Bedienpanel.  &nbsp;  &nbsp; EINSATZGEBIETE   Geburtshilfe &amp; Gyn\u00e4kologie  OPTIONAL:\u00a0CW-Doppler, 3-ECG, VTissue (innovative, adaptive Bildoptimierung durch Kompensation unterschiedlicher Schallgeschwindigkeiten in verschiedenen Geweben), DICOM  &nbsp;   Notfallmedizin  Hausbesuche","og_url":"https:\/\/helamed-gmbh.de\/el\/produkt\/vinno-e20\/","og_site_name":"HELAmed GmbH","article_modified_time":"2025-07-26T11:41:30+00:00","og_image":[{"width":960,"height":960,"url":"https:\/\/helamed-gmbh.de\/wp-content\/uploads\/2025\/07\/Vinno_E20_960.jpg","type":"image\/jpeg"}],"twitter_card":"summary_large_image","twitter_misc":{"\u0395\u03ba\u03c4\u03b9\u03bc\u03ce\u03bc\u03b5\u03bd\u03bf\u03c2 \u03c7\u03c1\u03cc\u03bd\u03bf\u03c2 \u03b1\u03bd\u03ac\u03b3\u03bd\u03c9\u03c3\u03b7\u03c2":"1 \u03bb\u03b5\u03c0\u03c4\u03cc"},"schema":{"@context":"https:\/\/schema.org","@graph":[{"@type":"WebPage","@id":"https:\/\/helamed-gmbh.de\/el\/produkt\/vinno-e20\/","url":"https:\/\/helamed-gmbh.de\/el\/produkt\/vinno-e20\/","name":"Vinno E20 - HELAmed GmbH","isPartOf":{"@id":"https:\/\/helamed-gmbh.de\/el\/#website"},"primaryImageOfPage":{"@id":"https:\/\/helamed-gmbh.de\/el\/produkt\/vinno-e20\/#primaryimage"},"image":{"@id":"https:\/\/helamed-gmbh.de\/el\/produkt\/vinno-e20\/#primaryimage"},"thumbnailUrl":"https:\/\/helamed-gmbh.de\/wp-content\/uploads\/2025\/07\/Vinno_E20_960.jpg","datePublished":"2025-07-26T11:41:08+00:00","dateModified":"2025-07-26T11:41:30+00:00","breadcrumb":{"@id":"https:\/\/helamed-gmbh.de\/el\/produkt\/vinno-e20\/#breadcrumb"},"inLanguage":"el","potentialAction":[{"@type":"ReadAction","target":["https:\/\/helamed-gmbh.de\/el\/produkt\/vinno-e20\/"]}]},{"@type":"ImageObject","inLanguage":"el","@id":"https:\/\/helamed-gmbh.de\/el\/produkt\/vinno-e20\/#primaryimage","url":"https:\/\/helamed-gmbh.de\/wp-content\/uploads\/2025\/07\/Vinno_E20_960.jpg","contentUrl":"https:\/\/helamed-gmbh.de\/wp-content\/uploads\/2025\/07\/Vinno_E20_960.jpg","width":960,"height":960},{"@type":"BreadcrumbList","@id":"https:\/\/helamed-gmbh.de\/el\/produkt\/vinno-e20\/#breadcrumb","itemListElement":[{"@type":"ListItem","position":1,"name":"Startseite","item":"https:\/\/helamed-gmbh.de\/el\/%ce%b1%cf%81%cf%87%ce%b9%ce%ba%ce%ae-%cf%83%ce%b5%ce%bb%ce%af%ce%b4%ce%b1\/"},{"@type":"ListItem","position":2,"name":"Shop","item":"https:\/\/helamed-gmbh.de\/?page_id=626"},{"@type":"ListItem","position":3,"name":"Vinno E20"}]},{"@type":"WebSite","@id":"https:\/\/helamed-gmbh.de\/el\/#website","url":"https:\/\/helamed-gmbh.de\/el\/","name":"HELAmed GmbH","description":"Medizintechnik und Fachberatung f\u00fcr Kliniken und Fachpersonal \u2013 alles aus einer Hand.","publisher":{"@id":"https:\/\/helamed-gmbh.de\/el\/#organization"},"potentialAction":[{"@type":"SearchAction","target":{"@type":"EntryPoint","urlTemplate":"https:\/\/helamed-gmbh.de\/el\/?s={search_term_string}"},"query-input":{"@type":"PropertyValueSpecification","valueRequired":true,"valueName":"search_term_string"}}],"inLanguage":"el"},{"@type":"Organization","@id":"https:\/\/helamed-gmbh.de\/el\/#organization","name":"HELAmed GmbH","url":"https:\/\/helamed-gmbh.de\/el\/","logo":{"@type":"ImageObject","inLanguage":"el","@id":"https:\/\/helamed-gmbh.de\/el\/#\/schema\/logo\/image\/","url":"https:\/\/helamed-gmbh.de\/wp-content\/uploads\/2025\/07\/cropped-helamed_logo.png","contentUrl":"https:\/\/helamed-gmbh.de\/wp-content\/uploads\/2025\/07\/cropped-helamed_logo.png","width":318,"height":125,"caption":"HELAmed GmbH"},"image":{"@id":"https:\/\/helamed-gmbh.de\/el\/#\/schema\/logo\/image\/"}}]}},"_links":{"self":[{"href":"https:\/\/helamed-gmbh.de\/el\/wp-json\/wp\/v2\/product\/1293","targetHints":{"allow":["GET"]}}],"collection":[{"href":"https:\/\/helamed-gmbh.de\/el\/wp-json\/wp\/v2\/product"}],"about":[{"href":"https:\/\/helamed-gmbh.de\/el\/wp-json\/wp\/v2\/types\/product"}],"wp:featuredmedia":[{"embeddable":true,"href":"https:\/\/helamed-gmbh.de\/el\/wp-json\/wp\/v2\/media\/1396"}],"wp:attachment":[{"href":"https:\/\/helamed-gmbh.de\/el\/wp-json\/wp\/v2\/media?parent=1293"}],"wp:term":[{"taxonomy":"product_brand","embeddable":true,"href":"https:\/\/helamed-gmbh.de\/el\/wp-json\/wp\/v2\/product_brand?post=1293"},{"taxonomy":"product_cat","embeddable":true,"href":"https:\/\/helamed-gmbh.de\/el\/wp-json\/wp\/v2\/product_cat?post=1293"},{"taxonomy":"product_tag","embeddable":true,"href":"https:\/\/helamed-gmbh.de\/el\/wp-json\/wp\/v2\/product_tag?post=1293"}],"curies":[{"name":"wp","href":"https:\/\/api.w.org\/{rel}","templated":true}]}}