{"id":1294,"date":"2025-07-26T13:41:09","date_gmt":"2025-07-26T11:41:09","guid":{"rendered":"https:\/\/helamed-gmbh.de\/?post_type=product&#038;p=1294"},"modified":"2025-07-26T13:41:32","modified_gmt":"2025-07-26T11:41:32","slug":"vinno-g55","status":"publish","type":"product","link":"https:\/\/helamed-gmbh.de\/el\/produkt\/vinno-g55\/","title":{"rendered":"Vinno G55"},"content":{"rendered":"<h3 style=\"color: #ff6f00;\" data-start=\"117\" data-end=\"186\">Das VINNO G55 \u2013 kompakter Einstieg in die Premiumklasse<\/h3>\n<p data-pm-slice=\"1 1 []\">Mit exzellenter Leistung und einem attraktiven Preis-Leistungs-Verh\u00e4ltnis bietet das VINNO G55 einen idealen Zugang zur High-End-Ultraschallbildgebung.<\/p>\n<ul>\n<li>Modernste Bildverarbeitung<\/li>\n<li>Fach\u00fcbergreifend einsetzbar<\/li>\n<li>\u00dcberdurchschnittliche Leistung<\/li>\n<li>Innovatives Design<\/li>\n<\/ul>\n<p data-start=\"0\" data-end=\"79\"><img fetchpriority=\"high\" decoding=\"async\" class=\"alignnone wp-image-844 size-full\" src=\"https:\/\/primus-medizintechnik.de\/wp-content\/uploads\/2025\/07\/csm_VINNO_0017_G55_Model__5__bea37f4877.jpg\" alt=\"\" width=\"680\" height=\"960\" \/><\/p>\n<p data-start=\"69\" data-end=\"476\" data-is-last-node=\"\" data-is-only-node=\"\">\n","protected":false},"excerpt":{"rendered":"<p>EINFACHSTE NAVIGATION<\/p>\n<p>Anpassbares Bedienkonzept: VINNO G55 One Touch<br \/>\nMit der intelligenten Touchpanel-Bedienung k\u00f6nnen die Sonde und die Voreinstellung der Anwendung in einem Schritt direkt vom Bildschirm aus ausgew\u00e4hlt werden.<\/p>\n<p>Dank der innovativen RF-Plattform von VINNO kann das System die 40-fache Menge an Rohdaten f\u00fcr den Backend-Prozess erfassen. Dadurch wird eine bessere Aufl\u00f6sung gew\u00e4hrleistet und eine leistungsstarke Nachbearbeitung erm\u00f6glicht.<\/p>\n<p>Die Reihenfolge von Anmerkungen und Messpunkten k\u00f6nnen jederzeit bearbeitet und ge\u00e4ndert werden, indem man die entsprechenden Bereiche auf dem Touchscreen verschiebt.<\/p>\n<p>&nbsp;<\/p>\n<h2 style=\"color: #ff6f00;\" data-start=\"334\" data-end=\"356\"><strong data-start=\"338\" data-end=\"356\">EINSATZGEBIETE<\/strong><\/h2>\n<ul>\n<li>Innere Medizin,<\/li>\n<li>Allgemeine Bildgebung,<\/li>\n<li>Geburtshilfe &amp; Gyn\u00e4kologie<\/li>\n<\/ul>\n","protected":false},"featured_media":1414,"template":"","meta":[],"product_brand":[67],"product_cat":[61],"product_tag":[62,65,63,64],"class_list":{"0":"post-1294","1":"product","2":"type-product","3":"status-publish","4":"has-post-thumbnail","6":"product_brand-vinno","7":"product_cat-stationaere-ultraschallgeraet","8":"product_tag-diagnostischer-ultraschall","9":"product_tag-konsolengeraet","10":"product_tag-sonographie","11":"product_tag-ultraschallgeraet","13":"first","14":"instock","15":"shipping-taxable","16":"product-type-simple"},"yoast_head":"<!-- This site is optimized with the Yoast SEO plugin v27.3 - https:\/\/yoast.com\/product\/yoast-seo-wordpress\/ -->\n<title>Vinno G55 - HELAmed GmbH<\/title>\n<meta name=\"robots\" content=\"index, follow, max-snippet:-1, max-image-preview:large, max-video-preview:-1\" \/>\n<link rel=\"canonical\" href=\"https:\/\/helamed-gmbh.de\/el\/produkt\/vinno-g55\/\" \/>\n<meta property=\"og:locale\" content=\"el_GR\" \/>\n<meta property=\"og:type\" content=\"article\" \/>\n<meta property=\"og:title\" content=\"Vinno G55 - HELAmed GmbH\" \/>\n<meta property=\"og:description\" content=\"EINFACHSTE NAVIGATION  Anpassbares Bedienkonzept: VINNO G55 One Touch Mit der intelligenten Touchpanel-Bedienung k\u00f6nnen die Sonde und die Voreinstellung der Anwendung in einem Schritt direkt vom Bildschirm aus ausgew\u00e4hlt werden.  Dank der innovativen RF-Plattform von VINNO kann das System die 40-fache Menge an Rohdaten f\u00fcr den Backend-Prozess erfassen. Dadurch wird eine bessere Aufl\u00f6sung gew\u00e4hrleistet und eine leistungsstarke Nachbearbeitung erm\u00f6glicht.  Die Reihenfolge von Anmerkungen und Messpunkten k\u00f6nnen jederzeit bearbeitet und ge\u00e4ndert werden, indem man die entsprechenden Bereiche auf dem Touchscreen verschiebt.  &nbsp; EINSATZGEBIETE   Innere Medizin,  Allgemeine Bildgebung,  Geburtshilfe &amp; Gyn\u00e4kologie\" \/>\n<meta property=\"og:url\" content=\"https:\/\/helamed-gmbh.de\/el\/produkt\/vinno-g55\/\" \/>\n<meta property=\"og:site_name\" content=\"HELAmed GmbH\" \/>\n<meta property=\"article:modified_time\" content=\"2025-07-26T11:41:32+00:00\" \/>\n<meta property=\"og:image\" content=\"https:\/\/helamed-gmbh.de\/wp-content\/uploads\/2025\/07\/vinno-g55_960.jpg\" \/>\n\t<meta property=\"og:image:width\" content=\"960\" \/>\n\t<meta property=\"og:image:height\" content=\"960\" \/>\n\t<meta property=\"og:image:type\" content=\"image\/jpeg\" \/>\n<meta name=\"twitter:card\" content=\"summary_large_image\" \/>\n<script type=\"application\/ld+json\" class=\"yoast-schema-graph\">{\"@context\":\"https:\\\/\\\/schema.org\",\"@graph\":[{\"@type\":\"WebPage\",\"@id\":\"https:\\\/\\\/helamed-gmbh.de\\\/el\\\/produkt\\\/vinno-g55\\\/\",\"url\":\"https:\\\/\\\/helamed-gmbh.de\\\/el\\\/produkt\\\/vinno-g55\\\/\",\"name\":\"Vinno G55 - HELAmed GmbH\",\"isPartOf\":{\"@id\":\"https:\\\/\\\/helamed-gmbh.de\\\/el\\\/#website\"},\"primaryImageOfPage\":{\"@id\":\"https:\\\/\\\/helamed-gmbh.de\\\/el\\\/produkt\\\/vinno-g55\\\/#primaryimage\"},\"image\":{\"@id\":\"https:\\\/\\\/helamed-gmbh.de\\\/el\\\/produkt\\\/vinno-g55\\\/#primaryimage\"},\"thumbnailUrl\":\"https:\\\/\\\/helamed-gmbh.de\\\/wp-content\\\/uploads\\\/2025\\\/07\\\/vinno-g55_960.jpg\",\"datePublished\":\"2025-07-26T11:41:09+00:00\",\"dateModified\":\"2025-07-26T11:41:32+00:00\",\"breadcrumb\":{\"@id\":\"https:\\\/\\\/helamed-gmbh.de\\\/el\\\/produkt\\\/vinno-g55\\\/#breadcrumb\"},\"inLanguage\":\"el\",\"potentialAction\":[{\"@type\":\"ReadAction\",\"target\":[\"https:\\\/\\\/helamed-gmbh.de\\\/el\\\/produkt\\\/vinno-g55\\\/\"]}]},{\"@type\":\"ImageObject\",\"inLanguage\":\"el\",\"@id\":\"https:\\\/\\\/helamed-gmbh.de\\\/el\\\/produkt\\\/vinno-g55\\\/#primaryimage\",\"url\":\"https:\\\/\\\/helamed-gmbh.de\\\/wp-content\\\/uploads\\\/2025\\\/07\\\/vinno-g55_960.jpg\",\"contentUrl\":\"https:\\\/\\\/helamed-gmbh.de\\\/wp-content\\\/uploads\\\/2025\\\/07\\\/vinno-g55_960.jpg\",\"width\":960,\"height\":960},{\"@type\":\"BreadcrumbList\",\"@id\":\"https:\\\/\\\/helamed-gmbh.de\\\/el\\\/produkt\\\/vinno-g55\\\/#breadcrumb\",\"itemListElement\":[{\"@type\":\"ListItem\",\"position\":1,\"name\":\"Startseite\",\"item\":\"https:\\\/\\\/helamed-gmbh.de\\\/el\\\/%ce%b1%cf%81%cf%87%ce%b9%ce%ba%ce%ae-%cf%83%ce%b5%ce%bb%ce%af%ce%b4%ce%b1\\\/\"},{\"@type\":\"ListItem\",\"position\":2,\"name\":\"Shop\",\"item\":\"https:\\\/\\\/helamed-gmbh.de\\\/?page_id=626\"},{\"@type\":\"ListItem\",\"position\":3,\"name\":\"Vinno G55\"}]},{\"@type\":\"WebSite\",\"@id\":\"https:\\\/\\\/helamed-gmbh.de\\\/el\\\/#website\",\"url\":\"https:\\\/\\\/helamed-gmbh.de\\\/el\\\/\",\"name\":\"HELAmed GmbH\",\"description\":\"Medizintechnik und Fachberatung f\u00fcr Kliniken und Fachpersonal \u2013 alles aus einer Hand.\",\"publisher\":{\"@id\":\"https:\\\/\\\/helamed-gmbh.de\\\/el\\\/#organization\"},\"potentialAction\":[{\"@type\":\"SearchAction\",\"target\":{\"@type\":\"EntryPoint\",\"urlTemplate\":\"https:\\\/\\\/helamed-gmbh.de\\\/el\\\/?s={search_term_string}\"},\"query-input\":{\"@type\":\"PropertyValueSpecification\",\"valueRequired\":true,\"valueName\":\"search_term_string\"}}],\"inLanguage\":\"el\"},{\"@type\":\"Organization\",\"@id\":\"https:\\\/\\\/helamed-gmbh.de\\\/el\\\/#organization\",\"name\":\"HELAmed GmbH\",\"url\":\"https:\\\/\\\/helamed-gmbh.de\\\/el\\\/\",\"logo\":{\"@type\":\"ImageObject\",\"inLanguage\":\"el\",\"@id\":\"https:\\\/\\\/helamed-gmbh.de\\\/el\\\/#\\\/schema\\\/logo\\\/image\\\/\",\"url\":\"https:\\\/\\\/helamed-gmbh.de\\\/wp-content\\\/uploads\\\/2025\\\/07\\\/cropped-helamed_logo.png\",\"contentUrl\":\"https:\\\/\\\/helamed-gmbh.de\\\/wp-content\\\/uploads\\\/2025\\\/07\\\/cropped-helamed_logo.png\",\"width\":318,\"height\":125,\"caption\":\"HELAmed GmbH\"},\"image\":{\"@id\":\"https:\\\/\\\/helamed-gmbh.de\\\/el\\\/#\\\/schema\\\/logo\\\/image\\\/\"}}]}<\/script>\n<!-- \/ Yoast SEO plugin. -->","yoast_head_json":{"title":"Vinno G55 - HELAmed GmbH","robots":{"index":"index","follow":"follow","max-snippet":"max-snippet:-1","max-image-preview":"max-image-preview:large","max-video-preview":"max-video-preview:-1"},"canonical":"https:\/\/helamed-gmbh.de\/el\/produkt\/vinno-g55\/","og_locale":"el_GR","og_type":"article","og_title":"Vinno G55 - HELAmed GmbH","og_description":"EINFACHSTE NAVIGATION  Anpassbares Bedienkonzept: VINNO G55 One Touch Mit der intelligenten Touchpanel-Bedienung k\u00f6nnen die Sonde und die Voreinstellung der Anwendung in einem Schritt direkt vom Bildschirm aus ausgew\u00e4hlt werden.  Dank der innovativen RF-Plattform von VINNO kann das System die 40-fache Menge an Rohdaten f\u00fcr den Backend-Prozess erfassen. Dadurch wird eine bessere Aufl\u00f6sung gew\u00e4hrleistet und eine leistungsstarke Nachbearbeitung erm\u00f6glicht.  Die Reihenfolge von Anmerkungen und Messpunkten k\u00f6nnen jederzeit bearbeitet und ge\u00e4ndert werden, indem man die entsprechenden Bereiche auf dem Touchscreen verschiebt.  &nbsp; EINSATZGEBIETE   Innere Medizin,  Allgemeine Bildgebung,  Geburtshilfe &amp; Gyn\u00e4kologie","og_url":"https:\/\/helamed-gmbh.de\/el\/produkt\/vinno-g55\/","og_site_name":"HELAmed GmbH","article_modified_time":"2025-07-26T11:41:32+00:00","og_image":[{"width":960,"height":960,"url":"https:\/\/helamed-gmbh.de\/wp-content\/uploads\/2025\/07\/vinno-g55_960.jpg","type":"image\/jpeg"}],"twitter_card":"summary_large_image","schema":{"@context":"https:\/\/schema.org","@graph":[{"@type":"WebPage","@id":"https:\/\/helamed-gmbh.de\/el\/produkt\/vinno-g55\/","url":"https:\/\/helamed-gmbh.de\/el\/produkt\/vinno-g55\/","name":"Vinno G55 - HELAmed GmbH","isPartOf":{"@id":"https:\/\/helamed-gmbh.de\/el\/#website"},"primaryImageOfPage":{"@id":"https:\/\/helamed-gmbh.de\/el\/produkt\/vinno-g55\/#primaryimage"},"image":{"@id":"https:\/\/helamed-gmbh.de\/el\/produkt\/vinno-g55\/#primaryimage"},"thumbnailUrl":"https:\/\/helamed-gmbh.de\/wp-content\/uploads\/2025\/07\/vinno-g55_960.jpg","datePublished":"2025-07-26T11:41:09+00:00","dateModified":"2025-07-26T11:41:32+00:00","breadcrumb":{"@id":"https:\/\/helamed-gmbh.de\/el\/produkt\/vinno-g55\/#breadcrumb"},"inLanguage":"el","potentialAction":[{"@type":"ReadAction","target":["https:\/\/helamed-gmbh.de\/el\/produkt\/vinno-g55\/"]}]},{"@type":"ImageObject","inLanguage":"el","@id":"https:\/\/helamed-gmbh.de\/el\/produkt\/vinno-g55\/#primaryimage","url":"https:\/\/helamed-gmbh.de\/wp-content\/uploads\/2025\/07\/vinno-g55_960.jpg","contentUrl":"https:\/\/helamed-gmbh.de\/wp-content\/uploads\/2025\/07\/vinno-g55_960.jpg","width":960,"height":960},{"@type":"BreadcrumbList","@id":"https:\/\/helamed-gmbh.de\/el\/produkt\/vinno-g55\/#breadcrumb","itemListElement":[{"@type":"ListItem","position":1,"name":"Startseite","item":"https:\/\/helamed-gmbh.de\/el\/%ce%b1%cf%81%cf%87%ce%b9%ce%ba%ce%ae-%cf%83%ce%b5%ce%bb%ce%af%ce%b4%ce%b1\/"},{"@type":"ListItem","position":2,"name":"Shop","item":"https:\/\/helamed-gmbh.de\/?page_id=626"},{"@type":"ListItem","position":3,"name":"Vinno G55"}]},{"@type":"WebSite","@id":"https:\/\/helamed-gmbh.de\/el\/#website","url":"https:\/\/helamed-gmbh.de\/el\/","name":"HELAmed GmbH","description":"Medizintechnik und Fachberatung f\u00fcr Kliniken und Fachpersonal \u2013 alles aus einer Hand.","publisher":{"@id":"https:\/\/helamed-gmbh.de\/el\/#organization"},"potentialAction":[{"@type":"SearchAction","target":{"@type":"EntryPoint","urlTemplate":"https:\/\/helamed-gmbh.de\/el\/?s={search_term_string}"},"query-input":{"@type":"PropertyValueSpecification","valueRequired":true,"valueName":"search_term_string"}}],"inLanguage":"el"},{"@type":"Organization","@id":"https:\/\/helamed-gmbh.de\/el\/#organization","name":"HELAmed GmbH","url":"https:\/\/helamed-gmbh.de\/el\/","logo":{"@type":"ImageObject","inLanguage":"el","@id":"https:\/\/helamed-gmbh.de\/el\/#\/schema\/logo\/image\/","url":"https:\/\/helamed-gmbh.de\/wp-content\/uploads\/2025\/07\/cropped-helamed_logo.png","contentUrl":"https:\/\/helamed-gmbh.de\/wp-content\/uploads\/2025\/07\/cropped-helamed_logo.png","width":318,"height":125,"caption":"HELAmed GmbH"},"image":{"@id":"https:\/\/helamed-gmbh.de\/el\/#\/schema\/logo\/image\/"}}]}},"_links":{"self":[{"href":"https:\/\/helamed-gmbh.de\/el\/wp-json\/wp\/v2\/product\/1294","targetHints":{"allow":["GET"]}}],"collection":[{"href":"https:\/\/helamed-gmbh.de\/el\/wp-json\/wp\/v2\/product"}],"about":[{"href":"https:\/\/helamed-gmbh.de\/el\/wp-json\/wp\/v2\/types\/product"}],"wp:featuredmedia":[{"embeddable":true,"href":"https:\/\/helamed-gmbh.de\/el\/wp-json\/wp\/v2\/media\/1414"}],"wp:attachment":[{"href":"https:\/\/helamed-gmbh.de\/el\/wp-json\/wp\/v2\/media?parent=1294"}],"wp:term":[{"taxonomy":"product_brand","embeddable":true,"href":"https:\/\/helamed-gmbh.de\/el\/wp-json\/wp\/v2\/product_brand?post=1294"},{"taxonomy":"product_cat","embeddable":true,"href":"https:\/\/helamed-gmbh.de\/el\/wp-json\/wp\/v2\/product_cat?post=1294"},{"taxonomy":"product_tag","embeddable":true,"href":"https:\/\/helamed-gmbh.de\/el\/wp-json\/wp\/v2\/product_tag?post=1294"}],"curies":[{"name":"wp","href":"https:\/\/api.w.org\/{rel}","templated":true}]}}