{"id":1296,"date":"2025-07-26T13:41:09","date_gmt":"2025-07-26T11:41:09","guid":{"rendered":"https:\/\/helamed-gmbh.de\/?post_type=product&#038;p=1296"},"modified":"2025-07-26T13:41:46","modified_gmt":"2025-07-26T11:41:46","slug":"vinno-v6-exp","status":"publish","type":"product","link":"https:\/\/helamed-gmbh.de\/el\/produkt\/vinno-v6-exp\/","title":{"rendered":"VINNO V6 Exp."},"content":{"rendered":"<h3 style=\"color: #ff6f00;\" data-start=\"117\" data-end=\"186\">VINNO 6 \u2013 Pr\u00e4zision trifft Mobilit\u00e4t<\/h3>\n<p data-pm-slice=\"1 1 []\">Zuverl\u00e4ssige Unterst\u00fctzung in der An\u00e4sthesie und Akutmedizin<\/p>\n<h4 data-start=\"242\" data-end=\"277\"><strong data-start=\"250\" data-end=\"277\">Breites Einsatzspektrum<\/strong><\/h4>\n<ul data-start=\"278\" data-end=\"471\">\n<li data-start=\"278\" data-end=\"393\">\n<p data-start=\"280\" data-end=\"393\">Ideal f\u00fcr <strong data-start=\"290\" data-end=\"308\">Notfallmedizin<\/strong>, <strong data-start=\"310\" data-end=\"324\">An\u00e4sthesie<\/strong>, <strong data-start=\"326\" data-end=\"345\">Intensivmedizin<\/strong>, <strong data-start=\"347\" data-end=\"366\">Schmerztherapie<\/strong> und <strong data-start=\"371\" data-end=\"393\">MSK-Untersuchungen<\/strong><\/p>\n<\/li>\n<li data-start=\"394\" data-end=\"471\">\n<p data-start=\"396\" data-end=\"471\">Breite Auswahl an Schallk\u00f6pfen f\u00fcr unterschiedliche klinische Anforderungen<\/p>\n<\/li>\n<\/ul>\n<h4 data-start=\"473\" data-end=\"504\"><strong data-start=\"481\" data-end=\"504\">Intuitive Bedienung<\/strong><\/h4>\n<ul data-start=\"505\" data-end=\"621\">\n<li data-start=\"505\" data-end=\"542\">\n<p data-start=\"507\" data-end=\"542\">Benutzerfreundliches <strong data-start=\"528\" data-end=\"542\">Touchpanel<\/strong><\/p>\n<\/li>\n<li data-start=\"543\" data-end=\"621\">\n<p data-start=\"545\" data-end=\"621\">Integriertes <strong data-start=\"558\" data-end=\"578\">Benutzerhandbuch<\/strong> unterst\u00fctzt bei Anwendung und Untersuchung<\/p>\n<\/li>\n<\/ul>\n<h4 data-start=\"623\" data-end=\"662\"><strong data-start=\"631\" data-end=\"662\">Erweiterter Frequenzbereich<\/strong><\/h4>\n<ul data-start=\"663\" data-end=\"844\">\n<li data-start=\"663\" data-end=\"747\">\n<p data-start=\"665\" data-end=\"747\"><strong data-start=\"665\" data-end=\"677\">2\u201323\u2009MHz<\/strong>: Darstellung von oberfl\u00e4chlichem Gewebe bis zu tiefen Organstrukturen<\/p>\n<\/li>\n<li data-start=\"748\" data-end=\"844\">\n<p data-start=\"750\" data-end=\"844\">Pr\u00e4zise <strong data-start=\"758\" data-end=\"781\">Nadelvisualisierung<\/strong> f\u00fcr gezielte Eingriffe wie Punktionen oder Regionalan\u00e4sthesien<\/p>\n<\/li>\n<\/ul>\n<h4 data-start=\"846\" data-end=\"904\"><strong data-start=\"854\" data-end=\"904\">F\u00fcr h\u00f6chste Anforderungen im klinischen Alltag<\/strong><\/h4>\n<ul data-start=\"905\" data-end=\"991\">\n<li data-start=\"905\" data-end=\"991\">\n<p data-start=\"907\" data-end=\"991\">Kompakt, tragbar und zuverl\u00e4ssig \u2013 auch unter Zeitdruck und in komplexen Situationen<\/p>\n<\/li>\n<\/ul>\n","protected":false},"excerpt":{"rendered":"<p data-start=\"185\" data-end=\"477\">Das VINNO 6 vereint pr\u00e4zise Bildgebung auf Basis der innovativen RF-Plattform mit einem ultrakompakten, tragbaren Design. Als echtes Leichtgewicht l\u00e4sst es sich m\u00fchelos transportieren, kann aber auch \u00fcber einen h\u00f6henverstellbaren Trolley mit Mehrfachsondenanschluss fahrbar eingesetzt werden.<\/p>\n<p data-start=\"479\" data-end=\"703\">Moderne Konnektivit\u00e4tsl\u00f6sungen wie <strong data-start=\"514\" data-end=\"522\">PACS<\/strong>, <strong data-start=\"524\" data-end=\"551\">Modality Worklist (MWL)<\/strong>, <strong data-start=\"553\" data-end=\"562\">DICOM<\/strong>, <strong data-start=\"564\" data-end=\"572\">WiFi<\/strong>, <strong data-start=\"574\" data-end=\"587\">Bluetooth<\/strong> und <strong data-start=\"592\" data-end=\"605\">Flyinsono<\/strong> integrieren sich nahtlos in bestehende Workflows und steigern die Effizienz im klinischen Alltag.<\/p>\n<p data-start=\"705\" data-end=\"936\">Dank untersuchungsspezifischer Presets, einer gro\u00dfen Auswahl an Schallk\u00f6pfen und vielf\u00e4ltiger Mess- und Analyseprogramme deckt das VINNO 6 ein breites Spektrum klinischer Anwendungen ab \u2013 individuell anpassbar auf Ihre Bed\u00fcrfnisse.<\/p>\n<h2 style=\"color: #ff6f00;\" data-start=\"334\" data-end=\"356\"><strong data-start=\"338\" data-end=\"356\">EINSATZGEBIETE<\/strong><\/h2>\n<ul>\n<li>Notfallmedizin,<\/li>\n<li>An\u00e4sthesie,<\/li>\n<li>Schmerztherapie,<\/li>\n<li>Intensivmedizin,<\/li>\n<li>muskuloskelettale Untersuchungen<\/li>\n<\/ul>\n","protected":false},"featured_media":1456,"template":"","meta":[],"product_brand":[67],"product_cat":[58],"product_tag":[62,65,63,64],"class_list":{"0":"post-1296","1":"product","2":"type-product","3":"status-publish","4":"has-post-thumbnail","6":"product_brand-vinno","7":"product_cat-mobile-ultraschallgeraete","8":"product_tag-diagnostischer-ultraschall","9":"product_tag-konsolengeraet","10":"product_tag-sonographie","11":"product_tag-ultraschallgeraet","13":"first","14":"instock","15":"shipping-taxable","16":"product-type-simple"},"yoast_head":"<!-- This site is optimized with the Yoast SEO plugin v27.3 - https:\/\/yoast.com\/product\/yoast-seo-wordpress\/ -->\n<title>VINNO V6 Exp. - HELAmed GmbH<\/title>\n<meta name=\"robots\" content=\"index, follow, max-snippet:-1, max-image-preview:large, max-video-preview:-1\" \/>\n<link rel=\"canonical\" href=\"https:\/\/helamed-gmbh.de\/el\/produkt\/vinno-v6-exp\/\" \/>\n<meta property=\"og:locale\" content=\"el_GR\" \/>\n<meta property=\"og:type\" content=\"article\" \/>\n<meta property=\"og:title\" content=\"VINNO V6 Exp. - HELAmed GmbH\" \/>\n<meta property=\"og:description\" content=\"Das VINNO 6 vereint pr\u00e4zise Bildgebung auf Basis der innovativen RF-Plattform mit einem ultrakompakten, tragbaren Design. Als echtes Leichtgewicht l\u00e4sst es sich m\u00fchelos transportieren, kann aber auch \u00fcber einen h\u00f6henverstellbaren Trolley mit Mehrfachsondenanschluss fahrbar eingesetzt werden. Moderne Konnektivit\u00e4tsl\u00f6sungen wie PACS, Modality Worklist (MWL), DICOM, WiFi, Bluetooth und Flyinsono integrieren sich nahtlos in bestehende Workflows und steigern die Effizienz im klinischen Alltag. Dank untersuchungsspezifischer Presets, einer gro\u00dfen Auswahl an Schallk\u00f6pfen und vielf\u00e4ltiger Mess- und Analyseprogramme deckt das VINNO 6 ein breites Spektrum klinischer Anwendungen ab \u2013 individuell anpassbar auf Ihre Bed\u00fcrfnisse.  EINSATZGEBIETE   Notfallmedizin,  An\u00e4sthesie,  Schmerztherapie,  Intensivmedizin,  muskuloskelettale Untersuchungen\" \/>\n<meta property=\"og:url\" content=\"https:\/\/helamed-gmbh.de\/el\/produkt\/vinno-v6-exp\/\" \/>\n<meta property=\"og:site_name\" content=\"HELAmed GmbH\" \/>\n<meta property=\"article:modified_time\" content=\"2025-07-26T11:41:46+00:00\" \/>\n<meta property=\"og:image\" content=\"https:\/\/helamed-gmbh.de\/wp-content\/uploads\/2025\/07\/VINNO_V6_960.jpg\" \/>\n\t<meta property=\"og:image:width\" content=\"960\" \/>\n\t<meta property=\"og:image:height\" content=\"960\" \/>\n\t<meta property=\"og:image:type\" content=\"image\/jpeg\" \/>\n<meta name=\"twitter:card\" content=\"summary_large_image\" \/>\n<script type=\"application\/ld+json\" class=\"yoast-schema-graph\">{\"@context\":\"https:\\\/\\\/schema.org\",\"@graph\":[{\"@type\":\"WebPage\",\"@id\":\"https:\\\/\\\/helamed-gmbh.de\\\/el\\\/produkt\\\/vinno-v6-exp\\\/\",\"url\":\"https:\\\/\\\/helamed-gmbh.de\\\/el\\\/produkt\\\/vinno-v6-exp\\\/\",\"name\":\"VINNO V6 Exp. - HELAmed GmbH\",\"isPartOf\":{\"@id\":\"https:\\\/\\\/helamed-gmbh.de\\\/el\\\/#website\"},\"primaryImageOfPage\":{\"@id\":\"https:\\\/\\\/helamed-gmbh.de\\\/el\\\/produkt\\\/vinno-v6-exp\\\/#primaryimage\"},\"image\":{\"@id\":\"https:\\\/\\\/helamed-gmbh.de\\\/el\\\/produkt\\\/vinno-v6-exp\\\/#primaryimage\"},\"thumbnailUrl\":\"https:\\\/\\\/helamed-gmbh.de\\\/wp-content\\\/uploads\\\/2025\\\/07\\\/VINNO_V6_960.jpg\",\"datePublished\":\"2025-07-26T11:41:09+00:00\",\"dateModified\":\"2025-07-26T11:41:46+00:00\",\"breadcrumb\":{\"@id\":\"https:\\\/\\\/helamed-gmbh.de\\\/el\\\/produkt\\\/vinno-v6-exp\\\/#breadcrumb\"},\"inLanguage\":\"el\",\"potentialAction\":[{\"@type\":\"ReadAction\",\"target\":[\"https:\\\/\\\/helamed-gmbh.de\\\/el\\\/produkt\\\/vinno-v6-exp\\\/\"]}]},{\"@type\":\"ImageObject\",\"inLanguage\":\"el\",\"@id\":\"https:\\\/\\\/helamed-gmbh.de\\\/el\\\/produkt\\\/vinno-v6-exp\\\/#primaryimage\",\"url\":\"https:\\\/\\\/helamed-gmbh.de\\\/wp-content\\\/uploads\\\/2025\\\/07\\\/VINNO_V6_960.jpg\",\"contentUrl\":\"https:\\\/\\\/helamed-gmbh.de\\\/wp-content\\\/uploads\\\/2025\\\/07\\\/VINNO_V6_960.jpg\",\"width\":960,\"height\":960},{\"@type\":\"BreadcrumbList\",\"@id\":\"https:\\\/\\\/helamed-gmbh.de\\\/el\\\/produkt\\\/vinno-v6-exp\\\/#breadcrumb\",\"itemListElement\":[{\"@type\":\"ListItem\",\"position\":1,\"name\":\"Startseite\",\"item\":\"https:\\\/\\\/helamed-gmbh.de\\\/el\\\/%ce%b1%cf%81%cf%87%ce%b9%ce%ba%ce%ae-%cf%83%ce%b5%ce%bb%ce%af%ce%b4%ce%b1\\\/\"},{\"@type\":\"ListItem\",\"position\":2,\"name\":\"Shop\",\"item\":\"https:\\\/\\\/helamed-gmbh.de\\\/?page_id=626\"},{\"@type\":\"ListItem\",\"position\":3,\"name\":\"VINNO V6 Exp.\"}]},{\"@type\":\"WebSite\",\"@id\":\"https:\\\/\\\/helamed-gmbh.de\\\/el\\\/#website\",\"url\":\"https:\\\/\\\/helamed-gmbh.de\\\/el\\\/\",\"name\":\"HELAmed GmbH\",\"description\":\"Medizintechnik und Fachberatung f\u00fcr Kliniken und Fachpersonal \u2013 alles aus einer Hand.\",\"publisher\":{\"@id\":\"https:\\\/\\\/helamed-gmbh.de\\\/el\\\/#organization\"},\"potentialAction\":[{\"@type\":\"SearchAction\",\"target\":{\"@type\":\"EntryPoint\",\"urlTemplate\":\"https:\\\/\\\/helamed-gmbh.de\\\/el\\\/?s={search_term_string}\"},\"query-input\":{\"@type\":\"PropertyValueSpecification\",\"valueRequired\":true,\"valueName\":\"search_term_string\"}}],\"inLanguage\":\"el\"},{\"@type\":\"Organization\",\"@id\":\"https:\\\/\\\/helamed-gmbh.de\\\/el\\\/#organization\",\"name\":\"HELAmed GmbH\",\"url\":\"https:\\\/\\\/helamed-gmbh.de\\\/el\\\/\",\"logo\":{\"@type\":\"ImageObject\",\"inLanguage\":\"el\",\"@id\":\"https:\\\/\\\/helamed-gmbh.de\\\/el\\\/#\\\/schema\\\/logo\\\/image\\\/\",\"url\":\"https:\\\/\\\/helamed-gmbh.de\\\/wp-content\\\/uploads\\\/2025\\\/07\\\/cropped-helamed_logo.png\",\"contentUrl\":\"https:\\\/\\\/helamed-gmbh.de\\\/wp-content\\\/uploads\\\/2025\\\/07\\\/cropped-helamed_logo.png\",\"width\":318,\"height\":125,\"caption\":\"HELAmed GmbH\"},\"image\":{\"@id\":\"https:\\\/\\\/helamed-gmbh.de\\\/el\\\/#\\\/schema\\\/logo\\\/image\\\/\"}}]}<\/script>\n<!-- \/ Yoast SEO plugin. -->","yoast_head_json":{"title":"VINNO V6 Exp. - HELAmed GmbH","robots":{"index":"index","follow":"follow","max-snippet":"max-snippet:-1","max-image-preview":"max-image-preview:large","max-video-preview":"max-video-preview:-1"},"canonical":"https:\/\/helamed-gmbh.de\/el\/produkt\/vinno-v6-exp\/","og_locale":"el_GR","og_type":"article","og_title":"VINNO V6 Exp. - HELAmed GmbH","og_description":"Das VINNO 6 vereint pr\u00e4zise Bildgebung auf Basis der innovativen RF-Plattform mit einem ultrakompakten, tragbaren Design. Als echtes Leichtgewicht l\u00e4sst es sich m\u00fchelos transportieren, kann aber auch \u00fcber einen h\u00f6henverstellbaren Trolley mit Mehrfachsondenanschluss fahrbar eingesetzt werden. Moderne Konnektivit\u00e4tsl\u00f6sungen wie PACS, Modality Worklist (MWL), DICOM, WiFi, Bluetooth und Flyinsono integrieren sich nahtlos in bestehende Workflows und steigern die Effizienz im klinischen Alltag. Dank untersuchungsspezifischer Presets, einer gro\u00dfen Auswahl an Schallk\u00f6pfen und vielf\u00e4ltiger Mess- und Analyseprogramme deckt das VINNO 6 ein breites Spektrum klinischer Anwendungen ab \u2013 individuell anpassbar auf Ihre Bed\u00fcrfnisse.  EINSATZGEBIETE   Notfallmedizin,  An\u00e4sthesie,  Schmerztherapie,  Intensivmedizin,  muskuloskelettale Untersuchungen","og_url":"https:\/\/helamed-gmbh.de\/el\/produkt\/vinno-v6-exp\/","og_site_name":"HELAmed GmbH","article_modified_time":"2025-07-26T11:41:46+00:00","og_image":[{"width":960,"height":960,"url":"https:\/\/helamed-gmbh.de\/wp-content\/uploads\/2025\/07\/VINNO_V6_960.jpg","type":"image\/jpeg"}],"twitter_card":"summary_large_image","schema":{"@context":"https:\/\/schema.org","@graph":[{"@type":"WebPage","@id":"https:\/\/helamed-gmbh.de\/el\/produkt\/vinno-v6-exp\/","url":"https:\/\/helamed-gmbh.de\/el\/produkt\/vinno-v6-exp\/","name":"VINNO V6 Exp. - HELAmed GmbH","isPartOf":{"@id":"https:\/\/helamed-gmbh.de\/el\/#website"},"primaryImageOfPage":{"@id":"https:\/\/helamed-gmbh.de\/el\/produkt\/vinno-v6-exp\/#primaryimage"},"image":{"@id":"https:\/\/helamed-gmbh.de\/el\/produkt\/vinno-v6-exp\/#primaryimage"},"thumbnailUrl":"https:\/\/helamed-gmbh.de\/wp-content\/uploads\/2025\/07\/VINNO_V6_960.jpg","datePublished":"2025-07-26T11:41:09+00:00","dateModified":"2025-07-26T11:41:46+00:00","breadcrumb":{"@id":"https:\/\/helamed-gmbh.de\/el\/produkt\/vinno-v6-exp\/#breadcrumb"},"inLanguage":"el","potentialAction":[{"@type":"ReadAction","target":["https:\/\/helamed-gmbh.de\/el\/produkt\/vinno-v6-exp\/"]}]},{"@type":"ImageObject","inLanguage":"el","@id":"https:\/\/helamed-gmbh.de\/el\/produkt\/vinno-v6-exp\/#primaryimage","url":"https:\/\/helamed-gmbh.de\/wp-content\/uploads\/2025\/07\/VINNO_V6_960.jpg","contentUrl":"https:\/\/helamed-gmbh.de\/wp-content\/uploads\/2025\/07\/VINNO_V6_960.jpg","width":960,"height":960},{"@type":"BreadcrumbList","@id":"https:\/\/helamed-gmbh.de\/el\/produkt\/vinno-v6-exp\/#breadcrumb","itemListElement":[{"@type":"ListItem","position":1,"name":"Startseite","item":"https:\/\/helamed-gmbh.de\/el\/%ce%b1%cf%81%cf%87%ce%b9%ce%ba%ce%ae-%cf%83%ce%b5%ce%bb%ce%af%ce%b4%ce%b1\/"},{"@type":"ListItem","position":2,"name":"Shop","item":"https:\/\/helamed-gmbh.de\/?page_id=626"},{"@type":"ListItem","position":3,"name":"VINNO V6 Exp."}]},{"@type":"WebSite","@id":"https:\/\/helamed-gmbh.de\/el\/#website","url":"https:\/\/helamed-gmbh.de\/el\/","name":"HELAmed GmbH","description":"Medizintechnik und Fachberatung f\u00fcr Kliniken und Fachpersonal \u2013 alles aus einer Hand.","publisher":{"@id":"https:\/\/helamed-gmbh.de\/el\/#organization"},"potentialAction":[{"@type":"SearchAction","target":{"@type":"EntryPoint","urlTemplate":"https:\/\/helamed-gmbh.de\/el\/?s={search_term_string}"},"query-input":{"@type":"PropertyValueSpecification","valueRequired":true,"valueName":"search_term_string"}}],"inLanguage":"el"},{"@type":"Organization","@id":"https:\/\/helamed-gmbh.de\/el\/#organization","name":"HELAmed GmbH","url":"https:\/\/helamed-gmbh.de\/el\/","logo":{"@type":"ImageObject","inLanguage":"el","@id":"https:\/\/helamed-gmbh.de\/el\/#\/schema\/logo\/image\/","url":"https:\/\/helamed-gmbh.de\/wp-content\/uploads\/2025\/07\/cropped-helamed_logo.png","contentUrl":"https:\/\/helamed-gmbh.de\/wp-content\/uploads\/2025\/07\/cropped-helamed_logo.png","width":318,"height":125,"caption":"HELAmed GmbH"},"image":{"@id":"https:\/\/helamed-gmbh.de\/el\/#\/schema\/logo\/image\/"}}]}},"_links":{"self":[{"href":"https:\/\/helamed-gmbh.de\/el\/wp-json\/wp\/v2\/product\/1296","targetHints":{"allow":["GET"]}}],"collection":[{"href":"https:\/\/helamed-gmbh.de\/el\/wp-json\/wp\/v2\/product"}],"about":[{"href":"https:\/\/helamed-gmbh.de\/el\/wp-json\/wp\/v2\/types\/product"}],"wp:featuredmedia":[{"embeddable":true,"href":"https:\/\/helamed-gmbh.de\/el\/wp-json\/wp\/v2\/media\/1456"}],"wp:attachment":[{"href":"https:\/\/helamed-gmbh.de\/el\/wp-json\/wp\/v2\/media?parent=1296"}],"wp:term":[{"taxonomy":"product_brand","embeddable":true,"href":"https:\/\/helamed-gmbh.de\/el\/wp-json\/wp\/v2\/product_brand?post=1296"},{"taxonomy":"product_cat","embeddable":true,"href":"https:\/\/helamed-gmbh.de\/el\/wp-json\/wp\/v2\/product_cat?post=1296"},{"taxonomy":"product_tag","embeddable":true,"href":"https:\/\/helamed-gmbh.de\/el\/wp-json\/wp\/v2\/product_tag?post=1296"}],"curies":[{"name":"wp","href":"https:\/\/api.w.org\/{rel}","templated":true}]}}