{"id":1313,"date":"2025-07-26T13:41:14","date_gmt":"2025-07-26T11:41:14","guid":{"rendered":"https:\/\/helamed-gmbh.de\/?post_type=product&#038;p=1313"},"modified":"2025-07-26T13:42:19","modified_gmt":"2025-07-26T11:42:19","slug":"mindray-consona-n8","status":"publish","type":"product","link":"https:\/\/helamed-gmbh.de\/el\/produkt\/mindray-consona-n8\/","title":{"rendered":"Mindray Consona N8"},"content":{"rendered":"<h3 style=\"color: #ff6f00;\" data-start=\"334\" data-end=\"356\">Professionelle Sonographie leicht gemacht<\/h3>\n<p data-pm-slice=\"1 1 []\">F\u00f6rdert die t\u00e4gliche Arbeitseffizienz<\/p>\n<p data-pm-slice=\"1 1 []\"><img fetchpriority=\"high\" decoding=\"async\" class=\"wp-image-978 size-full aligncenter\" src=\"https:\/\/primus-medizintechnik.de\/wp-content\/uploads\/2025\/07\/bildgebende-funktionen.png\" alt=\"\" width=\"1318\" height=\"305\" \/><\/p>\n<ul>\n<li>consona-n9-fig6-pc<\/li>\n<li>Randloser HD-Monitor f\u00fcr immersives Erlebnis<\/li>\n<li>Voll-HD-Touchscreen mit intuitiver Interaktion<\/li>\n<li>Wasser- und staubfestes Bedienfeld f\u00fcr einfache Reinigung<\/li>\n<li>Integrierte Batterie unterst\u00fctzt Scanvorgang ohne Netzstromversorgung<\/li>\n<li>Magnetische Abdeckung vorne f\u00fcr einfache Kabelverwaltung<\/li>\n<\/ul>\n","protected":false},"excerpt":{"rendered":"<p data-start=\"205\" data-end=\"275\"><strong data-start=\"205\" data-end=\"275\">Consona Ultraschallsysteme \u2013 f\u00fcr pr\u00e4zise Diagnostik mit Sicherheit<\/strong><\/p>\n<p data-start=\"277\" data-end=\"466\">Die <strong data-start=\"281\" data-end=\"298\">Consona-Serie<\/strong> von Mindray bietet Ihnen die perfekte Kombination aus <strong data-start=\"353\" data-end=\"400\">Zuverl\u00e4ssigkeit, Bildqualit\u00e4t und Effizienz<\/strong> \u2013 f\u00fcr eine fundierte und sichere Diagnostik im klinischen Alltag.<\/p>\n<p data-start=\"468\" data-end=\"637\">Dank <strong data-start=\"473\" data-end=\"496\">pr\u00e4ziser Bildgebung<\/strong> und intelligenter <strong data-start=\"515\" data-end=\"537\">Expertenfunktionen<\/strong> erhalten Sie relevante Informationen schneller und klarer \u2013 ganz ohne Kompromisse bei der Qualit\u00e4t.<\/p>\n[video width=\"1920\" height=\"1080\" mp4=\"https:\/\/primus-medizintechnik.de\/wp-content\/uploads\/2025\/07\/consona-n9.mp4\" poster=\"https:\/\/primus-medizintechnik.de\/wp-content\/uploads\/2025\/07\/video-N8.png\"][\/video]\n<p data-start=\"639\" data-end=\"852\">Eine breite Auswahl an <strong data-start=\"662\" data-end=\"672\">Sonden<\/strong> und vielseitige <strong data-start=\"689\" data-end=\"716\">klinische Applikationen<\/strong> unterst\u00fctzen Sie gezielt bei der Bew\u00e4ltigung selbst komplexer Fragestellungen \u2013 f\u00fcr mehr diagnostische Sicherheit in jedem Fachbereich.<\/p>\n<p data-start=\"639\" data-end=\"852\">\n<h2 style=\"color: #ff6f00;\" data-start=\"334\" data-end=\"356\"><strong data-start=\"338\" data-end=\"356\">EINSATZGEBIETE<\/strong><\/h2>\n<ul>\n<li>\u00e4rztliche Grundversorgung<\/li>\n<\/ul>\n","protected":false},"featured_media":1600,"template":"","meta":[],"product_brand":[50],"product_cat":[61],"product_tag":[62,65,63,64,66],"class_list":{"0":"post-1313","1":"product","2":"type-product","3":"status-publish","4":"has-post-thumbnail","6":"product_brand-mindray","7":"product_cat-stationaere-ultraschallgeraet","8":"product_tag-diagnostischer-ultraschall","9":"product_tag-konsolengeraet","10":"product_tag-sonographie","11":"product_tag-ultraschallgeraet","12":"product_tag-ultrasound","14":"first","15":"instock","16":"shipping-taxable","17":"product-type-simple"},"yoast_head":"<!-- This site is optimized with the Yoast SEO plugin v27.3 - https:\/\/yoast.com\/product\/yoast-seo-wordpress\/ -->\n<title>Mindray Consona N8 - HELAmed GmbH<\/title>\n<meta name=\"robots\" content=\"index, follow, max-snippet:-1, max-image-preview:large, max-video-preview:-1\" \/>\n<link rel=\"canonical\" href=\"https:\/\/helamed-gmbh.de\/el\/produkt\/mindray-consona-n8\/\" \/>\n<meta property=\"og:locale\" content=\"el_GR\" \/>\n<meta property=\"og:type\" content=\"article\" \/>\n<meta property=\"og:title\" content=\"Mindray Consona N8 - HELAmed GmbH\" \/>\n<meta property=\"og:description\" content=\"Consona Ultraschallsysteme \u2013 f\u00fcr pr\u00e4zise Diagnostik mit Sicherheit Die Consona-Serie von Mindray bietet Ihnen die perfekte Kombination aus Zuverl\u00e4ssigkeit, Bildqualit\u00e4t und Effizienz \u2013 f\u00fcr eine fundierte und sichere Diagnostik im klinischen Alltag. Dank pr\u00e4ziser Bildgebung und intelligenter Expertenfunktionen erhalten Sie relevante Informationen schneller und klarer \u2013 ganz ohne Kompromisse bei der Qualit\u00e4t.  Eine breite Auswahl an Sonden und vielseitige klinische Applikationen unterst\u00fctzen Sie gezielt bei der Bew\u00e4ltigung selbst komplexer Fragestellungen \u2013 f\u00fcr mehr diagnostische Sicherheit in jedem Fachbereich.   EINSATZGEBIETE   \u00e4rztliche Grundversorgung\" \/>\n<meta property=\"og:url\" content=\"https:\/\/helamed-gmbh.de\/el\/produkt\/mindray-consona-n8\/\" \/>\n<meta property=\"og:site_name\" content=\"HELAmed GmbH\" \/>\n<meta property=\"article:modified_time\" content=\"2025-07-26T11:42:19+00:00\" \/>\n<meta property=\"og:image\" content=\"https:\/\/helamed-gmbh.de\/wp-content\/uploads\/2025\/07\/mindray_consona_N8.jpg\" \/>\n\t<meta property=\"og:image:width\" content=\"960\" \/>\n\t<meta property=\"og:image:height\" content=\"960\" \/>\n\t<meta property=\"og:image:type\" content=\"image\/jpeg\" \/>\n<meta name=\"twitter:card\" content=\"summary_large_image\" \/>\n<script type=\"application\/ld+json\" class=\"yoast-schema-graph\">{\"@context\":\"https:\\\/\\\/schema.org\",\"@graph\":[{\"@type\":\"WebPage\",\"@id\":\"https:\\\/\\\/helamed-gmbh.de\\\/el\\\/produkt\\\/mindray-consona-n8\\\/\",\"url\":\"https:\\\/\\\/helamed-gmbh.de\\\/el\\\/produkt\\\/mindray-consona-n8\\\/\",\"name\":\"Mindray Consona N8 - HELAmed GmbH\",\"isPartOf\":{\"@id\":\"https:\\\/\\\/helamed-gmbh.de\\\/el\\\/#website\"},\"primaryImageOfPage\":{\"@id\":\"https:\\\/\\\/helamed-gmbh.de\\\/el\\\/produkt\\\/mindray-consona-n8\\\/#primaryimage\"},\"image\":{\"@id\":\"https:\\\/\\\/helamed-gmbh.de\\\/el\\\/produkt\\\/mindray-consona-n8\\\/#primaryimage\"},\"thumbnailUrl\":\"https:\\\/\\\/helamed-gmbh.de\\\/wp-content\\\/uploads\\\/2025\\\/07\\\/mindray_consona_N8.jpg\",\"datePublished\":\"2025-07-26T11:41:14+00:00\",\"dateModified\":\"2025-07-26T11:42:19+00:00\",\"breadcrumb\":{\"@id\":\"https:\\\/\\\/helamed-gmbh.de\\\/el\\\/produkt\\\/mindray-consona-n8\\\/#breadcrumb\"},\"inLanguage\":\"el\",\"potentialAction\":[{\"@type\":\"ReadAction\",\"target\":[\"https:\\\/\\\/helamed-gmbh.de\\\/el\\\/produkt\\\/mindray-consona-n8\\\/\"]}]},{\"@type\":\"ImageObject\",\"inLanguage\":\"el\",\"@id\":\"https:\\\/\\\/helamed-gmbh.de\\\/el\\\/produkt\\\/mindray-consona-n8\\\/#primaryimage\",\"url\":\"https:\\\/\\\/helamed-gmbh.de\\\/wp-content\\\/uploads\\\/2025\\\/07\\\/mindray_consona_N8.jpg\",\"contentUrl\":\"https:\\\/\\\/helamed-gmbh.de\\\/wp-content\\\/uploads\\\/2025\\\/07\\\/mindray_consona_N8.jpg\",\"width\":960,\"height\":960},{\"@type\":\"BreadcrumbList\",\"@id\":\"https:\\\/\\\/helamed-gmbh.de\\\/el\\\/produkt\\\/mindray-consona-n8\\\/#breadcrumb\",\"itemListElement\":[{\"@type\":\"ListItem\",\"position\":1,\"name\":\"Startseite\",\"item\":\"https:\\\/\\\/helamed-gmbh.de\\\/el\\\/%ce%b1%cf%81%cf%87%ce%b9%ce%ba%ce%ae-%cf%83%ce%b5%ce%bb%ce%af%ce%b4%ce%b1\\\/\"},{\"@type\":\"ListItem\",\"position\":2,\"name\":\"Shop\",\"item\":\"https:\\\/\\\/helamed-gmbh.de\\\/?page_id=626\"},{\"@type\":\"ListItem\",\"position\":3,\"name\":\"Mindray Consona N8\"}]},{\"@type\":\"WebSite\",\"@id\":\"https:\\\/\\\/helamed-gmbh.de\\\/el\\\/#website\",\"url\":\"https:\\\/\\\/helamed-gmbh.de\\\/el\\\/\",\"name\":\"HELAmed GmbH\",\"description\":\"Medizintechnik und Fachberatung f\u00fcr Kliniken und Fachpersonal \u2013 alles aus einer Hand.\",\"publisher\":{\"@id\":\"https:\\\/\\\/helamed-gmbh.de\\\/el\\\/#organization\"},\"potentialAction\":[{\"@type\":\"SearchAction\",\"target\":{\"@type\":\"EntryPoint\",\"urlTemplate\":\"https:\\\/\\\/helamed-gmbh.de\\\/el\\\/?s={search_term_string}\"},\"query-input\":{\"@type\":\"PropertyValueSpecification\",\"valueRequired\":true,\"valueName\":\"search_term_string\"}}],\"inLanguage\":\"el\"},{\"@type\":\"Organization\",\"@id\":\"https:\\\/\\\/helamed-gmbh.de\\\/el\\\/#organization\",\"name\":\"HELAmed GmbH\",\"url\":\"https:\\\/\\\/helamed-gmbh.de\\\/el\\\/\",\"logo\":{\"@type\":\"ImageObject\",\"inLanguage\":\"el\",\"@id\":\"https:\\\/\\\/helamed-gmbh.de\\\/el\\\/#\\\/schema\\\/logo\\\/image\\\/\",\"url\":\"https:\\\/\\\/helamed-gmbh.de\\\/wp-content\\\/uploads\\\/2025\\\/07\\\/cropped-helamed_logo.png\",\"contentUrl\":\"https:\\\/\\\/helamed-gmbh.de\\\/wp-content\\\/uploads\\\/2025\\\/07\\\/cropped-helamed_logo.png\",\"width\":318,\"height\":125,\"caption\":\"HELAmed GmbH\"},\"image\":{\"@id\":\"https:\\\/\\\/helamed-gmbh.de\\\/el\\\/#\\\/schema\\\/logo\\\/image\\\/\"}}]}<\/script>\n<!-- \/ Yoast SEO plugin. -->","yoast_head_json":{"title":"Mindray Consona N8 - HELAmed GmbH","robots":{"index":"index","follow":"follow","max-snippet":"max-snippet:-1","max-image-preview":"max-image-preview:large","max-video-preview":"max-video-preview:-1"},"canonical":"https:\/\/helamed-gmbh.de\/el\/produkt\/mindray-consona-n8\/","og_locale":"el_GR","og_type":"article","og_title":"Mindray Consona N8 - HELAmed GmbH","og_description":"Consona Ultraschallsysteme \u2013 f\u00fcr pr\u00e4zise Diagnostik mit Sicherheit Die Consona-Serie von Mindray bietet Ihnen die perfekte Kombination aus Zuverl\u00e4ssigkeit, Bildqualit\u00e4t und Effizienz \u2013 f\u00fcr eine fundierte und sichere Diagnostik im klinischen Alltag. Dank pr\u00e4ziser Bildgebung und intelligenter Expertenfunktionen erhalten Sie relevante Informationen schneller und klarer \u2013 ganz ohne Kompromisse bei der Qualit\u00e4t.  Eine breite Auswahl an Sonden und vielseitige klinische Applikationen unterst\u00fctzen Sie gezielt bei der Bew\u00e4ltigung selbst komplexer Fragestellungen \u2013 f\u00fcr mehr diagnostische Sicherheit in jedem Fachbereich.   EINSATZGEBIETE   \u00e4rztliche Grundversorgung","og_url":"https:\/\/helamed-gmbh.de\/el\/produkt\/mindray-consona-n8\/","og_site_name":"HELAmed GmbH","article_modified_time":"2025-07-26T11:42:19+00:00","og_image":[{"width":960,"height":960,"url":"https:\/\/helamed-gmbh.de\/wp-content\/uploads\/2025\/07\/mindray_consona_N8.jpg","type":"image\/jpeg"}],"twitter_card":"summary_large_image","schema":{"@context":"https:\/\/schema.org","@graph":[{"@type":"WebPage","@id":"https:\/\/helamed-gmbh.de\/el\/produkt\/mindray-consona-n8\/","url":"https:\/\/helamed-gmbh.de\/el\/produkt\/mindray-consona-n8\/","name":"Mindray Consona N8 - HELAmed GmbH","isPartOf":{"@id":"https:\/\/helamed-gmbh.de\/el\/#website"},"primaryImageOfPage":{"@id":"https:\/\/helamed-gmbh.de\/el\/produkt\/mindray-consona-n8\/#primaryimage"},"image":{"@id":"https:\/\/helamed-gmbh.de\/el\/produkt\/mindray-consona-n8\/#primaryimage"},"thumbnailUrl":"https:\/\/helamed-gmbh.de\/wp-content\/uploads\/2025\/07\/mindray_consona_N8.jpg","datePublished":"2025-07-26T11:41:14+00:00","dateModified":"2025-07-26T11:42:19+00:00","breadcrumb":{"@id":"https:\/\/helamed-gmbh.de\/el\/produkt\/mindray-consona-n8\/#breadcrumb"},"inLanguage":"el","potentialAction":[{"@type":"ReadAction","target":["https:\/\/helamed-gmbh.de\/el\/produkt\/mindray-consona-n8\/"]}]},{"@type":"ImageObject","inLanguage":"el","@id":"https:\/\/helamed-gmbh.de\/el\/produkt\/mindray-consona-n8\/#primaryimage","url":"https:\/\/helamed-gmbh.de\/wp-content\/uploads\/2025\/07\/mindray_consona_N8.jpg","contentUrl":"https:\/\/helamed-gmbh.de\/wp-content\/uploads\/2025\/07\/mindray_consona_N8.jpg","width":960,"height":960},{"@type":"BreadcrumbList","@id":"https:\/\/helamed-gmbh.de\/el\/produkt\/mindray-consona-n8\/#breadcrumb","itemListElement":[{"@type":"ListItem","position":1,"name":"Startseite","item":"https:\/\/helamed-gmbh.de\/el\/%ce%b1%cf%81%cf%87%ce%b9%ce%ba%ce%ae-%cf%83%ce%b5%ce%bb%ce%af%ce%b4%ce%b1\/"},{"@type":"ListItem","position":2,"name":"Shop","item":"https:\/\/helamed-gmbh.de\/?page_id=626"},{"@type":"ListItem","position":3,"name":"Mindray Consona N8"}]},{"@type":"WebSite","@id":"https:\/\/helamed-gmbh.de\/el\/#website","url":"https:\/\/helamed-gmbh.de\/el\/","name":"HELAmed GmbH","description":"Medizintechnik und Fachberatung f\u00fcr Kliniken und Fachpersonal \u2013 alles aus einer Hand.","publisher":{"@id":"https:\/\/helamed-gmbh.de\/el\/#organization"},"potentialAction":[{"@type":"SearchAction","target":{"@type":"EntryPoint","urlTemplate":"https:\/\/helamed-gmbh.de\/el\/?s={search_term_string}"},"query-input":{"@type":"PropertyValueSpecification","valueRequired":true,"valueName":"search_term_string"}}],"inLanguage":"el"},{"@type":"Organization","@id":"https:\/\/helamed-gmbh.de\/el\/#organization","name":"HELAmed GmbH","url":"https:\/\/helamed-gmbh.de\/el\/","logo":{"@type":"ImageObject","inLanguage":"el","@id":"https:\/\/helamed-gmbh.de\/el\/#\/schema\/logo\/image\/","url":"https:\/\/helamed-gmbh.de\/wp-content\/uploads\/2025\/07\/cropped-helamed_logo.png","contentUrl":"https:\/\/helamed-gmbh.de\/wp-content\/uploads\/2025\/07\/cropped-helamed_logo.png","width":318,"height":125,"caption":"HELAmed GmbH"},"image":{"@id":"https:\/\/helamed-gmbh.de\/el\/#\/schema\/logo\/image\/"}}]}},"_links":{"self":[{"href":"https:\/\/helamed-gmbh.de\/el\/wp-json\/wp\/v2\/product\/1313","targetHints":{"allow":["GET"]}}],"collection":[{"href":"https:\/\/helamed-gmbh.de\/el\/wp-json\/wp\/v2\/product"}],"about":[{"href":"https:\/\/helamed-gmbh.de\/el\/wp-json\/wp\/v2\/types\/product"}],"wp:featuredmedia":[{"embeddable":true,"href":"https:\/\/helamed-gmbh.de\/el\/wp-json\/wp\/v2\/media\/1600"}],"wp:attachment":[{"href":"https:\/\/helamed-gmbh.de\/el\/wp-json\/wp\/v2\/media?parent=1313"}],"wp:term":[{"taxonomy":"product_brand","embeddable":true,"href":"https:\/\/helamed-gmbh.de\/el\/wp-json\/wp\/v2\/product_brand?post=1313"},{"taxonomy":"product_cat","embeddable":true,"href":"https:\/\/helamed-gmbh.de\/el\/wp-json\/wp\/v2\/product_cat?post=1313"},{"taxonomy":"product_tag","embeddable":true,"href":"https:\/\/helamed-gmbh.de\/el\/wp-json\/wp\/v2\/product_tag?post=1313"}],"curies":[{"name":"wp","href":"https:\/\/api.w.org\/{rel}","templated":true}]}}