{"id":1314,"date":"2025-07-26T13:41:14","date_gmt":"2025-07-26T11:41:14","guid":{"rendered":"https:\/\/helamed-gmbh.de\/?post_type=product&#038;p=1314"},"modified":"2025-07-26T13:42:23","modified_gmt":"2025-07-26T11:42:23","slug":"mindray-resona-i8","status":"publish","type":"product","link":"https:\/\/helamed-gmbh.de\/el\/produkt\/mindray-resona-i8\/","title":{"rendered":"Mindray Resona i8"},"content":{"rendered":"<h3 style=\"color: #ff6f00;\" data-start=\"334\" data-end=\"356\">Innovation, die Sie sp\u00fcren \u2013 Resona I8<\/h3>\n<h3 data-start=\"725\" data-end=\"788\"><strong data-start=\"729\" data-end=\"786\">Resona I8 \u2013 Klinische Intelligenz, gezielt eingesetzt<\/strong><\/h3>\n<p data-start=\"789\" data-end=\"903\">Das <strong data-start=\"793\" data-end=\"806\">Resona I8<\/strong> wurde entwickelt mit tiefem Verst\u00e4ndnis f\u00fcr unterschiedliche klinische Anforderungen. Es bietet:<\/p>\n<ul data-start=\"905\" data-end=\"1082\">\n<li data-start=\"905\" data-end=\"943\">\n<p data-start=\"907\" data-end=\"943\"><strong data-start=\"907\" data-end=\"941\">Anwendungsspezifische L\u00f6sungen<\/strong><\/p>\n<\/li>\n<li data-start=\"944\" data-end=\"979\">\n<p data-start=\"946\" data-end=\"979\"><strong data-start=\"946\" data-end=\"977\">Intelligente Diagnose-Tools<\/strong><\/p>\n<\/li>\n<li data-start=\"980\" data-end=\"1032\">\n<p data-start=\"982\" data-end=\"1032\"><strong data-start=\"982\" data-end=\"1030\">Pr\u00e4zise Analysen f\u00fcr mehr Diagnosesicherheit<\/strong><\/p>\n<\/li>\n<li data-start=\"1033\" data-end=\"1082\">\n<p data-start=\"1035\" data-end=\"1082\"><strong data-start=\"1035\" data-end=\"1082\">Optimierte Workflows und Qualit\u00e4tskontrolle<\/strong><\/p>\n<\/li>\n<\/ul>\n<p data-start=\"1084\" data-end=\"1268\">So unterst\u00fctzt Sie das System dabei, auch komplexe F\u00e4lle <strong data-start=\"1141\" data-end=\"1154\">effizient<\/strong>, <strong data-start=\"1156\" data-end=\"1167\">pr\u00e4zise<\/strong> und <strong data-start=\"1172\" data-end=\"1187\">zuverl\u00e4ssig<\/strong> zu beurteilen \u2013 f\u00fcr bessere Ergebnisse und mehr Vertrauen in jeder Untersuchung.<\/p>\n<p data-start=\"1084\" data-end=\"1268\"><img fetchpriority=\"high\" decoding=\"async\" class=\"alignnone wp-image-984 size-full\" src=\"https:\/\/primus-medizintechnik.de\/wp-content\/uploads\/2025\/07\/Screenshot-2025-07-22-135743.png\" alt=\"\" width=\"1646\" height=\"724\" \/><\/p>\n<h3 data-start=\"184\" data-end=\"261\"><strong data-start=\"188\" data-end=\"259\">Powered by ZST+ \u2013 Die n\u00e4chste Generation der Ultraschalltechnologie<\/strong><\/h3>\n<p data-start=\"262\" data-end=\"587\">Die <strong data-start=\"266\" data-end=\"284\">ZST+ Plattform<\/strong> markiert einen echten Quantensprung in der Ultraschalldiagnostik. Anstelle klassischer Strahlformung nutzt sie die <strong data-start=\"400\" data-end=\"431\">Verarbeitung von Kanaldaten<\/strong> \u2013 eine bahnbrechende Methode, die scheinbare Zielkonflikte zwischen <strong data-start=\"500\" data-end=\"524\">r\u00e4umlicher Aufl\u00f6sung<\/strong>, <strong data-start=\"526\" data-end=\"550\">zeitlicher Aufl\u00f6sung<\/strong> und <strong data-start=\"555\" data-end=\"576\">Gewebehomogenit\u00e4t<\/strong> aufl\u00f6st.<\/p>\n<p data-start=\"589\" data-end=\"718\">Das Ergebnis: eine <strong data-start=\"608\" data-end=\"636\">\u00fcberragende Bildqualit\u00e4t<\/strong>, die neue Ma\u00dfst\u00e4be setzt und unz\u00e4hlige innovative Bildgebungsl\u00f6sungen erm\u00f6glicht.<\/p>\n<p data-start=\"589\" data-end=\"718\"><img decoding=\"async\" class=\"alignnone wp-image-992 size-full\" src=\"https:\/\/primus-medizintechnik.de\/wp-content\/uploads\/2025\/07\/Resona-i8-6.jpg\" alt=\"\" width=\"960\" height=\"640\" \/><\/p>\n","protected":false},"excerpt":{"rendered":"<p data-start=\"178\" data-end=\"536\">Mit seinem <strong data-start=\"189\" data-end=\"211\">innovativen Design<\/strong> und einer Vielzahl <strong data-start=\"231\" data-end=\"263\">fortschrittlicher Funktionen<\/strong> bietet das <strong data-start=\"275\" data-end=\"288\">Resona I8<\/strong> ein v\u00f6llig neues Ultraschallerlebnis. Entwickelt f\u00fcr den steigenden Patientendurchsatz, unterst\u00fctzt es Sie dabei, auch unter hohem Arbeitsaufkommen <strong data-start=\"437\" data-end=\"461\">effizient und sicher<\/strong> zu arbeiten \u2013 unabh\u00e4ngig von Patiententyp oder klinischer Herausforderung.<\/p>\n<p data-start=\"178\" data-end=\"536\"><img decoding=\"async\" class=\"alignnone wp-image-982 size-full\" src=\"https:\/\/primus-medizintechnik.de\/wp-content\/uploads\/2025\/07\/dedicated-application.png\" alt=\"\" width=\"1625\" height=\"649\" \/><\/p>\n<p data-start=\"538\" data-end=\"711\">Jedes Detail wurde mit dem Ziel gestaltet, das <strong data-start=\"585\" data-end=\"625\">Risiko von \u00dcberlastung zu minimieren<\/strong> und w\u00e4hrend des gesamten Workflows f\u00fcr <strong data-start=\"665\" data-end=\"700\">maximalen ergonomischen Komfort<\/strong> zu sorgen.<\/p>\n<h2 style=\"color: #ff6f00;\" data-start=\"334\" data-end=\"356\"><strong data-start=\"338\" data-end=\"356\">EINSATZGEBIETE<\/strong><\/h2>\n<ul>\n<li>\u00e4rztliche Grundversorgung<\/li>\n<\/ul>\n","protected":false},"featured_media":1627,"template":"","meta":[],"product_brand":[50],"product_cat":[61],"product_tag":[62,65,63,64,66],"class_list":{"0":"post-1314","1":"product","2":"type-product","3":"status-publish","4":"has-post-thumbnail","6":"product_brand-mindray","7":"product_cat-stationaere-ultraschallgeraet","8":"product_tag-diagnostischer-ultraschall","9":"product_tag-konsolengeraet","10":"product_tag-sonographie","11":"product_tag-ultraschallgeraet","12":"product_tag-ultrasound","14":"first","15":"instock","16":"shipping-taxable","17":"product-type-simple"},"yoast_head":"<!-- This site is optimized with the Yoast SEO plugin v27.3 - https:\/\/yoast.com\/product\/yoast-seo-wordpress\/ -->\n<title>Mindray Resona i8 - HELAmed GmbH<\/title>\n<meta name=\"robots\" content=\"index, follow, max-snippet:-1, max-image-preview:large, max-video-preview:-1\" \/>\n<link rel=\"canonical\" href=\"https:\/\/helamed-gmbh.de\/el\/produkt\/mindray-resona-i8\/\" \/>\n<meta property=\"og:locale\" content=\"el_GR\" \/>\n<meta property=\"og:type\" content=\"article\" \/>\n<meta property=\"og:title\" content=\"Mindray Resona i8 - HELAmed GmbH\" \/>\n<meta property=\"og:description\" content=\"Mit seinem innovativen Design und einer Vielzahl fortschrittlicher Funktionen bietet das Resona I8 ein v\u00f6llig neues Ultraschallerlebnis. Entwickelt f\u00fcr den steigenden Patientendurchsatz, unterst\u00fctzt es Sie dabei, auch unter hohem Arbeitsaufkommen effizient und sicher zu arbeiten \u2013 unabh\u00e4ngig von Patiententyp oder klinischer Herausforderung.  Jedes Detail wurde mit dem Ziel gestaltet, das Risiko von \u00dcberlastung zu minimieren und w\u00e4hrend des gesamten Workflows f\u00fcr maximalen ergonomischen Komfort zu sorgen.  EINSATZGEBIETE   \u00e4rztliche Grundversorgung\" \/>\n<meta property=\"og:url\" content=\"https:\/\/helamed-gmbh.de\/el\/produkt\/mindray-resona-i8\/\" \/>\n<meta property=\"og:site_name\" content=\"HELAmed GmbH\" \/>\n<meta property=\"article:modified_time\" content=\"2025-07-26T11:42:23+00:00\" \/>\n<meta property=\"og:image\" content=\"https:\/\/helamed-gmbh.de\/wp-content\/uploads\/2025\/07\/Mindray_Resona_i8.jpg\" \/>\n\t<meta property=\"og:image:width\" content=\"960\" \/>\n\t<meta property=\"og:image:height\" content=\"960\" \/>\n\t<meta property=\"og:image:type\" content=\"image\/jpeg\" \/>\n<meta name=\"twitter:card\" content=\"summary_large_image\" \/>\n<meta name=\"twitter:label1\" content=\"\u0395\u03ba\u03c4\u03b9\u03bc\u03ce\u03bc\u03b5\u03bd\u03bf\u03c2 \u03c7\u03c1\u03cc\u03bd\u03bf\u03c2 \u03b1\u03bd\u03ac\u03b3\u03bd\u03c9\u03c3\u03b7\u03c2\" \/>\n\t<meta name=\"twitter:data1\" content=\"1 \u03bb\u03b5\u03c0\u03c4\u03cc\" \/>\n<script type=\"application\/ld+json\" class=\"yoast-schema-graph\">{\"@context\":\"https:\\\/\\\/schema.org\",\"@graph\":[{\"@type\":\"WebPage\",\"@id\":\"https:\\\/\\\/helamed-gmbh.de\\\/el\\\/produkt\\\/mindray-resona-i8\\\/\",\"url\":\"https:\\\/\\\/helamed-gmbh.de\\\/el\\\/produkt\\\/mindray-resona-i8\\\/\",\"name\":\"Mindray Resona i8 - HELAmed GmbH\",\"isPartOf\":{\"@id\":\"https:\\\/\\\/helamed-gmbh.de\\\/el\\\/#website\"},\"primaryImageOfPage\":{\"@id\":\"https:\\\/\\\/helamed-gmbh.de\\\/el\\\/produkt\\\/mindray-resona-i8\\\/#primaryimage\"},\"image\":{\"@id\":\"https:\\\/\\\/helamed-gmbh.de\\\/el\\\/produkt\\\/mindray-resona-i8\\\/#primaryimage\"},\"thumbnailUrl\":\"https:\\\/\\\/helamed-gmbh.de\\\/wp-content\\\/uploads\\\/2025\\\/07\\\/Mindray_Resona_i8.jpg\",\"datePublished\":\"2025-07-26T11:41:14+00:00\",\"dateModified\":\"2025-07-26T11:42:23+00:00\",\"breadcrumb\":{\"@id\":\"https:\\\/\\\/helamed-gmbh.de\\\/el\\\/produkt\\\/mindray-resona-i8\\\/#breadcrumb\"},\"inLanguage\":\"el\",\"potentialAction\":[{\"@type\":\"ReadAction\",\"target\":[\"https:\\\/\\\/helamed-gmbh.de\\\/el\\\/produkt\\\/mindray-resona-i8\\\/\"]}]},{\"@type\":\"ImageObject\",\"inLanguage\":\"el\",\"@id\":\"https:\\\/\\\/helamed-gmbh.de\\\/el\\\/produkt\\\/mindray-resona-i8\\\/#primaryimage\",\"url\":\"https:\\\/\\\/helamed-gmbh.de\\\/wp-content\\\/uploads\\\/2025\\\/07\\\/Mindray_Resona_i8.jpg\",\"contentUrl\":\"https:\\\/\\\/helamed-gmbh.de\\\/wp-content\\\/uploads\\\/2025\\\/07\\\/Mindray_Resona_i8.jpg\",\"width\":960,\"height\":960},{\"@type\":\"BreadcrumbList\",\"@id\":\"https:\\\/\\\/helamed-gmbh.de\\\/el\\\/produkt\\\/mindray-resona-i8\\\/#breadcrumb\",\"itemListElement\":[{\"@type\":\"ListItem\",\"position\":1,\"name\":\"Startseite\",\"item\":\"https:\\\/\\\/helamed-gmbh.de\\\/el\\\/%ce%b1%cf%81%cf%87%ce%b9%ce%ba%ce%ae-%cf%83%ce%b5%ce%bb%ce%af%ce%b4%ce%b1\\\/\"},{\"@type\":\"ListItem\",\"position\":2,\"name\":\"Shop\",\"item\":\"https:\\\/\\\/helamed-gmbh.de\\\/?page_id=626\"},{\"@type\":\"ListItem\",\"position\":3,\"name\":\"Mindray Resona i8\"}]},{\"@type\":\"WebSite\",\"@id\":\"https:\\\/\\\/helamed-gmbh.de\\\/el\\\/#website\",\"url\":\"https:\\\/\\\/helamed-gmbh.de\\\/el\\\/\",\"name\":\"HELAmed GmbH\",\"description\":\"Medizintechnik und Fachberatung f\u00fcr Kliniken und Fachpersonal \u2013 alles aus einer Hand.\",\"publisher\":{\"@id\":\"https:\\\/\\\/helamed-gmbh.de\\\/el\\\/#organization\"},\"potentialAction\":[{\"@type\":\"SearchAction\",\"target\":{\"@type\":\"EntryPoint\",\"urlTemplate\":\"https:\\\/\\\/helamed-gmbh.de\\\/el\\\/?s={search_term_string}\"},\"query-input\":{\"@type\":\"PropertyValueSpecification\",\"valueRequired\":true,\"valueName\":\"search_term_string\"}}],\"inLanguage\":\"el\"},{\"@type\":\"Organization\",\"@id\":\"https:\\\/\\\/helamed-gmbh.de\\\/el\\\/#organization\",\"name\":\"HELAmed GmbH\",\"url\":\"https:\\\/\\\/helamed-gmbh.de\\\/el\\\/\",\"logo\":{\"@type\":\"ImageObject\",\"inLanguage\":\"el\",\"@id\":\"https:\\\/\\\/helamed-gmbh.de\\\/el\\\/#\\\/schema\\\/logo\\\/image\\\/\",\"url\":\"https:\\\/\\\/helamed-gmbh.de\\\/wp-content\\\/uploads\\\/2025\\\/07\\\/cropped-helamed_logo.png\",\"contentUrl\":\"https:\\\/\\\/helamed-gmbh.de\\\/wp-content\\\/uploads\\\/2025\\\/07\\\/cropped-helamed_logo.png\",\"width\":318,\"height\":125,\"caption\":\"HELAmed GmbH\"},\"image\":{\"@id\":\"https:\\\/\\\/helamed-gmbh.de\\\/el\\\/#\\\/schema\\\/logo\\\/image\\\/\"}}]}<\/script>\n<!-- \/ Yoast SEO plugin. -->","yoast_head_json":{"title":"Mindray Resona i8 - HELAmed GmbH","robots":{"index":"index","follow":"follow","max-snippet":"max-snippet:-1","max-image-preview":"max-image-preview:large","max-video-preview":"max-video-preview:-1"},"canonical":"https:\/\/helamed-gmbh.de\/el\/produkt\/mindray-resona-i8\/","og_locale":"el_GR","og_type":"article","og_title":"Mindray Resona i8 - HELAmed GmbH","og_description":"Mit seinem innovativen Design und einer Vielzahl fortschrittlicher Funktionen bietet das Resona I8 ein v\u00f6llig neues Ultraschallerlebnis. Entwickelt f\u00fcr den steigenden Patientendurchsatz, unterst\u00fctzt es Sie dabei, auch unter hohem Arbeitsaufkommen effizient und sicher zu arbeiten \u2013 unabh\u00e4ngig von Patiententyp oder klinischer Herausforderung.  Jedes Detail wurde mit dem Ziel gestaltet, das Risiko von \u00dcberlastung zu minimieren und w\u00e4hrend des gesamten Workflows f\u00fcr maximalen ergonomischen Komfort zu sorgen.  EINSATZGEBIETE   \u00e4rztliche Grundversorgung","og_url":"https:\/\/helamed-gmbh.de\/el\/produkt\/mindray-resona-i8\/","og_site_name":"HELAmed GmbH","article_modified_time":"2025-07-26T11:42:23+00:00","og_image":[{"width":960,"height":960,"url":"https:\/\/helamed-gmbh.de\/wp-content\/uploads\/2025\/07\/Mindray_Resona_i8.jpg","type":"image\/jpeg"}],"twitter_card":"summary_large_image","twitter_misc":{"\u0395\u03ba\u03c4\u03b9\u03bc\u03ce\u03bc\u03b5\u03bd\u03bf\u03c2 \u03c7\u03c1\u03cc\u03bd\u03bf\u03c2 \u03b1\u03bd\u03ac\u03b3\u03bd\u03c9\u03c3\u03b7\u03c2":"1 \u03bb\u03b5\u03c0\u03c4\u03cc"},"schema":{"@context":"https:\/\/schema.org","@graph":[{"@type":"WebPage","@id":"https:\/\/helamed-gmbh.de\/el\/produkt\/mindray-resona-i8\/","url":"https:\/\/helamed-gmbh.de\/el\/produkt\/mindray-resona-i8\/","name":"Mindray Resona i8 - HELAmed GmbH","isPartOf":{"@id":"https:\/\/helamed-gmbh.de\/el\/#website"},"primaryImageOfPage":{"@id":"https:\/\/helamed-gmbh.de\/el\/produkt\/mindray-resona-i8\/#primaryimage"},"image":{"@id":"https:\/\/helamed-gmbh.de\/el\/produkt\/mindray-resona-i8\/#primaryimage"},"thumbnailUrl":"https:\/\/helamed-gmbh.de\/wp-content\/uploads\/2025\/07\/Mindray_Resona_i8.jpg","datePublished":"2025-07-26T11:41:14+00:00","dateModified":"2025-07-26T11:42:23+00:00","breadcrumb":{"@id":"https:\/\/helamed-gmbh.de\/el\/produkt\/mindray-resona-i8\/#breadcrumb"},"inLanguage":"el","potentialAction":[{"@type":"ReadAction","target":["https:\/\/helamed-gmbh.de\/el\/produkt\/mindray-resona-i8\/"]}]},{"@type":"ImageObject","inLanguage":"el","@id":"https:\/\/helamed-gmbh.de\/el\/produkt\/mindray-resona-i8\/#primaryimage","url":"https:\/\/helamed-gmbh.de\/wp-content\/uploads\/2025\/07\/Mindray_Resona_i8.jpg","contentUrl":"https:\/\/helamed-gmbh.de\/wp-content\/uploads\/2025\/07\/Mindray_Resona_i8.jpg","width":960,"height":960},{"@type":"BreadcrumbList","@id":"https:\/\/helamed-gmbh.de\/el\/produkt\/mindray-resona-i8\/#breadcrumb","itemListElement":[{"@type":"ListItem","position":1,"name":"Startseite","item":"https:\/\/helamed-gmbh.de\/el\/%ce%b1%cf%81%cf%87%ce%b9%ce%ba%ce%ae-%cf%83%ce%b5%ce%bb%ce%af%ce%b4%ce%b1\/"},{"@type":"ListItem","position":2,"name":"Shop","item":"https:\/\/helamed-gmbh.de\/?page_id=626"},{"@type":"ListItem","position":3,"name":"Mindray Resona i8"}]},{"@type":"WebSite","@id":"https:\/\/helamed-gmbh.de\/el\/#website","url":"https:\/\/helamed-gmbh.de\/el\/","name":"HELAmed GmbH","description":"Medizintechnik und Fachberatung f\u00fcr Kliniken und Fachpersonal \u2013 alles aus einer Hand.","publisher":{"@id":"https:\/\/helamed-gmbh.de\/el\/#organization"},"potentialAction":[{"@type":"SearchAction","target":{"@type":"EntryPoint","urlTemplate":"https:\/\/helamed-gmbh.de\/el\/?s={search_term_string}"},"query-input":{"@type":"PropertyValueSpecification","valueRequired":true,"valueName":"search_term_string"}}],"inLanguage":"el"},{"@type":"Organization","@id":"https:\/\/helamed-gmbh.de\/el\/#organization","name":"HELAmed GmbH","url":"https:\/\/helamed-gmbh.de\/el\/","logo":{"@type":"ImageObject","inLanguage":"el","@id":"https:\/\/helamed-gmbh.de\/el\/#\/schema\/logo\/image\/","url":"https:\/\/helamed-gmbh.de\/wp-content\/uploads\/2025\/07\/cropped-helamed_logo.png","contentUrl":"https:\/\/helamed-gmbh.de\/wp-content\/uploads\/2025\/07\/cropped-helamed_logo.png","width":318,"height":125,"caption":"HELAmed GmbH"},"image":{"@id":"https:\/\/helamed-gmbh.de\/el\/#\/schema\/logo\/image\/"}}]}},"_links":{"self":[{"href":"https:\/\/helamed-gmbh.de\/el\/wp-json\/wp\/v2\/product\/1314","targetHints":{"allow":["GET"]}}],"collection":[{"href":"https:\/\/helamed-gmbh.de\/el\/wp-json\/wp\/v2\/product"}],"about":[{"href":"https:\/\/helamed-gmbh.de\/el\/wp-json\/wp\/v2\/types\/product"}],"wp:featuredmedia":[{"embeddable":true,"href":"https:\/\/helamed-gmbh.de\/el\/wp-json\/wp\/v2\/media\/1627"}],"wp:attachment":[{"href":"https:\/\/helamed-gmbh.de\/el\/wp-json\/wp\/v2\/media?parent=1314"}],"wp:term":[{"taxonomy":"product_brand","embeddable":true,"href":"https:\/\/helamed-gmbh.de\/el\/wp-json\/wp\/v2\/product_brand?post=1314"},{"taxonomy":"product_cat","embeddable":true,"href":"https:\/\/helamed-gmbh.de\/el\/wp-json\/wp\/v2\/product_cat?post=1314"},{"taxonomy":"product_tag","embeddable":true,"href":"https:\/\/helamed-gmbh.de\/el\/wp-json\/wp\/v2\/product_tag?post=1314"}],"curies":[{"name":"wp","href":"https:\/\/api.w.org\/{rel}","templated":true}]}}