{"id":1453,"date":"2025-07-26T13:41:39","date_gmt":"2025-07-26T11:41:39","guid":{"rendered":"https:\/\/helamed-gmbh.de\/?post_type=product&#038;p=1453"},"modified":"2025-07-26T13:42:26","modified_gmt":"2025-07-26T11:42:26","slug":"mindray-resona-i9","status":"publish","type":"product","link":"https:\/\/helamed-gmbh.de\/el\/produkt\/mindray-resona-i9\/","title":{"rendered":"Mindray Resona i9"},"content":{"rendered":"<h3 style=\"color: #ff6f00;\" data-start=\"334\" data-end=\"356\">Ultraschall in neuer Perfektion \u2013 Resona I9<\/h3>\n<p>Das <strong data-start=\"1245\" data-end=\"1258\">Resona I9<\/strong> steht f\u00fcr Ultraschalltechnologie in ihrer konsequentesten Form \u2013 <strong data-start=\"1324\" data-end=\"1357\">pr\u00e4zise, schnell und flexibel<\/strong>.<\/p>\n<ul>\n<li data-start=\"782\" data-end=\"852\">\n<p data-start=\"784\" data-end=\"852\"><strong data-start=\"787\" data-end=\"807\">ZST+ Technologie<\/strong> \u2013 F\u00fcr exzellente, fokussierte Bildqualit\u00e4t<\/p>\n<\/li>\n<li data-start=\"853\" data-end=\"930\">\n<p data-start=\"855\" data-end=\"930\"><strong data-start=\"857\" data-end=\"879\">Intelligente Tools<\/strong> \u2013 F\u00fcr automatisierte Prozesse und mehr Effizienz<\/p>\n<\/li>\n<li data-start=\"931\" data-end=\"999\">\n<p data-start=\"933\" data-end=\"999\"><strong data-start=\"937\" data-end=\"962\">Smartes Control Panel<\/strong> \u2013 Intuitiv, anpassbar, ergonomisch<\/p>\n<\/li>\n<li data-start=\"931\" data-end=\"999\">\n<p data-start=\"933\" data-end=\"999\"><strong data-start=\"1005\" data-end=\"1037\">Bis zu 4 Stunden Akkubetrieb<\/strong> \u2013 Ultraschall, wo immer Sie ihn brauchen<\/p>\n<\/li>\n<li data-start=\"1081\" data-end=\"1163\">\n<p data-start=\"1083\" data-end=\"1163\"><strong data-start=\"1086\" data-end=\"1111\">Grenzenlose Mobilit\u00e4t<\/strong> \u2013 Ideal f\u00fcr den Einsatz in wechselnden Umgebungen<\/p>\n<\/li>\n<li data-start=\"1164\" data-end=\"1234\">\n<p data-start=\"1166\" data-end=\"1234\"><strong data-start=\"1169\" data-end=\"1193\">Intelligentes Design<\/strong> \u2013 Modern, platzsparend, nutzerfreundlich<\/p>\n<\/li>\n<\/ul>\n<p><img fetchpriority=\"high\" decoding=\"async\" class=\"alignnone wp-image-1000 size-full\" src=\"https:\/\/primus-medizintechnik.de\/wp-content\/uploads\/2025\/07\/eigenschaften.png\" alt=\"\" width=\"1758\" height=\"945\" \/><\/p>\n<h3 data-start=\"134\" data-end=\"197\"><strong data-start=\"138\" data-end=\"195\">Kabellos mobil \u2013 Patientenuntersuchung direkt am Bett<\/strong><\/h3>\n<p data-start=\"198\" data-end=\"338\">Mit dem Resona I9 sind <strong data-start=\"221\" data-end=\"259\">Untersuchungen ohne Stromanschluss<\/strong> problemlos m\u00f6glich \u2013 ideal f\u00fcr den Einsatz auf Station oder im Notfallbereich.<\/p>\n<ul data-start=\"340\" data-end=\"534\">\n<li data-start=\"340\" data-end=\"405\">\n<p data-start=\"342\" data-end=\"405\"><strong data-start=\"345\" data-end=\"390\">Bis zu 4 Stunden kontinuierlicher Betrieb<\/strong> im Akkumodus<\/p>\n<\/li>\n<li data-start=\"406\" data-end=\"534\">\n<p data-start=\"408\" data-end=\"534\"><strong data-start=\"410\" data-end=\"438\">Intelligente Restanzeige<\/strong>: Beim Ber\u00fchren des rechten Griffs zeigt das System automatisch die verbleibende Akkuleistung an<\/p>\n<\/li>\n<\/ul>\n<p data-start=\"536\" data-end=\"657\">So bleiben Sie <strong data-start=\"551\" data-end=\"581\">flexibel und einsatzbereit<\/strong>, unabh\u00e4ngig von der Umgebung \u2013 f\u00fcr maximale Mobilit\u00e4t im klinischen Alltag.<\/p>\n<div style=\"width: 800px;\" class=\"wp-video\"><video class=\"wp-video-shortcode\" id=\"video-1453-1\" width=\"800\" height=\"450\" poster=\"https:\/\/primus-medizintechnik.de\/wp-content\/uploads\/2025\/07\/batteryvideo.png\" preload=\"metadata\" controls=\"controls\"><source type=\"video\/mp4\" src=\"https:\/\/primus-medizintechnik.de\/wp-content\/uploads\/2025\/07\/resona-i9-easy-battery.mp4?_=1\" \/><a href=\"https:\/\/primus-medizintechnik.de\/wp-content\/uploads\/2025\/07\/resona-i9-easy-battery.mp4\">https:\/\/primus-medizintechnik.de\/wp-content\/uploads\/2025\/07\/resona-i9-easy-battery.mp4<\/a><\/video><\/div>\n","protected":false},"excerpt":{"rendered":"<p data-start=\"208\" data-end=\"473\">Mit dem <strong data-start=\"216\" data-end=\"229\">Resona I9<\/strong> werden h\u00f6chste Anforderungen an Bildqualit\u00e4t, Effizienz und Mobilit\u00e4t neu definiert. Ausgestattet mit der <strong data-start=\"336\" data-end=\"369\">patentierten ZST+ Technologie<\/strong>, liefert das System eine herausragende Bildsch\u00e4rfe \u2013 selbst bei schwierigen klinischen Fragestellungen.<\/p>\n<p data-start=\"475\" data-end=\"736\"><strong data-start=\"475\" data-end=\"502\">Intelligente Funktionen<\/strong> und ein durchdachtes Bedienkonzept sorgen f\u00fcr deutliche <strong data-start=\"559\" data-end=\"576\">Zeitersparnis<\/strong> im Alltag. Dank des integrierten Akkus mit <strong data-start=\"620\" data-end=\"649\">bis zu 4 Stunden Laufzeit<\/strong> ist das Resona I9 auch mobil flexibel einsetzbar \u2013 ohne Abstriche bei der Performance.<\/p>\n[video width=\"1920\" height=\"1080\" mp4=\"https:\/\/primus-medizintechnik.de\/wp-content\/uploads\/2025\/07\/resona-i9-product-video.mp4\" poster=\"https:\/\/primus-medizintechnik.de\/wp-content\/uploads\/2025\/07\/video-i9.png\"][\/video]\n<h2 style=\"color: #ff6f00;\" data-start=\"334\" data-end=\"356\"><strong data-start=\"338\" data-end=\"356\">EINSATZGEBIETE<\/strong><\/h2>\n<ul>\n<li>\u00e4rztliche Grundversorgung<\/li>\n<\/ul>\n","protected":false},"featured_media":1627,"template":"","meta":[],"product_brand":[50],"product_cat":[61],"product_tag":[62,65,63,64,66],"class_list":{"0":"post-1453","1":"product","2":"type-product","3":"status-publish","4":"has-post-thumbnail","6":"product_brand-mindray","7":"product_cat-stationaere-ultraschallgeraet","8":"product_tag-diagnostischer-ultraschall","9":"product_tag-konsolengeraet","10":"product_tag-sonographie","11":"product_tag-ultraschallgeraet","12":"product_tag-ultrasound","14":"first","15":"instock","16":"shipping-taxable","17":"product-type-simple"},"yoast_head":"<!-- This site is optimized with the Yoast SEO plugin v27.3 - https:\/\/yoast.com\/product\/yoast-seo-wordpress\/ -->\n<title>Mindray Resona i9 - HELAmed GmbH<\/title>\n<meta name=\"robots\" content=\"index, follow, max-snippet:-1, max-image-preview:large, max-video-preview:-1\" \/>\n<link rel=\"canonical\" href=\"https:\/\/helamed-gmbh.de\/el\/produkt\/mindray-resona-i9\/\" \/>\n<meta property=\"og:locale\" content=\"el_GR\" \/>\n<meta property=\"og:type\" content=\"article\" \/>\n<meta property=\"og:title\" content=\"Mindray Resona i9 - HELAmed GmbH\" \/>\n<meta property=\"og:description\" content=\"Mit dem Resona I9 werden h\u00f6chste Anforderungen an Bildqualit\u00e4t, Effizienz und Mobilit\u00e4t neu definiert. Ausgestattet mit der patentierten ZST+ Technologie, liefert das System eine herausragende Bildsch\u00e4rfe \u2013 selbst bei schwierigen klinischen Fragestellungen. Intelligente Funktionen und ein durchdachtes Bedienkonzept sorgen f\u00fcr deutliche Zeitersparnis im Alltag. Dank des integrierten Akkus mit bis zu 4 Stunden Laufzeit ist das Resona I9 auch mobil flexibel einsetzbar \u2013 ohne Abstriche bei der Performance.  EINSATZGEBIETE   \u00e4rztliche Grundversorgung\" \/>\n<meta property=\"og:url\" content=\"https:\/\/helamed-gmbh.de\/el\/produkt\/mindray-resona-i9\/\" \/>\n<meta property=\"og:site_name\" content=\"HELAmed GmbH\" \/>\n<meta property=\"article:modified_time\" content=\"2025-07-26T11:42:26+00:00\" \/>\n<meta property=\"og:image\" content=\"https:\/\/helamed-gmbh.de\/wp-content\/uploads\/2025\/07\/Mindray_Resona_i8.jpg\" \/>\n\t<meta property=\"og:image:width\" content=\"960\" \/>\n\t<meta property=\"og:image:height\" content=\"960\" \/>\n\t<meta property=\"og:image:type\" content=\"image\/jpeg\" \/>\n<meta name=\"twitter:card\" content=\"summary_large_image\" \/>\n<meta name=\"twitter:label1\" content=\"\u0395\u03ba\u03c4\u03b9\u03bc\u03ce\u03bc\u03b5\u03bd\u03bf\u03c2 \u03c7\u03c1\u03cc\u03bd\u03bf\u03c2 \u03b1\u03bd\u03ac\u03b3\u03bd\u03c9\u03c3\u03b7\u03c2\" \/>\n\t<meta name=\"twitter:data1\" content=\"1 \u03bb\u03b5\u03c0\u03c4\u03cc\" \/>\n<script type=\"application\/ld+json\" class=\"yoast-schema-graph\">{\"@context\":\"https:\\\/\\\/schema.org\",\"@graph\":[{\"@type\":\"WebPage\",\"@id\":\"https:\\\/\\\/helamed-gmbh.de\\\/el\\\/produkt\\\/mindray-resona-i9\\\/\",\"url\":\"https:\\\/\\\/helamed-gmbh.de\\\/el\\\/produkt\\\/mindray-resona-i9\\\/\",\"name\":\"Mindray Resona i9 - HELAmed GmbH\",\"isPartOf\":{\"@id\":\"https:\\\/\\\/helamed-gmbh.de\\\/el\\\/#website\"},\"primaryImageOfPage\":{\"@id\":\"https:\\\/\\\/helamed-gmbh.de\\\/el\\\/produkt\\\/mindray-resona-i9\\\/#primaryimage\"},\"image\":{\"@id\":\"https:\\\/\\\/helamed-gmbh.de\\\/el\\\/produkt\\\/mindray-resona-i9\\\/#primaryimage\"},\"thumbnailUrl\":\"https:\\\/\\\/helamed-gmbh.de\\\/wp-content\\\/uploads\\\/2025\\\/07\\\/Mindray_Resona_i8.jpg\",\"datePublished\":\"2025-07-26T11:41:39+00:00\",\"dateModified\":\"2025-07-26T11:42:26+00:00\",\"breadcrumb\":{\"@id\":\"https:\\\/\\\/helamed-gmbh.de\\\/el\\\/produkt\\\/mindray-resona-i9\\\/#breadcrumb\"},\"inLanguage\":\"el\",\"potentialAction\":[{\"@type\":\"ReadAction\",\"target\":[\"https:\\\/\\\/helamed-gmbh.de\\\/el\\\/produkt\\\/mindray-resona-i9\\\/\"]}]},{\"@type\":\"ImageObject\",\"inLanguage\":\"el\",\"@id\":\"https:\\\/\\\/helamed-gmbh.de\\\/el\\\/produkt\\\/mindray-resona-i9\\\/#primaryimage\",\"url\":\"https:\\\/\\\/helamed-gmbh.de\\\/wp-content\\\/uploads\\\/2025\\\/07\\\/Mindray_Resona_i8.jpg\",\"contentUrl\":\"https:\\\/\\\/helamed-gmbh.de\\\/wp-content\\\/uploads\\\/2025\\\/07\\\/Mindray_Resona_i8.jpg\",\"width\":960,\"height\":960},{\"@type\":\"BreadcrumbList\",\"@id\":\"https:\\\/\\\/helamed-gmbh.de\\\/el\\\/produkt\\\/mindray-resona-i9\\\/#breadcrumb\",\"itemListElement\":[{\"@type\":\"ListItem\",\"position\":1,\"name\":\"Startseite\",\"item\":\"https:\\\/\\\/helamed-gmbh.de\\\/el\\\/%ce%b1%cf%81%cf%87%ce%b9%ce%ba%ce%ae-%cf%83%ce%b5%ce%bb%ce%af%ce%b4%ce%b1\\\/\"},{\"@type\":\"ListItem\",\"position\":2,\"name\":\"Shop\",\"item\":\"https:\\\/\\\/helamed-gmbh.de\\\/?page_id=626\"},{\"@type\":\"ListItem\",\"position\":3,\"name\":\"Mindray Resona i9\"}]},{\"@type\":\"WebSite\",\"@id\":\"https:\\\/\\\/helamed-gmbh.de\\\/el\\\/#website\",\"url\":\"https:\\\/\\\/helamed-gmbh.de\\\/el\\\/\",\"name\":\"HELAmed GmbH\",\"description\":\"Medizintechnik und Fachberatung f\u00fcr Kliniken und Fachpersonal \u2013 alles aus einer Hand.\",\"publisher\":{\"@id\":\"https:\\\/\\\/helamed-gmbh.de\\\/el\\\/#organization\"},\"potentialAction\":[{\"@type\":\"SearchAction\",\"target\":{\"@type\":\"EntryPoint\",\"urlTemplate\":\"https:\\\/\\\/helamed-gmbh.de\\\/el\\\/?s={search_term_string}\"},\"query-input\":{\"@type\":\"PropertyValueSpecification\",\"valueRequired\":true,\"valueName\":\"search_term_string\"}}],\"inLanguage\":\"el\"},{\"@type\":\"Organization\",\"@id\":\"https:\\\/\\\/helamed-gmbh.de\\\/el\\\/#organization\",\"name\":\"HELAmed GmbH\",\"url\":\"https:\\\/\\\/helamed-gmbh.de\\\/el\\\/\",\"logo\":{\"@type\":\"ImageObject\",\"inLanguage\":\"el\",\"@id\":\"https:\\\/\\\/helamed-gmbh.de\\\/el\\\/#\\\/schema\\\/logo\\\/image\\\/\",\"url\":\"https:\\\/\\\/helamed-gmbh.de\\\/wp-content\\\/uploads\\\/2025\\\/07\\\/cropped-helamed_logo.png\",\"contentUrl\":\"https:\\\/\\\/helamed-gmbh.de\\\/wp-content\\\/uploads\\\/2025\\\/07\\\/cropped-helamed_logo.png\",\"width\":318,\"height\":125,\"caption\":\"HELAmed GmbH\"},\"image\":{\"@id\":\"https:\\\/\\\/helamed-gmbh.de\\\/el\\\/#\\\/schema\\\/logo\\\/image\\\/\"}}]}<\/script>\n<!-- \/ Yoast SEO plugin. -->","yoast_head_json":{"title":"Mindray Resona i9 - HELAmed GmbH","robots":{"index":"index","follow":"follow","max-snippet":"max-snippet:-1","max-image-preview":"max-image-preview:large","max-video-preview":"max-video-preview:-1"},"canonical":"https:\/\/helamed-gmbh.de\/el\/produkt\/mindray-resona-i9\/","og_locale":"el_GR","og_type":"article","og_title":"Mindray Resona i9 - HELAmed GmbH","og_description":"Mit dem Resona I9 werden h\u00f6chste Anforderungen an Bildqualit\u00e4t, Effizienz und Mobilit\u00e4t neu definiert. Ausgestattet mit der patentierten ZST+ Technologie, liefert das System eine herausragende Bildsch\u00e4rfe \u2013 selbst bei schwierigen klinischen Fragestellungen. Intelligente Funktionen und ein durchdachtes Bedienkonzept sorgen f\u00fcr deutliche Zeitersparnis im Alltag. Dank des integrierten Akkus mit bis zu 4 Stunden Laufzeit ist das Resona I9 auch mobil flexibel einsetzbar \u2013 ohne Abstriche bei der Performance.  EINSATZGEBIETE   \u00e4rztliche Grundversorgung","og_url":"https:\/\/helamed-gmbh.de\/el\/produkt\/mindray-resona-i9\/","og_site_name":"HELAmed GmbH","article_modified_time":"2025-07-26T11:42:26+00:00","og_image":[{"width":960,"height":960,"url":"https:\/\/helamed-gmbh.de\/wp-content\/uploads\/2025\/07\/Mindray_Resona_i8.jpg","type":"image\/jpeg"}],"twitter_card":"summary_large_image","twitter_misc":{"\u0395\u03ba\u03c4\u03b9\u03bc\u03ce\u03bc\u03b5\u03bd\u03bf\u03c2 \u03c7\u03c1\u03cc\u03bd\u03bf\u03c2 \u03b1\u03bd\u03ac\u03b3\u03bd\u03c9\u03c3\u03b7\u03c2":"1 \u03bb\u03b5\u03c0\u03c4\u03cc"},"schema":{"@context":"https:\/\/schema.org","@graph":[{"@type":"WebPage","@id":"https:\/\/helamed-gmbh.de\/el\/produkt\/mindray-resona-i9\/","url":"https:\/\/helamed-gmbh.de\/el\/produkt\/mindray-resona-i9\/","name":"Mindray Resona i9 - HELAmed GmbH","isPartOf":{"@id":"https:\/\/helamed-gmbh.de\/el\/#website"},"primaryImageOfPage":{"@id":"https:\/\/helamed-gmbh.de\/el\/produkt\/mindray-resona-i9\/#primaryimage"},"image":{"@id":"https:\/\/helamed-gmbh.de\/el\/produkt\/mindray-resona-i9\/#primaryimage"},"thumbnailUrl":"https:\/\/helamed-gmbh.de\/wp-content\/uploads\/2025\/07\/Mindray_Resona_i8.jpg","datePublished":"2025-07-26T11:41:39+00:00","dateModified":"2025-07-26T11:42:26+00:00","breadcrumb":{"@id":"https:\/\/helamed-gmbh.de\/el\/produkt\/mindray-resona-i9\/#breadcrumb"},"inLanguage":"el","potentialAction":[{"@type":"ReadAction","target":["https:\/\/helamed-gmbh.de\/el\/produkt\/mindray-resona-i9\/"]}]},{"@type":"ImageObject","inLanguage":"el","@id":"https:\/\/helamed-gmbh.de\/el\/produkt\/mindray-resona-i9\/#primaryimage","url":"https:\/\/helamed-gmbh.de\/wp-content\/uploads\/2025\/07\/Mindray_Resona_i8.jpg","contentUrl":"https:\/\/helamed-gmbh.de\/wp-content\/uploads\/2025\/07\/Mindray_Resona_i8.jpg","width":960,"height":960},{"@type":"BreadcrumbList","@id":"https:\/\/helamed-gmbh.de\/el\/produkt\/mindray-resona-i9\/#breadcrumb","itemListElement":[{"@type":"ListItem","position":1,"name":"Startseite","item":"https:\/\/helamed-gmbh.de\/el\/%ce%b1%cf%81%cf%87%ce%b9%ce%ba%ce%ae-%cf%83%ce%b5%ce%bb%ce%af%ce%b4%ce%b1\/"},{"@type":"ListItem","position":2,"name":"Shop","item":"https:\/\/helamed-gmbh.de\/?page_id=626"},{"@type":"ListItem","position":3,"name":"Mindray Resona i9"}]},{"@type":"WebSite","@id":"https:\/\/helamed-gmbh.de\/el\/#website","url":"https:\/\/helamed-gmbh.de\/el\/","name":"HELAmed GmbH","description":"Medizintechnik und Fachberatung f\u00fcr Kliniken und Fachpersonal \u2013 alles aus einer Hand.","publisher":{"@id":"https:\/\/helamed-gmbh.de\/el\/#organization"},"potentialAction":[{"@type":"SearchAction","target":{"@type":"EntryPoint","urlTemplate":"https:\/\/helamed-gmbh.de\/el\/?s={search_term_string}"},"query-input":{"@type":"PropertyValueSpecification","valueRequired":true,"valueName":"search_term_string"}}],"inLanguage":"el"},{"@type":"Organization","@id":"https:\/\/helamed-gmbh.de\/el\/#organization","name":"HELAmed GmbH","url":"https:\/\/helamed-gmbh.de\/el\/","logo":{"@type":"ImageObject","inLanguage":"el","@id":"https:\/\/helamed-gmbh.de\/el\/#\/schema\/logo\/image\/","url":"https:\/\/helamed-gmbh.de\/wp-content\/uploads\/2025\/07\/cropped-helamed_logo.png","contentUrl":"https:\/\/helamed-gmbh.de\/wp-content\/uploads\/2025\/07\/cropped-helamed_logo.png","width":318,"height":125,"caption":"HELAmed GmbH"},"image":{"@id":"https:\/\/helamed-gmbh.de\/el\/#\/schema\/logo\/image\/"}}]}},"_links":{"self":[{"href":"https:\/\/helamed-gmbh.de\/el\/wp-json\/wp\/v2\/product\/1453","targetHints":{"allow":["GET"]}}],"collection":[{"href":"https:\/\/helamed-gmbh.de\/el\/wp-json\/wp\/v2\/product"}],"about":[{"href":"https:\/\/helamed-gmbh.de\/el\/wp-json\/wp\/v2\/types\/product"}],"wp:featuredmedia":[{"embeddable":true,"href":"https:\/\/helamed-gmbh.de\/el\/wp-json\/wp\/v2\/media\/1627"}],"wp:attachment":[{"href":"https:\/\/helamed-gmbh.de\/el\/wp-json\/wp\/v2\/media?parent=1453"}],"wp:term":[{"taxonomy":"product_brand","embeddable":true,"href":"https:\/\/helamed-gmbh.de\/el\/wp-json\/wp\/v2\/product_brand?post=1453"},{"taxonomy":"product_cat","embeddable":true,"href":"https:\/\/helamed-gmbh.de\/el\/wp-json\/wp\/v2\/product_cat?post=1453"},{"taxonomy":"product_tag","embeddable":true,"href":"https:\/\/helamed-gmbh.de\/el\/wp-json\/wp\/v2\/product_tag?post=1453"}],"curies":[{"name":"wp","href":"https:\/\/api.w.org\/{rel}","templated":true}]}}