{"id":1455,"date":"2025-07-26T13:41:41","date_gmt":"2025-07-26T11:41:41","guid":{"rendered":"https:\/\/helamed-gmbh.de\/?post_type=product&#038;p=1455"},"modified":"2025-07-27T13:27:57","modified_gmt":"2025-07-27T11:27:57","slug":"mindray-te-air","status":"publish","type":"product","link":"https:\/\/helamed-gmbh.de\/el\/produkt\/mindray-te-air\/","title":{"rendered":"Mindray TE AIR"},"content":{"rendered":"<h3 style=\"color: #07abf2;\" data-start=\"334\" data-end=\"356\"><strong data-start=\"338\" data-end=\"356\">Unbegrenzte Innovation \u2013 Mindray TE Air<\/strong><\/h3>\n<p>Das neue TE Air, kabellose tragbare Ultraschallsystem der neuen Generation von Mindray, wurde entwickelt, um den h\u00f6heren klinischen Anforderungen gerecht zu werden, z. B. in der Notfallmedizin und der Intensivpflege. Durch die Kombination von erstklassigen Funktionen mit einem kabellosen Erlebnis, effizienter Konnektivit\u00e4t und einem robusten Design tr\u00e4gt die kabellose Sonde TE Air dazu bei, das Vertrauen und die Effizienz des Klinikpersonals in noch nie dagewesener Weise zu verbessern.<\/p>\n<h3 data-start=\"124\" data-end=\"158\"><strong data-start=\"128\" data-end=\"158\">Kompakt. Leicht. Kabellos.<\/strong><\/h3>\n<p><img fetchpriority=\"high\" decoding=\"async\" class=\"alignnone wp-image-1032 size-full\" src=\"https:\/\/primus-medizintechnik.de\/wp-content\/uploads\/2025\/07\/Mindray_TE-AIR-4.jpg\" alt=\"\" width=\"960\" height=\"640\" \/><\/p>\n<p data-start=\"160\" data-end=\"297\">Das Mindray <strong data-start=\"164\" data-end=\"174\">TE Air<\/strong> Ultraschall-Handger\u00e4t wurde f\u00fcr maximale <strong data-start=\"216\" data-end=\"249\">Bewegungsfreiheit und Komfort<\/strong> entwickelt \u2013 ohne Kompromisse bei der Leistung:<\/p>\n<ul data-start=\"299\" data-end=\"545\">\n<li data-start=\"299\" data-end=\"361\">\n<p data-start=\"301\" data-end=\"361\"><strong data-start=\"304\" data-end=\"323\">WLAN-Verbindung<\/strong> \u2013 keine Einschr\u00e4nkungen durch Kabel<\/p>\n<\/li>\n<li data-start=\"362\" data-end=\"449\">\n<p data-start=\"364\" data-end=\"449\"><strong data-start=\"367\" data-end=\"387\">Leichtes Gewicht<\/strong> \u2013 liegt angenehm in der Hand, auch bei l\u00e4ngeren Anwendungen<\/p>\n<\/li>\n<li data-start=\"450\" data-end=\"545\">\n<p data-start=\"452\" data-end=\"545\"><strong data-start=\"455\" data-end=\"475\">Kompaktes Design<\/strong> \u2013 ideal f\u00fcr enge R\u00e4ume und ein verbessertes <strong data-start=\"520\" data-end=\"545\">interkostales Fenster<\/strong><\/p>\n<\/li>\n<\/ul>\n<p data-start=\"547\" data-end=\"691\">Perfekt f\u00fcr den Einsatz in der <strong data-start=\"578\" data-end=\"596\">Notfallmedizin<\/strong>, <strong data-start=\"598\" data-end=\"616\">Intensivpflege<\/strong> und anderen anspruchsvollen Umgebungen \u2013 \u00fcberall dort, wo Mobilit\u00e4t z\u00e4hlt.<\/p>\n<ul>\n<li>Mobiles Handheld Ultraschallsystem<\/li>\n<li>Kabellos<\/li>\n<li>\u00a0Integrierte Li-Ionen-Batterie<\/li>\n<li>TEX20 Komaptibel<\/li>\n<li>B\/M\/Color\/Power-Doppler Imaging<\/li>\n<li>Einhandmodus<\/li>\n<li>35-min Schnellladefunktion<\/li>\n<li>Integriertes W-Lan Modul<\/li>\n<li>Wireless charging<\/li>\n<li>DICOM (Integration in Ihre DICOM Schnitstelle)<\/li>\n<li>App f\u00fcr die mobile Nutzung<\/li>\n<li>Kardiologische Messprogramme<\/li>\n<li>IP68 Wassergesch\u00fctzt<\/li>\n<\/ul>\n<h2 data-start=\"3257\" data-end=\"3319\">Jetzt Mindray TE Air bei Primus Medizintechnik entdecken<\/h2>\n<p data-start=\"3321\" data-end=\"3613\">Mit dem <strong data-start=\"3329\" data-end=\"3347\">Mindray TE Air<\/strong> investieren Sie in ein hochmodernes, zuverl\u00e4ssiges Ultraschallger\u00e4t, das sich nahtlos in Ihre mobilen und station\u00e4ren Abl\u00e4ufe integrieren l\u00e4sst. Bei <strong data-start=\"3497\" data-end=\"3522\">Primus Medizintechnik<\/strong> beraten wir Sie gerne individuell und bieten auch Schulungen sowie technischen Support an.<\/p>\n<p>&nbsp;<\/p>\n<p>&nbsp;<\/p>\n","protected":false},"excerpt":{"rendered":"<p data-start=\"200\" data-end=\"273\">Das <strong data-start=\"345\" data-end=\"363\">Mindray TE Air<\/strong> ist ein modernes, kabelloses Handheld-Ultraschallger\u00e4t, das speziell f\u00fcr mobile Point-of-Care-Anwendungen (POCUS) entwickelt wurde. Es kombiniert hohe Bildqualit\u00e4t, robuste Verarbeitung und absolute Bewegungsfreiheit \u2013 ideal f\u00fcr medizinisches Fachpersonal, das jederzeit und \u00fcberall pr\u00e4zise Diagnosen stellen muss.<\/p>\n[video width=\"1920\" height=\"1080\" mp4=\"https:\/\/primus-medizintechnik.de\/wp-content\/uploads\/2025\/07\/te-air-product-video.mp4\" poster=\"https:\/\/primus-medizintechnik.de\/wp-content\/uploads\/2025\/07\/videi-air.png\"][\/video]\n<p data-start=\"275\" data-end=\"555\">Der <strong data-start=\"279\" data-end=\"316\">Point-of-Care-Ultraschall (POCUS)<\/strong> hat sich in dynamischen klinischen Umgebungen wie der <strong data-start=\"371\" data-end=\"383\">Notfall-<\/strong> und <strong data-start=\"388\" data-end=\"407\">Intensivmedizin<\/strong> als unverzichtbares Diagnoseinstrument etabliert. Mit zunehmender klinischer Relevanz steigt auch der Bedarf an leistungsstarken, mobilen L\u00f6sungen.<\/p>\n<p data-start=\"275\" data-end=\"555\"><img decoding=\"async\" class=\"alignnone wp-image-1033 size-full\" src=\"https:\/\/primus-medizintechnik.de\/wp-content\/uploads\/2025\/07\/Mindray_TE-AIR-20.jpg\" alt=\"\" width=\"960\" height=\"640\" \/><\/p>\n<p data-start=\"557\" data-end=\"720\">Das neue <strong data-start=\"566\" data-end=\"576\">TE Air<\/strong> von Mindray ist ein <strong data-start=\"597\" data-end=\"633\">kabelloses Ultraschall-Handger\u00e4t<\/strong>, das h\u00f6chste Anspr\u00fcche erf\u00fcllt \u2013 kompakt, robust und intuitiv bedienbar.<br data-start=\"706\" data-end=\"709\" \/>Es vereint:<\/p>\n<ul data-start=\"722\" data-end=\"944\">\n<li data-start=\"722\" data-end=\"755\">\n<p data-start=\"724\" data-end=\"755\"><strong data-start=\"727\" data-end=\"753\">Nahtlose Konnektivit\u00e4t<\/strong><\/p>\n<\/li>\n<li data-start=\"756\" data-end=\"808\">\n<p data-start=\"758\" data-end=\"808\"><strong data-start=\"761\" data-end=\"783\">Kabellose Freiheit<\/strong> ohne Leistungseinbu\u00dfen<\/p>\n<\/li>\n<li data-start=\"809\" data-end=\"872\">\n<p data-start=\"811\" data-end=\"872\"><strong data-start=\"814\" data-end=\"870\">Zuverl\u00e4ssigkeit auch in unvorhersehbaren Situationen<\/strong><\/p>\n<\/li>\n<li data-start=\"873\" data-end=\"944\">\n<p data-start=\"875\" data-end=\"944\"><strong data-start=\"878\" data-end=\"944\">Intelligente Funktionen f\u00fcr pr\u00e4zise Entscheidungen in Echtzeit<\/strong><\/p>\n<\/li>\n<\/ul>\n<p data-start=\"946\" data-end=\"1102\">Ob im Schockraum, am Patientenbett oder unterwegs \u2013 das <strong data-start=\"1002\" data-end=\"1012\">TE Air<\/strong> unterst\u00fctzt Klinikteams mit mehr <strong data-start=\"1046\" data-end=\"1070\">Effizienz, Mobilit\u00e4t<\/strong> und <strong data-start=\"1075\" data-end=\"1088\">Vertrauen<\/strong> als je zuvor.<\/p>\n<p data-start=\"946\" data-end=\"1102\"><img decoding=\"async\" class=\"alignnone wp-image-1034 size-full\" src=\"https:\/\/primus-medizintechnik.de\/wp-content\/uploads\/2025\/07\/Mindray_TE-AIR-16.jpg\" alt=\"\" width=\"960\" height=\"640\" \/><\/p>\n<h2 style=\"color: #07abf2;\" data-start=\"334\" data-end=\"356\"><strong data-start=\"338\" data-end=\"356\">EINSATZGEBIETE<\/strong><\/h2>\n<ul>\n<li>\u00e4rztliche Grundversorgung<\/li>\n<\/ul>\n","protected":false},"featured_media":1684,"template":"","meta":[],"product_brand":[50],"product_cat":[47],"product_tag":[62,65,63,64,66],"class_list":{"0":"post-1455","1":"product","2":"type-product","3":"status-publish","4":"has-post-thumbnail","6":"product_brand-mindray","7":"product_cat-handheld-geraete","8":"product_tag-diagnostischer-ultraschall","9":"product_tag-konsolengeraet","10":"product_tag-sonographie","11":"product_tag-ultraschallgeraet","12":"product_tag-ultrasound","14":"first","15":"instock","16":"shipping-taxable","17":"product-type-simple"},"yoast_head":"<!-- This site is optimized with the Yoast SEO plugin v27.3 - https:\/\/yoast.com\/product\/yoast-seo-wordpress\/ -->\n<title>Mindray TE AIR - HELAmed GmbH<\/title>\n<meta name=\"robots\" content=\"index, follow, max-snippet:-1, max-image-preview:large, max-video-preview:-1\" \/>\n<link rel=\"canonical\" href=\"https:\/\/helamed-gmbh.de\/el\/produkt\/mindray-te-air\/\" \/>\n<meta property=\"og:locale\" content=\"el_GR\" \/>\n<meta property=\"og:type\" content=\"article\" \/>\n<meta property=\"og:title\" content=\"Mindray TE AIR - HELAmed GmbH\" \/>\n<meta property=\"og:description\" content=\"Das Mindray TE Air ist ein modernes, kabelloses Handheld-Ultraschallger\u00e4t, das speziell f\u00fcr mobile Point-of-Care-Anwendungen (POCUS) entwickelt wurde. Es kombiniert hohe Bildqualit\u00e4t, robuste Verarbeitung und absolute Bewegungsfreiheit \u2013 ideal f\u00fcr medizinisches Fachpersonal, das jederzeit und \u00fcberall pr\u00e4zise Diagnosen stellen muss.  Der Point-of-Care-Ultraschall (POCUS) hat sich in dynamischen klinischen Umgebungen wie der Notfall- und Intensivmedizin als unverzichtbares Diagnoseinstrument etabliert. Mit zunehmender klinischer Relevanz steigt auch der Bedarf an leistungsstarken, mobilen L\u00f6sungen.  Das neue TE Air von Mindray ist ein kabelloses Ultraschall-Handger\u00e4t, das h\u00f6chste Anspr\u00fcche erf\u00fcllt \u2013 kompakt, robust und intuitiv bedienbar.Es vereint:     Nahtlose Konnektivit\u00e4t    Kabellose Freiheit ohne Leistungseinbu\u00dfen    Zuverl\u00e4ssigkeit auch in unvorhersehbaren Situationen    Intelligente Funktionen f\u00fcr pr\u00e4zise Entscheidungen in Echtzeit   Ob im Schockraum, am Patientenbett oder unterwegs \u2013 das TE Air unterst\u00fctzt Klinikteams mit mehr Effizienz, Mobilit\u00e4t und Vertrauen als je zuvor.   EINSATZGEBIETE   \u00e4rztliche Grundversorgung\" \/>\n<meta property=\"og:url\" content=\"https:\/\/helamed-gmbh.de\/el\/produkt\/mindray-te-air\/\" \/>\n<meta property=\"og:site_name\" content=\"HELAmed GmbH\" \/>\n<meta property=\"article:modified_time\" content=\"2025-07-27T11:27:57+00:00\" \/>\n<meta property=\"og:image\" content=\"https:\/\/helamed-gmbh.de\/wp-content\/uploads\/2025\/07\/Mindray_TE-AIR.jpg\" \/>\n\t<meta property=\"og:image:width\" content=\"960\" \/>\n\t<meta property=\"og:image:height\" content=\"960\" \/>\n\t<meta property=\"og:image:type\" content=\"image\/jpeg\" \/>\n<meta name=\"twitter:card\" content=\"summary_large_image\" \/>\n<meta name=\"twitter:label1\" content=\"\u0395\u03ba\u03c4\u03b9\u03bc\u03ce\u03bc\u03b5\u03bd\u03bf\u03c2 \u03c7\u03c1\u03cc\u03bd\u03bf\u03c2 \u03b1\u03bd\u03ac\u03b3\u03bd\u03c9\u03c3\u03b7\u03c2\" \/>\n\t<meta name=\"twitter:data1\" content=\"2 \u03bb\u03b5\u03c0\u03c4\u03ac\" \/>\n<script type=\"application\/ld+json\" class=\"yoast-schema-graph\">{\"@context\":\"https:\\\/\\\/schema.org\",\"@graph\":[{\"@type\":\"WebPage\",\"@id\":\"https:\\\/\\\/helamed-gmbh.de\\\/el\\\/produkt\\\/mindray-te-air\\\/\",\"url\":\"https:\\\/\\\/helamed-gmbh.de\\\/el\\\/produkt\\\/mindray-te-air\\\/\",\"name\":\"Mindray TE AIR - HELAmed GmbH\",\"isPartOf\":{\"@id\":\"https:\\\/\\\/helamed-gmbh.de\\\/el\\\/#website\"},\"primaryImageOfPage\":{\"@id\":\"https:\\\/\\\/helamed-gmbh.de\\\/el\\\/produkt\\\/mindray-te-air\\\/#primaryimage\"},\"image\":{\"@id\":\"https:\\\/\\\/helamed-gmbh.de\\\/el\\\/produkt\\\/mindray-te-air\\\/#primaryimage\"},\"thumbnailUrl\":\"https:\\\/\\\/helamed-gmbh.de\\\/wp-content\\\/uploads\\\/2025\\\/07\\\/Mindray_TE-AIR.jpg\",\"datePublished\":\"2025-07-26T11:41:41+00:00\",\"dateModified\":\"2025-07-27T11:27:57+00:00\",\"breadcrumb\":{\"@id\":\"https:\\\/\\\/helamed-gmbh.de\\\/el\\\/produkt\\\/mindray-te-air\\\/#breadcrumb\"},\"inLanguage\":\"el\",\"potentialAction\":[{\"@type\":\"ReadAction\",\"target\":[\"https:\\\/\\\/helamed-gmbh.de\\\/el\\\/produkt\\\/mindray-te-air\\\/\"]}]},{\"@type\":\"ImageObject\",\"inLanguage\":\"el\",\"@id\":\"https:\\\/\\\/helamed-gmbh.de\\\/el\\\/produkt\\\/mindray-te-air\\\/#primaryimage\",\"url\":\"https:\\\/\\\/helamed-gmbh.de\\\/wp-content\\\/uploads\\\/2025\\\/07\\\/Mindray_TE-AIR.jpg\",\"contentUrl\":\"https:\\\/\\\/helamed-gmbh.de\\\/wp-content\\\/uploads\\\/2025\\\/07\\\/Mindray_TE-AIR.jpg\",\"width\":960,\"height\":960},{\"@type\":\"BreadcrumbList\",\"@id\":\"https:\\\/\\\/helamed-gmbh.de\\\/el\\\/produkt\\\/mindray-te-air\\\/#breadcrumb\",\"itemListElement\":[{\"@type\":\"ListItem\",\"position\":1,\"name\":\"Startseite\",\"item\":\"https:\\\/\\\/helamed-gmbh.de\\\/el\\\/%ce%b1%cf%81%cf%87%ce%b9%ce%ba%ce%ae-%cf%83%ce%b5%ce%bb%ce%af%ce%b4%ce%b1\\\/\"},{\"@type\":\"ListItem\",\"position\":2,\"name\":\"Shop\",\"item\":\"https:\\\/\\\/helamed-gmbh.de\\\/?page_id=626\"},{\"@type\":\"ListItem\",\"position\":3,\"name\":\"Mindray TE AIR\"}]},{\"@type\":\"WebSite\",\"@id\":\"https:\\\/\\\/helamed-gmbh.de\\\/el\\\/#website\",\"url\":\"https:\\\/\\\/helamed-gmbh.de\\\/el\\\/\",\"name\":\"HELAmed GmbH\",\"description\":\"Medizintechnik und Fachberatung f\u00fcr Kliniken und Fachpersonal \u2013 alles aus einer Hand.\",\"publisher\":{\"@id\":\"https:\\\/\\\/helamed-gmbh.de\\\/el\\\/#organization\"},\"potentialAction\":[{\"@type\":\"SearchAction\",\"target\":{\"@type\":\"EntryPoint\",\"urlTemplate\":\"https:\\\/\\\/helamed-gmbh.de\\\/el\\\/?s={search_term_string}\"},\"query-input\":{\"@type\":\"PropertyValueSpecification\",\"valueRequired\":true,\"valueName\":\"search_term_string\"}}],\"inLanguage\":\"el\"},{\"@type\":\"Organization\",\"@id\":\"https:\\\/\\\/helamed-gmbh.de\\\/el\\\/#organization\",\"name\":\"HELAmed GmbH\",\"url\":\"https:\\\/\\\/helamed-gmbh.de\\\/el\\\/\",\"logo\":{\"@type\":\"ImageObject\",\"inLanguage\":\"el\",\"@id\":\"https:\\\/\\\/helamed-gmbh.de\\\/el\\\/#\\\/schema\\\/logo\\\/image\\\/\",\"url\":\"https:\\\/\\\/helamed-gmbh.de\\\/wp-content\\\/uploads\\\/2025\\\/07\\\/cropped-helamed_logo.png\",\"contentUrl\":\"https:\\\/\\\/helamed-gmbh.de\\\/wp-content\\\/uploads\\\/2025\\\/07\\\/cropped-helamed_logo.png\",\"width\":318,\"height\":125,\"caption\":\"HELAmed GmbH\"},\"image\":{\"@id\":\"https:\\\/\\\/helamed-gmbh.de\\\/el\\\/#\\\/schema\\\/logo\\\/image\\\/\"}}]}<\/script>\n<!-- \/ Yoast SEO plugin. -->","yoast_head_json":{"title":"Mindray TE AIR - HELAmed GmbH","robots":{"index":"index","follow":"follow","max-snippet":"max-snippet:-1","max-image-preview":"max-image-preview:large","max-video-preview":"max-video-preview:-1"},"canonical":"https:\/\/helamed-gmbh.de\/el\/produkt\/mindray-te-air\/","og_locale":"el_GR","og_type":"article","og_title":"Mindray TE AIR - HELAmed GmbH","og_description":"Das Mindray TE Air ist ein modernes, kabelloses Handheld-Ultraschallger\u00e4t, das speziell f\u00fcr mobile Point-of-Care-Anwendungen (POCUS) entwickelt wurde. Es kombiniert hohe Bildqualit\u00e4t, robuste Verarbeitung und absolute Bewegungsfreiheit \u2013 ideal f\u00fcr medizinisches Fachpersonal, das jederzeit und \u00fcberall pr\u00e4zise Diagnosen stellen muss.  Der Point-of-Care-Ultraschall (POCUS) hat sich in dynamischen klinischen Umgebungen wie der Notfall- und Intensivmedizin als unverzichtbares Diagnoseinstrument etabliert. Mit zunehmender klinischer Relevanz steigt auch der Bedarf an leistungsstarken, mobilen L\u00f6sungen.  Das neue TE Air von Mindray ist ein kabelloses Ultraschall-Handger\u00e4t, das h\u00f6chste Anspr\u00fcche erf\u00fcllt \u2013 kompakt, robust und intuitiv bedienbar.Es vereint:     Nahtlose Konnektivit\u00e4t    Kabellose Freiheit ohne Leistungseinbu\u00dfen    Zuverl\u00e4ssigkeit auch in unvorhersehbaren Situationen    Intelligente Funktionen f\u00fcr pr\u00e4zise Entscheidungen in Echtzeit   Ob im Schockraum, am Patientenbett oder unterwegs \u2013 das TE Air unterst\u00fctzt Klinikteams mit mehr Effizienz, Mobilit\u00e4t und Vertrauen als je zuvor.   EINSATZGEBIETE   \u00e4rztliche Grundversorgung","og_url":"https:\/\/helamed-gmbh.de\/el\/produkt\/mindray-te-air\/","og_site_name":"HELAmed GmbH","article_modified_time":"2025-07-27T11:27:57+00:00","og_image":[{"width":960,"height":960,"url":"https:\/\/helamed-gmbh.de\/wp-content\/uploads\/2025\/07\/Mindray_TE-AIR.jpg","type":"image\/jpeg"}],"twitter_card":"summary_large_image","twitter_misc":{"\u0395\u03ba\u03c4\u03b9\u03bc\u03ce\u03bc\u03b5\u03bd\u03bf\u03c2 \u03c7\u03c1\u03cc\u03bd\u03bf\u03c2 \u03b1\u03bd\u03ac\u03b3\u03bd\u03c9\u03c3\u03b7\u03c2":"2 \u03bb\u03b5\u03c0\u03c4\u03ac"},"schema":{"@context":"https:\/\/schema.org","@graph":[{"@type":"WebPage","@id":"https:\/\/helamed-gmbh.de\/el\/produkt\/mindray-te-air\/","url":"https:\/\/helamed-gmbh.de\/el\/produkt\/mindray-te-air\/","name":"Mindray TE AIR - HELAmed GmbH","isPartOf":{"@id":"https:\/\/helamed-gmbh.de\/el\/#website"},"primaryImageOfPage":{"@id":"https:\/\/helamed-gmbh.de\/el\/produkt\/mindray-te-air\/#primaryimage"},"image":{"@id":"https:\/\/helamed-gmbh.de\/el\/produkt\/mindray-te-air\/#primaryimage"},"thumbnailUrl":"https:\/\/helamed-gmbh.de\/wp-content\/uploads\/2025\/07\/Mindray_TE-AIR.jpg","datePublished":"2025-07-26T11:41:41+00:00","dateModified":"2025-07-27T11:27:57+00:00","breadcrumb":{"@id":"https:\/\/helamed-gmbh.de\/el\/produkt\/mindray-te-air\/#breadcrumb"},"inLanguage":"el","potentialAction":[{"@type":"ReadAction","target":["https:\/\/helamed-gmbh.de\/el\/produkt\/mindray-te-air\/"]}]},{"@type":"ImageObject","inLanguage":"el","@id":"https:\/\/helamed-gmbh.de\/el\/produkt\/mindray-te-air\/#primaryimage","url":"https:\/\/helamed-gmbh.de\/wp-content\/uploads\/2025\/07\/Mindray_TE-AIR.jpg","contentUrl":"https:\/\/helamed-gmbh.de\/wp-content\/uploads\/2025\/07\/Mindray_TE-AIR.jpg","width":960,"height":960},{"@type":"BreadcrumbList","@id":"https:\/\/helamed-gmbh.de\/el\/produkt\/mindray-te-air\/#breadcrumb","itemListElement":[{"@type":"ListItem","position":1,"name":"Startseite","item":"https:\/\/helamed-gmbh.de\/el\/%ce%b1%cf%81%cf%87%ce%b9%ce%ba%ce%ae-%cf%83%ce%b5%ce%bb%ce%af%ce%b4%ce%b1\/"},{"@type":"ListItem","position":2,"name":"Shop","item":"https:\/\/helamed-gmbh.de\/?page_id=626"},{"@type":"ListItem","position":3,"name":"Mindray TE AIR"}]},{"@type":"WebSite","@id":"https:\/\/helamed-gmbh.de\/el\/#website","url":"https:\/\/helamed-gmbh.de\/el\/","name":"HELAmed GmbH","description":"Medizintechnik und Fachberatung f\u00fcr Kliniken und Fachpersonal \u2013 alles aus einer Hand.","publisher":{"@id":"https:\/\/helamed-gmbh.de\/el\/#organization"},"potentialAction":[{"@type":"SearchAction","target":{"@type":"EntryPoint","urlTemplate":"https:\/\/helamed-gmbh.de\/el\/?s={search_term_string}"},"query-input":{"@type":"PropertyValueSpecification","valueRequired":true,"valueName":"search_term_string"}}],"inLanguage":"el"},{"@type":"Organization","@id":"https:\/\/helamed-gmbh.de\/el\/#organization","name":"HELAmed GmbH","url":"https:\/\/helamed-gmbh.de\/el\/","logo":{"@type":"ImageObject","inLanguage":"el","@id":"https:\/\/helamed-gmbh.de\/el\/#\/schema\/logo\/image\/","url":"https:\/\/helamed-gmbh.de\/wp-content\/uploads\/2025\/07\/cropped-helamed_logo.png","contentUrl":"https:\/\/helamed-gmbh.de\/wp-content\/uploads\/2025\/07\/cropped-helamed_logo.png","width":318,"height":125,"caption":"HELAmed GmbH"},"image":{"@id":"https:\/\/helamed-gmbh.de\/el\/#\/schema\/logo\/image\/"}}]}},"_links":{"self":[{"href":"https:\/\/helamed-gmbh.de\/el\/wp-json\/wp\/v2\/product\/1455","targetHints":{"allow":["GET"]}}],"collection":[{"href":"https:\/\/helamed-gmbh.de\/el\/wp-json\/wp\/v2\/product"}],"about":[{"href":"https:\/\/helamed-gmbh.de\/el\/wp-json\/wp\/v2\/types\/product"}],"wp:featuredmedia":[{"embeddable":true,"href":"https:\/\/helamed-gmbh.de\/el\/wp-json\/wp\/v2\/media\/1684"}],"wp:attachment":[{"href":"https:\/\/helamed-gmbh.de\/el\/wp-json\/wp\/v2\/media?parent=1455"}],"wp:term":[{"taxonomy":"product_brand","embeddable":true,"href":"https:\/\/helamed-gmbh.de\/el\/wp-json\/wp\/v2\/product_brand?post=1455"},{"taxonomy":"product_cat","embeddable":true,"href":"https:\/\/helamed-gmbh.de\/el\/wp-json\/wp\/v2\/product_cat?post=1455"},{"taxonomy":"product_tag","embeddable":true,"href":"https:\/\/helamed-gmbh.de\/el\/wp-json\/wp\/v2\/product_tag?post=1455"}],"curies":[{"name":"wp","href":"https:\/\/api.w.org\/{rel}","templated":true}]}}