{"id":1285,"date":"2025-07-26T13:41:05","date_gmt":"2025-07-26T11:41:05","guid":{"rendered":"https:\/\/helamed-gmbh.de\/?post_type=product&#038;p=1285"},"modified":"2025-07-26T13:41:16","modified_gmt":"2025-07-26T11:41:16","slug":"philips-affiniti-30","status":"publish","type":"product","link":"https:\/\/helamed-gmbh.de\/en\/produkt\/philips-affiniti-30\/","title":{"rendered":"Philips Affiniti 30"},"content":{"rendered":"<h3 style=\"color: #ff6f00;\" data-start=\"117\" data-end=\"186\"><strong data-start=\"121\" data-end=\"186\">Leistungsstarke Ultraschalltechnologie f\u00fcr pr\u00e4zise Diagnostik<\/strong><\/h3>\n<p data-start=\"188\" data-end=\"344\">Erleben Sie modernste Bildgebung mit unserer innovativen Ultraschalll\u00f6sung \u2013 ausgestattet mit wegweisenden Technologien f\u00fcr Ihre diagnostische Anspr\u00fcche:<\/p>\n<ul>\n<li data-start=\"348\" data-end=\"498\">System f\u00fcr die Routine Diagnostik<\/li>\n<li data-start=\"348\" data-end=\"498\">Gro\u00dfer 21,5&#8243;-High-Definition-LCD-Bildschirm<\/li>\n<li data-start=\"348\" data-end=\"498\">Frei bewegliches Steuerpult und schwenk- und neigbarer Monitor f\u00fcr mehr Ergonomie<\/li>\n<li data-start=\"348\" data-end=\"498\">Ger\u00e4uscharmer Betrieb<\/li>\n<li data-start=\"348\" data-end=\"498\">Philips SonoCT Echtzeit-Compound-Imaging und Philips adaptive XRES Bildverarbeitung<\/li>\n<li data-start=\"348\" data-end=\"498\">High-Q Automatic Doppler, Color Power Angio<\/li>\n<li data-start=\"348\" data-end=\"498\">Tissue Harmonics und Pulse Inversion Harmonic Imaging<\/li>\n<\/ul>\n<p>&nbsp;<\/p>\n<p><img fetchpriority=\"high\" decoding=\"async\" class=\"size-medium wp-image-666 alignleft\" src=\"https:\/\/primus-medizintechnik.de\/wp-content\/uploads\/2025\/06\/Philips_Affiniti-30_013-300x169.webp\" alt=\"\" width=\"300\" height=\"169\" \/><\/p>\n<p>Flow Viewer<\/p>\n<p>Flow Viewer ist eine optimierte Farbflussdarstellung zur Abbildung von Gef\u00e4\u00dfsystemen und des fetalen Herzens. Flow Viewer erm\u00f6glicht eine 3D-\u00e4hnliche Darstellung des Blutflusses zur besseren Visualisierung des Aufbaus von Herz und Gef\u00e4\u00dfen und hebt s\u00e4mtliche Farbbildgebungsmodi in ansprechender Weise hervor. Verf\u00fcgbar in allen Farbbildgebungsmodi (CFM, CPA, CPAd, MFI, MFI HD). Next Gen AutoSCAN<\/p>\n<p>&nbsp;<\/p>\n<p>&nbsp;<\/p>\n<p><img decoding=\"async\" class=\"size-medium wp-image-667 alignleft\" src=\"https:\/\/primus-medizintechnik.de\/wp-content\/uploads\/2025\/06\/Philips_Affiniti-30_014-300x169.webp\" alt=\"\" width=\"300\" height=\"169\" \/>Philips Next Gen AutoSCAN<\/p>\n<p>Philips Next Gen AutoSCAN verbessert die Gleichm\u00e4\u00dfigkeit der Bilder, passt die Bildhelligkeit bei jedem Pixel adaptiv an, erfordert weniger Anpassungen durch den Benutzer und verbessert gleichzeitig die Anwenderfreundlichkeit des Schallkopfes. Next Gen AutoSCAN reduziert die Anzahl der Bedienschritte um bis zu 54% mit pixelweiser Echtzeit-Optimierung.<\/p>\n<p>&nbsp;<\/p>\n","protected":false},"excerpt":{"rendered":"<p>Ein neues Ultraschallsystem sollte vor allem durch eine ausgewogene Kombination aus modernster Technologie, ergonomischem Design und Benutzerfreundlichkeit \u00fcberzeugen. Entscheidend sind dabei eine intuitive Bedienoberfl\u00e4che, der schnelle Zugriff auf zentrale Funktionen sowie die rasche Bereitstellung pr\u00e4ziser diagnostischer Informationen.<\/p>\n<p>Modernste Ultraschalll\u00f6sung mit xMATRIX- und PureWave-Technologie f\u00fcr exzellente Bildqualit\u00e4t, hohe Vielseitigkeit und automatisierte Diagnostik \u2013 selbst bei schwierig schallbaren Patienten.<\/p>\n<h3 data-start=\"334\" data-end=\"356\"><\/h3>\n<h2 style=\"color: #ff6f00;\" data-start=\"334\" data-end=\"356\"><strong data-start=\"338\" data-end=\"356\">EINSATZGEBIETE<\/strong><\/h2>\n<p>&nbsp;<\/p>\n<ul data-start=\"358\" data-end=\"608\">\n<li data-start=\"358\" data-end=\"409\">\n<p data-start=\"360\" data-end=\"409\">Innere Medizin<\/p>\n<\/li>\n<li data-start=\"358\" data-end=\"409\">\n<p data-start=\"360\" data-end=\"409\">Allgemeine Bildgebung<\/p>\n<\/li>\n<li data-start=\"358\" data-end=\"409\">\n<p data-start=\"360\" data-end=\"409\">Geburtshilfe und Gyn\u00e4kologie<\/p>\n<\/li>\n<\/ul>\n","protected":false},"featured_media":1315,"template":"","meta":[],"product_brand":[48],"product_cat":[61],"product_tag":[62,63,64],"class_list":{"0":"post-1285","1":"product","2":"type-product","3":"status-publish","4":"has-post-thumbnail","6":"product_brand-philips","7":"product_cat-stationaere-ultraschallgeraet","8":"product_tag-diagnostischer-ultraschall","9":"product_tag-sonographie","10":"product_tag-ultraschallgeraet","12":"first","13":"instock","14":"shipping-taxable","15":"product-type-simple"},"yoast_head":"<!-- This site is optimized with the Yoast SEO plugin v27.3 - https:\/\/yoast.com\/product\/yoast-seo-wordpress\/ -->\n<title>Philips Affiniti 30 - HELAmed GmbH<\/title>\n<meta name=\"robots\" content=\"index, follow, max-snippet:-1, max-image-preview:large, max-video-preview:-1\" \/>\n<link rel=\"canonical\" href=\"https:\/\/helamed-gmbh.de\/en\/produkt\/philips-affiniti-30\/\" \/>\n<meta property=\"og:locale\" content=\"en_US\" \/>\n<meta property=\"og:type\" content=\"article\" \/>\n<meta property=\"og:title\" content=\"Philips Affiniti 30 - HELAmed GmbH\" \/>\n<meta property=\"og:description\" content=\"Ein neues Ultraschallsystem sollte vor allem durch eine ausgewogene Kombination aus modernster Technologie, ergonomischem Design und Benutzerfreundlichkeit \u00fcberzeugen. Entscheidend sind dabei eine intuitive Bedienoberfl\u00e4che, der schnelle Zugriff auf zentrale Funktionen sowie die rasche Bereitstellung pr\u00e4ziser diagnostischer Informationen.  Modernste Ultraschalll\u00f6sung mit xMATRIX- und PureWave-Technologie f\u00fcr exzellente Bildqualit\u00e4t, hohe Vielseitigkeit und automatisierte Diagnostik \u2013 selbst bei schwierig schallbaren Patienten.  EINSATZGEBIETE &nbsp;    Innere Medizin    Allgemeine Bildgebung    Geburtshilfe und Gyn\u00e4kologie\" \/>\n<meta property=\"og:url\" content=\"https:\/\/helamed-gmbh.de\/en\/produkt\/philips-affiniti-30\/\" \/>\n<meta property=\"og:site_name\" content=\"HELAmed GmbH\" \/>\n<meta property=\"article:modified_time\" content=\"2025-07-26T11:41:16+00:00\" \/>\n<meta property=\"og:image\" content=\"https:\/\/helamed-gmbh.de\/wp-content\/uploads\/2025\/07\/Philips_Affiniti-30_960.jpg\" \/>\n\t<meta property=\"og:image:width\" content=\"960\" \/>\n\t<meta property=\"og:image:height\" content=\"960\" \/>\n\t<meta property=\"og:image:type\" content=\"image\/jpeg\" \/>\n<meta name=\"twitter:card\" content=\"summary_large_image\" \/>\n<meta name=\"twitter:label1\" content=\"Est. reading time\" \/>\n\t<meta name=\"twitter:data1\" content=\"1 minute\" \/>\n<script type=\"application\/ld+json\" class=\"yoast-schema-graph\">{\"@context\":\"https:\\\/\\\/schema.org\",\"@graph\":[{\"@type\":\"WebPage\",\"@id\":\"https:\\\/\\\/helamed-gmbh.de\\\/en\\\/produkt\\\/philips-affiniti-30\\\/\",\"url\":\"https:\\\/\\\/helamed-gmbh.de\\\/en\\\/produkt\\\/philips-affiniti-30\\\/\",\"name\":\"Philips Affiniti 30 - HELAmed GmbH\",\"isPartOf\":{\"@id\":\"https:\\\/\\\/helamed-gmbh.de\\\/en\\\/#website\"},\"primaryImageOfPage\":{\"@id\":\"https:\\\/\\\/helamed-gmbh.de\\\/en\\\/produkt\\\/philips-affiniti-30\\\/#primaryimage\"},\"image\":{\"@id\":\"https:\\\/\\\/helamed-gmbh.de\\\/en\\\/produkt\\\/philips-affiniti-30\\\/#primaryimage\"},\"thumbnailUrl\":\"https:\\\/\\\/helamed-gmbh.de\\\/wp-content\\\/uploads\\\/2025\\\/07\\\/Philips_Affiniti-30_960.jpg\",\"datePublished\":\"2025-07-26T11:41:05+00:00\",\"dateModified\":\"2025-07-26T11:41:16+00:00\",\"breadcrumb\":{\"@id\":\"https:\\\/\\\/helamed-gmbh.de\\\/en\\\/produkt\\\/philips-affiniti-30\\\/#breadcrumb\"},\"inLanguage\":\"en-US\",\"potentialAction\":[{\"@type\":\"ReadAction\",\"target\":[\"https:\\\/\\\/helamed-gmbh.de\\\/en\\\/produkt\\\/philips-affiniti-30\\\/\"]}]},{\"@type\":\"ImageObject\",\"inLanguage\":\"en-US\",\"@id\":\"https:\\\/\\\/helamed-gmbh.de\\\/en\\\/produkt\\\/philips-affiniti-30\\\/#primaryimage\",\"url\":\"https:\\\/\\\/helamed-gmbh.de\\\/wp-content\\\/uploads\\\/2025\\\/07\\\/Philips_Affiniti-30_960.jpg\",\"contentUrl\":\"https:\\\/\\\/helamed-gmbh.de\\\/wp-content\\\/uploads\\\/2025\\\/07\\\/Philips_Affiniti-30_960.jpg\",\"width\":960,\"height\":960},{\"@type\":\"BreadcrumbList\",\"@id\":\"https:\\\/\\\/helamed-gmbh.de\\\/en\\\/produkt\\\/philips-affiniti-30\\\/#breadcrumb\",\"itemListElement\":[{\"@type\":\"ListItem\",\"position\":1,\"name\":\"Startseite\",\"item\":\"https:\\\/\\\/helamed-gmbh.de\\\/en\\\/home\\\/\"},{\"@type\":\"ListItem\",\"position\":2,\"name\":\"Shop\",\"item\":\"https:\\\/\\\/helamed-gmbh.de\\\/?page_id=626\"},{\"@type\":\"ListItem\",\"position\":3,\"name\":\"Philips Affiniti 30\"}]},{\"@type\":\"WebSite\",\"@id\":\"https:\\\/\\\/helamed-gmbh.de\\\/en\\\/#website\",\"url\":\"https:\\\/\\\/helamed-gmbh.de\\\/en\\\/\",\"name\":\"HELAmed GmbH\",\"description\":\"Medizintechnik und Fachberatung f\u00fcr Kliniken und Fachpersonal \u2013 alles aus einer Hand.\",\"publisher\":{\"@id\":\"https:\\\/\\\/helamed-gmbh.de\\\/en\\\/#organization\"},\"potentialAction\":[{\"@type\":\"SearchAction\",\"target\":{\"@type\":\"EntryPoint\",\"urlTemplate\":\"https:\\\/\\\/helamed-gmbh.de\\\/en\\\/?s={search_term_string}\"},\"query-input\":{\"@type\":\"PropertyValueSpecification\",\"valueRequired\":true,\"valueName\":\"search_term_string\"}}],\"inLanguage\":\"en-US\"},{\"@type\":\"Organization\",\"@id\":\"https:\\\/\\\/helamed-gmbh.de\\\/en\\\/#organization\",\"name\":\"HELAmed GmbH\",\"url\":\"https:\\\/\\\/helamed-gmbh.de\\\/en\\\/\",\"logo\":{\"@type\":\"ImageObject\",\"inLanguage\":\"en-US\",\"@id\":\"https:\\\/\\\/helamed-gmbh.de\\\/en\\\/#\\\/schema\\\/logo\\\/image\\\/\",\"url\":\"https:\\\/\\\/helamed-gmbh.de\\\/wp-content\\\/uploads\\\/2025\\\/07\\\/cropped-helamed_logo.png\",\"contentUrl\":\"https:\\\/\\\/helamed-gmbh.de\\\/wp-content\\\/uploads\\\/2025\\\/07\\\/cropped-helamed_logo.png\",\"width\":318,\"height\":125,\"caption\":\"HELAmed GmbH\"},\"image\":{\"@id\":\"https:\\\/\\\/helamed-gmbh.de\\\/en\\\/#\\\/schema\\\/logo\\\/image\\\/\"}}]}<\/script>\n<!-- \/ Yoast SEO plugin. -->","yoast_head_json":{"title":"Philips Affiniti 30 - HELAmed GmbH","robots":{"index":"index","follow":"follow","max-snippet":"max-snippet:-1","max-image-preview":"max-image-preview:large","max-video-preview":"max-video-preview:-1"},"canonical":"https:\/\/helamed-gmbh.de\/en\/produkt\/philips-affiniti-30\/","og_locale":"en_US","og_type":"article","og_title":"Philips Affiniti 30 - HELAmed GmbH","og_description":"Ein neues Ultraschallsystem sollte vor allem durch eine ausgewogene Kombination aus modernster Technologie, ergonomischem Design und Benutzerfreundlichkeit \u00fcberzeugen. Entscheidend sind dabei eine intuitive Bedienoberfl\u00e4che, der schnelle Zugriff auf zentrale Funktionen sowie die rasche Bereitstellung pr\u00e4ziser diagnostischer Informationen.  Modernste Ultraschalll\u00f6sung mit xMATRIX- und PureWave-Technologie f\u00fcr exzellente Bildqualit\u00e4t, hohe Vielseitigkeit und automatisierte Diagnostik \u2013 selbst bei schwierig schallbaren Patienten.  EINSATZGEBIETE &nbsp;    Innere Medizin    Allgemeine Bildgebung    Geburtshilfe und Gyn\u00e4kologie","og_url":"https:\/\/helamed-gmbh.de\/en\/produkt\/philips-affiniti-30\/","og_site_name":"HELAmed GmbH","article_modified_time":"2025-07-26T11:41:16+00:00","og_image":[{"width":960,"height":960,"url":"https:\/\/helamed-gmbh.de\/wp-content\/uploads\/2025\/07\/Philips_Affiniti-30_960.jpg","type":"image\/jpeg"}],"twitter_card":"summary_large_image","twitter_misc":{"Est. reading time":"1 minute"},"schema":{"@context":"https:\/\/schema.org","@graph":[{"@type":"WebPage","@id":"https:\/\/helamed-gmbh.de\/en\/produkt\/philips-affiniti-30\/","url":"https:\/\/helamed-gmbh.de\/en\/produkt\/philips-affiniti-30\/","name":"Philips Affiniti 30 - HELAmed GmbH","isPartOf":{"@id":"https:\/\/helamed-gmbh.de\/en\/#website"},"primaryImageOfPage":{"@id":"https:\/\/helamed-gmbh.de\/en\/produkt\/philips-affiniti-30\/#primaryimage"},"image":{"@id":"https:\/\/helamed-gmbh.de\/en\/produkt\/philips-affiniti-30\/#primaryimage"},"thumbnailUrl":"https:\/\/helamed-gmbh.de\/wp-content\/uploads\/2025\/07\/Philips_Affiniti-30_960.jpg","datePublished":"2025-07-26T11:41:05+00:00","dateModified":"2025-07-26T11:41:16+00:00","breadcrumb":{"@id":"https:\/\/helamed-gmbh.de\/en\/produkt\/philips-affiniti-30\/#breadcrumb"},"inLanguage":"en-US","potentialAction":[{"@type":"ReadAction","target":["https:\/\/helamed-gmbh.de\/en\/produkt\/philips-affiniti-30\/"]}]},{"@type":"ImageObject","inLanguage":"en-US","@id":"https:\/\/helamed-gmbh.de\/en\/produkt\/philips-affiniti-30\/#primaryimage","url":"https:\/\/helamed-gmbh.de\/wp-content\/uploads\/2025\/07\/Philips_Affiniti-30_960.jpg","contentUrl":"https:\/\/helamed-gmbh.de\/wp-content\/uploads\/2025\/07\/Philips_Affiniti-30_960.jpg","width":960,"height":960},{"@type":"BreadcrumbList","@id":"https:\/\/helamed-gmbh.de\/en\/produkt\/philips-affiniti-30\/#breadcrumb","itemListElement":[{"@type":"ListItem","position":1,"name":"Startseite","item":"https:\/\/helamed-gmbh.de\/en\/home\/"},{"@type":"ListItem","position":2,"name":"Shop","item":"https:\/\/helamed-gmbh.de\/?page_id=626"},{"@type":"ListItem","position":3,"name":"Philips Affiniti 30"}]},{"@type":"WebSite","@id":"https:\/\/helamed-gmbh.de\/en\/#website","url":"https:\/\/helamed-gmbh.de\/en\/","name":"HELAmed GmbH","description":"Medizintechnik und Fachberatung f\u00fcr Kliniken und Fachpersonal \u2013 alles aus einer Hand.","publisher":{"@id":"https:\/\/helamed-gmbh.de\/en\/#organization"},"potentialAction":[{"@type":"SearchAction","target":{"@type":"EntryPoint","urlTemplate":"https:\/\/helamed-gmbh.de\/en\/?s={search_term_string}"},"query-input":{"@type":"PropertyValueSpecification","valueRequired":true,"valueName":"search_term_string"}}],"inLanguage":"en-US"},{"@type":"Organization","@id":"https:\/\/helamed-gmbh.de\/en\/#organization","name":"HELAmed GmbH","url":"https:\/\/helamed-gmbh.de\/en\/","logo":{"@type":"ImageObject","inLanguage":"en-US","@id":"https:\/\/helamed-gmbh.de\/en\/#\/schema\/logo\/image\/","url":"https:\/\/helamed-gmbh.de\/wp-content\/uploads\/2025\/07\/cropped-helamed_logo.png","contentUrl":"https:\/\/helamed-gmbh.de\/wp-content\/uploads\/2025\/07\/cropped-helamed_logo.png","width":318,"height":125,"caption":"HELAmed GmbH"},"image":{"@id":"https:\/\/helamed-gmbh.de\/en\/#\/schema\/logo\/image\/"}}]}},"_links":{"self":[{"href":"https:\/\/helamed-gmbh.de\/en\/wp-json\/wp\/v2\/product\/1285","targetHints":{"allow":["GET"]}}],"collection":[{"href":"https:\/\/helamed-gmbh.de\/en\/wp-json\/wp\/v2\/product"}],"about":[{"href":"https:\/\/helamed-gmbh.de\/en\/wp-json\/wp\/v2\/types\/product"}],"wp:featuredmedia":[{"embeddable":true,"href":"https:\/\/helamed-gmbh.de\/en\/wp-json\/wp\/v2\/media\/1315"}],"wp:attachment":[{"href":"https:\/\/helamed-gmbh.de\/en\/wp-json\/wp\/v2\/media?parent=1285"}],"wp:term":[{"taxonomy":"product_brand","embeddable":true,"href":"https:\/\/helamed-gmbh.de\/en\/wp-json\/wp\/v2\/product_brand?post=1285"},{"taxonomy":"product_cat","embeddable":true,"href":"https:\/\/helamed-gmbh.de\/en\/wp-json\/wp\/v2\/product_cat?post=1285"},{"taxonomy":"product_tag","embeddable":true,"href":"https:\/\/helamed-gmbh.de\/en\/wp-json\/wp\/v2\/product_tag?post=1285"}],"curies":[{"name":"wp","href":"https:\/\/api.w.org\/{rel}","templated":true}]}}