{"id":1291,"date":"2025-07-26T13:41:07","date_gmt":"2025-07-26T11:41:07","guid":{"rendered":"https:\/\/helamed-gmbh.de\/?post_type=product&#038;p=1291"},"modified":"2025-07-26T13:41:26","modified_gmt":"2025-07-26T11:41:26","slug":"philips-epiq-elite","status":"publish","type":"product","link":"https:\/\/helamed-gmbh.de\/en\/produkt\/philips-epiq-elite\/","title":{"rendered":"Philips EPIQ Elite"},"content":{"rendered":"<h3 style=\"color: #ff6f00;\" data-start=\"117\" data-end=\"186\">Eine neue Klasse des Premiumultraschalls \u2013 leistungsstark, intelligent, wegweisend<\/h3>\n<p>EPIQ Elite \u2013 Ultraschall auf h\u00f6chstem Niveau<\/p>\n<ul>\n<li>Diagnostik die Premiumklasse f\u00fcr die Gyn\u00e4kologie und Geburtshilfe<\/li>\n<li>24\u201c Zoll immersive HD Max-Monitor (60,96 cm Bildschirmdiagonale)<\/li>\n<li>40% leichter als das schwerste konkurrierende System dieser Klasse<\/li>\n<li>37 \u2013 41 dB, v\u00f6llig ger\u00e4uscharmer Betrieb<\/li>\n<li>Pure Wave und xMatrix Schallkopftechnologie der Spitzenklasse<\/li>\n<\/ul>\n<p data-start=\"72\" data-end=\"430\" data-is-last-node=\"\" data-is-only-node=\"\"><img fetchpriority=\"high\" decoding=\"async\" class=\"alignnone size-medium wp-image-760\" src=\"https:\/\/primus-medizintechnik.de\/wp-content\/uploads\/2025\/07\/nSight-300x169.webp\" alt=\"\" width=\"300\" height=\"169\" \/><\/p>\n<p data-start=\"0\" data-end=\"67\"><strong data-start=\"0\" data-end=\"65\">nSIGHT Imaging \u2013 Neue Dimension in Bildqualit\u00e4t und Pr\u00e4zision<\/strong><\/p>\n<p data-start=\"69\" data-end=\"619\" data-is-last-node=\"\" data-is-only-node=\"\">nSIGHT Imaging setzt neue Ma\u00dfst\u00e4be in der Ultraschalltechnologie \u2013 mit einem Ma\u00df an Definition und Klarheit, das herk\u00f6mmliche Systeme deutlich \u00fcbertrifft. Durch die Kombination eines hochpr\u00e4zisen Beamformers mit leistungsstarker Parallelverarbeitung erfasst die Technologie bei jedem Sendevorgang eine enorme Menge akustischer Daten. Die Echtzeit-Rekonstruktion optimal fokussierter Schallstrahlen liefert Bilder mit herausragender Bildfrequenz, gleichm\u00e4\u00dfiger Aufl\u00f6sung und exzellenter Eindringtiefe \u2013 f\u00fcr eine klinische Leistung auf h\u00f6chstem Niveau.<\/p>\n<p data-start=\"0\" data-end=\"77\"><strong data-start=\"0\" data-end=\"75\"><img decoding=\"async\" class=\"alignnone size-medium wp-image-761\" src=\"https:\/\/primus-medizintechnik.de\/wp-content\/uploads\/2025\/07\/XRES-300x169.webp\" alt=\"\" width=\"300\" height=\"169\" \/><\/strong><\/p>\n<p data-start=\"0\" data-end=\"77\"><strong data-start=\"0\" data-end=\"75\">XRES Pro \u2013 Intelligente Bildverarbeitung f\u00fcr h\u00f6chste Diagnosesicherheit<\/strong><\/p>\n<p data-start=\"79\" data-end=\"573\" data-is-last-node=\"\" data-is-only-node=\"\">XRES Pro ist die Bildverarbeitungstechnologie der n\u00e4chsten Generation: Durch Echtzeit-Bildfrequenzen und pr\u00e4zise Mehrparameter-Filter werden Bilddaten differenziert analysiert und mithilfe fortschrittlicher Algorithmen optimiert. Das Ergebnis sind gestochen scharfe R\u00e4nder, verbesserte Gewebedarstellung und eine deutlich optimierte Beurteilung der Plaque-Morphologie. XRES Pro unterst\u00fctzt Sie dabei, auch bei herausfordernden Patientenbildern eine zuverl\u00e4ssige und sichere Diagnose zu stellen.<\/p>\n<p data-start=\"61\" data-end=\"384\" data-is-last-node=\"\" data-is-only-node=\"\"><img decoding=\"async\" class=\"alignnone size-medium wp-image-762\" src=\"https:\/\/primus-medizintechnik.de\/wp-content\/uploads\/2025\/07\/MicroFlow-300x169.webp\" alt=\"\" width=\"300\" height=\"169\" \/><\/p>\n<p data-start=\"0\" data-end=\"59\"><strong data-start=\"0\" data-end=\"57\">MicroFlow Imaging \u2013 Feine Blutfl\u00fcsse sichtbar gemacht<\/strong><\/p>\n<p data-start=\"61\" data-end=\"510\" data-is-last-node=\"\" data-is-only-node=\"\">MicroFlow Imaging ist ein innovativer Ultraschallmodus zur Darstellung langsamer und schwacher Blutfl\u00fcsse in kleinen Gef\u00e4\u00dfen \u2013 dort, wo herk\u00f6mmliche Verfahren an ihre Grenzen sto\u00dfen. Durch den Einsatz hochfrequenter Bildgebung und intelligenter Artefaktunterdr\u00fcckung erm\u00f6glicht MFI eine detailreiche Visualisierung selbst feinster Gef\u00e4\u00dfstrukturen bei gleichzeitig exzellenter 2D-Bildqualit\u00e4t. Ideal f\u00fcr anspruchsvolle Gef\u00e4\u00df- und Organuntersuchungen.<\/p>\n","protected":false},"excerpt":{"rendered":"<p>Das Philips Ultraschallsystem EPIQ Elite vereint klinische Spitzenleistung, intelligente Technologien und optimierte Workflows \u2013 f\u00fcr h\u00f6chste Anspr\u00fcche im Praxisalltag. Dank ma\u00dfgeschneiderter Tools f\u00fcr spezifische klinische Anforderungen steigert EPIQ Elite die Diagnosesicherheit und setzt neue Ma\u00dfst\u00e4be in der modernen Ultraschallbildgebung.<\/p>\n<p><a href=\"https:\/\/www.youtube.com\/watch?v=seUKIvhQoHY&amp;t=5s\" target=\"_blank\" rel=\"noopener\"><img loading=\"lazy\" decoding=\"async\" class=\"alignnone wp-image-764 size-medium\" src=\"https:\/\/primus-medizintechnik.de\/wp-content\/uploads\/2025\/07\/epiqeleite-300x173.png\" alt=\"\" width=\"300\" height=\"173\" \/><\/a><\/p>\n<h2 style=\"color: #ff6f00;\" data-start=\"334\" data-end=\"356\"><strong data-start=\"338\" data-end=\"356\">EINSATZGEBIETE<\/strong><\/h2>\n<p>&nbsp;<\/p>\n<ul>\n<li><\/li>\n<\/ul>\n","protected":false},"featured_media":1372,"template":"","meta":[],"product_brand":[48],"product_cat":[61],"product_tag":[62,63,64],"class_list":{"0":"post-1291","1":"product","2":"type-product","3":"status-publish","4":"has-post-thumbnail","6":"product_brand-philips","7":"product_cat-stationaere-ultraschallgeraet","8":"product_tag-diagnostischer-ultraschall","9":"product_tag-sonographie","10":"product_tag-ultraschallgeraet","12":"first","13":"instock","14":"shipping-taxable","15":"product-type-simple"},"yoast_head":"<!-- This site is optimized with the Yoast SEO plugin v27.3 - https:\/\/yoast.com\/product\/yoast-seo-wordpress\/ -->\n<title>Philips EPIQ Elite - HELAmed GmbH<\/title>\n<meta name=\"robots\" content=\"index, follow, max-snippet:-1, max-image-preview:large, max-video-preview:-1\" \/>\n<link rel=\"canonical\" href=\"https:\/\/helamed-gmbh.de\/en\/produkt\/philips-epiq-elite\/\" \/>\n<meta property=\"og:locale\" content=\"en_US\" \/>\n<meta property=\"og:type\" content=\"article\" \/>\n<meta property=\"og:title\" content=\"Philips EPIQ Elite - HELAmed GmbH\" \/>\n<meta property=\"og:description\" content=\"Das Philips Ultraschallsystem EPIQ Elite vereint klinische Spitzenleistung, intelligente Technologien und optimierte Workflows \u2013 f\u00fcr h\u00f6chste Anspr\u00fcche im Praxisalltag. Dank ma\u00dfgeschneiderter Tools f\u00fcr spezifische klinische Anforderungen steigert EPIQ Elite die Diagnosesicherheit und setzt neue Ma\u00dfst\u00e4be in der modernen Ultraschallbildgebung.   EINSATZGEBIETE &nbsp;\" \/>\n<meta property=\"og:url\" content=\"https:\/\/helamed-gmbh.de\/en\/produkt\/philips-epiq-elite\/\" \/>\n<meta property=\"og:site_name\" content=\"HELAmed GmbH\" \/>\n<meta property=\"article:modified_time\" content=\"2025-07-26T11:41:26+00:00\" \/>\n<meta property=\"og:image\" content=\"https:\/\/helamed-gmbh.de\/wp-content\/uploads\/2025\/07\/Philips_EPIQ_CVx_CVXi_960.jpg\" \/>\n\t<meta property=\"og:image:width\" content=\"960\" \/>\n\t<meta property=\"og:image:height\" content=\"960\" \/>\n\t<meta property=\"og:image:type\" content=\"image\/jpeg\" \/>\n<meta name=\"twitter:card\" content=\"summary_large_image\" \/>\n<meta name=\"twitter:label1\" content=\"Est. reading time\" \/>\n\t<meta name=\"twitter:data1\" content=\"1 minute\" \/>\n<script type=\"application\/ld+json\" class=\"yoast-schema-graph\">{\"@context\":\"https:\\\/\\\/schema.org\",\"@graph\":[{\"@type\":\"WebPage\",\"@id\":\"https:\\\/\\\/helamed-gmbh.de\\\/en\\\/produkt\\\/philips-epiq-elite\\\/\",\"url\":\"https:\\\/\\\/helamed-gmbh.de\\\/en\\\/produkt\\\/philips-epiq-elite\\\/\",\"name\":\"Philips EPIQ Elite - HELAmed GmbH\",\"isPartOf\":{\"@id\":\"https:\\\/\\\/helamed-gmbh.de\\\/en\\\/#website\"},\"primaryImageOfPage\":{\"@id\":\"https:\\\/\\\/helamed-gmbh.de\\\/en\\\/produkt\\\/philips-epiq-elite\\\/#primaryimage\"},\"image\":{\"@id\":\"https:\\\/\\\/helamed-gmbh.de\\\/en\\\/produkt\\\/philips-epiq-elite\\\/#primaryimage\"},\"thumbnailUrl\":\"https:\\\/\\\/helamed-gmbh.de\\\/wp-content\\\/uploads\\\/2025\\\/07\\\/Philips_EPIQ_CVx_CVXi_960.jpg\",\"datePublished\":\"2025-07-26T11:41:07+00:00\",\"dateModified\":\"2025-07-26T11:41:26+00:00\",\"breadcrumb\":{\"@id\":\"https:\\\/\\\/helamed-gmbh.de\\\/en\\\/produkt\\\/philips-epiq-elite\\\/#breadcrumb\"},\"inLanguage\":\"en-US\",\"potentialAction\":[{\"@type\":\"ReadAction\",\"target\":[\"https:\\\/\\\/helamed-gmbh.de\\\/en\\\/produkt\\\/philips-epiq-elite\\\/\"]}]},{\"@type\":\"ImageObject\",\"inLanguage\":\"en-US\",\"@id\":\"https:\\\/\\\/helamed-gmbh.de\\\/en\\\/produkt\\\/philips-epiq-elite\\\/#primaryimage\",\"url\":\"https:\\\/\\\/helamed-gmbh.de\\\/wp-content\\\/uploads\\\/2025\\\/07\\\/Philips_EPIQ_CVx_CVXi_960.jpg\",\"contentUrl\":\"https:\\\/\\\/helamed-gmbh.de\\\/wp-content\\\/uploads\\\/2025\\\/07\\\/Philips_EPIQ_CVx_CVXi_960.jpg\",\"width\":960,\"height\":960},{\"@type\":\"BreadcrumbList\",\"@id\":\"https:\\\/\\\/helamed-gmbh.de\\\/en\\\/produkt\\\/philips-epiq-elite\\\/#breadcrumb\",\"itemListElement\":[{\"@type\":\"ListItem\",\"position\":1,\"name\":\"Startseite\",\"item\":\"https:\\\/\\\/helamed-gmbh.de\\\/en\\\/home\\\/\"},{\"@type\":\"ListItem\",\"position\":2,\"name\":\"Shop\",\"item\":\"https:\\\/\\\/helamed-gmbh.de\\\/?page_id=626\"},{\"@type\":\"ListItem\",\"position\":3,\"name\":\"Philips EPIQ Elite\"}]},{\"@type\":\"WebSite\",\"@id\":\"https:\\\/\\\/helamed-gmbh.de\\\/en\\\/#website\",\"url\":\"https:\\\/\\\/helamed-gmbh.de\\\/en\\\/\",\"name\":\"HELAmed GmbH\",\"description\":\"Medizintechnik und Fachberatung f\u00fcr Kliniken und Fachpersonal \u2013 alles aus einer Hand.\",\"publisher\":{\"@id\":\"https:\\\/\\\/helamed-gmbh.de\\\/en\\\/#organization\"},\"potentialAction\":[{\"@type\":\"SearchAction\",\"target\":{\"@type\":\"EntryPoint\",\"urlTemplate\":\"https:\\\/\\\/helamed-gmbh.de\\\/en\\\/?s={search_term_string}\"},\"query-input\":{\"@type\":\"PropertyValueSpecification\",\"valueRequired\":true,\"valueName\":\"search_term_string\"}}],\"inLanguage\":\"en-US\"},{\"@type\":\"Organization\",\"@id\":\"https:\\\/\\\/helamed-gmbh.de\\\/en\\\/#organization\",\"name\":\"HELAmed GmbH\",\"url\":\"https:\\\/\\\/helamed-gmbh.de\\\/en\\\/\",\"logo\":{\"@type\":\"ImageObject\",\"inLanguage\":\"en-US\",\"@id\":\"https:\\\/\\\/helamed-gmbh.de\\\/en\\\/#\\\/schema\\\/logo\\\/image\\\/\",\"url\":\"https:\\\/\\\/helamed-gmbh.de\\\/wp-content\\\/uploads\\\/2025\\\/07\\\/cropped-helamed_logo.png\",\"contentUrl\":\"https:\\\/\\\/helamed-gmbh.de\\\/wp-content\\\/uploads\\\/2025\\\/07\\\/cropped-helamed_logo.png\",\"width\":318,\"height\":125,\"caption\":\"HELAmed GmbH\"},\"image\":{\"@id\":\"https:\\\/\\\/helamed-gmbh.de\\\/en\\\/#\\\/schema\\\/logo\\\/image\\\/\"}}]}<\/script>\n<!-- \/ Yoast SEO plugin. -->","yoast_head_json":{"title":"Philips EPIQ Elite - HELAmed GmbH","robots":{"index":"index","follow":"follow","max-snippet":"max-snippet:-1","max-image-preview":"max-image-preview:large","max-video-preview":"max-video-preview:-1"},"canonical":"https:\/\/helamed-gmbh.de\/en\/produkt\/philips-epiq-elite\/","og_locale":"en_US","og_type":"article","og_title":"Philips EPIQ Elite - HELAmed GmbH","og_description":"Das Philips Ultraschallsystem EPIQ Elite vereint klinische Spitzenleistung, intelligente Technologien und optimierte Workflows \u2013 f\u00fcr h\u00f6chste Anspr\u00fcche im Praxisalltag. Dank ma\u00dfgeschneiderter Tools f\u00fcr spezifische klinische Anforderungen steigert EPIQ Elite die Diagnosesicherheit und setzt neue Ma\u00dfst\u00e4be in der modernen Ultraschallbildgebung.   EINSATZGEBIETE &nbsp;","og_url":"https:\/\/helamed-gmbh.de\/en\/produkt\/philips-epiq-elite\/","og_site_name":"HELAmed GmbH","article_modified_time":"2025-07-26T11:41:26+00:00","og_image":[{"width":960,"height":960,"url":"https:\/\/helamed-gmbh.de\/wp-content\/uploads\/2025\/07\/Philips_EPIQ_CVx_CVXi_960.jpg","type":"image\/jpeg"}],"twitter_card":"summary_large_image","twitter_misc":{"Est. reading time":"1 minute"},"schema":{"@context":"https:\/\/schema.org","@graph":[{"@type":"WebPage","@id":"https:\/\/helamed-gmbh.de\/en\/produkt\/philips-epiq-elite\/","url":"https:\/\/helamed-gmbh.de\/en\/produkt\/philips-epiq-elite\/","name":"Philips EPIQ Elite - HELAmed GmbH","isPartOf":{"@id":"https:\/\/helamed-gmbh.de\/en\/#website"},"primaryImageOfPage":{"@id":"https:\/\/helamed-gmbh.de\/en\/produkt\/philips-epiq-elite\/#primaryimage"},"image":{"@id":"https:\/\/helamed-gmbh.de\/en\/produkt\/philips-epiq-elite\/#primaryimage"},"thumbnailUrl":"https:\/\/helamed-gmbh.de\/wp-content\/uploads\/2025\/07\/Philips_EPIQ_CVx_CVXi_960.jpg","datePublished":"2025-07-26T11:41:07+00:00","dateModified":"2025-07-26T11:41:26+00:00","breadcrumb":{"@id":"https:\/\/helamed-gmbh.de\/en\/produkt\/philips-epiq-elite\/#breadcrumb"},"inLanguage":"en-US","potentialAction":[{"@type":"ReadAction","target":["https:\/\/helamed-gmbh.de\/en\/produkt\/philips-epiq-elite\/"]}]},{"@type":"ImageObject","inLanguage":"en-US","@id":"https:\/\/helamed-gmbh.de\/en\/produkt\/philips-epiq-elite\/#primaryimage","url":"https:\/\/helamed-gmbh.de\/wp-content\/uploads\/2025\/07\/Philips_EPIQ_CVx_CVXi_960.jpg","contentUrl":"https:\/\/helamed-gmbh.de\/wp-content\/uploads\/2025\/07\/Philips_EPIQ_CVx_CVXi_960.jpg","width":960,"height":960},{"@type":"BreadcrumbList","@id":"https:\/\/helamed-gmbh.de\/en\/produkt\/philips-epiq-elite\/#breadcrumb","itemListElement":[{"@type":"ListItem","position":1,"name":"Startseite","item":"https:\/\/helamed-gmbh.de\/en\/home\/"},{"@type":"ListItem","position":2,"name":"Shop","item":"https:\/\/helamed-gmbh.de\/?page_id=626"},{"@type":"ListItem","position":3,"name":"Philips EPIQ Elite"}]},{"@type":"WebSite","@id":"https:\/\/helamed-gmbh.de\/en\/#website","url":"https:\/\/helamed-gmbh.de\/en\/","name":"HELAmed GmbH","description":"Medizintechnik und Fachberatung f\u00fcr Kliniken und Fachpersonal \u2013 alles aus einer Hand.","publisher":{"@id":"https:\/\/helamed-gmbh.de\/en\/#organization"},"potentialAction":[{"@type":"SearchAction","target":{"@type":"EntryPoint","urlTemplate":"https:\/\/helamed-gmbh.de\/en\/?s={search_term_string}"},"query-input":{"@type":"PropertyValueSpecification","valueRequired":true,"valueName":"search_term_string"}}],"inLanguage":"en-US"},{"@type":"Organization","@id":"https:\/\/helamed-gmbh.de\/en\/#organization","name":"HELAmed GmbH","url":"https:\/\/helamed-gmbh.de\/en\/","logo":{"@type":"ImageObject","inLanguage":"en-US","@id":"https:\/\/helamed-gmbh.de\/en\/#\/schema\/logo\/image\/","url":"https:\/\/helamed-gmbh.de\/wp-content\/uploads\/2025\/07\/cropped-helamed_logo.png","contentUrl":"https:\/\/helamed-gmbh.de\/wp-content\/uploads\/2025\/07\/cropped-helamed_logo.png","width":318,"height":125,"caption":"HELAmed GmbH"},"image":{"@id":"https:\/\/helamed-gmbh.de\/en\/#\/schema\/logo\/image\/"}}]}},"_links":{"self":[{"href":"https:\/\/helamed-gmbh.de\/en\/wp-json\/wp\/v2\/product\/1291","targetHints":{"allow":["GET"]}}],"collection":[{"href":"https:\/\/helamed-gmbh.de\/en\/wp-json\/wp\/v2\/product"}],"about":[{"href":"https:\/\/helamed-gmbh.de\/en\/wp-json\/wp\/v2\/types\/product"}],"wp:featuredmedia":[{"embeddable":true,"href":"https:\/\/helamed-gmbh.de\/en\/wp-json\/wp\/v2\/media\/1372"}],"wp:attachment":[{"href":"https:\/\/helamed-gmbh.de\/en\/wp-json\/wp\/v2\/media?parent=1291"}],"wp:term":[{"taxonomy":"product_brand","embeddable":true,"href":"https:\/\/helamed-gmbh.de\/en\/wp-json\/wp\/v2\/product_brand?post=1291"},{"taxonomy":"product_cat","embeddable":true,"href":"https:\/\/helamed-gmbh.de\/en\/wp-json\/wp\/v2\/product_cat?post=1291"},{"taxonomy":"product_tag","embeddable":true,"href":"https:\/\/helamed-gmbh.de\/en\/wp-json\/wp\/v2\/product_tag?post=1291"}],"curies":[{"name":"wp","href":"https:\/\/api.w.org\/{rel}","templated":true}]}}