{"id":1295,"date":"2025-07-26T13:41:09","date_gmt":"2025-07-26T11:41:09","guid":{"rendered":"https:\/\/helamed-gmbh.de\/?post_type=product&#038;p=1295"},"modified":"2025-07-26T13:41:36","modified_gmt":"2025-07-26T11:41:36","slug":"vinno-q","status":"publish","type":"product","link":"https:\/\/helamed-gmbh.de\/en\/produkt\/vinno-q\/","title":{"rendered":"VINNO Q"},"content":{"rendered":"<h3 style=\"color: #ff6f00;\" data-start=\"117\" data-end=\"186\">VINNO Q-Tablet \u2013 Kompaktes High-End-Ultraschallsystem f\u00fcr maximale Flexibilit\u00e4t<\/h3>\n<p data-pm-slice=\"1 1 []\">Flexibilit\u00e4t mit brillanter Bildqualit\u00e4t f\u00fcr h\u00f6chste Anforderungen und extreme Umgebungen.<\/p>\n","protected":false},"excerpt":{"rendered":"<p data-start=\"230\" data-end=\"538\">Die Kombination aus einem Windows Surface Pro Tablet und der VINNO USB-C Ultraschallsonde (Linear, Convex oder Phased Array) ergibt das leistungsstarke und mobile Ultraschallsystem <strong data-start=\"411\" data-end=\"429\">VINNO Q-Tablet<\/strong>. Es bietet brillante Bildqualit\u00e4t und h\u00f6chste Leistungsf\u00e4higkeit \u2013 selbst unter anspruchsvollen Bedingungen.<\/p>\n<p data-start=\"540\" data-end=\"682\">Die wasser- und staubdichten Sonden sind ideal f\u00fcr den Au\u00dfeneinsatz geeignet und erf\u00fcllen h\u00f6chste Anforderungen in flexiblen Einsatzszenarien.<\/p>\n<blockquote data-start=\"684\" data-end=\"852\">\n<p data-start=\"686\" data-end=\"852\">\u26a0\ufe0f Hinweis: Das VINNO Q-Tablet ist ausschlie\u00dflich mit einer <strong data-start=\"746\" data-end=\"764\">VINNO Q5-Sonde<\/strong> kompatibel. Die ben\u00f6tigte Software ist bereits vorinstalliert und sofort einsatzbereit.<\/p>\n<\/blockquote>\n<p><strong>LINEARSONDE F\u00dcR DEN BEREICHS\u00dcBERGREIFENDEN EINSATZ<\/strong><\/p>\n<p>VINNO Q-7L<br \/>\nKonfigurierbare Tasten erleichtern die Nutzung. Das innovative Design revolutioniert klassiche Ultraschallsysteme.<\/p>\n<p>Frequenz bis zu 16 MHz<br \/>\nSondenbreite von 40 mm<br \/>\nGewicht: 340 g<br \/>\nM\u00f6gliche Einsatzgebiete: w\u00e4hrend der Visite, ambulant und im OP (desinfizierbar, da wasserdicht)<\/p>\n<p>DAS MULTITALENT CONVEXSONDE MIT VIELF\u00c4LTIGEN M\u00d6GLICHKEITEN<\/p>\n<p>VINNO Q-3C<br \/>\nEine einfache und zuverl\u00e4ssige Diagnose ist auch bei Sport- und Freizeitaktivit\u00e4ten direkt vor Ort m\u00f6glich.<\/p>\n<p>&nbsp;<\/p>\n<p>IDEAL F\u00dcR DEN NOTFALL \u2013 AUCH DIREKT AM UNFALLORT<\/p>\n<p>VINNO Q-2P<br \/>\nDie Phased Array Sonde kann, wie auch die anderen Sonden der Q-Serie, im Notfall auch au\u00dferhalb der Praxis eingesetzt werden. Durch die herausragende Bildqualit\u00e4t ist eine schnelle Diagnose m\u00f6glich. Dadurch k\u00f6nnen Sie kostbare Zeit einsparen und somit eventuell Leben retten.<\/p>\n<p>Pr\u00e4zise Punktion<br \/>\nDie Verwendung mit Mehrwinkel-Nadelf\u00fchrungen ist m\u00f6glich.<br \/>\nDie Nadelf\u00fchrung wird f\u00fcr eine einfache Punktion optisch unterst\u00fctzt.<\/p>\n<h2 style=\"color: #ff6f00;\" data-start=\"334\" data-end=\"356\"><strong data-start=\"338\" data-end=\"356\">EINSATZGEBIETE<\/strong><\/h2>\n<ul>\n<li>Rettungsdienst, in der Notfall- und Sportmedizin sowie f\u00fcr Hausbesuche<\/li>\n<\/ul>\n","protected":false},"featured_media":1426,"template":"","meta":[],"product_brand":[67],"product_cat":[58],"product_tag":[62,65,63,64],"class_list":{"0":"post-1295","1":"product","2":"type-product","3":"status-publish","4":"has-post-thumbnail","6":"product_brand-vinno","7":"product_cat-mobile-ultraschallgeraete","8":"product_tag-diagnostischer-ultraschall","9":"product_tag-konsolengeraet","10":"product_tag-sonographie","11":"product_tag-ultraschallgeraet","13":"first","14":"instock","15":"shipping-taxable","16":"product-type-simple"},"yoast_head":"<!-- This site is optimized with the Yoast SEO plugin v27.3 - https:\/\/yoast.com\/product\/yoast-seo-wordpress\/ -->\n<title>VINNO Q - HELAmed GmbH<\/title>\n<meta name=\"robots\" content=\"index, follow, max-snippet:-1, max-image-preview:large, max-video-preview:-1\" \/>\n<link rel=\"canonical\" href=\"https:\/\/helamed-gmbh.de\/en\/produkt\/vinno-q\/\" \/>\n<meta property=\"og:locale\" content=\"en_US\" \/>\n<meta property=\"og:type\" content=\"article\" \/>\n<meta property=\"og:title\" content=\"VINNO Q - HELAmed GmbH\" \/>\n<meta property=\"og:description\" content=\"Die Kombination aus einem Windows Surface Pro Tablet und der VINNO USB-C Ultraschallsonde (Linear, Convex oder Phased Array) ergibt das leistungsstarke und mobile Ultraschallsystem VINNO Q-Tablet. Es bietet brillante Bildqualit\u00e4t und h\u00f6chste Leistungsf\u00e4higkeit \u2013 selbst unter anspruchsvollen Bedingungen. Die wasser- und staubdichten Sonden sind ideal f\u00fcr den Au\u00dfeneinsatz geeignet und erf\u00fcllen h\u00f6chste Anforderungen in flexiblen Einsatzszenarien.   \u26a0\ufe0f Hinweis: Das VINNO Q-Tablet ist ausschlie\u00dflich mit einer VINNO Q5-Sonde kompatibel. Die ben\u00f6tigte Software ist bereits vorinstalliert und sofort einsatzbereit.  LINEARSONDE F\u00dcR DEN BEREICHS\u00dcBERGREIFENDEN EINSATZ  VINNO Q-7L Konfigurierbare Tasten erleichtern die Nutzung. Das innovative Design revolutioniert klassiche Ultraschallsysteme.  Frequenz bis zu 16 MHz Sondenbreite von 40 mm Gewicht: 340 g M\u00f6gliche Einsatzgebiete: w\u00e4hrend der Visite, ambulant und im OP (desinfizierbar, da wasserdicht)  DAS MULTITALENT CONVEXSONDE MIT VIELF\u00c4LTIGEN M\u00d6GLICHKEITEN  VINNO Q-3C Eine einfache und zuverl\u00e4ssige Diagnose ist auch bei Sport- und Freizeitaktivit\u00e4ten direkt vor Ort m\u00f6glich.  &nbsp;  IDEAL F\u00dcR DEN NOTFALL \u2013 AUCH DIREKT AM UNFALLORT  VINNO Q-2P Die Phased Array Sonde kann, wie auch die anderen Sonden der Q-Serie, im Notfall auch au\u00dferhalb der Praxis eingesetzt werden. Durch die herausragende Bildqualit\u00e4t ist eine schnelle Diagnose m\u00f6glich. Dadurch k\u00f6nnen Sie kostbare Zeit einsparen und somit eventuell Leben retten.  Pr\u00e4zise Punktion Die Verwendung mit Mehrwinkel-Nadelf\u00fchrungen ist m\u00f6glich. Die Nadelf\u00fchrung wird f\u00fcr eine einfache Punktion optisch unterst\u00fctzt. EINSATZGEBIETE   Rettungsdienst, in der Notfall- und Sportmedizin sowie f\u00fcr Hausbesuche\" \/>\n<meta property=\"og:url\" content=\"https:\/\/helamed-gmbh.de\/en\/produkt\/vinno-q\/\" \/>\n<meta property=\"og:site_name\" content=\"HELAmed GmbH\" \/>\n<meta property=\"article:modified_time\" content=\"2025-07-26T11:41:36+00:00\" \/>\n<meta property=\"og:image\" content=\"https:\/\/helamed-gmbh.de\/wp-content\/uploads\/2025\/07\/vonno_Q_960.jpg\" \/>\n\t<meta property=\"og:image:width\" content=\"960\" \/>\n\t<meta property=\"og:image:height\" content=\"960\" \/>\n\t<meta property=\"og:image:type\" content=\"image\/jpeg\" \/>\n<meta name=\"twitter:card\" content=\"summary_large_image\" \/>\n<script type=\"application\/ld+json\" class=\"yoast-schema-graph\">{\"@context\":\"https:\\\/\\\/schema.org\",\"@graph\":[{\"@type\":\"WebPage\",\"@id\":\"https:\\\/\\\/helamed-gmbh.de\\\/en\\\/produkt\\\/vinno-q\\\/\",\"url\":\"https:\\\/\\\/helamed-gmbh.de\\\/en\\\/produkt\\\/vinno-q\\\/\",\"name\":\"VINNO Q - HELAmed GmbH\",\"isPartOf\":{\"@id\":\"https:\\\/\\\/helamed-gmbh.de\\\/en\\\/#website\"},\"primaryImageOfPage\":{\"@id\":\"https:\\\/\\\/helamed-gmbh.de\\\/en\\\/produkt\\\/vinno-q\\\/#primaryimage\"},\"image\":{\"@id\":\"https:\\\/\\\/helamed-gmbh.de\\\/en\\\/produkt\\\/vinno-q\\\/#primaryimage\"},\"thumbnailUrl\":\"https:\\\/\\\/helamed-gmbh.de\\\/wp-content\\\/uploads\\\/2025\\\/07\\\/vonno_Q_960.jpg\",\"datePublished\":\"2025-07-26T11:41:09+00:00\",\"dateModified\":\"2025-07-26T11:41:36+00:00\",\"breadcrumb\":{\"@id\":\"https:\\\/\\\/helamed-gmbh.de\\\/en\\\/produkt\\\/vinno-q\\\/#breadcrumb\"},\"inLanguage\":\"en-US\",\"potentialAction\":[{\"@type\":\"ReadAction\",\"target\":[\"https:\\\/\\\/helamed-gmbh.de\\\/en\\\/produkt\\\/vinno-q\\\/\"]}]},{\"@type\":\"ImageObject\",\"inLanguage\":\"en-US\",\"@id\":\"https:\\\/\\\/helamed-gmbh.de\\\/en\\\/produkt\\\/vinno-q\\\/#primaryimage\",\"url\":\"https:\\\/\\\/helamed-gmbh.de\\\/wp-content\\\/uploads\\\/2025\\\/07\\\/vonno_Q_960.jpg\",\"contentUrl\":\"https:\\\/\\\/helamed-gmbh.de\\\/wp-content\\\/uploads\\\/2025\\\/07\\\/vonno_Q_960.jpg\",\"width\":960,\"height\":960},{\"@type\":\"BreadcrumbList\",\"@id\":\"https:\\\/\\\/helamed-gmbh.de\\\/en\\\/produkt\\\/vinno-q\\\/#breadcrumb\",\"itemListElement\":[{\"@type\":\"ListItem\",\"position\":1,\"name\":\"Startseite\",\"item\":\"https:\\\/\\\/helamed-gmbh.de\\\/en\\\/home\\\/\"},{\"@type\":\"ListItem\",\"position\":2,\"name\":\"Shop\",\"item\":\"https:\\\/\\\/helamed-gmbh.de\\\/?page_id=626\"},{\"@type\":\"ListItem\",\"position\":3,\"name\":\"VINNO Q\"}]},{\"@type\":\"WebSite\",\"@id\":\"https:\\\/\\\/helamed-gmbh.de\\\/en\\\/#website\",\"url\":\"https:\\\/\\\/helamed-gmbh.de\\\/en\\\/\",\"name\":\"HELAmed GmbH\",\"description\":\"Medizintechnik und Fachberatung f\u00fcr Kliniken und Fachpersonal \u2013 alles aus einer Hand.\",\"publisher\":{\"@id\":\"https:\\\/\\\/helamed-gmbh.de\\\/en\\\/#organization\"},\"potentialAction\":[{\"@type\":\"SearchAction\",\"target\":{\"@type\":\"EntryPoint\",\"urlTemplate\":\"https:\\\/\\\/helamed-gmbh.de\\\/en\\\/?s={search_term_string}\"},\"query-input\":{\"@type\":\"PropertyValueSpecification\",\"valueRequired\":true,\"valueName\":\"search_term_string\"}}],\"inLanguage\":\"en-US\"},{\"@type\":\"Organization\",\"@id\":\"https:\\\/\\\/helamed-gmbh.de\\\/en\\\/#organization\",\"name\":\"HELAmed GmbH\",\"url\":\"https:\\\/\\\/helamed-gmbh.de\\\/en\\\/\",\"logo\":{\"@type\":\"ImageObject\",\"inLanguage\":\"en-US\",\"@id\":\"https:\\\/\\\/helamed-gmbh.de\\\/en\\\/#\\\/schema\\\/logo\\\/image\\\/\",\"url\":\"https:\\\/\\\/helamed-gmbh.de\\\/wp-content\\\/uploads\\\/2025\\\/07\\\/cropped-helamed_logo.png\",\"contentUrl\":\"https:\\\/\\\/helamed-gmbh.de\\\/wp-content\\\/uploads\\\/2025\\\/07\\\/cropped-helamed_logo.png\",\"width\":318,\"height\":125,\"caption\":\"HELAmed GmbH\"},\"image\":{\"@id\":\"https:\\\/\\\/helamed-gmbh.de\\\/en\\\/#\\\/schema\\\/logo\\\/image\\\/\"}}]}<\/script>\n<!-- \/ Yoast SEO plugin. -->","yoast_head_json":{"title":"VINNO Q - HELAmed GmbH","robots":{"index":"index","follow":"follow","max-snippet":"max-snippet:-1","max-image-preview":"max-image-preview:large","max-video-preview":"max-video-preview:-1"},"canonical":"https:\/\/helamed-gmbh.de\/en\/produkt\/vinno-q\/","og_locale":"en_US","og_type":"article","og_title":"VINNO Q - HELAmed GmbH","og_description":"Die Kombination aus einem Windows Surface Pro Tablet und der VINNO USB-C Ultraschallsonde (Linear, Convex oder Phased Array) ergibt das leistungsstarke und mobile Ultraschallsystem VINNO Q-Tablet. Es bietet brillante Bildqualit\u00e4t und h\u00f6chste Leistungsf\u00e4higkeit \u2013 selbst unter anspruchsvollen Bedingungen. Die wasser- und staubdichten Sonden sind ideal f\u00fcr den Au\u00dfeneinsatz geeignet und erf\u00fcllen h\u00f6chste Anforderungen in flexiblen Einsatzszenarien.   \u26a0\ufe0f Hinweis: Das VINNO Q-Tablet ist ausschlie\u00dflich mit einer VINNO Q5-Sonde kompatibel. Die ben\u00f6tigte Software ist bereits vorinstalliert und sofort einsatzbereit.  LINEARSONDE F\u00dcR DEN BEREICHS\u00dcBERGREIFENDEN EINSATZ  VINNO Q-7L Konfigurierbare Tasten erleichtern die Nutzung. Das innovative Design revolutioniert klassiche Ultraschallsysteme.  Frequenz bis zu 16 MHz Sondenbreite von 40 mm Gewicht: 340 g M\u00f6gliche Einsatzgebiete: w\u00e4hrend der Visite, ambulant und im OP (desinfizierbar, da wasserdicht)  DAS MULTITALENT CONVEXSONDE MIT VIELF\u00c4LTIGEN M\u00d6GLICHKEITEN  VINNO Q-3C Eine einfache und zuverl\u00e4ssige Diagnose ist auch bei Sport- und Freizeitaktivit\u00e4ten direkt vor Ort m\u00f6glich.  &nbsp;  IDEAL F\u00dcR DEN NOTFALL \u2013 AUCH DIREKT AM UNFALLORT  VINNO Q-2P Die Phased Array Sonde kann, wie auch die anderen Sonden der Q-Serie, im Notfall auch au\u00dferhalb der Praxis eingesetzt werden. Durch die herausragende Bildqualit\u00e4t ist eine schnelle Diagnose m\u00f6glich. Dadurch k\u00f6nnen Sie kostbare Zeit einsparen und somit eventuell Leben retten.  Pr\u00e4zise Punktion Die Verwendung mit Mehrwinkel-Nadelf\u00fchrungen ist m\u00f6glich. Die Nadelf\u00fchrung wird f\u00fcr eine einfache Punktion optisch unterst\u00fctzt. EINSATZGEBIETE   Rettungsdienst, in der Notfall- und Sportmedizin sowie f\u00fcr Hausbesuche","og_url":"https:\/\/helamed-gmbh.de\/en\/produkt\/vinno-q\/","og_site_name":"HELAmed GmbH","article_modified_time":"2025-07-26T11:41:36+00:00","og_image":[{"width":960,"height":960,"url":"https:\/\/helamed-gmbh.de\/wp-content\/uploads\/2025\/07\/vonno_Q_960.jpg","type":"image\/jpeg"}],"twitter_card":"summary_large_image","schema":{"@context":"https:\/\/schema.org","@graph":[{"@type":"WebPage","@id":"https:\/\/helamed-gmbh.de\/en\/produkt\/vinno-q\/","url":"https:\/\/helamed-gmbh.de\/en\/produkt\/vinno-q\/","name":"VINNO Q - HELAmed GmbH","isPartOf":{"@id":"https:\/\/helamed-gmbh.de\/en\/#website"},"primaryImageOfPage":{"@id":"https:\/\/helamed-gmbh.de\/en\/produkt\/vinno-q\/#primaryimage"},"image":{"@id":"https:\/\/helamed-gmbh.de\/en\/produkt\/vinno-q\/#primaryimage"},"thumbnailUrl":"https:\/\/helamed-gmbh.de\/wp-content\/uploads\/2025\/07\/vonno_Q_960.jpg","datePublished":"2025-07-26T11:41:09+00:00","dateModified":"2025-07-26T11:41:36+00:00","breadcrumb":{"@id":"https:\/\/helamed-gmbh.de\/en\/produkt\/vinno-q\/#breadcrumb"},"inLanguage":"en-US","potentialAction":[{"@type":"ReadAction","target":["https:\/\/helamed-gmbh.de\/en\/produkt\/vinno-q\/"]}]},{"@type":"ImageObject","inLanguage":"en-US","@id":"https:\/\/helamed-gmbh.de\/en\/produkt\/vinno-q\/#primaryimage","url":"https:\/\/helamed-gmbh.de\/wp-content\/uploads\/2025\/07\/vonno_Q_960.jpg","contentUrl":"https:\/\/helamed-gmbh.de\/wp-content\/uploads\/2025\/07\/vonno_Q_960.jpg","width":960,"height":960},{"@type":"BreadcrumbList","@id":"https:\/\/helamed-gmbh.de\/en\/produkt\/vinno-q\/#breadcrumb","itemListElement":[{"@type":"ListItem","position":1,"name":"Startseite","item":"https:\/\/helamed-gmbh.de\/en\/home\/"},{"@type":"ListItem","position":2,"name":"Shop","item":"https:\/\/helamed-gmbh.de\/?page_id=626"},{"@type":"ListItem","position":3,"name":"VINNO Q"}]},{"@type":"WebSite","@id":"https:\/\/helamed-gmbh.de\/en\/#website","url":"https:\/\/helamed-gmbh.de\/en\/","name":"HELAmed GmbH","description":"Medizintechnik und Fachberatung f\u00fcr Kliniken und Fachpersonal \u2013 alles aus einer Hand.","publisher":{"@id":"https:\/\/helamed-gmbh.de\/en\/#organization"},"potentialAction":[{"@type":"SearchAction","target":{"@type":"EntryPoint","urlTemplate":"https:\/\/helamed-gmbh.de\/en\/?s={search_term_string}"},"query-input":{"@type":"PropertyValueSpecification","valueRequired":true,"valueName":"search_term_string"}}],"inLanguage":"en-US"},{"@type":"Organization","@id":"https:\/\/helamed-gmbh.de\/en\/#organization","name":"HELAmed GmbH","url":"https:\/\/helamed-gmbh.de\/en\/","logo":{"@type":"ImageObject","inLanguage":"en-US","@id":"https:\/\/helamed-gmbh.de\/en\/#\/schema\/logo\/image\/","url":"https:\/\/helamed-gmbh.de\/wp-content\/uploads\/2025\/07\/cropped-helamed_logo.png","contentUrl":"https:\/\/helamed-gmbh.de\/wp-content\/uploads\/2025\/07\/cropped-helamed_logo.png","width":318,"height":125,"caption":"HELAmed GmbH"},"image":{"@id":"https:\/\/helamed-gmbh.de\/en\/#\/schema\/logo\/image\/"}}]}},"_links":{"self":[{"href":"https:\/\/helamed-gmbh.de\/en\/wp-json\/wp\/v2\/product\/1295","targetHints":{"allow":["GET"]}}],"collection":[{"href":"https:\/\/helamed-gmbh.de\/en\/wp-json\/wp\/v2\/product"}],"about":[{"href":"https:\/\/helamed-gmbh.de\/en\/wp-json\/wp\/v2\/types\/product"}],"wp:featuredmedia":[{"embeddable":true,"href":"https:\/\/helamed-gmbh.de\/en\/wp-json\/wp\/v2\/media\/1426"}],"wp:attachment":[{"href":"https:\/\/helamed-gmbh.de\/en\/wp-json\/wp\/v2\/media?parent=1295"}],"wp:term":[{"taxonomy":"product_brand","embeddable":true,"href":"https:\/\/helamed-gmbh.de\/en\/wp-json\/wp\/v2\/product_brand?post=1295"},{"taxonomy":"product_cat","embeddable":true,"href":"https:\/\/helamed-gmbh.de\/en\/wp-json\/wp\/v2\/product_cat?post=1295"},{"taxonomy":"product_tag","embeddable":true,"href":"https:\/\/helamed-gmbh.de\/en\/wp-json\/wp\/v2\/product_tag?post=1295"}],"curies":[{"name":"wp","href":"https:\/\/api.w.org\/{rel}","templated":true}]}}