{"id":1310,"date":"2025-07-26T13:41:13","date_gmt":"2025-07-26T11:41:13","guid":{"rendered":"https:\/\/helamed-gmbh.de\/?post_type=product&#038;p=1310"},"modified":"2025-07-26T13:42:08","modified_gmt":"2025-07-26T11:42:08","slug":"mindray-consona-n9","status":"publish","type":"product","link":"https:\/\/helamed-gmbh.de\/en\/produkt\/mindray-consona-n9\/","title":{"rendered":"Mindray Consona N9"},"content":{"rendered":"<h3 style=\"color: #ff6f00;\" data-start=\"334\" data-end=\"356\">Effizienz trifft Pr\u00e4zision \u2013 Mindray Consona N9<\/h3>\n<p data-start=\"195\" data-end=\"492\">Das <strong data-start=\"199\" data-end=\"213\">Consona N9<\/strong> liefert dank pr\u00e4ziser Bildgebung und integrierter <strong data-start=\"264\" data-end=\"286\">Expertenfunktionen<\/strong> \u2013 \u00fcbernommen aus den High-End-Systemen \u2013 <strong data-start=\"328\" data-end=\"371\">schnelle und verl\u00e4ssliche Informationen<\/strong> in k\u00fcrzester Zeit. Dabei arbeitet es nahezu <strong data-start=\"416\" data-end=\"431\">ger\u00e4uschlos<\/strong> und schafft so eine angenehm ruhige Untersuchungsatmosph\u00e4re.<\/p>\n<p>&nbsp;<\/p>\n<figure id=\"attachment_947\" aria-describedby=\"caption-attachment-947\" style=\"width: 701px\" class=\"wp-caption aligncenter\"><img fetchpriority=\"high\" decoding=\"async\" class=\"wp-image-947 size-full\" src=\"https:\/\/primus-medizintechnik.de\/wp-content\/uploads\/2025\/07\/ergonomie.png\" alt=\"Mindray_N9\" width=\"701\" height=\"692\" \/><figcaption id=\"caption-attachment-947\" class=\"wp-caption-text\">Mindray_N9<\/figcaption><\/figure>\n<h3 data-start=\"122\" data-end=\"170\"><strong data-start=\"126\" data-end=\"168\">Zuverl\u00e4ssigkeit durch ZST+ Technologie<\/strong><\/h3>\n<p data-start=\"171\" data-end=\"218\"><strong data-start=\"171\" data-end=\"218\">High-End-Plattform f\u00fcr vielseitige Eins\u00e4tze<\/strong><\/p>\n<p data-start=\"220\" data-end=\"391\">Mit der innovativen <strong data-start=\"240\" data-end=\"279\">Zone Sonographie Technologie (ZST+)<\/strong> setzt dieses System neue Ma\u00dfst\u00e4be \u2013 weit \u00fcber die M\u00f6glichkeiten herk\u00f6mmlicher Beamformer-Technologien hinaus.<\/p>\n<p data-start=\"393\" data-end=\"408\">Die Vorteile:<\/p>\n<ul data-start=\"409\" data-end=\"539\">\n<li data-start=\"409\" data-end=\"468\">\n<p data-start=\"411\" data-end=\"468\"><strong data-start=\"411\" data-end=\"440\">Ultraschneller Bildaufbau<\/strong> f\u00fcr sofortige Darstellung<\/p>\n<\/li>\n<li data-start=\"469\" data-end=\"539\">\n<p data-start=\"471\" data-end=\"539\"><strong data-start=\"471\" data-end=\"506\">Durchgehend fokussiertes B-Bild<\/strong> \u2013 vom Nahfeld bis in die Tiefe<\/p>\n<\/li>\n<\/ul>\n<p data-start=\"541\" data-end=\"691\">Konzentrieren Sie sich ganz auf das Wesentliche: <strong data-start=\"590\" data-end=\"616\">die Bildinterpretation<\/strong>.<br data-start=\"617\" data-end=\"620\" \/>Das System \u00fcbernimmt den Rest \u2013 <strong data-start=\"652\" data-end=\"690\">automatisch, pr\u00e4zise und effizient<\/strong>.<\/p>\n","protected":false},"excerpt":{"rendered":"<p data-start=\"182\" data-end=\"327\">Das <strong data-start=\"186\" data-end=\"200\">Consona N9<\/strong> Ultraschallsystem wurde entwickelt, um Ihnen bei der t\u00e4glichen Diagnostik <strong data-start=\"275\" data-end=\"314\">mehr Sicherheit und Zuverl\u00e4ssigkeit<\/strong> zu bieten.<\/p>\n<p data-start=\"329\" data-end=\"539\">Dank <strong data-start=\"334\" data-end=\"357\">pr\u00e4ziser Bildgebung<\/strong> und <strong data-start=\"362\" data-end=\"419\">\u00fcbernommener Expertenfunktionen aus High-End-Systemen<\/strong> liefert es schnelle, aussagekr\u00e4ftige Informationen \u2013 f\u00fcr effizientere Untersuchungen bei gleichbleibend hoher Qualit\u00e4t.<\/p>\n<p data-start=\"541\" data-end=\"709\">Eine <strong data-start=\"546\" data-end=\"580\">breite Auswahl an Schallsonden<\/strong> und vielseitige <strong data-start=\"597\" data-end=\"624\">klinische Applikationen<\/strong> unterst\u00fctzen Sie gezielt dabei, auch komplexe Fragestellungen sicher zu beantworten.<\/p>\n<p data-start=\"541\" data-end=\"709\"><img decoding=\"async\" class=\"alignnone wp-image-949 size-full\" src=\"https:\/\/primus-medizintechnik.de\/wp-content\/uploads\/2025\/07\/Screenshot-2025-07-22-121230.png\" alt=\"\" width=\"777\" height=\"506\" \/><\/p>\n<h2 style=\"color: #ff6f00;\" data-start=\"334\" data-end=\"356\"><strong data-start=\"338\" data-end=\"356\">EINSATZGEBIETE<\/strong><\/h2>\n<ul>\n<li>Internistische L\u00f6sung<\/li>\n<li>Kardio-Vaskul\u00e4re L\u00f6sungen<\/li>\n<\/ul>\n","protected":false},"featured_media":1561,"template":"","meta":[],"product_brand":[50],"product_cat":[61],"product_tag":[62,65,63,64,66],"class_list":{"0":"post-1310","1":"product","2":"type-product","3":"status-publish","4":"has-post-thumbnail","6":"product_brand-mindray","7":"product_cat-stationaere-ultraschallgeraet","8":"product_tag-diagnostischer-ultraschall","9":"product_tag-konsolengeraet","10":"product_tag-sonographie","11":"product_tag-ultraschallgeraet","12":"product_tag-ultrasound","14":"first","15":"instock","16":"shipping-taxable","17":"product-type-simple"},"yoast_head":"<!-- This site is optimized with the Yoast SEO plugin v27.3 - https:\/\/yoast.com\/product\/yoast-seo-wordpress\/ -->\n<title>Mindray Consona N9 - HELAmed GmbH<\/title>\n<meta name=\"robots\" content=\"index, follow, max-snippet:-1, max-image-preview:large, max-video-preview:-1\" \/>\n<link rel=\"canonical\" href=\"https:\/\/helamed-gmbh.de\/en\/produkt\/mindray-consona-n9\/\" \/>\n<meta property=\"og:locale\" content=\"en_US\" \/>\n<meta property=\"og:type\" content=\"article\" \/>\n<meta property=\"og:title\" content=\"Mindray Consona N9 - HELAmed GmbH\" \/>\n<meta property=\"og:description\" content=\"Das Consona N9 Ultraschallsystem wurde entwickelt, um Ihnen bei der t\u00e4glichen Diagnostik mehr Sicherheit und Zuverl\u00e4ssigkeit zu bieten. Dank pr\u00e4ziser Bildgebung und \u00fcbernommener Expertenfunktionen aus High-End-Systemen liefert es schnelle, aussagekr\u00e4ftige Informationen \u2013 f\u00fcr effizientere Untersuchungen bei gleichbleibend hoher Qualit\u00e4t. Eine breite Auswahl an Schallsonden und vielseitige klinische Applikationen unterst\u00fctzen Sie gezielt dabei, auch komplexe Fragestellungen sicher zu beantworten.   EINSATZGEBIETE   Internistische L\u00f6sung  Kardio-Vaskul\u00e4re L\u00f6sungen\" \/>\n<meta property=\"og:url\" content=\"https:\/\/helamed-gmbh.de\/en\/produkt\/mindray-consona-n9\/\" \/>\n<meta property=\"og:site_name\" content=\"HELAmed GmbH\" \/>\n<meta property=\"article:modified_time\" content=\"2025-07-26T11:42:08+00:00\" \/>\n<meta property=\"og:image\" content=\"https:\/\/helamed-gmbh.de\/wp-content\/uploads\/2025\/07\/Mindray_N9.jpg\" \/>\n\t<meta property=\"og:image:width\" content=\"960\" \/>\n\t<meta property=\"og:image:height\" content=\"960\" \/>\n\t<meta property=\"og:image:type\" content=\"image\/jpeg\" \/>\n<meta name=\"twitter:card\" content=\"summary_large_image\" \/>\n<meta name=\"twitter:label1\" content=\"Est. reading time\" \/>\n\t<meta name=\"twitter:data1\" content=\"1 minute\" \/>\n<script type=\"application\/ld+json\" class=\"yoast-schema-graph\">{\"@context\":\"https:\\\/\\\/schema.org\",\"@graph\":[{\"@type\":\"WebPage\",\"@id\":\"https:\\\/\\\/helamed-gmbh.de\\\/en\\\/produkt\\\/mindray-consona-n9\\\/\",\"url\":\"https:\\\/\\\/helamed-gmbh.de\\\/en\\\/produkt\\\/mindray-consona-n9\\\/\",\"name\":\"Mindray Consona N9 - HELAmed GmbH\",\"isPartOf\":{\"@id\":\"https:\\\/\\\/helamed-gmbh.de\\\/en\\\/#website\"},\"primaryImageOfPage\":{\"@id\":\"https:\\\/\\\/helamed-gmbh.de\\\/en\\\/produkt\\\/mindray-consona-n9\\\/#primaryimage\"},\"image\":{\"@id\":\"https:\\\/\\\/helamed-gmbh.de\\\/en\\\/produkt\\\/mindray-consona-n9\\\/#primaryimage\"},\"thumbnailUrl\":\"https:\\\/\\\/helamed-gmbh.de\\\/wp-content\\\/uploads\\\/2025\\\/07\\\/Mindray_N9.jpg\",\"datePublished\":\"2025-07-26T11:41:13+00:00\",\"dateModified\":\"2025-07-26T11:42:08+00:00\",\"breadcrumb\":{\"@id\":\"https:\\\/\\\/helamed-gmbh.de\\\/en\\\/produkt\\\/mindray-consona-n9\\\/#breadcrumb\"},\"inLanguage\":\"en-US\",\"potentialAction\":[{\"@type\":\"ReadAction\",\"target\":[\"https:\\\/\\\/helamed-gmbh.de\\\/en\\\/produkt\\\/mindray-consona-n9\\\/\"]}]},{\"@type\":\"ImageObject\",\"inLanguage\":\"en-US\",\"@id\":\"https:\\\/\\\/helamed-gmbh.de\\\/en\\\/produkt\\\/mindray-consona-n9\\\/#primaryimage\",\"url\":\"https:\\\/\\\/helamed-gmbh.de\\\/wp-content\\\/uploads\\\/2025\\\/07\\\/Mindray_N9.jpg\",\"contentUrl\":\"https:\\\/\\\/helamed-gmbh.de\\\/wp-content\\\/uploads\\\/2025\\\/07\\\/Mindray_N9.jpg\",\"width\":960,\"height\":960},{\"@type\":\"BreadcrumbList\",\"@id\":\"https:\\\/\\\/helamed-gmbh.de\\\/en\\\/produkt\\\/mindray-consona-n9\\\/#breadcrumb\",\"itemListElement\":[{\"@type\":\"ListItem\",\"position\":1,\"name\":\"Startseite\",\"item\":\"https:\\\/\\\/helamed-gmbh.de\\\/en\\\/home\\\/\"},{\"@type\":\"ListItem\",\"position\":2,\"name\":\"Shop\",\"item\":\"https:\\\/\\\/helamed-gmbh.de\\\/?page_id=626\"},{\"@type\":\"ListItem\",\"position\":3,\"name\":\"Mindray Consona N9\"}]},{\"@type\":\"WebSite\",\"@id\":\"https:\\\/\\\/helamed-gmbh.de\\\/en\\\/#website\",\"url\":\"https:\\\/\\\/helamed-gmbh.de\\\/en\\\/\",\"name\":\"HELAmed GmbH\",\"description\":\"Medizintechnik und Fachberatung f\u00fcr Kliniken und Fachpersonal \u2013 alles aus einer Hand.\",\"publisher\":{\"@id\":\"https:\\\/\\\/helamed-gmbh.de\\\/en\\\/#organization\"},\"potentialAction\":[{\"@type\":\"SearchAction\",\"target\":{\"@type\":\"EntryPoint\",\"urlTemplate\":\"https:\\\/\\\/helamed-gmbh.de\\\/en\\\/?s={search_term_string}\"},\"query-input\":{\"@type\":\"PropertyValueSpecification\",\"valueRequired\":true,\"valueName\":\"search_term_string\"}}],\"inLanguage\":\"en-US\"},{\"@type\":\"Organization\",\"@id\":\"https:\\\/\\\/helamed-gmbh.de\\\/en\\\/#organization\",\"name\":\"HELAmed GmbH\",\"url\":\"https:\\\/\\\/helamed-gmbh.de\\\/en\\\/\",\"logo\":{\"@type\":\"ImageObject\",\"inLanguage\":\"en-US\",\"@id\":\"https:\\\/\\\/helamed-gmbh.de\\\/en\\\/#\\\/schema\\\/logo\\\/image\\\/\",\"url\":\"https:\\\/\\\/helamed-gmbh.de\\\/wp-content\\\/uploads\\\/2025\\\/07\\\/cropped-helamed_logo.png\",\"contentUrl\":\"https:\\\/\\\/helamed-gmbh.de\\\/wp-content\\\/uploads\\\/2025\\\/07\\\/cropped-helamed_logo.png\",\"width\":318,\"height\":125,\"caption\":\"HELAmed GmbH\"},\"image\":{\"@id\":\"https:\\\/\\\/helamed-gmbh.de\\\/en\\\/#\\\/schema\\\/logo\\\/image\\\/\"}}]}<\/script>\n<!-- \/ Yoast SEO plugin. -->","yoast_head_json":{"title":"Mindray Consona N9 - HELAmed GmbH","robots":{"index":"index","follow":"follow","max-snippet":"max-snippet:-1","max-image-preview":"max-image-preview:large","max-video-preview":"max-video-preview:-1"},"canonical":"https:\/\/helamed-gmbh.de\/en\/produkt\/mindray-consona-n9\/","og_locale":"en_US","og_type":"article","og_title":"Mindray Consona N9 - HELAmed GmbH","og_description":"Das Consona N9 Ultraschallsystem wurde entwickelt, um Ihnen bei der t\u00e4glichen Diagnostik mehr Sicherheit und Zuverl\u00e4ssigkeit zu bieten. Dank pr\u00e4ziser Bildgebung und \u00fcbernommener Expertenfunktionen aus High-End-Systemen liefert es schnelle, aussagekr\u00e4ftige Informationen \u2013 f\u00fcr effizientere Untersuchungen bei gleichbleibend hoher Qualit\u00e4t. Eine breite Auswahl an Schallsonden und vielseitige klinische Applikationen unterst\u00fctzen Sie gezielt dabei, auch komplexe Fragestellungen sicher zu beantworten.   EINSATZGEBIETE   Internistische L\u00f6sung  Kardio-Vaskul\u00e4re L\u00f6sungen","og_url":"https:\/\/helamed-gmbh.de\/en\/produkt\/mindray-consona-n9\/","og_site_name":"HELAmed GmbH","article_modified_time":"2025-07-26T11:42:08+00:00","og_image":[{"width":960,"height":960,"url":"https:\/\/helamed-gmbh.de\/wp-content\/uploads\/2025\/07\/Mindray_N9.jpg","type":"image\/jpeg"}],"twitter_card":"summary_large_image","twitter_misc":{"Est. reading time":"1 minute"},"schema":{"@context":"https:\/\/schema.org","@graph":[{"@type":"WebPage","@id":"https:\/\/helamed-gmbh.de\/en\/produkt\/mindray-consona-n9\/","url":"https:\/\/helamed-gmbh.de\/en\/produkt\/mindray-consona-n9\/","name":"Mindray Consona N9 - HELAmed GmbH","isPartOf":{"@id":"https:\/\/helamed-gmbh.de\/en\/#website"},"primaryImageOfPage":{"@id":"https:\/\/helamed-gmbh.de\/en\/produkt\/mindray-consona-n9\/#primaryimage"},"image":{"@id":"https:\/\/helamed-gmbh.de\/en\/produkt\/mindray-consona-n9\/#primaryimage"},"thumbnailUrl":"https:\/\/helamed-gmbh.de\/wp-content\/uploads\/2025\/07\/Mindray_N9.jpg","datePublished":"2025-07-26T11:41:13+00:00","dateModified":"2025-07-26T11:42:08+00:00","breadcrumb":{"@id":"https:\/\/helamed-gmbh.de\/en\/produkt\/mindray-consona-n9\/#breadcrumb"},"inLanguage":"en-US","potentialAction":[{"@type":"ReadAction","target":["https:\/\/helamed-gmbh.de\/en\/produkt\/mindray-consona-n9\/"]}]},{"@type":"ImageObject","inLanguage":"en-US","@id":"https:\/\/helamed-gmbh.de\/en\/produkt\/mindray-consona-n9\/#primaryimage","url":"https:\/\/helamed-gmbh.de\/wp-content\/uploads\/2025\/07\/Mindray_N9.jpg","contentUrl":"https:\/\/helamed-gmbh.de\/wp-content\/uploads\/2025\/07\/Mindray_N9.jpg","width":960,"height":960},{"@type":"BreadcrumbList","@id":"https:\/\/helamed-gmbh.de\/en\/produkt\/mindray-consona-n9\/#breadcrumb","itemListElement":[{"@type":"ListItem","position":1,"name":"Startseite","item":"https:\/\/helamed-gmbh.de\/en\/home\/"},{"@type":"ListItem","position":2,"name":"Shop","item":"https:\/\/helamed-gmbh.de\/?page_id=626"},{"@type":"ListItem","position":3,"name":"Mindray Consona N9"}]},{"@type":"WebSite","@id":"https:\/\/helamed-gmbh.de\/en\/#website","url":"https:\/\/helamed-gmbh.de\/en\/","name":"HELAmed GmbH","description":"Medizintechnik und Fachberatung f\u00fcr Kliniken und Fachpersonal \u2013 alles aus einer Hand.","publisher":{"@id":"https:\/\/helamed-gmbh.de\/en\/#organization"},"potentialAction":[{"@type":"SearchAction","target":{"@type":"EntryPoint","urlTemplate":"https:\/\/helamed-gmbh.de\/en\/?s={search_term_string}"},"query-input":{"@type":"PropertyValueSpecification","valueRequired":true,"valueName":"search_term_string"}}],"inLanguage":"en-US"},{"@type":"Organization","@id":"https:\/\/helamed-gmbh.de\/en\/#organization","name":"HELAmed GmbH","url":"https:\/\/helamed-gmbh.de\/en\/","logo":{"@type":"ImageObject","inLanguage":"en-US","@id":"https:\/\/helamed-gmbh.de\/en\/#\/schema\/logo\/image\/","url":"https:\/\/helamed-gmbh.de\/wp-content\/uploads\/2025\/07\/cropped-helamed_logo.png","contentUrl":"https:\/\/helamed-gmbh.de\/wp-content\/uploads\/2025\/07\/cropped-helamed_logo.png","width":318,"height":125,"caption":"HELAmed GmbH"},"image":{"@id":"https:\/\/helamed-gmbh.de\/en\/#\/schema\/logo\/image\/"}}]}},"_links":{"self":[{"href":"https:\/\/helamed-gmbh.de\/en\/wp-json\/wp\/v2\/product\/1310","targetHints":{"allow":["GET"]}}],"collection":[{"href":"https:\/\/helamed-gmbh.de\/en\/wp-json\/wp\/v2\/product"}],"about":[{"href":"https:\/\/helamed-gmbh.de\/en\/wp-json\/wp\/v2\/types\/product"}],"wp:featuredmedia":[{"embeddable":true,"href":"https:\/\/helamed-gmbh.de\/en\/wp-json\/wp\/v2\/media\/1561"}],"wp:attachment":[{"href":"https:\/\/helamed-gmbh.de\/en\/wp-json\/wp\/v2\/media?parent=1310"}],"wp:term":[{"taxonomy":"product_brand","embeddable":true,"href":"https:\/\/helamed-gmbh.de\/en\/wp-json\/wp\/v2\/product_brand?post=1310"},{"taxonomy":"product_cat","embeddable":true,"href":"https:\/\/helamed-gmbh.de\/en\/wp-json\/wp\/v2\/product_cat?post=1310"},{"taxonomy":"product_tag","embeddable":true,"href":"https:\/\/helamed-gmbh.de\/en\/wp-json\/wp\/v2\/product_tag?post=1310"}],"curies":[{"name":"wp","href":"https:\/\/api.w.org\/{rel}","templated":true}]}}