{"id":1311,"date":"2025-07-26T13:41:13","date_gmt":"2025-07-26T11:41:13","guid":{"rendered":"https:\/\/helamed-gmbh.de\/?post_type=product&#038;p=1311"},"modified":"2025-07-26T13:42:12","modified_gmt":"2025-07-26T11:42:12","slug":"mindray-consona-n5","status":"publish","type":"product","link":"https:\/\/helamed-gmbh.de\/en\/produkt\/mindray-consona-n5\/","title":{"rendered":"Mindray Consona N5"},"content":{"rendered":"<h3 style=\"color: #ff6f00;\" data-start=\"334\" data-end=\"356\">Mindray Consona N6 \u2013 Der smarte Allrounder<\/h3>\n<p data-start=\"541\" data-end=\"691\"><img fetchpriority=\"high\" decoding=\"async\" class=\"alignnone wp-image-958 size-full\" src=\"https:\/\/primus-medizintechnik.de\/wp-content\/uploads\/2025\/07\/Consona-N5-17.jpg\" alt=\"\" width=\"960\" height=\"640\" \/><\/p>\n<p data-start=\"541\" data-end=\"691\">\n","protected":false},"excerpt":{"rendered":"<h3 data-start=\"180\" data-end=\"238\"><strong data-start=\"184\" data-end=\"236\">Mindray Consona N5 \u2013 Stark in Leistung und Preis<\/strong><\/h3>\n<p data-start=\"239\" data-end=\"461\">Ausgestattet mit der innovativen <strong data-start=\"272\" data-end=\"292\">ZST+ Technologie<\/strong>, \u00fcberzeugt das <strong data-start=\"308\" data-end=\"322\">Consona N5<\/strong> durch schnelle, pr\u00e4zise Bildgebung und ein ausgezeichnetes <strong data-start=\"382\" data-end=\"412\">Preis-Leistungs-Verh\u00e4ltnis<\/strong> \u2013 ideal f\u00fcr den vielseitigen klinischen Einsatz.<\/p>\n<p data-start=\"239\" data-end=\"461\"><img decoding=\"async\" class=\"wp-image-959 size-full aligncenter\" src=\"https:\/\/primus-medizintechnik.de\/wp-content\/uploads\/2025\/07\/Consona-N5-10.jpg\" alt=\"\" width=\"960\" height=\"640\" \/><\/p>\n<h2 style=\"color: #ff6f00;\" data-start=\"334\" data-end=\"356\"><strong data-start=\"338\" data-end=\"356\">EINSATZGEBIETE<\/strong><\/h2>\n<ul>\n<li>Internistische L\u00f6sung<\/li>\n<li>Kardio-Vaskul\u00e4re L\u00f6sungen<\/li>\n<\/ul>\n","protected":false},"featured_media":1564,"template":"","meta":[],"product_brand":[50],"product_cat":[61],"product_tag":[62,65,63,64,66],"class_list":{"0":"post-1311","1":"product","2":"type-product","3":"status-publish","4":"has-post-thumbnail","6":"product_brand-mindray","7":"product_cat-stationaere-ultraschallgeraet","8":"product_tag-diagnostischer-ultraschall","9":"product_tag-konsolengeraet","10":"product_tag-sonographie","11":"product_tag-ultraschallgeraet","12":"product_tag-ultrasound","14":"first","15":"instock","16":"shipping-taxable","17":"product-type-simple"},"yoast_head":"<!-- This site is optimized with the Yoast SEO plugin v27.3 - https:\/\/yoast.com\/product\/yoast-seo-wordpress\/ -->\n<title>Mindray Consona N5 - HELAmed GmbH<\/title>\n<meta name=\"robots\" content=\"index, follow, max-snippet:-1, max-image-preview:large, max-video-preview:-1\" \/>\n<link rel=\"canonical\" href=\"https:\/\/helamed-gmbh.de\/en\/produkt\/mindray-consona-n5\/\" \/>\n<meta property=\"og:locale\" content=\"en_US\" \/>\n<meta property=\"og:type\" content=\"article\" \/>\n<meta property=\"og:title\" content=\"Mindray Consona N5 - HELAmed GmbH\" \/>\n<meta property=\"og:description\" content=\"Mindray Consona N5 \u2013 Stark in Leistung und Preis Ausgestattet mit der innovativen ZST+ Technologie, \u00fcberzeugt das Consona N5 durch schnelle, pr\u00e4zise Bildgebung und ein ausgezeichnetes Preis-Leistungs-Verh\u00e4ltnis \u2013 ideal f\u00fcr den vielseitigen klinischen Einsatz.   EINSATZGEBIETE   Internistische L\u00f6sung  Kardio-Vaskul\u00e4re L\u00f6sungen\" \/>\n<meta property=\"og:url\" content=\"https:\/\/helamed-gmbh.de\/en\/produkt\/mindray-consona-n5\/\" \/>\n<meta property=\"og:site_name\" content=\"HELAmed GmbH\" \/>\n<meta property=\"article:modified_time\" content=\"2025-07-26T11:42:12+00:00\" \/>\n<meta property=\"og:image\" content=\"https:\/\/helamed-gmbh.de\/wp-content\/uploads\/2025\/07\/consona-n5.jpg\" \/>\n\t<meta property=\"og:image:width\" content=\"960\" \/>\n\t<meta property=\"og:image:height\" content=\"960\" \/>\n\t<meta property=\"og:image:type\" content=\"image\/jpeg\" \/>\n<meta name=\"twitter:card\" content=\"summary_large_image\" \/>\n<script type=\"application\/ld+json\" class=\"yoast-schema-graph\">{\"@context\":\"https:\\\/\\\/schema.org\",\"@graph\":[{\"@type\":\"WebPage\",\"@id\":\"https:\\\/\\\/helamed-gmbh.de\\\/en\\\/produkt\\\/mindray-consona-n5\\\/\",\"url\":\"https:\\\/\\\/helamed-gmbh.de\\\/en\\\/produkt\\\/mindray-consona-n5\\\/\",\"name\":\"Mindray Consona N5 - HELAmed GmbH\",\"isPartOf\":{\"@id\":\"https:\\\/\\\/helamed-gmbh.de\\\/en\\\/#website\"},\"primaryImageOfPage\":{\"@id\":\"https:\\\/\\\/helamed-gmbh.de\\\/en\\\/produkt\\\/mindray-consona-n5\\\/#primaryimage\"},\"image\":{\"@id\":\"https:\\\/\\\/helamed-gmbh.de\\\/en\\\/produkt\\\/mindray-consona-n5\\\/#primaryimage\"},\"thumbnailUrl\":\"https:\\\/\\\/helamed-gmbh.de\\\/wp-content\\\/uploads\\\/2025\\\/07\\\/consona-n5.jpg\",\"datePublished\":\"2025-07-26T11:41:13+00:00\",\"dateModified\":\"2025-07-26T11:42:12+00:00\",\"breadcrumb\":{\"@id\":\"https:\\\/\\\/helamed-gmbh.de\\\/en\\\/produkt\\\/mindray-consona-n5\\\/#breadcrumb\"},\"inLanguage\":\"en-US\",\"potentialAction\":[{\"@type\":\"ReadAction\",\"target\":[\"https:\\\/\\\/helamed-gmbh.de\\\/en\\\/produkt\\\/mindray-consona-n5\\\/\"]}]},{\"@type\":\"ImageObject\",\"inLanguage\":\"en-US\",\"@id\":\"https:\\\/\\\/helamed-gmbh.de\\\/en\\\/produkt\\\/mindray-consona-n5\\\/#primaryimage\",\"url\":\"https:\\\/\\\/helamed-gmbh.de\\\/wp-content\\\/uploads\\\/2025\\\/07\\\/consona-n5.jpg\",\"contentUrl\":\"https:\\\/\\\/helamed-gmbh.de\\\/wp-content\\\/uploads\\\/2025\\\/07\\\/consona-n5.jpg\",\"width\":960,\"height\":960},{\"@type\":\"BreadcrumbList\",\"@id\":\"https:\\\/\\\/helamed-gmbh.de\\\/en\\\/produkt\\\/mindray-consona-n5\\\/#breadcrumb\",\"itemListElement\":[{\"@type\":\"ListItem\",\"position\":1,\"name\":\"Startseite\",\"item\":\"https:\\\/\\\/helamed-gmbh.de\\\/en\\\/home\\\/\"},{\"@type\":\"ListItem\",\"position\":2,\"name\":\"Shop\",\"item\":\"https:\\\/\\\/helamed-gmbh.de\\\/?page_id=626\"},{\"@type\":\"ListItem\",\"position\":3,\"name\":\"Mindray Consona N5\"}]},{\"@type\":\"WebSite\",\"@id\":\"https:\\\/\\\/helamed-gmbh.de\\\/en\\\/#website\",\"url\":\"https:\\\/\\\/helamed-gmbh.de\\\/en\\\/\",\"name\":\"HELAmed GmbH\",\"description\":\"Medizintechnik und Fachberatung f\u00fcr Kliniken und Fachpersonal \u2013 alles aus einer Hand.\",\"publisher\":{\"@id\":\"https:\\\/\\\/helamed-gmbh.de\\\/en\\\/#organization\"},\"potentialAction\":[{\"@type\":\"SearchAction\",\"target\":{\"@type\":\"EntryPoint\",\"urlTemplate\":\"https:\\\/\\\/helamed-gmbh.de\\\/en\\\/?s={search_term_string}\"},\"query-input\":{\"@type\":\"PropertyValueSpecification\",\"valueRequired\":true,\"valueName\":\"search_term_string\"}}],\"inLanguage\":\"en-US\"},{\"@type\":\"Organization\",\"@id\":\"https:\\\/\\\/helamed-gmbh.de\\\/en\\\/#organization\",\"name\":\"HELAmed GmbH\",\"url\":\"https:\\\/\\\/helamed-gmbh.de\\\/en\\\/\",\"logo\":{\"@type\":\"ImageObject\",\"inLanguage\":\"en-US\",\"@id\":\"https:\\\/\\\/helamed-gmbh.de\\\/en\\\/#\\\/schema\\\/logo\\\/image\\\/\",\"url\":\"https:\\\/\\\/helamed-gmbh.de\\\/wp-content\\\/uploads\\\/2025\\\/07\\\/cropped-helamed_logo.png\",\"contentUrl\":\"https:\\\/\\\/helamed-gmbh.de\\\/wp-content\\\/uploads\\\/2025\\\/07\\\/cropped-helamed_logo.png\",\"width\":318,\"height\":125,\"caption\":\"HELAmed GmbH\"},\"image\":{\"@id\":\"https:\\\/\\\/helamed-gmbh.de\\\/en\\\/#\\\/schema\\\/logo\\\/image\\\/\"}}]}<\/script>\n<!-- \/ Yoast SEO plugin. -->","yoast_head_json":{"title":"Mindray Consona N5 - HELAmed GmbH","robots":{"index":"index","follow":"follow","max-snippet":"max-snippet:-1","max-image-preview":"max-image-preview:large","max-video-preview":"max-video-preview:-1"},"canonical":"https:\/\/helamed-gmbh.de\/en\/produkt\/mindray-consona-n5\/","og_locale":"en_US","og_type":"article","og_title":"Mindray Consona N5 - HELAmed GmbH","og_description":"Mindray Consona N5 \u2013 Stark in Leistung und Preis Ausgestattet mit der innovativen ZST+ Technologie, \u00fcberzeugt das Consona N5 durch schnelle, pr\u00e4zise Bildgebung und ein ausgezeichnetes Preis-Leistungs-Verh\u00e4ltnis \u2013 ideal f\u00fcr den vielseitigen klinischen Einsatz.   EINSATZGEBIETE   Internistische L\u00f6sung  Kardio-Vaskul\u00e4re L\u00f6sungen","og_url":"https:\/\/helamed-gmbh.de\/en\/produkt\/mindray-consona-n5\/","og_site_name":"HELAmed GmbH","article_modified_time":"2025-07-26T11:42:12+00:00","og_image":[{"width":960,"height":960,"url":"https:\/\/helamed-gmbh.de\/wp-content\/uploads\/2025\/07\/consona-n5.jpg","type":"image\/jpeg"}],"twitter_card":"summary_large_image","schema":{"@context":"https:\/\/schema.org","@graph":[{"@type":"WebPage","@id":"https:\/\/helamed-gmbh.de\/en\/produkt\/mindray-consona-n5\/","url":"https:\/\/helamed-gmbh.de\/en\/produkt\/mindray-consona-n5\/","name":"Mindray Consona N5 - HELAmed GmbH","isPartOf":{"@id":"https:\/\/helamed-gmbh.de\/en\/#website"},"primaryImageOfPage":{"@id":"https:\/\/helamed-gmbh.de\/en\/produkt\/mindray-consona-n5\/#primaryimage"},"image":{"@id":"https:\/\/helamed-gmbh.de\/en\/produkt\/mindray-consona-n5\/#primaryimage"},"thumbnailUrl":"https:\/\/helamed-gmbh.de\/wp-content\/uploads\/2025\/07\/consona-n5.jpg","datePublished":"2025-07-26T11:41:13+00:00","dateModified":"2025-07-26T11:42:12+00:00","breadcrumb":{"@id":"https:\/\/helamed-gmbh.de\/en\/produkt\/mindray-consona-n5\/#breadcrumb"},"inLanguage":"en-US","potentialAction":[{"@type":"ReadAction","target":["https:\/\/helamed-gmbh.de\/en\/produkt\/mindray-consona-n5\/"]}]},{"@type":"ImageObject","inLanguage":"en-US","@id":"https:\/\/helamed-gmbh.de\/en\/produkt\/mindray-consona-n5\/#primaryimage","url":"https:\/\/helamed-gmbh.de\/wp-content\/uploads\/2025\/07\/consona-n5.jpg","contentUrl":"https:\/\/helamed-gmbh.de\/wp-content\/uploads\/2025\/07\/consona-n5.jpg","width":960,"height":960},{"@type":"BreadcrumbList","@id":"https:\/\/helamed-gmbh.de\/en\/produkt\/mindray-consona-n5\/#breadcrumb","itemListElement":[{"@type":"ListItem","position":1,"name":"Startseite","item":"https:\/\/helamed-gmbh.de\/en\/home\/"},{"@type":"ListItem","position":2,"name":"Shop","item":"https:\/\/helamed-gmbh.de\/?page_id=626"},{"@type":"ListItem","position":3,"name":"Mindray Consona N5"}]},{"@type":"WebSite","@id":"https:\/\/helamed-gmbh.de\/en\/#website","url":"https:\/\/helamed-gmbh.de\/en\/","name":"HELAmed GmbH","description":"Medizintechnik und Fachberatung f\u00fcr Kliniken und Fachpersonal \u2013 alles aus einer Hand.","publisher":{"@id":"https:\/\/helamed-gmbh.de\/en\/#organization"},"potentialAction":[{"@type":"SearchAction","target":{"@type":"EntryPoint","urlTemplate":"https:\/\/helamed-gmbh.de\/en\/?s={search_term_string}"},"query-input":{"@type":"PropertyValueSpecification","valueRequired":true,"valueName":"search_term_string"}}],"inLanguage":"en-US"},{"@type":"Organization","@id":"https:\/\/helamed-gmbh.de\/en\/#organization","name":"HELAmed GmbH","url":"https:\/\/helamed-gmbh.de\/en\/","logo":{"@type":"ImageObject","inLanguage":"en-US","@id":"https:\/\/helamed-gmbh.de\/en\/#\/schema\/logo\/image\/","url":"https:\/\/helamed-gmbh.de\/wp-content\/uploads\/2025\/07\/cropped-helamed_logo.png","contentUrl":"https:\/\/helamed-gmbh.de\/wp-content\/uploads\/2025\/07\/cropped-helamed_logo.png","width":318,"height":125,"caption":"HELAmed GmbH"},"image":{"@id":"https:\/\/helamed-gmbh.de\/en\/#\/schema\/logo\/image\/"}}]}},"_links":{"self":[{"href":"https:\/\/helamed-gmbh.de\/en\/wp-json\/wp\/v2\/product\/1311","targetHints":{"allow":["GET"]}}],"collection":[{"href":"https:\/\/helamed-gmbh.de\/en\/wp-json\/wp\/v2\/product"}],"about":[{"href":"https:\/\/helamed-gmbh.de\/en\/wp-json\/wp\/v2\/types\/product"}],"wp:featuredmedia":[{"embeddable":true,"href":"https:\/\/helamed-gmbh.de\/en\/wp-json\/wp\/v2\/media\/1564"}],"wp:attachment":[{"href":"https:\/\/helamed-gmbh.de\/en\/wp-json\/wp\/v2\/media?parent=1311"}],"wp:term":[{"taxonomy":"product_brand","embeddable":true,"href":"https:\/\/helamed-gmbh.de\/en\/wp-json\/wp\/v2\/product_brand?post=1311"},{"taxonomy":"product_cat","embeddable":true,"href":"https:\/\/helamed-gmbh.de\/en\/wp-json\/wp\/v2\/product_cat?post=1311"},{"taxonomy":"product_tag","embeddable":true,"href":"https:\/\/helamed-gmbh.de\/en\/wp-json\/wp\/v2\/product_tag?post=1311"}],"curies":[{"name":"wp","href":"https:\/\/api.w.org\/{rel}","templated":true}]}}