{"id":953,"date":"2025-07-08T15:24:20","date_gmt":"2025-07-08T13:24:20","guid":{"rendered":"https:\/\/helamed-gmbh.de\/?post_type=product&#038;p=953"},"modified":"2025-07-08T15:24:26","modified_gmt":"2025-07-08T13:24:26","slug":"philips-affiniti-cvx-kopie-3","status":"publish","type":"product","link":"https:\/\/helamed-gmbh.de\/en\/produkt\/philips-affiniti-cvx-kopie-3\/","title":{"rendered":"Philips Affiniti CVx (Kopie)"},"content":{"rendered":"<h3 style=\"color: #07abf2;\" data-start=\"117\" data-end=\"186\"><strong data-start=\"121\" data-end=\"186\">Diagnostik<\/strong><\/h3>\n<h3 style=\"color: #07sabf2;\" data-start=\";&quot;\" data-end=\"186\">reines kardiologisches Ultraschallsystem mit hohem Patientendurchsatz<\/h3>\n<ul>\n<li data-start=\"346\" data-end=\"498\">\n<p data-start=\"348\" data-end=\"498\"><strong data-start=\"348\" data-end=\"382\">xMATRIX-Schallkopftechnologie:<\/strong> Alle Betriebsarten in einem einzigen Schallkopf vereint \u2013 f\u00fcr maximale Flexibilit\u00e4t und Effizienz in der Anwendung.<\/p>\n<\/li>\n<li data-start=\"499\" data-end=\"653\">\n<p data-start=\"501\" data-end=\"653\"><strong data-start=\"501\" data-end=\"526\">PureWave-Technologie:<\/strong> Entwickelt f\u00fcr schwer schallbare Patienten, sorgt sie f\u00fcr eine exzellente Bildqualit\u00e4t auch unter anspruchsvollen Bedingungen.<\/p>\n<\/li>\n<li data-start=\"654\" data-end=\"802\">\n<p data-start=\"656\" data-end=\"802\"><strong data-start=\"656\" data-end=\"704\">Erweiterte Echokardiographie f\u00fcr Erwachsene:<\/strong> Einschlie\u00dflich Live-3D-trans\u00f6sophagealer (TEE-)Bildgebung \u2013 ideal zur pr\u00e4zisen Verfahrensf\u00fchrung.<\/p>\n<\/li>\n<li data-start=\"803\" data-end=\"903\">\n<p data-start=\"805\" data-end=\"903\"><strong data-start=\"805\" data-end=\"840\">P\u00e4diatrische Echokardiographie:<\/strong> Inklusive des hochaufl\u00f6senden MicroTEE f\u00fcr kleinste Patienten.<\/p>\n<\/li>\n<li data-start=\"904\" data-end=\"996\">\n<p data-start=\"906\" data-end=\"996\"><strong data-start=\"906\" data-end=\"927\">S8-3t Schallkopf:<\/strong> Vielseitig einsetzbar f\u00fcr verschiedenste kardiologische Anwendungen.<\/p>\n<\/li>\n<li data-start=\"997\" data-end=\"1141\">\n<p data-start=\"999\" data-end=\"1141\"><strong data-start=\"999\" data-end=\"1042\">Automatisierte LV-Stammquantifizierung:<\/strong> Vollautomatisch, reproduzierbar und zeitsparend \u2013 f\u00fcr eine objektive Beurteilung der Herzfunktion.<\/p>\n<\/li>\n<li data-start=\"1142\" data-end=\"1218\">\n<p data-start=\"1144\" data-end=\"1218\"><strong data-start=\"1144\" data-end=\"1172\">Stressechokardiographie:<\/strong> Zuverl\u00e4ssige Ergebnisse auch unter Belastung.<\/p>\n<\/li>\n<li data-start=\"1219\" data-end=\"1323\">\n<p data-start=\"1221\" data-end=\"1323\"><strong data-start=\"1221\" data-end=\"1274\">Exzellente L\u00f6sungen f\u00fcr vaskul\u00e4re Untersuchungen:<\/strong> Klarheit und Detailtreue bei jeder Untersuchung.<\/p>\n<\/li>\n<li data-start=\"1324\" data-end=\"1434\">\n<p data-start=\"1326\" data-end=\"1434\"><strong data-start=\"1326\" data-end=\"1349\">3D-Quantifizierung:<\/strong> Mit intelligenten, automatisierten Werkzeugen f\u00fcr eine schnelle und pr\u00e4zise Analyse.<\/p>\n<\/li>\n<li><strong>Bildverarbeitung<\/strong><br \/>\n4 Schallkopfanschl\u00fcsse<\/li>\n<\/ul>\n<h3 style=\"color: #07abf2;\" data-start=\"117\" data-end=\"186\"><strong data-start=\"121\" data-end=\"186\">Verf\u00fcgbare Schallk\u00f6pfe f\u00fcr dieses Ger\u00e4t:<\/strong><\/h3>\n<p>Convex-Sonde C5-1, Convex-Sonde C6-2, Convex-Sonde C9-2, Micro-Convex-Sonde C8-5, Linear-Sonde L12-3, Linear-Sonde L12-4, Linear-Sonde L12-5 50 mm, Linear-Sonde L18-5, Linear-Sonde eL18-4 50mm, Hockey-Stick-Sonde L15-7io, Endokavit\u00e4r-Sonde C9-4v, Endokavit\u00e4r-Sonde C10-3v, Endokavit\u00e4r-Sonde C10-4ec, Biplane-Endokavit\u00e4r-Sonde BP10-5ec, Phased-Array-Sonde S4-2, Phased-Array-Sonde S5-1, Phased-Array-Sonde S8-3, Phased-Array-Sonde S12-4, Phased-Array-Sonde X5-1 (Matrix), Volumen-Sonden 3D9-3v, Volumen-Sonden VL13-5, Volumen-Sonden V6-2<\/p>\n","protected":false},"excerpt":{"rendered":"<p>Modernste Ultraschalll\u00f6sung mit xMATRIX- und PureWave-Technologie f\u00fcr exzellente Bildqualit\u00e4t, hohe Vielseitigkeit und automatisierte Diagnostik \u2013 selbst bei schwierig schallbaren Patienten.<\/p>\n<p>&nbsp;<\/p>\n<h3 data-start=\"334\" data-end=\"356\"><\/h3>\n<h2 style=\"color: #07abf2;\" data-start=\"334\" data-end=\"356\"><strong data-start=\"338\" data-end=\"356\">EINSATZGEBIETE<\/strong><\/h2>\n<ul data-start=\"358\" data-end=\"608\">\n<li data-start=\"358\" data-end=\"409\">\n<p data-start=\"360\" data-end=\"409\">Erwachsenen-Echokardiographie (inkl. Live 3D TEE)<\/p>\n<\/li>\n<li data-start=\"410\" data-end=\"459\">\n<p data-start=\"412\" data-end=\"459\">P\u00e4diatrische Echokardiographie (inkl. MicroTEE)<\/p>\n<\/li>\n<li data-start=\"460\" data-end=\"485\">\n<p data-start=\"462\" data-end=\"485\">Stressechokardiographie<\/p>\n<\/li>\n<li data-start=\"486\" data-end=\"508\">\n<p data-start=\"488\" data-end=\"508\">Vaskul\u00e4re Diagnostik<\/p>\n<\/li>\n<li data-start=\"509\" data-end=\"570\">\n<p data-start=\"511\" data-end=\"570\">Automatisierte 3D-Herzfunktionsanalyse (LV-Quantifizierung)<\/p>\n<\/li>\n<li data-start=\"571\" data-end=\"608\">\n<p data-start=\"573\" data-end=\"608\">Interventionsbegleitende Bildgebung<\/p>\n<\/li>\n<\/ul>\n","protected":false},"featured_media":681,"template":"","meta":[],"product_brand":[48],"product_cat":[55],"product_tag":[52,51,56,57],"class_list":{"0":"post-953","1":"product","2":"type-product","3":"status-publish","4":"has-post-thumbnail","6":"product_brand-philips","7":"product_cat-stationaere-ultraschallgeraete","8":"product_tag-affiniti-cvx","9":"product_tag-philips-ultraschallgeraete","10":"product_tag-sonografie","11":"product_tag-ultraschall","13":"first","14":"instock","15":"shipping-taxable","16":"product-type-simple"},"yoast_head":"<!-- This site is optimized with the Yoast SEO plugin v27.3 - https:\/\/yoast.com\/product\/yoast-seo-wordpress\/ -->\n<title>Philips Affiniti CVx (Kopie) - HELAmed GmbH<\/title>\n<meta name=\"robots\" content=\"index, follow, max-snippet:-1, max-image-preview:large, max-video-preview:-1\" \/>\n<link rel=\"canonical\" href=\"https:\/\/helamed-gmbh.de\/en\/produkt\/philips-affiniti-cvx-kopie-3\/\" \/>\n<meta property=\"og:locale\" content=\"en_US\" \/>\n<meta property=\"og:type\" content=\"article\" \/>\n<meta property=\"og:title\" content=\"Philips Affiniti CVx (Kopie) - HELAmed GmbH\" \/>\n<meta property=\"og:description\" content=\"Modernste Ultraschalll\u00f6sung mit xMATRIX- und PureWave-Technologie f\u00fcr exzellente Bildqualit\u00e4t, hohe Vielseitigkeit und automatisierte Diagnostik \u2013 selbst bei schwierig schallbaren Patienten.  &nbsp;  EINSATZGEBIETE    Erwachsenen-Echokardiographie (inkl. Live 3D TEE)    P\u00e4diatrische Echokardiographie (inkl. MicroTEE)    Stressechokardiographie    Vaskul\u00e4re Diagnostik    Automatisierte 3D-Herzfunktionsanalyse (LV-Quantifizierung)    Interventionsbegleitende Bildgebung\" \/>\n<meta property=\"og:url\" content=\"https:\/\/helamed-gmbh.de\/en\/produkt\/philips-affiniti-cvx-kopie-3\/\" \/>\n<meta property=\"og:site_name\" content=\"HELAmed GmbH\" \/>\n<meta property=\"article:modified_time\" content=\"2025-07-08T13:24:26+00:00\" \/>\n<meta property=\"og:image\" content=\"https:\/\/helamed-gmbh.de\/wp-content\/uploads\/2025\/07\/philips-affiniti-cvx-right.jpg\" \/>\n\t<meta property=\"og:image:width\" content=\"1000\" \/>\n\t<meta property=\"og:image:height\" content=\"1000\" \/>\n\t<meta property=\"og:image:type\" content=\"image\/jpeg\" \/>\n<meta name=\"twitter:card\" content=\"summary_large_image\" \/>\n<meta name=\"twitter:label1\" content=\"Est. reading time\" \/>\n\t<meta name=\"twitter:data1\" content=\"1 minute\" \/>\n<script type=\"application\/ld+json\" class=\"yoast-schema-graph\">{\"@context\":\"https:\\\/\\\/schema.org\",\"@graph\":[{\"@type\":\"WebPage\",\"@id\":\"https:\\\/\\\/helamed-gmbh.de\\\/en\\\/produkt\\\/philips-affiniti-cvx-kopie-3\\\/\",\"url\":\"https:\\\/\\\/helamed-gmbh.de\\\/en\\\/produkt\\\/philips-affiniti-cvx-kopie-3\\\/\",\"name\":\"Philips Affiniti CVx (Kopie) - HELAmed GmbH\",\"isPartOf\":{\"@id\":\"https:\\\/\\\/helamed-gmbh.de\\\/en\\\/#website\"},\"primaryImageOfPage\":{\"@id\":\"https:\\\/\\\/helamed-gmbh.de\\\/en\\\/produkt\\\/philips-affiniti-cvx-kopie-3\\\/#primaryimage\"},\"image\":{\"@id\":\"https:\\\/\\\/helamed-gmbh.de\\\/en\\\/produkt\\\/philips-affiniti-cvx-kopie-3\\\/#primaryimage\"},\"thumbnailUrl\":\"https:\\\/\\\/helamed-gmbh.de\\\/wp-content\\\/uploads\\\/2025\\\/07\\\/philips-affiniti-cvx-right.jpg\",\"datePublished\":\"2025-07-08T13:24:20+00:00\",\"dateModified\":\"2025-07-08T13:24:26+00:00\",\"breadcrumb\":{\"@id\":\"https:\\\/\\\/helamed-gmbh.de\\\/en\\\/produkt\\\/philips-affiniti-cvx-kopie-3\\\/#breadcrumb\"},\"inLanguage\":\"en-US\",\"potentialAction\":[{\"@type\":\"ReadAction\",\"target\":[\"https:\\\/\\\/helamed-gmbh.de\\\/en\\\/produkt\\\/philips-affiniti-cvx-kopie-3\\\/\"]}]},{\"@type\":\"ImageObject\",\"inLanguage\":\"en-US\",\"@id\":\"https:\\\/\\\/helamed-gmbh.de\\\/en\\\/produkt\\\/philips-affiniti-cvx-kopie-3\\\/#primaryimage\",\"url\":\"https:\\\/\\\/helamed-gmbh.de\\\/wp-content\\\/uploads\\\/2025\\\/07\\\/philips-affiniti-cvx-right.jpg\",\"contentUrl\":\"https:\\\/\\\/helamed-gmbh.de\\\/wp-content\\\/uploads\\\/2025\\\/07\\\/philips-affiniti-cvx-right.jpg\",\"width\":1000,\"height\":1000,\"caption\":\"Primus-Medizintechnik Philips Ultraschallger\u00e4te: affiniti-cvx\"},{\"@type\":\"BreadcrumbList\",\"@id\":\"https:\\\/\\\/helamed-gmbh.de\\\/en\\\/produkt\\\/philips-affiniti-cvx-kopie-3\\\/#breadcrumb\",\"itemListElement\":[{\"@type\":\"ListItem\",\"position\":1,\"name\":\"Startseite\",\"item\":\"https:\\\/\\\/helamed-gmbh.de\\\/en\\\/home\\\/\"},{\"@type\":\"ListItem\",\"position\":2,\"name\":\"Shop\",\"item\":\"https:\\\/\\\/helamed-gmbh.de\\\/?page_id=626\"},{\"@type\":\"ListItem\",\"position\":3,\"name\":\"Philips Affiniti CVx (Kopie)\"}]},{\"@type\":\"WebSite\",\"@id\":\"https:\\\/\\\/helamed-gmbh.de\\\/en\\\/#website\",\"url\":\"https:\\\/\\\/helamed-gmbh.de\\\/en\\\/\",\"name\":\"HELAmed GmbH\",\"description\":\"Medizintechnik und Fachberatung f\u00fcr Kliniken und Fachpersonal \u2013 alles aus einer Hand.\",\"publisher\":{\"@id\":\"https:\\\/\\\/helamed-gmbh.de\\\/en\\\/#organization\"},\"potentialAction\":[{\"@type\":\"SearchAction\",\"target\":{\"@type\":\"EntryPoint\",\"urlTemplate\":\"https:\\\/\\\/helamed-gmbh.de\\\/en\\\/?s={search_term_string}\"},\"query-input\":{\"@type\":\"PropertyValueSpecification\",\"valueRequired\":true,\"valueName\":\"search_term_string\"}}],\"inLanguage\":\"en-US\"},{\"@type\":\"Organization\",\"@id\":\"https:\\\/\\\/helamed-gmbh.de\\\/en\\\/#organization\",\"name\":\"HELAmed GmbH\",\"url\":\"https:\\\/\\\/helamed-gmbh.de\\\/en\\\/\",\"logo\":{\"@type\":\"ImageObject\",\"inLanguage\":\"en-US\",\"@id\":\"https:\\\/\\\/helamed-gmbh.de\\\/en\\\/#\\\/schema\\\/logo\\\/image\\\/\",\"url\":\"https:\\\/\\\/helamed-gmbh.de\\\/wp-content\\\/uploads\\\/2025\\\/07\\\/cropped-helamed_logo.png\",\"contentUrl\":\"https:\\\/\\\/helamed-gmbh.de\\\/wp-content\\\/uploads\\\/2025\\\/07\\\/cropped-helamed_logo.png\",\"width\":318,\"height\":125,\"caption\":\"HELAmed GmbH\"},\"image\":{\"@id\":\"https:\\\/\\\/helamed-gmbh.de\\\/en\\\/#\\\/schema\\\/logo\\\/image\\\/\"}}]}<\/script>\n<!-- \/ Yoast SEO plugin. -->","yoast_head_json":{"title":"Philips Affiniti CVx (Kopie) - HELAmed GmbH","robots":{"index":"index","follow":"follow","max-snippet":"max-snippet:-1","max-image-preview":"max-image-preview:large","max-video-preview":"max-video-preview:-1"},"canonical":"https:\/\/helamed-gmbh.de\/en\/produkt\/philips-affiniti-cvx-kopie-3\/","og_locale":"en_US","og_type":"article","og_title":"Philips Affiniti CVx (Kopie) - HELAmed GmbH","og_description":"Modernste Ultraschalll\u00f6sung mit xMATRIX- und PureWave-Technologie f\u00fcr exzellente Bildqualit\u00e4t, hohe Vielseitigkeit und automatisierte Diagnostik \u2013 selbst bei schwierig schallbaren Patienten.  &nbsp;  EINSATZGEBIETE    Erwachsenen-Echokardiographie (inkl. Live 3D TEE)    P\u00e4diatrische Echokardiographie (inkl. MicroTEE)    Stressechokardiographie    Vaskul\u00e4re Diagnostik    Automatisierte 3D-Herzfunktionsanalyse (LV-Quantifizierung)    Interventionsbegleitende Bildgebung","og_url":"https:\/\/helamed-gmbh.de\/en\/produkt\/philips-affiniti-cvx-kopie-3\/","og_site_name":"HELAmed GmbH","article_modified_time":"2025-07-08T13:24:26+00:00","og_image":[{"width":1000,"height":1000,"url":"https:\/\/helamed-gmbh.de\/wp-content\/uploads\/2025\/07\/philips-affiniti-cvx-right.jpg","type":"image\/jpeg"}],"twitter_card":"summary_large_image","twitter_misc":{"Est. reading time":"1 minute"},"schema":{"@context":"https:\/\/schema.org","@graph":[{"@type":"WebPage","@id":"https:\/\/helamed-gmbh.de\/en\/produkt\/philips-affiniti-cvx-kopie-3\/","url":"https:\/\/helamed-gmbh.de\/en\/produkt\/philips-affiniti-cvx-kopie-3\/","name":"Philips Affiniti CVx (Kopie) - HELAmed GmbH","isPartOf":{"@id":"https:\/\/helamed-gmbh.de\/en\/#website"},"primaryImageOfPage":{"@id":"https:\/\/helamed-gmbh.de\/en\/produkt\/philips-affiniti-cvx-kopie-3\/#primaryimage"},"image":{"@id":"https:\/\/helamed-gmbh.de\/en\/produkt\/philips-affiniti-cvx-kopie-3\/#primaryimage"},"thumbnailUrl":"https:\/\/helamed-gmbh.de\/wp-content\/uploads\/2025\/07\/philips-affiniti-cvx-right.jpg","datePublished":"2025-07-08T13:24:20+00:00","dateModified":"2025-07-08T13:24:26+00:00","breadcrumb":{"@id":"https:\/\/helamed-gmbh.de\/en\/produkt\/philips-affiniti-cvx-kopie-3\/#breadcrumb"},"inLanguage":"en-US","potentialAction":[{"@type":"ReadAction","target":["https:\/\/helamed-gmbh.de\/en\/produkt\/philips-affiniti-cvx-kopie-3\/"]}]},{"@type":"ImageObject","inLanguage":"en-US","@id":"https:\/\/helamed-gmbh.de\/en\/produkt\/philips-affiniti-cvx-kopie-3\/#primaryimage","url":"https:\/\/helamed-gmbh.de\/wp-content\/uploads\/2025\/07\/philips-affiniti-cvx-right.jpg","contentUrl":"https:\/\/helamed-gmbh.de\/wp-content\/uploads\/2025\/07\/philips-affiniti-cvx-right.jpg","width":1000,"height":1000,"caption":"Primus-Medizintechnik Philips Ultraschallger\u00e4te: affiniti-cvx"},{"@type":"BreadcrumbList","@id":"https:\/\/helamed-gmbh.de\/en\/produkt\/philips-affiniti-cvx-kopie-3\/#breadcrumb","itemListElement":[{"@type":"ListItem","position":1,"name":"Startseite","item":"https:\/\/helamed-gmbh.de\/en\/home\/"},{"@type":"ListItem","position":2,"name":"Shop","item":"https:\/\/helamed-gmbh.de\/?page_id=626"},{"@type":"ListItem","position":3,"name":"Philips Affiniti CVx (Kopie)"}]},{"@type":"WebSite","@id":"https:\/\/helamed-gmbh.de\/en\/#website","url":"https:\/\/helamed-gmbh.de\/en\/","name":"HELAmed GmbH","description":"Medizintechnik und Fachberatung f\u00fcr Kliniken und Fachpersonal \u2013 alles aus einer Hand.","publisher":{"@id":"https:\/\/helamed-gmbh.de\/en\/#organization"},"potentialAction":[{"@type":"SearchAction","target":{"@type":"EntryPoint","urlTemplate":"https:\/\/helamed-gmbh.de\/en\/?s={search_term_string}"},"query-input":{"@type":"PropertyValueSpecification","valueRequired":true,"valueName":"search_term_string"}}],"inLanguage":"en-US"},{"@type":"Organization","@id":"https:\/\/helamed-gmbh.de\/en\/#organization","name":"HELAmed GmbH","url":"https:\/\/helamed-gmbh.de\/en\/","logo":{"@type":"ImageObject","inLanguage":"en-US","@id":"https:\/\/helamed-gmbh.de\/en\/#\/schema\/logo\/image\/","url":"https:\/\/helamed-gmbh.de\/wp-content\/uploads\/2025\/07\/cropped-helamed_logo.png","contentUrl":"https:\/\/helamed-gmbh.de\/wp-content\/uploads\/2025\/07\/cropped-helamed_logo.png","width":318,"height":125,"caption":"HELAmed GmbH"},"image":{"@id":"https:\/\/helamed-gmbh.de\/en\/#\/schema\/logo\/image\/"}}]}},"_links":{"self":[{"href":"https:\/\/helamed-gmbh.de\/en\/wp-json\/wp\/v2\/product\/953","targetHints":{"allow":["GET"]}}],"collection":[{"href":"https:\/\/helamed-gmbh.de\/en\/wp-json\/wp\/v2\/product"}],"about":[{"href":"https:\/\/helamed-gmbh.de\/en\/wp-json\/wp\/v2\/types\/product"}],"wp:featuredmedia":[{"embeddable":true,"href":"https:\/\/helamed-gmbh.de\/en\/wp-json\/wp\/v2\/media\/681"}],"wp:attachment":[{"href":"https:\/\/helamed-gmbh.de\/en\/wp-json\/wp\/v2\/media?parent=953"}],"wp:term":[{"taxonomy":"product_brand","embeddable":true,"href":"https:\/\/helamed-gmbh.de\/en\/wp-json\/wp\/v2\/product_brand?post=953"},{"taxonomy":"product_cat","embeddable":true,"href":"https:\/\/helamed-gmbh.de\/en\/wp-json\/wp\/v2\/product_cat?post=953"},{"taxonomy":"product_tag","embeddable":true,"href":"https:\/\/helamed-gmbh.de\/en\/wp-json\/wp\/v2\/product_tag?post=953"}],"curies":[{"name":"wp","href":"https:\/\/api.w.org\/{rel}","templated":true}]}}